{"id":9110,"date":"2022-09-08T20:51:41","date_gmt":"2022-09-08T18:51:41","guid":{"rendered":"https:\/\/theresales.nl\/?post_type=product&#038;p=9110"},"modified":"2026-01-24T11:56:40","modified_gmt":"2026-01-24T10:56:40","slug":"lofflerdugu","status":"publish","type":"product","link":"https:\/\/theresales.nl\/de\/product\/loffler-fungo\/","title":{"rendered":"L\u00f6ffler Pilz"},"content":{"rendered":"<p>Der Fungo ist ein Design der Marke L<em>\u00f6<\/em>Pfeife. Ein moderner <a href=\"https:\/\/theresales.nl\/de\/produktkategorie\/poef-hocker-voetenbank\/\" target=\"_blank\" rel=\"noopener\">Krumm<\/a> met doelgerichte lichaamsondersteuning functies. Door het robuuste binnenframe bekleed met polyurethaan en gebreide stof, wordt er maximaal zitcomfort geboden. In feite is het bewegend zitten met origineel design, zo wordt zitten leuk!<\/p>","protected":false},"excerpt":{"rendered":"<p><strong>Neupreis: 299 \u20ac pro St\u00fcck<\/strong><\/p>\n<p><strong>Abmessungen<\/strong><br \/>\nH\u00f6he: 50 cm<br \/>\nDurchmesser oben: 38\/50 cm<\/p>\n<p><strong>Farbe<\/strong>Schwarz<\/p>\n<p><strong>Material<\/strong>: Stoff, Kunststoff<\/p>\n<p><strong>Anzahl der St\u00fccke<\/strong> 4<\/p>","protected":false},"featured_media":9442,"template":"","meta":{"_acf_changed":false},"product_brand":[],"product_cat":[25],"product_tag":[255],"ontwerper":[],"class_list":{"0":"post-9110","1":"product","2":"type-product","3":"status-publish","4":"has-post-thumbnail","6":"product_cat-poef-hocker-voetenbank","7":"product_tag-loffler","9":"first","10":"instock","11":"shipping-taxable","12":"purchasable","13":"product-type-simple"},"acf":[],"yoast_head":"<!-- This site is optimized with the Yoast SEO plugin v27.5 - https:\/\/yoast.com\/product\/yoast-seo-wordpress\/ -->\n<title>L\u00f6ffler Fungo - TheReSales<\/title>\n<meta name=\"description\" content=\"De Fungo is een ontwerp van het merk L\u00f6ffler. Een moderne kruk met doelgerichte lichaamsondersteuningsfuncties. \u00a0Door het robuuste binnenframe\" \/>\n<meta name=\"robots\" content=\"index, follow, max-snippet:-1, max-image-preview:large, max-video-preview:-1\" \/>\n<link rel=\"canonical\" href=\"https:\/\/theresales.nl\/de\/produkt\/lofflerdugu\/\" \/>\n<meta property=\"og:locale\" content=\"de_DE\" \/>\n<meta property=\"og:type\" content=\"article\" \/>\n<meta property=\"og:title\" content=\"L\u00f6ffler Fungo - TheReSales\" \/>\n<meta property=\"og:description\" content=\"De Fungo is een ontwerp van het merk L\u00f6ffler. Een moderne kruk met doelgerichte lichaamsondersteuningsfuncties. \u00a0Door het robuuste binnenframe\" \/>\n<meta property=\"og:url\" content=\"https:\/\/theresales.nl\/de\/produkt\/lofflerdugu\/\" \/>\n<meta property=\"og:site_name\" content=\"TheReSales\" \/>\n<meta property=\"article:publisher\" content=\"https:\/\/www.facebook.com\/theresales.nl\" \/>\n<meta property=\"article:modified_time\" content=\"2026-01-24T10:56:40+00:00\" \/>\n<meta property=\"og:image\" content=\"https:\/\/theresales.nl\/wp-content\/uploads\/2022\/09\/20220524_130049014_iOS.jpg\" \/>\n\t<meta property=\"og:image:width\" content=\"1500\" \/>\n\t<meta property=\"og:image:height\" content=\"1125\" \/>\n\t<meta property=\"og:image:type\" content=\"image\/jpeg\" \/>\n<meta name=\"twitter:card\" content=\"summary_large_image\" \/>\n<meta name=\"twitter:label1\" content=\"Gesch\u00e4tzte Lesezeit\" \/>\n\t<meta name=\"twitter:data1\" content=\"1\u00a0Minute\" \/>\n<!-- \/ Yoast SEO plugin. -->","yoast_head_json":{"title":"L\u00f6ffler Fungo - TheReSales","description":"Der Fungo ist ein Entwurf der Marke L\u00f6ffler. Ein moderner Hocker mit gezielten K\u00f6rperst\u00fctzfunktionen. Durch seinen robusten Innenrahmen","robots":{"index":"index","follow":"follow","max-snippet":"max-snippet:-1","max-image-preview":"max-image-preview:large","max-video-preview":"max-video-preview:-1"},"canonical":"https:\/\/theresales.nl\/de\/produkt\/lofflerdugu\/","og_locale":"de_DE","og_type":"article","og_title":"L\u00f6ffler Fungo - TheReSales","og_description":"De Fungo is een ontwerp van het merk L\u00f6ffler. Een moderne kruk met doelgerichte lichaamsondersteuningsfuncties. \u00a0Door het robuuste binnenframe","og_url":"https:\/\/theresales.nl\/de\/produkt\/lofflerdugu\/","og_site_name":"TheReSales","article_publisher":"https:\/\/www.facebook.com\/theresales.nl","article_modified_time":"2026-01-24T10:56:40+00:00","og_image":[{"width":1500,"height":1125,"url":"https:\/\/theresales.nl\/wp-content\/uploads\/2022\/09\/20220524_130049014_iOS.jpg","type":"image\/jpeg"}],"twitter_card":"summary_large_image","twitter_misc":{"Gesch\u00e4tzte Lesezeit":"1\u00a0Minute"},"schema":{"@context":"https:\/\/schema.org","@graph":[{"@type":"WebPage","@id":"https:\/\/theresales.nl\/product\/loffler-fungo\/","url":"https:\/\/theresales.nl\/product\/loffler-fungo\/","name":"L\u00f6ffler Fungo - TheReSales","isPartOf":{"@id":"https:\/\/theresales.nl\/#website"},"primaryImageOfPage":{"@id":"https:\/\/theresales.nl\/product\/loffler-fungo\/#primaryimage"},"image":{"@id":"https:\/\/theresales.nl\/product\/loffler-fungo\/#primaryimage"},"thumbnailUrl":"https:\/\/theresales.nl\/wp-content\/uploads\/2022\/09\/20220524_130049014_iOS.jpg","datePublished":"2022-09-08T18:51:41+00:00","dateModified":"2026-01-24T10:56:40+00:00","description":"Der Fungo ist ein Entwurf der Marke L\u00f6ffler. Ein moderner Hocker mit gezielten K\u00f6rperst\u00fctzfunktionen. Durch seinen robusten Innenrahmen","breadcrumb":{"@id":"https:\/\/theresales.nl\/product\/loffler-fungo\/#breadcrumb"},"inLanguage":"de","potentialAction":[{"@type":"ReadAction","target":["https:\/\/theresales.nl\/product\/loffler-fungo\/"]}]},{"@type":"ImageObject","inLanguage":"de","@id":"https:\/\/theresales.nl\/product\/loffler-fungo\/#primaryimage","url":"https:\/\/theresales.nl\/wp-content\/uploads\/2022\/09\/20220524_130049014_iOS.jpg","contentUrl":"https:\/\/theresales.nl\/wp-content\/uploads\/2022\/09\/20220524_130049014_iOS.jpg","width":1500,"height":1125,"caption":"kruk-L\u00f6ffler-Fungo-Zwart-TheReSales"},{"@type":"BreadcrumbList","@id":"https:\/\/theresales.nl\/product\/loffler-fungo\/#breadcrumb","itemListElement":[{"@type":"ListItem","position":1,"name":"Home","item":"https:\/\/theresales.nl\/"},{"@type":"ListItem","position":2,"name":"Collectie","item":"https:\/\/theresales.nl\/collectie\/"},{"@type":"ListItem","position":3,"name":"L\u00f6ffler Fungo"}]},{"@type":"WebSite","@id":"https:\/\/theresales.nl\/#website","url":"https:\/\/theresales.nl\/","name":"TheReSales","description":"Tweedehands Design Meubelen","publisher":{"@id":"https:\/\/theresales.nl\/#organization"},"potentialAction":[{"@type":"SearchAction","target":{"@type":"EntryPoint","urlTemplate":"https:\/\/theresales.nl\/?s={search_term_string}"},"query-input":{"@type":"PropertyValueSpecification","valueRequired":true,"valueName":"search_term_string"}}],"inLanguage":"de"},{"@type":"Organization","@id":"https:\/\/theresales.nl\/#organization","name":"TheReSales","url":"https:\/\/theresales.nl\/","logo":{"@type":"ImageObject","inLanguage":"de","@id":"https:\/\/theresales.nl\/#\/schema\/logo\/image\/","url":"https:\/\/theresales.nl\/wp-content\/uploads\/2026\/04\/Logo-TheReSales.png","contentUrl":"https:\/\/theresales.nl\/wp-content\/uploads\/2026\/04\/Logo-TheReSales.png","width":1200,"height":304,"caption":"TheReSales"},"image":{"@id":"https:\/\/theresales.nl\/#\/schema\/logo\/image\/"},"sameAs":["https:\/\/www.facebook.com\/theresales.nl","https:\/\/www.instagram.com\/_theresales_\/","https:\/\/nl.pinterest.com\/theresalesgroningen\/","https:\/\/www.linkedin.com\/company\/theresales\/"]}]}},"_links":{"self":[{"href":"https:\/\/theresales.nl\/de\/wp-json\/wp\/v2\/product\/9110","targetHints":{"allow":["GET"]}}],"collection":[{"href":"https:\/\/theresales.nl\/de\/wp-json\/wp\/v2\/product"}],"about":[{"href":"https:\/\/theresales.nl\/de\/wp-json\/wp\/v2\/types\/product"}],"wp:featuredmedia":[{"embeddable":true,"href":"https:\/\/theresales.nl\/de\/wp-json\/wp\/v2\/media\/9442"}],"wp:attachment":[{"href":"https:\/\/theresales.nl\/de\/wp-json\/wp\/v2\/media?parent=9110"}],"wp:term":[{"taxonomy":"product_brand","embeddable":true,"href":"https:\/\/theresales.nl\/de\/wp-json\/wp\/v2\/product_brand?post=9110"},{"taxonomy":"product_cat","embeddable":true,"href":"https:\/\/theresales.nl\/de\/wp-json\/wp\/v2\/product_cat?post=9110"},{"taxonomy":"product_tag","embeddable":true,"href":"https:\/\/theresales.nl\/de\/wp-json\/wp\/v2\/product_tag?post=9110"},{"taxonomy":"ontwerper","embeddable":true,"href":"https:\/\/theresales.nl\/de\/wp-json\/wp\/v2\/ontwerper?post=9110"}],"curies":[{"name":"wp","href":"https:\/\/api.w.org\/{rel}","templated":true}]}}