{"id":8890,"date":"2022-09-08T20:47:44","date_gmt":"2022-09-08T18:47:44","guid":{"rendered":"https:\/\/theresales.nl\/?post_type=product&#038;p=8890"},"modified":"2026-01-24T11:55:48","modified_gmt":"2026-01-24T10:55:48","slug":"ferm-living-basho-schale","status":"publish","type":"product","link":"https:\/\/theresales.nl\/de\/product\/ferm-living-basho-tray\/","title":{"rendered":"Ferm Living H\u00e4ngekorb"},"content":{"rendered":"<p>Deutsch <a href=\"https:\/\/fermliving.com\/collections\/aw22-collection?gclid=Cj0KCQiA4uCcBhDdARIsAH5jyUkM6AJ_s4--55NQTnRuz-Gx1bP_MIXg20NoHPPcrffh_dJ3DBF4A7oaAvkuEALw_wcB\">Ferm Leben<\/a> Basho Tray ist ein Entwurf von Trine Andersen. Dieses funktionelle Design k\u00f6nnen Sie im ganzen Haus verwenden. Es bietet einen idealen Platz f\u00fcr kleine, allt\u00e4gliche Dinge wie Ihren Schmuck oder Ihre Pflegeprodukte. Dar\u00fcber hinaus k\u00f6nnen Sie es auch als stilvolle Dekoration auf Ihrem Beistelltisch verwenden, zum Beispiel mit einer sch\u00f6nen Kerze darauf. Die <a href=\"https:\/\/theresales.nl\/de\/produktkategorie\/wohnaccessoires\/\">Schale<\/a> ist aus 100% massivem Messing gefertigt und mit einer feinen Schicht Klarlack versehen. So k\u00f6nnen Sie das Design einfach reinigen.<\/p>","protected":false},"excerpt":{"rendered":"<div class=\"woocommerce-product-details__short-description\">\n<p><strong>Neupreis: 35 \u20ac<\/strong><\/p>\n<p><strong>Abmessungen<\/strong><br \/>\nBreite: 17,8 cm<strong><br \/>\n<\/strong>H\u00f6he: 1 cm<br \/>\nTiefe: 8,7 cm<\/p>\n<p><strong>Farbe<\/strong>Gold<\/p>\n<\/div>\n<div class=\"woocommerce-product-details__short-description\">\n<p><strong>Material<\/strong>Metall<\/p>\n<p><b>Anzahl St\u00fcck: 6<\/b><\/p>\n<\/div>","protected":false},"featured_media":9178,"template":"","meta":{"_acf_changed":false},"product_brand":[],"product_cat":[90],"product_tag":[307],"ontwerper":[],"class_list":{"0":"post-8890","1":"product","2":"type-product","3":"status-publish","4":"has-post-thumbnail","6":"product_cat-woonaccessoires","7":"product_tag-ferm-living","9":"first","10":"instock","11":"shipping-taxable","12":"purchasable","13":"product-type-simple"},"acf":[],"yoast_head":"<!-- This site is optimized with the Yoast SEO plugin v27.5 - https:\/\/yoast.com\/product\/yoast-seo-wordpress\/ -->\n<title>Ferm Living Basho Tray - TheReSales<\/title>\n<meta name=\"description\" content=\"De Ferm Living Basho Tray is een ontwerp van Trine Andersen.\u00a0Dit functionele design kun je gebruiken door het hele huis. Het biedt een ideale plek voor ring\" \/>\n<meta name=\"robots\" content=\"index, follow, max-snippet:-1, max-image-preview:large, max-video-preview:-1\" \/>\n<link rel=\"canonical\" href=\"https:\/\/theresales.nl\/de\/produkt\/ferm-living-basho-schale\/\" \/>\n<meta property=\"og:locale\" content=\"de_DE\" \/>\n<meta property=\"og:type\" content=\"article\" \/>\n<meta property=\"og:title\" content=\"Ferm Living Basho Tray - TheReSales\" \/>\n<meta property=\"og:description\" content=\"De Ferm Living Basho Tray is een ontwerp van Trine Andersen.\u00a0Dit functionele design kun je gebruiken door het hele huis. Het biedt een ideale plek voor ring\" \/>\n<meta property=\"og:url\" content=\"https:\/\/theresales.nl\/de\/produkt\/ferm-living-basho-schale\/\" \/>\n<meta property=\"og:site_name\" content=\"TheReSales\" \/>\n<meta property=\"article:publisher\" content=\"https:\/\/www.facebook.com\/theresales.nl\" \/>\n<meta property=\"article:modified_time\" content=\"2026-01-24T10:55:48+00:00\" \/>\n<meta property=\"og:image\" content=\"https:\/\/theresales.nl\/wp-content\/uploads\/2022\/09\/20220503_103255106_iOS.jpg\" \/>\n\t<meta property=\"og:image:width\" content=\"1500\" \/>\n\t<meta property=\"og:image:height\" content=\"1125\" \/>\n\t<meta property=\"og:image:type\" content=\"image\/jpeg\" \/>\n<meta name=\"twitter:card\" content=\"summary_large_image\" \/>\n<meta name=\"twitter:label1\" content=\"Gesch\u00e4tzte Lesezeit\" \/>\n\t<meta name=\"twitter:data1\" content=\"1\u00a0Minute\" \/>\n<!-- \/ Yoast SEO plugin. -->","yoast_head_json":{"title":"Ferm Living Basho Tablett - TheReSales","description":"Die Basho-Schale von Ferm Living ist ein Entwurf von Trine Andersen. Dieses funktionale Design k\u00f6nnen Sie im ganzen Haus verwenden. Sie bietet einen idealen Platz f\u00fcr Ringe","robots":{"index":"index","follow":"follow","max-snippet":"max-snippet:-1","max-image-preview":"max-image-preview:large","max-video-preview":"max-video-preview:-1"},"canonical":"https:\/\/theresales.nl\/de\/produkt\/ferm-living-basho-schale\/","og_locale":"de_DE","og_type":"article","og_title":"Ferm Living Basho Tray - TheReSales","og_description":"De Ferm Living Basho Tray is een ontwerp van Trine Andersen.\u00a0Dit functionele design kun je gebruiken door het hele huis. Het biedt een ideale plek voor ring","og_url":"https:\/\/theresales.nl\/de\/produkt\/ferm-living-basho-schale\/","og_site_name":"TheReSales","article_publisher":"https:\/\/www.facebook.com\/theresales.nl","article_modified_time":"2026-01-24T10:55:48+00:00","og_image":[{"width":1500,"height":1125,"url":"https:\/\/theresales.nl\/wp-content\/uploads\/2022\/09\/20220503_103255106_iOS.jpg","type":"image\/jpeg"}],"twitter_card":"summary_large_image","twitter_misc":{"Gesch\u00e4tzte Lesezeit":"1\u00a0Minute"},"schema":{"@context":"https:\/\/schema.org","@graph":[{"@type":"WebPage","@id":"https:\/\/theresales.nl\/product\/ferm-living-basho-tray\/","url":"https:\/\/theresales.nl\/product\/ferm-living-basho-tray\/","name":"Ferm Living Basho Tablett - TheReSales","isPartOf":{"@id":"https:\/\/theresales.nl\/#website"},"primaryImageOfPage":{"@id":"https:\/\/theresales.nl\/product\/ferm-living-basho-tray\/#primaryimage"},"image":{"@id":"https:\/\/theresales.nl\/product\/ferm-living-basho-tray\/#primaryimage"},"thumbnailUrl":"https:\/\/theresales.nl\/wp-content\/uploads\/2022\/09\/20220503_103255106_iOS.jpg","datePublished":"2022-09-08T18:47:44+00:00","dateModified":"2026-01-24T10:55:48+00:00","description":"Die Basho-Schale von Ferm Living ist ein Entwurf von Trine Andersen. Dieses funktionale Design k\u00f6nnen Sie im ganzen Haus verwenden. Sie bietet einen idealen Platz f\u00fcr Ringe","breadcrumb":{"@id":"https:\/\/theresales.nl\/product\/ferm-living-basho-tray\/#breadcrumb"},"inLanguage":"de","potentialAction":[{"@type":"ReadAction","target":["https:\/\/theresales.nl\/product\/ferm-living-basho-tray\/"]}]},{"@type":"ImageObject","inLanguage":"de","@id":"https:\/\/theresales.nl\/product\/ferm-living-basho-tray\/#primaryimage","url":"https:\/\/theresales.nl\/wp-content\/uploads\/2022\/09\/20220503_103255106_iOS.jpg","contentUrl":"https:\/\/theresales.nl\/wp-content\/uploads\/2022\/09\/20220503_103255106_iOS.jpg","width":1500,"height":1125,"caption":"woonaccessoires-ferm-living-basho-tray-theresales"},{"@type":"BreadcrumbList","@id":"https:\/\/theresales.nl\/product\/ferm-living-basho-tray\/#breadcrumb","itemListElement":[{"@type":"ListItem","position":1,"name":"Home","item":"https:\/\/theresales.nl\/"},{"@type":"ListItem","position":2,"name":"Collectie","item":"https:\/\/theresales.nl\/collectie\/"},{"@type":"ListItem","position":3,"name":"Ferm Living Basho Tray"}]},{"@type":"WebSite","@id":"https:\/\/theresales.nl\/#website","url":"https:\/\/theresales.nl\/","name":"TheReSales","description":"Tweedehands Design Meubelen","publisher":{"@id":"https:\/\/theresales.nl\/#organization"},"potentialAction":[{"@type":"SearchAction","target":{"@type":"EntryPoint","urlTemplate":"https:\/\/theresales.nl\/?s={search_term_string}"},"query-input":{"@type":"PropertyValueSpecification","valueRequired":true,"valueName":"search_term_string"}}],"inLanguage":"de"},{"@type":"Organization","@id":"https:\/\/theresales.nl\/#organization","name":"TheReSales","url":"https:\/\/theresales.nl\/","logo":{"@type":"ImageObject","inLanguage":"de","@id":"https:\/\/theresales.nl\/#\/schema\/logo\/image\/","url":"https:\/\/theresales.nl\/wp-content\/uploads\/2026\/04\/Logo-TheReSales.png","contentUrl":"https:\/\/theresales.nl\/wp-content\/uploads\/2026\/04\/Logo-TheReSales.png","width":1200,"height":304,"caption":"TheReSales"},"image":{"@id":"https:\/\/theresales.nl\/#\/schema\/logo\/image\/"},"sameAs":["https:\/\/www.facebook.com\/theresales.nl","https:\/\/www.instagram.com\/_theresales_\/","https:\/\/nl.pinterest.com\/theresalesgroningen\/","https:\/\/www.linkedin.com\/company\/theresales\/"]}]}},"_links":{"self":[{"href":"https:\/\/theresales.nl\/de\/wp-json\/wp\/v2\/product\/8890","targetHints":{"allow":["GET"]}}],"collection":[{"href":"https:\/\/theresales.nl\/de\/wp-json\/wp\/v2\/product"}],"about":[{"href":"https:\/\/theresales.nl\/de\/wp-json\/wp\/v2\/types\/product"}],"wp:featuredmedia":[{"embeddable":true,"href":"https:\/\/theresales.nl\/de\/wp-json\/wp\/v2\/media\/9178"}],"wp:attachment":[{"href":"https:\/\/theresales.nl\/de\/wp-json\/wp\/v2\/media?parent=8890"}],"wp:term":[{"taxonomy":"product_brand","embeddable":true,"href":"https:\/\/theresales.nl\/de\/wp-json\/wp\/v2\/product_brand?post=8890"},{"taxonomy":"product_cat","embeddable":true,"href":"https:\/\/theresales.nl\/de\/wp-json\/wp\/v2\/product_cat?post=8890"},{"taxonomy":"product_tag","embeddable":true,"href":"https:\/\/theresales.nl\/de\/wp-json\/wp\/v2\/product_tag?post=8890"},{"taxonomy":"ontwerper","embeddable":true,"href":"https:\/\/theresales.nl\/de\/wp-json\/wp\/v2\/ontwerper?post=8890"}],"curies":[{"name":"wp","href":"https:\/\/api.w.org\/{rel}","templated":true}]}}