{"id":8410,"date":"2022-09-08T20:38:38","date_gmt":"2022-09-08T18:38:38","guid":{"rendered":"https:\/\/theresales.nl\/?post_type=product&#038;p=8410"},"modified":"2026-01-02T11:19:49","modified_gmt":"2026-01-02T10:19:49","slug":"uberarbeitete-zudeckenholzerner-regal-eichenholz","status":"publish","type":"product","link":"https:\/\/theresales.nl\/de\/product\/revised-beddingham-wooden-shelf-eikenhout\/","title":{"rendered":"\u00dcberarbeitetes Bettengabels H\u00f6lzernes Regal Eichenholz"},"content":{"rendered":"<p>Das Beddingham Holzregal aus Eichenholz ist ein Entwurf von <a href=\"https:\/\/www.sjoerdvroonland.com\/\" target=\"_blank\" rel=\"noopener\">Sjoerd Vroonland<\/a> f\u00fcr die Marke Revised. Eine wundersch\u00f6ne <a href=\"https:\/\/theresales.nl\/de\/produktkategorie\/tafels\/bijzettafels\/\" target=\"_blank\" rel=\"noopener\">Beistelltisch<\/a> mit einzigartigen und wundersch\u00f6nen Details, die eine elegante Erg\u00e4nzung f\u00fcr jeden Wohnraum darstellen. Es besteht aus einer Holzplatte mit einem perforierten Metallgitter und organisch geformten Holzbeinen. An der Unterseite befindet sich Platz f\u00fcr ein zus\u00e4tzliches Holzregal.<\/p>","protected":false},"excerpt":{"rendered":"<p><strong>Neupreis 1695 \u20ac pro St\u00fcck<\/strong><\/p>\n<p><strong>Abmessungen<\/strong><br \/>\nH\u00f6he: 75 cm<br \/>\nTiefe: 45 cm<br \/>\nBreite: 65 cm<\/p>\n<p><strong>Farbe\u00a0<\/strong>Creme<\/p>\n<p><strong>Material\u00a0<\/strong>Eichenholz, Metall<\/p>\n<p><strong>Staat<\/strong> Neu<\/p>","protected":false},"featured_media":8778,"template":"","meta":{"_acf_changed":false},"product_brand":[],"product_cat":[47,46],"product_tag":[286],"ontwerper":[654],"class_list":{"0":"post-8410","1":"product","2":"type-product","3":"status-publish","4":"has-post-thumbnail","6":"product_cat-bijzettafels","7":"product_cat-tafels","8":"product_tag-revised","9":"ontwerper-sjoerd-vroonland-casper-vissers","11":"first","12":"instock","13":"shipping-taxable","14":"purchasable","15":"product-type-simple"},"acf":[],"yoast_head":"<!-- This site is optimized with the Yoast SEO plugin v27.5 - https:\/\/yoast.com\/product\/yoast-seo-wordpress\/ -->\n<title>Revised Beddingham Wooden Shelf eikenhout - TheReSales<\/title>\n<meta name=\"description\" content=\"De Beddingham Wooden Shelf in eikenhout is een ontwerp van Sjoerd Vroonland voor het merk Revised. Een consoletafel met unieke en prachtige details die\" \/>\n<meta name=\"robots\" content=\"index, follow, max-snippet:-1, max-image-preview:large, max-video-preview:-1\" \/>\n<link rel=\"canonical\" href=\"https:\/\/theresales.nl\/de\/produkt\/uberarbeitete-zudeckenholzerner-regal-eichenholz\/\" \/>\n<meta property=\"og:locale\" content=\"de_DE\" \/>\n<meta property=\"og:type\" content=\"article\" \/>\n<meta property=\"og:title\" content=\"Revised Beddingham Wooden Shelf eikenhout - TheReSales\" \/>\n<meta property=\"og:description\" content=\"De Beddingham Wooden Shelf in eikenhout is een ontwerp van Sjoerd Vroonland voor het merk Revised. Een consoletafel met unieke en prachtige details die\" \/>\n<meta property=\"og:url\" content=\"https:\/\/theresales.nl\/de\/produkt\/uberarbeitete-zudeckenholzerner-regal-eichenholz\/\" \/>\n<meta property=\"og:site_name\" content=\"TheReSales\" \/>\n<meta property=\"article:publisher\" content=\"https:\/\/www.facebook.com\/theresales.nl\" \/>\n<meta property=\"article:modified_time\" content=\"2026-01-02T10:19:49+00:00\" \/>\n<meta property=\"og:image\" content=\"https:\/\/theresales.nl\/wp-content\/uploads\/2022\/09\/20220422_124543928_iOS.jpg\" \/>\n\t<meta property=\"og:image:width\" content=\"1500\" \/>\n\t<meta property=\"og:image:height\" content=\"1125\" \/>\n\t<meta property=\"og:image:type\" content=\"image\/jpeg\" \/>\n<meta name=\"twitter:card\" content=\"summary_large_image\" \/>\n<meta name=\"twitter:label1\" content=\"Gesch\u00e4tzte Lesezeit\" \/>\n\t<meta name=\"twitter:data1\" content=\"1\u00a0Minute\" \/>\n<!-- \/ Yoast SEO plugin. -->","yoast_head_json":{"title":"\u00dcberarbeitetes Bettelham Holzregal Eichenholz - TheReSales","description":"Das Beddingham Holzregal aus Eichenholz ist ein Entwurf von Sjoerd Vroonland f\u00fcr die Marke Revised. Ein Konsolentisch mit einzigartigen und wundersch\u00f6nen Details, die","robots":{"index":"index","follow":"follow","max-snippet":"max-snippet:-1","max-image-preview":"max-image-preview:large","max-video-preview":"max-video-preview:-1"},"canonical":"https:\/\/theresales.nl\/de\/produkt\/uberarbeitete-zudeckenholzerner-regal-eichenholz\/","og_locale":"de_DE","og_type":"article","og_title":"Revised Beddingham Wooden Shelf eikenhout - TheReSales","og_description":"De Beddingham Wooden Shelf in eikenhout is een ontwerp van Sjoerd Vroonland voor het merk Revised. Een consoletafel met unieke en prachtige details die","og_url":"https:\/\/theresales.nl\/de\/produkt\/uberarbeitete-zudeckenholzerner-regal-eichenholz\/","og_site_name":"TheReSales","article_publisher":"https:\/\/www.facebook.com\/theresales.nl","article_modified_time":"2026-01-02T10:19:49+00:00","og_image":[{"width":1500,"height":1125,"url":"https:\/\/theresales.nl\/wp-content\/uploads\/2022\/09\/20220422_124543928_iOS.jpg","type":"image\/jpeg"}],"twitter_card":"summary_large_image","twitter_misc":{"Gesch\u00e4tzte Lesezeit":"1\u00a0Minute"},"schema":{"@context":"https:\/\/schema.org","@graph":[{"@type":"WebPage","@id":"https:\/\/theresales.nl\/product\/revised-beddingham-wooden-shelf-eikenhout\/","url":"https:\/\/theresales.nl\/product\/revised-beddingham-wooden-shelf-eikenhout\/","name":"\u00dcberarbeitetes Bettelham Holzregal Eichenholz - TheReSales","isPartOf":{"@id":"https:\/\/theresales.nl\/#website"},"primaryImageOfPage":{"@id":"https:\/\/theresales.nl\/product\/revised-beddingham-wooden-shelf-eikenhout\/#primaryimage"},"image":{"@id":"https:\/\/theresales.nl\/product\/revised-beddingham-wooden-shelf-eikenhout\/#primaryimage"},"thumbnailUrl":"https:\/\/theresales.nl\/wp-content\/uploads\/2022\/09\/20220422_124543928_iOS.jpg","datePublished":"2022-09-08T18:38:38+00:00","dateModified":"2026-01-02T10:19:49+00:00","description":"Das Beddingham Holzregal aus Eichenholz ist ein Entwurf von Sjoerd Vroonland f\u00fcr die Marke Revised. Ein Konsolentisch mit einzigartigen und wundersch\u00f6nen Details, die","breadcrumb":{"@id":"https:\/\/theresales.nl\/product\/revised-beddingham-wooden-shelf-eikenhout\/#breadcrumb"},"inLanguage":"de","potentialAction":[{"@type":"ReadAction","target":["https:\/\/theresales.nl\/product\/revised-beddingham-wooden-shelf-eikenhout\/"]}]},{"@type":"ImageObject","inLanguage":"de","@id":"https:\/\/theresales.nl\/product\/revised-beddingham-wooden-shelf-eikenhout\/#primaryimage","url":"https:\/\/theresales.nl\/wp-content\/uploads\/2022\/09\/20220422_124543928_iOS.jpg","contentUrl":"https:\/\/theresales.nl\/wp-content\/uploads\/2022\/09\/20220422_124543928_iOS.jpg","width":1500,"height":1125,"caption":"Bijzettafel-Revised-Beddingham-Wooden-Shelf-TheReSales"},{"@type":"BreadcrumbList","@id":"https:\/\/theresales.nl\/product\/revised-beddingham-wooden-shelf-eikenhout\/#breadcrumb","itemListElement":[{"@type":"ListItem","position":1,"name":"Home","item":"https:\/\/theresales.nl\/"},{"@type":"ListItem","position":2,"name":"Collectie","item":"https:\/\/theresales.nl\/collectie\/"},{"@type":"ListItem","position":3,"name":"Revised Beddingham Wooden Shelf eikenhout"}]},{"@type":"WebSite","@id":"https:\/\/theresales.nl\/#website","url":"https:\/\/theresales.nl\/","name":"TheReSales","description":"Tweedehands Design Meubelen","publisher":{"@id":"https:\/\/theresales.nl\/#organization"},"potentialAction":[{"@type":"SearchAction","target":{"@type":"EntryPoint","urlTemplate":"https:\/\/theresales.nl\/?s={search_term_string}"},"query-input":{"@type":"PropertyValueSpecification","valueRequired":true,"valueName":"search_term_string"}}],"inLanguage":"de"},{"@type":"Organization","@id":"https:\/\/theresales.nl\/#organization","name":"TheReSales","url":"https:\/\/theresales.nl\/","logo":{"@type":"ImageObject","inLanguage":"de","@id":"https:\/\/theresales.nl\/#\/schema\/logo\/image\/","url":"https:\/\/theresales.nl\/wp-content\/uploads\/2026\/04\/Logo-TheReSales.png","contentUrl":"https:\/\/theresales.nl\/wp-content\/uploads\/2026\/04\/Logo-TheReSales.png","width":1200,"height":304,"caption":"TheReSales"},"image":{"@id":"https:\/\/theresales.nl\/#\/schema\/logo\/image\/"},"sameAs":["https:\/\/www.facebook.com\/theresales.nl","https:\/\/www.instagram.com\/_theresales_\/","https:\/\/nl.pinterest.com\/theresalesgroningen\/","https:\/\/www.linkedin.com\/company\/theresales\/"]}]}},"_links":{"self":[{"href":"https:\/\/theresales.nl\/de\/wp-json\/wp\/v2\/product\/8410","targetHints":{"allow":["GET"]}}],"collection":[{"href":"https:\/\/theresales.nl\/de\/wp-json\/wp\/v2\/product"}],"about":[{"href":"https:\/\/theresales.nl\/de\/wp-json\/wp\/v2\/types\/product"}],"wp:featuredmedia":[{"embeddable":true,"href":"https:\/\/theresales.nl\/de\/wp-json\/wp\/v2\/media\/8778"}],"wp:attachment":[{"href":"https:\/\/theresales.nl\/de\/wp-json\/wp\/v2\/media?parent=8410"}],"wp:term":[{"taxonomy":"product_brand","embeddable":true,"href":"https:\/\/theresales.nl\/de\/wp-json\/wp\/v2\/product_brand?post=8410"},{"taxonomy":"product_cat","embeddable":true,"href":"https:\/\/theresales.nl\/de\/wp-json\/wp\/v2\/product_cat?post=8410"},{"taxonomy":"product_tag","embeddable":true,"href":"https:\/\/theresales.nl\/de\/wp-json\/wp\/v2\/product_tag?post=8410"},{"taxonomy":"ontwerper","embeddable":true,"href":"https:\/\/theresales.nl\/de\/wp-json\/wp\/v2\/ontwerper?post=8410"}],"curies":[{"name":"wp","href":"https:\/\/api.w.org\/{rel}","templated":true}]}}