{"id":8221,"date":"2022-09-08T20:34:54","date_gmt":"2022-09-08T18:34:54","guid":{"rendered":"https:\/\/theresales.nl\/?post_type=product&#038;p=8221"},"modified":"2022-12-13T14:49:03","modified_gmt":"2022-12-13T13:49:03","slug":"serax-rein-dunkelblaues-geschirr","status":"publish","type":"product","link":"https:\/\/theresales.nl\/de\/product\/serax-pure-dark-blue-tableware\/","title":{"rendered":"Serax Reines Dunkelblaues Geschirr"},"content":{"rendered":"<p>Deutsch <a href=\"https:\/\/www.serax.com\">Serax<\/a> Reines Dunkelblaues Steinzeug <a href=\"https:\/\/theresales.nl\/de\/produktkategorie\/wohnaccessoires\/\">Tafelgeschirr<\/a> ist ein Entwurf von Pascale Naessens f\u00fcr die Marke Serax. Diese wundersch\u00f6ne Kollektion geh\u00f6rt zur neuen Geschirrserie aus dunkelblau glasiertem Steingut. Sie ist verspielt, elegant und voller \u00dcberraschungen!<\/p>\n<p><strong>Neupreis pro St\u00fcck:<\/strong><\/p>\n<p><strong>Krug (Krug) 59 \u20ac<\/strong><br \/>\n<strong>Stapelbare Sch\u00fcssel (3er Set) 85,- \u20ac<\/strong><br \/>\n<b>Kuchenteller (klein) \u20ac39,-<\/b><br \/>\n<b>Kuchenst\u00e4nder (gro\u00df) 51 \u20ac<\/b><\/p>\n<p><strong>TheReSales Preis pro St\u00fcck:<\/strong><\/p>\n<p><strong>Krug (Karaffe) 47 \u20ac<\/strong><br \/>\n<strong>Stapelbare Sch\u00fcssel (3er-Set) 68 \u20ac<\/strong><br \/>\n<b>Kuchenst\u00e4nder (klein) \u20ac31,-<\/b><br \/>\n<b>Kuchenst\u00e4nder (gro\u00df) 40,- \u20ac<\/b><\/p>","protected":false},"excerpt":{"rendered":"<p><strong>Abmessungen (LxBxH):<\/strong><br \/>\nKrug (karaf): 12,2 x 12,2 x 18<br \/>\nStapelbare Sch\u00fcsselgarnitur: 14 x 14 x 15<br \/>\nKuchenst\u00e4nder (klein): 16,5 x 16,5 x 7,5<br \/>\nKuchenst\u00e4nder (gro\u00df): 23,5 x 23,5 x 8<\/p>\n<p><strong>Farbe<\/strong>Dunkelblau<\/p>\n<p><strong>Material<\/strong>: Keramik (Steinzeug)<\/p>\n<p><b>Anzahl der St\u00fccke\u00a0<\/b>1 Krug, 1 stapelbares Sch\u00fcsselset, 1 Kuchenteller (klein), 1 Kuchenteller (gro\u00df)<\/p>","protected":false},"featured_media":8607,"template":"","meta":{"_acf_changed":false},"product_brand":[],"product_cat":[90],"product_tag":[292],"ontwerper":[],"class_list":{"0":"post-8221","1":"product","2":"type-product","3":"status-publish","4":"has-post-thumbnail","6":"product_cat-woonaccessoires","7":"product_tag-serax","9":"first","10":"instock","11":"shipping-taxable","12":"purchasable","13":"product-type-simple"},"acf":[],"yoast_head":"<!-- This site is optimized with the Yoast SEO plugin v27.5 - https:\/\/yoast.com\/product\/yoast-seo-wordpress\/ -->\n<title>Serax Pure Dark Blue Tableware - TheReSales<\/title>\n<meta name=\"description\" content=\"De seraf Pure Dark Blue Steengoed Tableware is een ontwerp van Pascale Naessens voor het merk Serax. Deze prachtige collectie behoort tot de nieuwe\" \/>\n<meta name=\"robots\" content=\"index, follow, max-snippet:-1, max-image-preview:large, max-video-preview:-1\" \/>\n<link rel=\"canonical\" href=\"https:\/\/theresales.nl\/de\/produkt\/serax-rein-dunkelblaues-geschirr\/\" \/>\n<meta property=\"og:locale\" content=\"de_DE\" \/>\n<meta property=\"og:type\" content=\"article\" \/>\n<meta property=\"og:title\" content=\"Serax Pure Dark Blue Tableware - TheReSales\" \/>\n<meta property=\"og:description\" content=\"De seraf Pure Dark Blue Steengoed Tableware is een ontwerp van Pascale Naessens voor het merk Serax. Deze prachtige collectie behoort tot de nieuwe\" \/>\n<meta property=\"og:url\" content=\"https:\/\/theresales.nl\/de\/produkt\/serax-rein-dunkelblaues-geschirr\/\" \/>\n<meta property=\"og:site_name\" content=\"TheReSales\" \/>\n<meta property=\"article:publisher\" content=\"https:\/\/www.facebook.com\/theresales.nl\" \/>\n<meta property=\"article:modified_time\" content=\"2022-12-13T13:49:03+00:00\" \/>\n<meta property=\"og:image\" content=\"https:\/\/theresales.nl\/wp-content\/uploads\/2022\/09\/20220329_090620091_iOS.jpg\" \/>\n\t<meta property=\"og:image:width\" content=\"1500\" \/>\n\t<meta property=\"og:image:height\" content=\"1125\" \/>\n\t<meta property=\"og:image:type\" content=\"image\/jpeg\" \/>\n<meta name=\"twitter:card\" content=\"summary_large_image\" \/>\n<meta name=\"twitter:label1\" content=\"Gesch\u00e4tzte Lesezeit\" \/>\n\t<meta name=\"twitter:data1\" content=\"1\u00a0Minute\" \/>\n<!-- \/ Yoast SEO plugin. -->","yoast_head_json":{"title":"Serax Pure Dunkelblaues Geschirr - TheReSales","description":"Das Seraf Pure Dark Blue Steingut-Geschirr ist ein Entwurf von Pascale Naessens f\u00fcr die Marke Serax. Diese wundersch\u00f6ne Kollektion geh\u00f6rt zu den neuen","robots":{"index":"index","follow":"follow","max-snippet":"max-snippet:-1","max-image-preview":"max-image-preview:large","max-video-preview":"max-video-preview:-1"},"canonical":"https:\/\/theresales.nl\/de\/produkt\/serax-rein-dunkelblaues-geschirr\/","og_locale":"de_DE","og_type":"article","og_title":"Serax Pure Dark Blue Tableware - TheReSales","og_description":"De seraf Pure Dark Blue Steengoed Tableware is een ontwerp van Pascale Naessens voor het merk Serax. Deze prachtige collectie behoort tot de nieuwe","og_url":"https:\/\/theresales.nl\/de\/produkt\/serax-rein-dunkelblaues-geschirr\/","og_site_name":"TheReSales","article_publisher":"https:\/\/www.facebook.com\/theresales.nl","article_modified_time":"2022-12-13T13:49:03+00:00","og_image":[{"width":1500,"height":1125,"url":"https:\/\/theresales.nl\/wp-content\/uploads\/2022\/09\/20220329_090620091_iOS.jpg","type":"image\/jpeg"}],"twitter_card":"summary_large_image","twitter_misc":{"Gesch\u00e4tzte Lesezeit":"1\u00a0Minute"},"schema":{"@context":"https:\/\/schema.org","@graph":[{"@type":"WebPage","@id":"https:\/\/theresales.nl\/product\/serax-pure-dark-blue-tableware\/","url":"https:\/\/theresales.nl\/product\/serax-pure-dark-blue-tableware\/","name":"Serax Pure Dunkelblaues Geschirr - TheReSales","isPartOf":{"@id":"https:\/\/theresales.nl\/#website"},"primaryImageOfPage":{"@id":"https:\/\/theresales.nl\/product\/serax-pure-dark-blue-tableware\/#primaryimage"},"image":{"@id":"https:\/\/theresales.nl\/product\/serax-pure-dark-blue-tableware\/#primaryimage"},"thumbnailUrl":"https:\/\/theresales.nl\/wp-content\/uploads\/2022\/09\/20220329_090620091_iOS.jpg","datePublished":"2022-09-08T18:34:54+00:00","dateModified":"2022-12-13T13:49:03+00:00","description":"Das Seraf Pure Dark Blue Steingut-Geschirr ist ein Entwurf von Pascale Naessens f\u00fcr die Marke Serax. Diese wundersch\u00f6ne Kollektion geh\u00f6rt zu den neuen","breadcrumb":{"@id":"https:\/\/theresales.nl\/product\/serax-pure-dark-blue-tableware\/#breadcrumb"},"inLanguage":"de","potentialAction":[{"@type":"ReadAction","target":["https:\/\/theresales.nl\/product\/serax-pure-dark-blue-tableware\/"]}]},{"@type":"ImageObject","inLanguage":"de","@id":"https:\/\/theresales.nl\/product\/serax-pure-dark-blue-tableware\/#primaryimage","url":"https:\/\/theresales.nl\/wp-content\/uploads\/2022\/09\/20220329_090620091_iOS.jpg","contentUrl":"https:\/\/theresales.nl\/wp-content\/uploads\/2022\/09\/20220329_090620091_iOS.jpg","width":1500,"height":1125,"caption":"woonaccessoires-serax-dark-blue-theresales"},{"@type":"BreadcrumbList","@id":"https:\/\/theresales.nl\/product\/serax-pure-dark-blue-tableware\/#breadcrumb","itemListElement":[{"@type":"ListItem","position":1,"name":"Home","item":"https:\/\/theresales.nl\/"},{"@type":"ListItem","position":2,"name":"Collectie","item":"https:\/\/theresales.nl\/collectie\/"},{"@type":"ListItem","position":3,"name":"Serax Pure Dark Blue Tableware"}]},{"@type":"WebSite","@id":"https:\/\/theresales.nl\/#website","url":"https:\/\/theresales.nl\/","name":"TheReSales","description":"Tweedehands Design Meubelen","publisher":{"@id":"https:\/\/theresales.nl\/#organization"},"potentialAction":[{"@type":"SearchAction","target":{"@type":"EntryPoint","urlTemplate":"https:\/\/theresales.nl\/?s={search_term_string}"},"query-input":{"@type":"PropertyValueSpecification","valueRequired":true,"valueName":"search_term_string"}}],"inLanguage":"de"},{"@type":"Organization","@id":"https:\/\/theresales.nl\/#organization","name":"TheReSales","url":"https:\/\/theresales.nl\/","logo":{"@type":"ImageObject","inLanguage":"de","@id":"https:\/\/theresales.nl\/#\/schema\/logo\/image\/","url":"https:\/\/theresales.nl\/wp-content\/uploads\/2026\/04\/Logo-TheReSales.png","contentUrl":"https:\/\/theresales.nl\/wp-content\/uploads\/2026\/04\/Logo-TheReSales.png","width":1200,"height":304,"caption":"TheReSales"},"image":{"@id":"https:\/\/theresales.nl\/#\/schema\/logo\/image\/"},"sameAs":["https:\/\/www.facebook.com\/theresales.nl","https:\/\/www.instagram.com\/_theresales_\/","https:\/\/nl.pinterest.com\/theresalesgroningen\/","https:\/\/www.linkedin.com\/company\/theresales\/"]}]}},"_links":{"self":[{"href":"https:\/\/theresales.nl\/de\/wp-json\/wp\/v2\/product\/8221","targetHints":{"allow":["GET"]}}],"collection":[{"href":"https:\/\/theresales.nl\/de\/wp-json\/wp\/v2\/product"}],"about":[{"href":"https:\/\/theresales.nl\/de\/wp-json\/wp\/v2\/types\/product"}],"wp:featuredmedia":[{"embeddable":true,"href":"https:\/\/theresales.nl\/de\/wp-json\/wp\/v2\/media\/8607"}],"wp:attachment":[{"href":"https:\/\/theresales.nl\/de\/wp-json\/wp\/v2\/media?parent=8221"}],"wp:term":[{"taxonomy":"product_brand","embeddable":true,"href":"https:\/\/theresales.nl\/de\/wp-json\/wp\/v2\/product_brand?post=8221"},{"taxonomy":"product_cat","embeddable":true,"href":"https:\/\/theresales.nl\/de\/wp-json\/wp\/v2\/product_cat?post=8221"},{"taxonomy":"product_tag","embeddable":true,"href":"https:\/\/theresales.nl\/de\/wp-json\/wp\/v2\/product_tag?post=8221"},{"taxonomy":"ontwerper","embeddable":true,"href":"https:\/\/theresales.nl\/de\/wp-json\/wp\/v2\/ontwerper?post=8221"}],"curies":[{"name":"wp","href":"https:\/\/api.w.org\/{rel}","templated":true}]}}