{"id":7477,"date":"2022-09-08T20:20:59","date_gmt":"2022-09-08T18:20:59","guid":{"rendered":"https:\/\/theresales.nl\/?post_type=product&#038;p=7477"},"modified":"2026-01-23T14:05:52","modified_gmt":"2026-01-23T13:05:52","slug":"artemis-nur","status":"publish","type":"product","link":"https:\/\/theresales.nl\/de\/product\/artemide-nur\/","title":{"rendered":"Artemis Nur"},"content":{"rendered":"<p>De Nur ist ein Entwurf von <a href=\"https:\/\/en.wikipedia.org\/wiki\/Ernesto_Gismondi\" target=\"_blank\" rel=\"noopener\">Ernesto Gismondi<\/a> f\u00fcr die Marke Artemide. Dieses minimalistische <a href=\"https:\/\/theresales.nl\/de\/produktkategorie\/lampen\/hangelampen\/\" target=\"_blank\" rel=\"noopener\">H\u00e4ngeleuchte<\/a> hat eine schlanke, zeitgem\u00e4\u00dfe Kuppelform, die mit ihrem Diffusor sanft Licht nach unten strahlt. Sie ist eine kraftvolle, moderne Erg\u00e4nzung f\u00fcr alle R\u00e4ume, sowohl private als auch \u00f6ffentliche. Einfach und doch majest\u00e4tisch!<\/p>","protected":false},"excerpt":{"rendered":"<p><strong>Neupreis 925 \u20ac pro St\u00fcck<\/strong><\/p>\n<p><strong>Abmessungen<\/strong><br \/>\nDurchmesser: 55 cm<br \/>\nH\u00f6he: 53 cm<\/p>\n<p><strong>Farbe <\/strong>Mat Anthrazit<\/p>\n<p><strong>Material\u00a0<\/strong>Metall<\/p>","protected":false},"featured_media":15514,"template":"","meta":{"_acf_changed":false},"product_brand":[],"product_cat":[40,35],"product_tag":[188],"ontwerper":[],"class_list":{"0":"post-7477","1":"product","2":"type-product","3":"status-publish","4":"has-post-thumbnail","6":"product_cat-hanglampen","7":"product_cat-lampen","8":"product_tag-artemide","10":"first","11":"instock","12":"shipping-taxable","13":"purchasable","14":"product-type-simple"},"acf":[],"yoast_head":"<!-- This site is optimized with the Yoast SEO plugin v27.5 - https:\/\/yoast.com\/product\/yoast-seo-wordpress\/ -->\n<title>Artemide Nur - TheReSales<\/title>\n<meta name=\"description\" content=\"De Nur is een ontwerp van Ernesto Gismondi voor het merk Artemide. Deze minimalistische hanglamp heeft een strakke, eigentijdse koepelvorm\" \/>\n<meta name=\"robots\" content=\"index, follow, max-snippet:-1, max-image-preview:large, max-video-preview:-1\" \/>\n<link rel=\"canonical\" href=\"https:\/\/theresales.nl\/de\/produkt\/artemis-nur\/\" \/>\n<meta property=\"og:locale\" content=\"de_DE\" \/>\n<meta property=\"og:type\" content=\"article\" \/>\n<meta property=\"og:title\" content=\"Artemide Nur - TheReSales\" \/>\n<meta property=\"og:description\" content=\"De Nur is een ontwerp van Ernesto Gismondi voor het merk Artemide. Deze minimalistische hanglamp heeft een strakke, eigentijdse koepelvorm\" \/>\n<meta property=\"og:url\" content=\"https:\/\/theresales.nl\/de\/produkt\/artemis-nur\/\" \/>\n<meta property=\"og:site_name\" content=\"TheReSales\" \/>\n<meta property=\"article:publisher\" content=\"https:\/\/www.facebook.com\/theresales.nl\" \/>\n<meta property=\"article:modified_time\" content=\"2026-01-23T13:05:52+00:00\" \/>\n<meta property=\"og:image\" content=\"https:\/\/theresales.nl\/wp-content\/uploads\/2022\/09\/PhotoRoom_20221202_104106.png\" \/>\n\t<meta property=\"og:image:width\" content=\"1200\" \/>\n\t<meta property=\"og:image:height\" content=\"900\" \/>\n\t<meta property=\"og:image:type\" content=\"image\/png\" \/>\n<meta name=\"twitter:card\" content=\"summary_large_image\" \/>\n<meta name=\"twitter:label1\" content=\"Gesch\u00e4tzte Lesezeit\" \/>\n\t<meta name=\"twitter:data1\" content=\"1\u00a0Minute\" \/>\n<!-- \/ Yoast SEO plugin. -->","yoast_head_json":{"title":"Artemide Nur  - TheReSales","description":"Die Nur ist ein Entwurf von Ernesto Gismondi f\u00fcr die Marke Artemide. Diese minimalistische H\u00e4ngelampe hat eine klare, zeitgen\u00f6ssische Kuppelform.","robots":{"index":"index","follow":"follow","max-snippet":"max-snippet:-1","max-image-preview":"max-image-preview:large","max-video-preview":"max-video-preview:-1"},"canonical":"https:\/\/theresales.nl\/de\/produkt\/artemis-nur\/","og_locale":"de_DE","og_type":"article","og_title":"Artemide Nur - TheReSales","og_description":"De Nur is een ontwerp van Ernesto Gismondi voor het merk Artemide. Deze minimalistische hanglamp heeft een strakke, eigentijdse koepelvorm","og_url":"https:\/\/theresales.nl\/de\/produkt\/artemis-nur\/","og_site_name":"TheReSales","article_publisher":"https:\/\/www.facebook.com\/theresales.nl","article_modified_time":"2026-01-23T13:05:52+00:00","og_image":[{"width":1200,"height":900,"url":"https:\/\/theresales.nl\/wp-content\/uploads\/2022\/09\/PhotoRoom_20221202_104106.png","type":"image\/png"}],"twitter_card":"summary_large_image","twitter_misc":{"Gesch\u00e4tzte Lesezeit":"1\u00a0Minute"},"schema":{"@context":"https:\/\/schema.org","@graph":[{"@type":"WebPage","@id":"https:\/\/theresales.nl\/product\/artemide-nur\/","url":"https:\/\/theresales.nl\/product\/artemide-nur\/","name":"Artemide Nur  - TheReSales","isPartOf":{"@id":"https:\/\/theresales.nl\/#website"},"primaryImageOfPage":{"@id":"https:\/\/theresales.nl\/product\/artemide-nur\/#primaryimage"},"image":{"@id":"https:\/\/theresales.nl\/product\/artemide-nur\/#primaryimage"},"thumbnailUrl":"https:\/\/theresales.nl\/wp-content\/uploads\/2022\/09\/PhotoRoom_20221202_104106.png","datePublished":"2022-09-08T18:20:59+00:00","dateModified":"2026-01-23T13:05:52+00:00","description":"Die Nur ist ein Entwurf von Ernesto Gismondi f\u00fcr die Marke Artemide. Diese minimalistische H\u00e4ngelampe hat eine klare, zeitgen\u00f6ssische Kuppelform.","breadcrumb":{"@id":"https:\/\/theresales.nl\/product\/artemide-nur\/#breadcrumb"},"inLanguage":"de","potentialAction":[{"@type":"ReadAction","target":["https:\/\/theresales.nl\/product\/artemide-nur\/"]}]},{"@type":"ImageObject","inLanguage":"de","@id":"https:\/\/theresales.nl\/product\/artemide-nur\/#primaryimage","url":"https:\/\/theresales.nl\/wp-content\/uploads\/2022\/09\/PhotoRoom_20221202_104106.png","contentUrl":"https:\/\/theresales.nl\/wp-content\/uploads\/2022\/09\/PhotoRoom_20221202_104106.png","width":1200,"height":900,"caption":"Hanglamp-Artemide-Nur-TheReSales"},{"@type":"BreadcrumbList","@id":"https:\/\/theresales.nl\/product\/artemide-nur\/#breadcrumb","itemListElement":[{"@type":"ListItem","position":1,"name":"Home","item":"https:\/\/theresales.nl\/"},{"@type":"ListItem","position":2,"name":"Collectie","item":"https:\/\/theresales.nl\/collectie\/"},{"@type":"ListItem","position":3,"name":"Artemide Nur"}]},{"@type":"WebSite","@id":"https:\/\/theresales.nl\/#website","url":"https:\/\/theresales.nl\/","name":"TheReSales","description":"Tweedehands Design Meubelen","publisher":{"@id":"https:\/\/theresales.nl\/#organization"},"potentialAction":[{"@type":"SearchAction","target":{"@type":"EntryPoint","urlTemplate":"https:\/\/theresales.nl\/?s={search_term_string}"},"query-input":{"@type":"PropertyValueSpecification","valueRequired":true,"valueName":"search_term_string"}}],"inLanguage":"de"},{"@type":"Organization","@id":"https:\/\/theresales.nl\/#organization","name":"TheReSales","url":"https:\/\/theresales.nl\/","logo":{"@type":"ImageObject","inLanguage":"de","@id":"https:\/\/theresales.nl\/#\/schema\/logo\/image\/","url":"https:\/\/theresales.nl\/wp-content\/uploads\/2026\/04\/Logo-TheReSales.png","contentUrl":"https:\/\/theresales.nl\/wp-content\/uploads\/2026\/04\/Logo-TheReSales.png","width":1200,"height":304,"caption":"TheReSales"},"image":{"@id":"https:\/\/theresales.nl\/#\/schema\/logo\/image\/"},"sameAs":["https:\/\/www.facebook.com\/theresales.nl","https:\/\/www.instagram.com\/_theresales_\/","https:\/\/nl.pinterest.com\/theresalesgroningen\/","https:\/\/www.linkedin.com\/company\/theresales\/"]}]}},"_links":{"self":[{"href":"https:\/\/theresales.nl\/de\/wp-json\/wp\/v2\/product\/7477","targetHints":{"allow":["GET"]}}],"collection":[{"href":"https:\/\/theresales.nl\/de\/wp-json\/wp\/v2\/product"}],"about":[{"href":"https:\/\/theresales.nl\/de\/wp-json\/wp\/v2\/types\/product"}],"wp:featuredmedia":[{"embeddable":true,"href":"https:\/\/theresales.nl\/de\/wp-json\/wp\/v2\/media\/15514"}],"wp:attachment":[{"href":"https:\/\/theresales.nl\/de\/wp-json\/wp\/v2\/media?parent=7477"}],"wp:term":[{"taxonomy":"product_brand","embeddable":true,"href":"https:\/\/theresales.nl\/de\/wp-json\/wp\/v2\/product_brand?post=7477"},{"taxonomy":"product_cat","embeddable":true,"href":"https:\/\/theresales.nl\/de\/wp-json\/wp\/v2\/product_cat?post=7477"},{"taxonomy":"product_tag","embeddable":true,"href":"https:\/\/theresales.nl\/de\/wp-json\/wp\/v2\/product_tag?post=7477"},{"taxonomy":"ontwerper","embeddable":true,"href":"https:\/\/theresales.nl\/de\/wp-json\/wp\/v2\/ontwerper?post=7477"}],"curies":[{"name":"wp","href":"https:\/\/api.w.org\/{rel}","templated":true}]}}