{"id":7389,"date":"2022-09-08T20:19:23","date_gmt":"2022-09-08T18:19:23","guid":{"rendered":"https:\/\/theresales.nl\/?post_type=product&#038;p=7389"},"modified":"2026-01-02T11:18:10","modified_gmt":"2026-01-02T10:18:10","slug":"offecct-loffel","status":"publish","type":"product","link":"https:\/\/theresales.nl\/de\/product\/offecct-spoon\/","title":{"rendered":"Offecct L\u00f6ffel"},"content":{"rendered":"<p>Der L\u00f6ffel ist ein Entwurf von <a href=\"https:\/\/www.monicaforster.se\" target=\"_blank\" rel=\"noopener\">Monika F\u00f6rster<\/a> f\u00fcr die Marke Offert. Es ist in vielerlei Hinsicht einfach <a href=\"https:\/\/theresales.nl\/de\/produktkategorie\/sessel\/\" target=\"_blank\" rel=\"noopener\">M\u00f6belst\u00fcck<\/a>einfach zu bewegen, einfach zu variieren, einfach zu kombinieren und einfach in verschiedenen Umgebungen und Umgebungen anzuwenden. Der Lepel hinterl\u00e4sst einen klaren Eindruck, ist aber sowohl bequem als auch angenehm zu sitzen. Trotz der organischen und klaren Form hat es eine sanfte Ausstrahlung und passt geschmackvoll zu M\u00f6beln mit klareren Linien.<\/p>","protected":false},"excerpt":{"rendered":"<p><strong>Abmessungen<br \/>\n<\/strong>H\u00f6he: 94 cm<br \/>\nBreite: 66 cm<br \/>\nTiefe: 84 cm<br \/>\nSitzh\u00f6he: 40 cm<\/p>\n<p><strong>Farbe<\/strong>Anthrazit<\/p>\n<p><strong>Material<\/strong>: Kunst leere, Metall<\/p>","protected":false},"featured_media":7590,"template":"","meta":{"_acf_changed":false},"product_brand":[],"product_cat":[19],"product_tag":[280],"ontwerper":[510],"class_list":{"0":"post-7389","1":"product","2":"type-product","3":"status-publish","4":"has-post-thumbnail","6":"product_cat-fauteuils","7":"product_tag-offecct","8":"ontwerper-monica-forster","10":"first","11":"instock","12":"shipping-taxable","13":"purchasable","14":"product-type-simple"},"acf":[],"yoast_head":"<!-- This site is optimized with the Yoast SEO plugin v27.5 - https:\/\/yoast.com\/product\/yoast-seo-wordpress\/ -->\n<title>Offecct Spoon - TheReSales<\/title>\n<meta name=\"description\" content=\"De Spoon is een ontwerp van Monica F\u00f6rster voor het merk Offert.\u00a0Is in veel opzichten een makkelijk meubelstuk: makkelijk te verplaatsen,\" \/>\n<meta name=\"robots\" content=\"index, follow, max-snippet:-1, max-image-preview:large, max-video-preview:-1\" \/>\n<link rel=\"canonical\" href=\"https:\/\/theresales.nl\/de\/produkt\/offecct-loffel\/\" \/>\n<meta property=\"og:locale\" content=\"de_DE\" \/>\n<meta property=\"og:type\" content=\"article\" \/>\n<meta property=\"og:title\" content=\"Offecct Spoon - TheReSales\" \/>\n<meta property=\"og:description\" content=\"De Spoon is een ontwerp van Monica F\u00f6rster voor het merk Offert.\u00a0Is in veel opzichten een makkelijk meubelstuk: makkelijk te verplaatsen,\" \/>\n<meta property=\"og:url\" content=\"https:\/\/theresales.nl\/de\/produkt\/offecct-loffel\/\" \/>\n<meta property=\"og:site_name\" content=\"TheReSales\" \/>\n<meta property=\"article:publisher\" content=\"https:\/\/www.facebook.com\/theresales.nl\" \/>\n<meta property=\"article:modified_time\" content=\"2026-01-02T10:18:10+00:00\" \/>\n<meta property=\"og:image\" content=\"https:\/\/theresales.nl\/wp-content\/uploads\/2022\/09\/20220121_150957558_iOS.jpg\" \/>\n\t<meta property=\"og:image:width\" content=\"1500\" \/>\n\t<meta property=\"og:image:height\" content=\"1125\" \/>\n\t<meta property=\"og:image:type\" content=\"image\/jpeg\" \/>\n<meta name=\"twitter:card\" content=\"summary_large_image\" \/>\n<meta name=\"twitter:label1\" content=\"Gesch\u00e4tzte Lesezeit\" \/>\n\t<meta name=\"twitter:data1\" content=\"1\u00a0Minute\" \/>\n<!-- \/ Yoast SEO plugin. -->","yoast_head_json":{"title":"Offecct Spoon - TheReSales","description":"Der L\u00f6ffel ist ein Entwurf von Monica F\u00f6rster f\u00fcr die Marke Offert. Ist in vielerlei Hinsicht ein einfaches M\u00f6belst\u00fcck: leicht zu bewegen,","robots":{"index":"index","follow":"follow","max-snippet":"max-snippet:-1","max-image-preview":"max-image-preview:large","max-video-preview":"max-video-preview:-1"},"canonical":"https:\/\/theresales.nl\/de\/produkt\/offecct-loffel\/","og_locale":"de_DE","og_type":"article","og_title":"Offecct Spoon - TheReSales","og_description":"De Spoon is een ontwerp van Monica F\u00f6rster voor het merk Offert.\u00a0Is in veel opzichten een makkelijk meubelstuk: makkelijk te verplaatsen,","og_url":"https:\/\/theresales.nl\/de\/produkt\/offecct-loffel\/","og_site_name":"TheReSales","article_publisher":"https:\/\/www.facebook.com\/theresales.nl","article_modified_time":"2026-01-02T10:18:10+00:00","og_image":[{"width":1500,"height":1125,"url":"https:\/\/theresales.nl\/wp-content\/uploads\/2022\/09\/20220121_150957558_iOS.jpg","type":"image\/jpeg"}],"twitter_card":"summary_large_image","twitter_misc":{"Gesch\u00e4tzte Lesezeit":"1\u00a0Minute"},"schema":{"@context":"https:\/\/schema.org","@graph":[{"@type":"WebPage","@id":"https:\/\/theresales.nl\/product\/offecct-spoon\/","url":"https:\/\/theresales.nl\/product\/offecct-spoon\/","name":"Offecct Spoon - TheReSales","isPartOf":{"@id":"https:\/\/theresales.nl\/#website"},"primaryImageOfPage":{"@id":"https:\/\/theresales.nl\/product\/offecct-spoon\/#primaryimage"},"image":{"@id":"https:\/\/theresales.nl\/product\/offecct-spoon\/#primaryimage"},"thumbnailUrl":"https:\/\/theresales.nl\/wp-content\/uploads\/2022\/09\/20220121_150957558_iOS.jpg","datePublished":"2022-09-08T18:19:23+00:00","dateModified":"2026-01-02T10:18:10+00:00","description":"Der L\u00f6ffel ist ein Entwurf von Monica F\u00f6rster f\u00fcr die Marke Offert. Ist in vielerlei Hinsicht ein einfaches M\u00f6belst\u00fcck: leicht zu bewegen,","breadcrumb":{"@id":"https:\/\/theresales.nl\/product\/offecct-spoon\/#breadcrumb"},"inLanguage":"de","potentialAction":[{"@type":"ReadAction","target":["https:\/\/theresales.nl\/product\/offecct-spoon\/"]}]},{"@type":"ImageObject","inLanguage":"de","@id":"https:\/\/theresales.nl\/product\/offecct-spoon\/#primaryimage","url":"https:\/\/theresales.nl\/wp-content\/uploads\/2022\/09\/20220121_150957558_iOS.jpg","contentUrl":"https:\/\/theresales.nl\/wp-content\/uploads\/2022\/09\/20220121_150957558_iOS.jpg","width":1500,"height":1125,"caption":"Fauteuil-Offecct-Spoon-Leer-TheReSales"},{"@type":"BreadcrumbList","@id":"https:\/\/theresales.nl\/product\/offecct-spoon\/#breadcrumb","itemListElement":[{"@type":"ListItem","position":1,"name":"Home","item":"https:\/\/theresales.nl\/"},{"@type":"ListItem","position":2,"name":"Collectie","item":"https:\/\/theresales.nl\/collectie\/"},{"@type":"ListItem","position":3,"name":"Offecct Spoon"}]},{"@type":"WebSite","@id":"https:\/\/theresales.nl\/#website","url":"https:\/\/theresales.nl\/","name":"TheReSales","description":"Tweedehands Design Meubelen","publisher":{"@id":"https:\/\/theresales.nl\/#organization"},"potentialAction":[{"@type":"SearchAction","target":{"@type":"EntryPoint","urlTemplate":"https:\/\/theresales.nl\/?s={search_term_string}"},"query-input":{"@type":"PropertyValueSpecification","valueRequired":true,"valueName":"search_term_string"}}],"inLanguage":"de"},{"@type":"Organization","@id":"https:\/\/theresales.nl\/#organization","name":"TheReSales","url":"https:\/\/theresales.nl\/","logo":{"@type":"ImageObject","inLanguage":"de","@id":"https:\/\/theresales.nl\/#\/schema\/logo\/image\/","url":"https:\/\/theresales.nl\/wp-content\/uploads\/2026\/04\/Logo-TheReSales.png","contentUrl":"https:\/\/theresales.nl\/wp-content\/uploads\/2026\/04\/Logo-TheReSales.png","width":1200,"height":304,"caption":"TheReSales"},"image":{"@id":"https:\/\/theresales.nl\/#\/schema\/logo\/image\/"},"sameAs":["https:\/\/www.facebook.com\/theresales.nl","https:\/\/www.instagram.com\/_theresales_\/","https:\/\/nl.pinterest.com\/theresalesgroningen\/","https:\/\/www.linkedin.com\/company\/theresales\/"]}]}},"_links":{"self":[{"href":"https:\/\/theresales.nl\/de\/wp-json\/wp\/v2\/product\/7389","targetHints":{"allow":["GET"]}}],"collection":[{"href":"https:\/\/theresales.nl\/de\/wp-json\/wp\/v2\/product"}],"about":[{"href":"https:\/\/theresales.nl\/de\/wp-json\/wp\/v2\/types\/product"}],"wp:featuredmedia":[{"embeddable":true,"href":"https:\/\/theresales.nl\/de\/wp-json\/wp\/v2\/media\/7590"}],"wp:attachment":[{"href":"https:\/\/theresales.nl\/de\/wp-json\/wp\/v2\/media?parent=7389"}],"wp:term":[{"taxonomy":"product_brand","embeddable":true,"href":"https:\/\/theresales.nl\/de\/wp-json\/wp\/v2\/product_brand?post=7389"},{"taxonomy":"product_cat","embeddable":true,"href":"https:\/\/theresales.nl\/de\/wp-json\/wp\/v2\/product_cat?post=7389"},{"taxonomy":"product_tag","embeddable":true,"href":"https:\/\/theresales.nl\/de\/wp-json\/wp\/v2\/product_tag?post=7389"},{"taxonomy":"ontwerper","embeddable":true,"href":"https:\/\/theresales.nl\/de\/wp-json\/wp\/v2\/ontwerper?post=7389"}],"curies":[{"name":"wp","href":"https:\/\/api.w.org\/{rel}","templated":true}]}}