{"id":7342,"date":"2022-09-08T20:18:22","date_gmt":"2022-09-08T18:18:22","guid":{"rendered":"https:\/\/theresales.nl\/?post_type=product&#038;p=7342"},"modified":"2026-01-02T11:18:21","modified_gmt":"2026-01-02T10:18:21","slug":"moooi-vip-chair-rood","status":"publish","type":"product","link":"https:\/\/theresales.nl\/de\/product\/moooi-vip-chair-rood\/","title":{"rendered":"Moooi VIP Stuhl rot"},"content":{"rendered":"<p>De VIP Chair rood is een ontwerp van <a href=\"https:\/\/www.marcelwanders.com\/\" target=\"_blank\" rel=\"noopener\">Marcel Wanders<\/a> f\u00fcr die Marke Moooi. Ein wundersch\u00f6nes <a href=\"https:\/\/theresales.nl\/de\/produktkategorie\/stuhle\/\">Stuhl<\/a> die an einen k\u00f6niglichen Thron erinnert. Er verf\u00fcgt \u00fcber eine Wollpolsterung und ein Metallgestell mit R\u00e4dern. Die ausgepr\u00e4gte Form und das elegante Aussehen machen ihn sehr gut f\u00fcr jedes Interieur geeignet!<\/p>","protected":false},"excerpt":{"rendered":"<p><strong>Neupreis: 1915 \u20ac pro St\u00fcck<\/strong><\/p>\n<p><strong>Abmessungen<\/strong><br \/>\nBreite: 62 cm<br \/>\nTiefe: 62 cm<br \/>\nH\u00f6he: 81 cm<br \/>\nSitzh\u00f6he: 46 cm<br \/>\nSitztiefe: 40 cm<br \/>\nArmh\u00f6he: 66 cm<\/p>\n<p><strong>Farbe<\/strong>Rot<\/p>\n<p><strong>Material<\/strong>Stoff, Metall<\/p>","protected":false},"featured_media":7515,"template":"","meta":{"_acf_changed":false},"product_brand":[],"product_cat":[34],"product_tag":[274],"ontwerper":[531],"class_list":{"0":"post-7342","1":"product","2":"type-product","3":"status-publish","4":"has-post-thumbnail","6":"product_cat-stoelen","7":"product_tag-moooi","8":"ontwerper-marcel-wanders","10":"first","11":"instock","12":"shipping-taxable","13":"purchasable","14":"product-type-simple"},"acf":[],"yoast_head":"<!-- This site is optimized with the Yoast SEO plugin v27.5 - https:\/\/yoast.com\/product\/yoast-seo-wordpress\/ -->\n<title>Moooi VIP Chair rood - TheReSales<\/title>\n<meta name=\"description\" content=\"De VIP Chair rood is een ontwerp van Marcel Wanders voor het merk Moooi. Een prachtige stoel die doet denken aan een koninklijke troon.\" \/>\n<meta name=\"robots\" content=\"index, follow, max-snippet:-1, max-image-preview:large, max-video-preview:-1\" \/>\n<link rel=\"canonical\" href=\"https:\/\/theresales.nl\/de\/produkt\/moooi-vip-chair-rood\/\" \/>\n<meta property=\"og:locale\" content=\"de_DE\" \/>\n<meta property=\"og:type\" content=\"article\" \/>\n<meta property=\"og:title\" content=\"Moooi VIP Chair rood - TheReSales\" \/>\n<meta property=\"og:description\" content=\"De VIP Chair rood is een ontwerp van Marcel Wanders voor het merk Moooi. Een prachtige stoel die doet denken aan een koninklijke troon.\" \/>\n<meta property=\"og:url\" content=\"https:\/\/theresales.nl\/de\/produkt\/moooi-vip-chair-rood\/\" \/>\n<meta property=\"og:site_name\" content=\"TheReSales\" \/>\n<meta property=\"article:publisher\" content=\"https:\/\/www.facebook.com\/theresales.nl\" \/>\n<meta property=\"article:modified_time\" content=\"2026-01-02T10:18:21+00:00\" \/>\n<meta property=\"og:image\" content=\"https:\/\/theresales.nl\/wp-content\/uploads\/2022\/09\/20220118_123438044_iOS.jpg\" \/>\n\t<meta property=\"og:image:width\" content=\"1500\" \/>\n\t<meta property=\"og:image:height\" content=\"1125\" \/>\n\t<meta property=\"og:image:type\" content=\"image\/jpeg\" \/>\n<meta name=\"twitter:card\" content=\"summary_large_image\" \/>\n<meta name=\"twitter:label1\" content=\"Gesch\u00e4tzte Lesezeit\" \/>\n\t<meta name=\"twitter:data1\" content=\"1\u00a0Minute\" \/>\n<!-- \/ Yoast SEO plugin. -->","yoast_head_json":{"title":"Moooi VIP Chair rood - TheReSales","description":"De VIP Chair rood is een ontwerp van Marcel Wanders voor het merk Moooi. Een prachtige stoel die doet denken aan een koninklijke troon.","robots":{"index":"index","follow":"follow","max-snippet":"max-snippet:-1","max-image-preview":"max-image-preview:large","max-video-preview":"max-video-preview:-1"},"canonical":"https:\/\/theresales.nl\/de\/produkt\/moooi-vip-chair-rood\/","og_locale":"de_DE","og_type":"article","og_title":"Moooi VIP Chair rood - TheReSales","og_description":"De VIP Chair rood is een ontwerp van Marcel Wanders voor het merk Moooi. Een prachtige stoel die doet denken aan een koninklijke troon.","og_url":"https:\/\/theresales.nl\/de\/produkt\/moooi-vip-chair-rood\/","og_site_name":"TheReSales","article_publisher":"https:\/\/www.facebook.com\/theresales.nl","article_modified_time":"2026-01-02T10:18:21+00:00","og_image":[{"width":1500,"height":1125,"url":"https:\/\/theresales.nl\/wp-content\/uploads\/2022\/09\/20220118_123438044_iOS.jpg","type":"image\/jpeg"}],"twitter_card":"summary_large_image","twitter_misc":{"Gesch\u00e4tzte Lesezeit":"1\u00a0Minute"},"schema":{"@context":"https:\/\/schema.org","@graph":[{"@type":"WebPage","@id":"https:\/\/theresales.nl\/product\/moooi-vip-chair-rood\/","url":"https:\/\/theresales.nl\/product\/moooi-vip-chair-rood\/","name":"Moooi VIP Chair rood - TheReSales","isPartOf":{"@id":"https:\/\/theresales.nl\/#website"},"primaryImageOfPage":{"@id":"https:\/\/theresales.nl\/product\/moooi-vip-chair-rood\/#primaryimage"},"image":{"@id":"https:\/\/theresales.nl\/product\/moooi-vip-chair-rood\/#primaryimage"},"thumbnailUrl":"https:\/\/theresales.nl\/wp-content\/uploads\/2022\/09\/20220118_123438044_iOS.jpg","datePublished":"2022-09-08T18:18:22+00:00","dateModified":"2026-01-02T10:18:21+00:00","description":"De VIP Chair rood is een ontwerp van Marcel Wanders voor het merk Moooi. Een prachtige stoel die doet denken aan een koninklijke troon.","breadcrumb":{"@id":"https:\/\/theresales.nl\/product\/moooi-vip-chair-rood\/#breadcrumb"},"inLanguage":"de","potentialAction":[{"@type":"ReadAction","target":["https:\/\/theresales.nl\/product\/moooi-vip-chair-rood\/"]}]},{"@type":"ImageObject","inLanguage":"de","@id":"https:\/\/theresales.nl\/product\/moooi-vip-chair-rood\/#primaryimage","url":"https:\/\/theresales.nl\/wp-content\/uploads\/2022\/09\/20220118_123438044_iOS.jpg","contentUrl":"https:\/\/theresales.nl\/wp-content\/uploads\/2022\/09\/20220118_123438044_iOS.jpg","width":1500,"height":1125,"caption":"Moooi-VIP-Chair-rood-TheReSales"},{"@type":"BreadcrumbList","@id":"https:\/\/theresales.nl\/product\/moooi-vip-chair-rood\/#breadcrumb","itemListElement":[{"@type":"ListItem","position":1,"name":"Home","item":"https:\/\/theresales.nl\/"},{"@type":"ListItem","position":2,"name":"Collectie","item":"https:\/\/theresales.nl\/collectie\/"},{"@type":"ListItem","position":3,"name":"Moooi VIP Chair rood"}]},{"@type":"WebSite","@id":"https:\/\/theresales.nl\/#website","url":"https:\/\/theresales.nl\/","name":"TheReSales","description":"Tweedehands Design Meubelen","publisher":{"@id":"https:\/\/theresales.nl\/#organization"},"potentialAction":[{"@type":"SearchAction","target":{"@type":"EntryPoint","urlTemplate":"https:\/\/theresales.nl\/?s={search_term_string}"},"query-input":{"@type":"PropertyValueSpecification","valueRequired":true,"valueName":"search_term_string"}}],"inLanguage":"de"},{"@type":"Organization","@id":"https:\/\/theresales.nl\/#organization","name":"TheReSales","url":"https:\/\/theresales.nl\/","logo":{"@type":"ImageObject","inLanguage":"de","@id":"https:\/\/theresales.nl\/#\/schema\/logo\/image\/","url":"https:\/\/theresales.nl\/wp-content\/uploads\/2026\/04\/Logo-TheReSales.png","contentUrl":"https:\/\/theresales.nl\/wp-content\/uploads\/2026\/04\/Logo-TheReSales.png","width":1200,"height":304,"caption":"TheReSales"},"image":{"@id":"https:\/\/theresales.nl\/#\/schema\/logo\/image\/"},"sameAs":["https:\/\/www.facebook.com\/theresales.nl","https:\/\/www.instagram.com\/_theresales_\/","https:\/\/nl.pinterest.com\/theresalesgroningen\/","https:\/\/www.linkedin.com\/company\/theresales\/"]}]}},"_links":{"self":[{"href":"https:\/\/theresales.nl\/de\/wp-json\/wp\/v2\/product\/7342","targetHints":{"allow":["GET"]}}],"collection":[{"href":"https:\/\/theresales.nl\/de\/wp-json\/wp\/v2\/product"}],"about":[{"href":"https:\/\/theresales.nl\/de\/wp-json\/wp\/v2\/types\/product"}],"wp:featuredmedia":[{"embeddable":true,"href":"https:\/\/theresales.nl\/de\/wp-json\/wp\/v2\/media\/7515"}],"wp:attachment":[{"href":"https:\/\/theresales.nl\/de\/wp-json\/wp\/v2\/media?parent=7342"}],"wp:term":[{"taxonomy":"product_brand","embeddable":true,"href":"https:\/\/theresales.nl\/de\/wp-json\/wp\/v2\/product_brand?post=7342"},{"taxonomy":"product_cat","embeddable":true,"href":"https:\/\/theresales.nl\/de\/wp-json\/wp\/v2\/product_cat?post=7342"},{"taxonomy":"product_tag","embeddable":true,"href":"https:\/\/theresales.nl\/de\/wp-json\/wp\/v2\/product_tag?post=7342"},{"taxonomy":"ontwerper","embeddable":true,"href":"https:\/\/theresales.nl\/de\/wp-json\/wp\/v2\/ontwerper?post=7342"}],"curies":[{"name":"wp","href":"https:\/\/api.w.org\/{rel}","templated":true}]}}