{"id":7018,"date":"2022-09-08T20:12:29","date_gmt":"2022-09-08T18:12:29","guid":{"rendered":"https:\/\/theresales.nl\/?post_type=product&#038;p=7018"},"modified":"2026-01-09T13:32:29","modified_gmt":"2026-01-09T12:32:29","slug":"tobias-grau-tanzt-lange","status":"publish","type":"product","link":"https:\/\/theresales.nl\/de\/product\/tobias-grau-dance-long\/","title":{"rendered":"Tobias Grau Tanz Lang"},"content":{"rendered":"<p>De Dance Long ist ein Entwurf f\u00fcr die Marke Tobias Grau. Ein schickes <a href=\"https:\/\/theresales.nl\/de\/produktkategorie\/lampen\/hangelampen\/\" target=\"_blank\" rel=\"noopener\">H\u00e4ngeleuchte<\/a> von poliertem Aluminium mit darin integrierten Armaturen. Diese Armaturen scheinen sowohl nach unten, schaffen aber auch ein zus\u00e4tzliches Lichtspiel an der Decke. Durch die L\u00e4nge ist sie perfekt f\u00fcr den Esstisch oder den Besprechungstisch!<\/p>","protected":false},"excerpt":{"rendered":"<p><strong>Neupreis:\u00a0<\/strong>1089,- Euro pro St\u00fcck<\/p>\n<p><strong>Abmessungen<\/strong><br \/>\nL\u00e4nge: 103 cm<\/p>\n<p><strong>Farbe\u00a0<\/strong>Chrom<\/p>\n<p><strong>Material\u00a0<\/strong>Metall<\/p>\n<p><strong>Ab Lager lieferbar<\/strong><\/p>","protected":false},"featured_media":15577,"template":"","meta":{"_acf_changed":false},"product_brand":[],"product_cat":[40,35],"product_tag":[299],"ontwerper":[],"class_list":{"0":"post-7018","1":"product","2":"type-product","3":"status-publish","4":"has-post-thumbnail","6":"product_cat-hanglampen","7":"product_cat-lampen","8":"product_tag-tobias-grau","10":"first","11":"instock","12":"shipping-taxable","13":"purchasable","14":"product-type-simple"},"acf":[],"yoast_head":"<!-- This site is optimized with the Yoast SEO plugin v27.5 - https:\/\/yoast.com\/product\/yoast-seo-wordpress\/ -->\n<title>Tobias Grau Dance Long - TheReSales<\/title>\n<meta name=\"description\" content=\"De Dance Long is een ontwerp voor het merk Tobias Grau. Een chique hanglamp van gepolijst aluminium met armaturen erin verwerkt. Deze armaturen\" \/>\n<meta name=\"robots\" content=\"index, follow, max-snippet:-1, max-image-preview:large, max-video-preview:-1\" \/>\n<link rel=\"canonical\" href=\"https:\/\/theresales.nl\/de\/produkt\/tobias-grau-tanzt-lange\/\" \/>\n<meta property=\"og:locale\" content=\"de_DE\" \/>\n<meta property=\"og:type\" content=\"article\" \/>\n<meta property=\"og:title\" content=\"Tobias Grau Dance Long - TheReSales\" \/>\n<meta property=\"og:description\" content=\"De Dance Long is een ontwerp voor het merk Tobias Grau. Een chique hanglamp van gepolijst aluminium met armaturen erin verwerkt. Deze armaturen\" \/>\n<meta property=\"og:url\" content=\"https:\/\/theresales.nl\/de\/produkt\/tobias-grau-tanzt-lange\/\" \/>\n<meta property=\"og:site_name\" content=\"TheReSales\" \/>\n<meta property=\"article:publisher\" content=\"https:\/\/www.facebook.com\/theresales.nl\" \/>\n<meta property=\"article:modified_time\" content=\"2026-01-09T12:32:29+00:00\" \/>\n<meta property=\"og:image\" content=\"https:\/\/theresales.nl\/wp-content\/uploads\/2022\/09\/PhotoRoom_20221202_133716.png\" \/>\n\t<meta property=\"og:image:width\" content=\"1200\" \/>\n\t<meta property=\"og:image:height\" content=\"900\" \/>\n\t<meta property=\"og:image:type\" content=\"image\/png\" \/>\n<meta name=\"twitter:card\" content=\"summary_large_image\" \/>\n<meta name=\"twitter:label1\" content=\"Gesch\u00e4tzte Lesezeit\" \/>\n\t<meta name=\"twitter:data1\" content=\"1\u00a0Minute\" \/>\n<!-- \/ Yoast SEO plugin. -->","yoast_head_json":{"title":"Tobias Grau Tanz Lang - TheReSales","description":"De Dance Long ist ein Entwurf f\u00fcr die Marke Tobias Grau. Eine schicke H\u00e4ngeleuchte aus poliertem Aluminium mit darin eingearbeiteten Leuchten. Diese Leuchten","robots":{"index":"index","follow":"follow","max-snippet":"max-snippet:-1","max-image-preview":"max-image-preview:large","max-video-preview":"max-video-preview:-1"},"canonical":"https:\/\/theresales.nl\/de\/produkt\/tobias-grau-tanzt-lange\/","og_locale":"de_DE","og_type":"article","og_title":"Tobias Grau Dance Long - TheReSales","og_description":"De Dance Long is een ontwerp voor het merk Tobias Grau. Een chique hanglamp van gepolijst aluminium met armaturen erin verwerkt. Deze armaturen","og_url":"https:\/\/theresales.nl\/de\/produkt\/tobias-grau-tanzt-lange\/","og_site_name":"TheReSales","article_publisher":"https:\/\/www.facebook.com\/theresales.nl","article_modified_time":"2026-01-09T12:32:29+00:00","og_image":[{"width":1200,"height":900,"url":"https:\/\/theresales.nl\/wp-content\/uploads\/2022\/09\/PhotoRoom_20221202_133716.png","type":"image\/png"}],"twitter_card":"summary_large_image","twitter_misc":{"Gesch\u00e4tzte Lesezeit":"1\u00a0Minute"},"schema":{"@context":"https:\/\/schema.org","@graph":[{"@type":"WebPage","@id":"https:\/\/theresales.nl\/product\/tobias-grau-dance-long\/","url":"https:\/\/theresales.nl\/product\/tobias-grau-dance-long\/","name":"Tobias Grau Tanz Lang - TheReSales","isPartOf":{"@id":"https:\/\/theresales.nl\/#website"},"primaryImageOfPage":{"@id":"https:\/\/theresales.nl\/product\/tobias-grau-dance-long\/#primaryimage"},"image":{"@id":"https:\/\/theresales.nl\/product\/tobias-grau-dance-long\/#primaryimage"},"thumbnailUrl":"https:\/\/theresales.nl\/wp-content\/uploads\/2022\/09\/PhotoRoom_20221202_133716.png","datePublished":"2022-09-08T18:12:29+00:00","dateModified":"2026-01-09T12:32:29+00:00","description":"De Dance Long ist ein Entwurf f\u00fcr die Marke Tobias Grau. Eine schicke H\u00e4ngeleuchte aus poliertem Aluminium mit darin eingearbeiteten Leuchten. Diese Leuchten","breadcrumb":{"@id":"https:\/\/theresales.nl\/product\/tobias-grau-dance-long\/#breadcrumb"},"inLanguage":"de","potentialAction":[{"@type":"ReadAction","target":["https:\/\/theresales.nl\/product\/tobias-grau-dance-long\/"]}]},{"@type":"ImageObject","inLanguage":"de","@id":"https:\/\/theresales.nl\/product\/tobias-grau-dance-long\/#primaryimage","url":"https:\/\/theresales.nl\/wp-content\/uploads\/2022\/09\/PhotoRoom_20221202_133716.png","contentUrl":"https:\/\/theresales.nl\/wp-content\/uploads\/2022\/09\/PhotoRoom_20221202_133716.png","width":1200,"height":900,"caption":"Hanglamp-Tobias Grau-Dance Long-Zwart-TheReSales"},{"@type":"BreadcrumbList","@id":"https:\/\/theresales.nl\/product\/tobias-grau-dance-long\/#breadcrumb","itemListElement":[{"@type":"ListItem","position":1,"name":"Home","item":"https:\/\/theresales.nl\/"},{"@type":"ListItem","position":2,"name":"Collectie","item":"https:\/\/theresales.nl\/collectie\/"},{"@type":"ListItem","position":3,"name":"Tobias Grau Dance Long"}]},{"@type":"WebSite","@id":"https:\/\/theresales.nl\/#website","url":"https:\/\/theresales.nl\/","name":"TheReSales","description":"Tweedehands Design Meubelen","publisher":{"@id":"https:\/\/theresales.nl\/#organization"},"potentialAction":[{"@type":"SearchAction","target":{"@type":"EntryPoint","urlTemplate":"https:\/\/theresales.nl\/?s={search_term_string}"},"query-input":{"@type":"PropertyValueSpecification","valueRequired":true,"valueName":"search_term_string"}}],"inLanguage":"de"},{"@type":"Organization","@id":"https:\/\/theresales.nl\/#organization","name":"TheReSales","url":"https:\/\/theresales.nl\/","logo":{"@type":"ImageObject","inLanguage":"de","@id":"https:\/\/theresales.nl\/#\/schema\/logo\/image\/","url":"https:\/\/theresales.nl\/wp-content\/uploads\/2026\/04\/Logo-TheReSales.png","contentUrl":"https:\/\/theresales.nl\/wp-content\/uploads\/2026\/04\/Logo-TheReSales.png","width":1200,"height":304,"caption":"TheReSales"},"image":{"@id":"https:\/\/theresales.nl\/#\/schema\/logo\/image\/"},"sameAs":["https:\/\/www.facebook.com\/theresales.nl","https:\/\/www.instagram.com\/_theresales_\/","https:\/\/nl.pinterest.com\/theresalesgroningen\/","https:\/\/www.linkedin.com\/company\/theresales\/"]}]}},"_links":{"self":[{"href":"https:\/\/theresales.nl\/de\/wp-json\/wp\/v2\/product\/7018","targetHints":{"allow":["GET"]}}],"collection":[{"href":"https:\/\/theresales.nl\/de\/wp-json\/wp\/v2\/product"}],"about":[{"href":"https:\/\/theresales.nl\/de\/wp-json\/wp\/v2\/types\/product"}],"wp:featuredmedia":[{"embeddable":true,"href":"https:\/\/theresales.nl\/de\/wp-json\/wp\/v2\/media\/15577"}],"wp:attachment":[{"href":"https:\/\/theresales.nl\/de\/wp-json\/wp\/v2\/media?parent=7018"}],"wp:term":[{"taxonomy":"product_brand","embeddable":true,"href":"https:\/\/theresales.nl\/de\/wp-json\/wp\/v2\/product_brand?post=7018"},{"taxonomy":"product_cat","embeddable":true,"href":"https:\/\/theresales.nl\/de\/wp-json\/wp\/v2\/product_cat?post=7018"},{"taxonomy":"product_tag","embeddable":true,"href":"https:\/\/theresales.nl\/de\/wp-json\/wp\/v2\/product_tag?post=7018"},{"taxonomy":"ontwerper","embeddable":true,"href":"https:\/\/theresales.nl\/de\/wp-json\/wp\/v2\/ontwerper?post=7018"}],"curies":[{"name":"wp","href":"https:\/\/api.w.org\/{rel}","templated":true}]}}