{"id":6761,"date":"2022-09-08T20:07:50","date_gmt":"2022-09-08T18:07:50","guid":{"rendered":"https:\/\/theresales.nl\/?post_type=product&#038;p=6761"},"modified":"2026-01-22T10:28:45","modified_gmt":"2026-01-22T09:28:45","slug":"dunkle-ohnmacht","status":"publish","type":"product","link":"https:\/\/theresales.nl\/de\/product\/dark-oblivion\/","title":{"rendered":"Dunkle Vergessenheit"},"content":{"rendered":"<p>Die Dunkle Vergessenheit ist ein Design von <a href=\"https:\/\/www.arnequinze.com\" target=\"_blank\" rel=\"noopener\">Arne Quinze<\/a> f\u00fcr die Marke Dark. Ein schillerndes und spektakul\u00e4res Design <a href=\"https:\/\/theresales.nl\/de\/produktkategorie\/lampen\/hanglampen\/\" target=\"_blank\" rel=\"noopener\">Lampe<\/a> in organisch 3D-Form. Die Farbe kann sich mit einem Farbfilter \u00e4ndern, wodurch die Variationsm\u00f6glichkeiten endlos sind und harmonisches Licht in alle R\u00e4ume verteilt.<\/p>\n<p>&nbsp;<\/p>","protected":false},"excerpt":{"rendered":"<p><strong>Abmessungen<\/strong><br \/>\nBreite: 1880 cm<br \/>\nH\u00f6he: 970 cm<\/p>\n<p><strong>Farbe<\/strong>Witz<\/p>\n<p><strong>Material<\/strong>Kunststoff, Metall<\/p>\n<p><strong>Neupreis 2475 \u20ac<\/strong><\/p>","protected":false},"featured_media":15592,"template":"","meta":{"_acf_changed":false},"product_brand":[],"product_cat":[40,35,141],"product_tag":[210],"ontwerper":[],"class_list":{"0":"post-6761","1":"product","2":"type-product","3":"status-publish","4":"has-post-thumbnail","6":"product_cat-hanglampen","7":"product_cat-lampen","8":"product_cat-vloerlampen","9":"product_tag-dark","11":"first","12":"instock","13":"shipping-taxable","14":"purchasable","15":"product-type-simple"},"acf":[],"yoast_head":"<!-- This site is optimized with the Yoast SEO plugin v27.5 - https:\/\/yoast.com\/product\/yoast-seo-wordpress\/ -->\n<title>Dark Oblivion - TheReSales<\/title>\n<meta name=\"description\" content=\"De Dark Oblivion is een ontwerp van Arne Quinze voor het merk Dark. Een schitterende en spectaculaire design hanglamp in organisch 3D-vorm.\" \/>\n<meta name=\"robots\" content=\"index, follow, max-snippet:-1, max-image-preview:large, max-video-preview:-1\" \/>\n<link rel=\"canonical\" href=\"https:\/\/theresales.nl\/de\/produkt\/dunkle-ohnmacht\/\" \/>\n<meta property=\"og:locale\" content=\"de_DE\" \/>\n<meta property=\"og:type\" content=\"article\" \/>\n<meta property=\"og:title\" content=\"Dark Oblivion - TheReSales\" \/>\n<meta property=\"og:description\" content=\"De Dark Oblivion is een ontwerp van Arne Quinze voor het merk Dark. Een schitterende en spectaculaire design hanglamp in organisch 3D-vorm.\" \/>\n<meta property=\"og:url\" content=\"https:\/\/theresales.nl\/de\/produkt\/dunkle-ohnmacht\/\" \/>\n<meta property=\"og:site_name\" content=\"TheReSales\" \/>\n<meta property=\"article:publisher\" content=\"https:\/\/www.facebook.com\/theresales.nl\" \/>\n<meta property=\"article:modified_time\" content=\"2026-01-22T09:28:45+00:00\" \/>\n<meta property=\"og:image\" content=\"https:\/\/theresales.nl\/wp-content\/uploads\/2022\/09\/PhotoRoom_20221202_133634.png\" \/>\n\t<meta property=\"og:image:width\" content=\"1200\" \/>\n\t<meta property=\"og:image:height\" content=\"900\" \/>\n\t<meta property=\"og:image:type\" content=\"image\/png\" \/>\n<meta name=\"twitter:card\" content=\"summary_large_image\" \/>\n<meta name=\"twitter:label1\" content=\"Gesch\u00e4tzte Lesezeit\" \/>\n\t<meta name=\"twitter:data1\" content=\"1\u00a0Minute\" \/>\n<!-- \/ Yoast SEO plugin. -->","yoast_head_json":{"title":"Dunkle Vergessenheit - TheReSales","description":"De Dark Oblivion ist ein Design von Arne Quinze f\u00fcr die Marke Dark. Eine brillante und spektakul\u00e4re Design-H\u00e4ngeleuchte in organischer 3D-Form.","robots":{"index":"index","follow":"follow","max-snippet":"max-snippet:-1","max-image-preview":"max-image-preview:large","max-video-preview":"max-video-preview:-1"},"canonical":"https:\/\/theresales.nl\/de\/produkt\/dunkle-ohnmacht\/","og_locale":"de_DE","og_type":"article","og_title":"Dark Oblivion - TheReSales","og_description":"De Dark Oblivion is een ontwerp van Arne Quinze voor het merk Dark. Een schitterende en spectaculaire design hanglamp in organisch 3D-vorm.","og_url":"https:\/\/theresales.nl\/de\/produkt\/dunkle-ohnmacht\/","og_site_name":"TheReSales","article_publisher":"https:\/\/www.facebook.com\/theresales.nl","article_modified_time":"2026-01-22T09:28:45+00:00","og_image":[{"width":1200,"height":900,"url":"https:\/\/theresales.nl\/wp-content\/uploads\/2022\/09\/PhotoRoom_20221202_133634.png","type":"image\/png"}],"twitter_card":"summary_large_image","twitter_misc":{"Gesch\u00e4tzte Lesezeit":"1\u00a0Minute"},"schema":{"@context":"https:\/\/schema.org","@graph":[{"@type":"WebPage","@id":"https:\/\/theresales.nl\/product\/dark-oblivion\/","url":"https:\/\/theresales.nl\/product\/dark-oblivion\/","name":"Dunkle Vergessenheit - TheReSales","isPartOf":{"@id":"https:\/\/theresales.nl\/#website"},"primaryImageOfPage":{"@id":"https:\/\/theresales.nl\/product\/dark-oblivion\/#primaryimage"},"image":{"@id":"https:\/\/theresales.nl\/product\/dark-oblivion\/#primaryimage"},"thumbnailUrl":"https:\/\/theresales.nl\/wp-content\/uploads\/2022\/09\/PhotoRoom_20221202_133634.png","datePublished":"2022-09-08T18:07:50+00:00","dateModified":"2026-01-22T09:28:45+00:00","description":"De Dark Oblivion ist ein Design von Arne Quinze f\u00fcr die Marke Dark. Eine brillante und spektakul\u00e4re Design-H\u00e4ngeleuchte in organischer 3D-Form.","breadcrumb":{"@id":"https:\/\/theresales.nl\/product\/dark-oblivion\/#breadcrumb"},"inLanguage":"de","potentialAction":[{"@type":"ReadAction","target":["https:\/\/theresales.nl\/product\/dark-oblivion\/"]}]},{"@type":"ImageObject","inLanguage":"de","@id":"https:\/\/theresales.nl\/product\/dark-oblivion\/#primaryimage","url":"https:\/\/theresales.nl\/wp-content\/uploads\/2022\/09\/PhotoRoom_20221202_133634.png","contentUrl":"https:\/\/theresales.nl\/wp-content\/uploads\/2022\/09\/PhotoRoom_20221202_133634.png","width":1200,"height":900,"caption":"Hanglamp-Dark-Oblivion-Wit-TheReSales"},{"@type":"BreadcrumbList","@id":"https:\/\/theresales.nl\/product\/dark-oblivion\/#breadcrumb","itemListElement":[{"@type":"ListItem","position":1,"name":"Home","item":"https:\/\/theresales.nl\/"},{"@type":"ListItem","position":2,"name":"Collectie","item":"https:\/\/theresales.nl\/collectie\/"},{"@type":"ListItem","position":3,"name":"Dark Oblivion"}]},{"@type":"WebSite","@id":"https:\/\/theresales.nl\/#website","url":"https:\/\/theresales.nl\/","name":"TheReSales","description":"Tweedehands Design Meubelen","publisher":{"@id":"https:\/\/theresales.nl\/#organization"},"potentialAction":[{"@type":"SearchAction","target":{"@type":"EntryPoint","urlTemplate":"https:\/\/theresales.nl\/?s={search_term_string}"},"query-input":{"@type":"PropertyValueSpecification","valueRequired":true,"valueName":"search_term_string"}}],"inLanguage":"de"},{"@type":"Organization","@id":"https:\/\/theresales.nl\/#organization","name":"TheReSales","url":"https:\/\/theresales.nl\/","logo":{"@type":"ImageObject","inLanguage":"de","@id":"https:\/\/theresales.nl\/#\/schema\/logo\/image\/","url":"https:\/\/theresales.nl\/wp-content\/uploads\/2026\/04\/Logo-TheReSales.png","contentUrl":"https:\/\/theresales.nl\/wp-content\/uploads\/2026\/04\/Logo-TheReSales.png","width":1200,"height":304,"caption":"TheReSales"},"image":{"@id":"https:\/\/theresales.nl\/#\/schema\/logo\/image\/"},"sameAs":["https:\/\/www.facebook.com\/theresales.nl","https:\/\/www.instagram.com\/_theresales_\/","https:\/\/nl.pinterest.com\/theresalesgroningen\/","https:\/\/www.linkedin.com\/company\/theresales\/"]}]}},"_links":{"self":[{"href":"https:\/\/theresales.nl\/de\/wp-json\/wp\/v2\/product\/6761","targetHints":{"allow":["GET"]}}],"collection":[{"href":"https:\/\/theresales.nl\/de\/wp-json\/wp\/v2\/product"}],"about":[{"href":"https:\/\/theresales.nl\/de\/wp-json\/wp\/v2\/types\/product"}],"wp:featuredmedia":[{"embeddable":true,"href":"https:\/\/theresales.nl\/de\/wp-json\/wp\/v2\/media\/15592"}],"wp:attachment":[{"href":"https:\/\/theresales.nl\/de\/wp-json\/wp\/v2\/media?parent=6761"}],"wp:term":[{"taxonomy":"product_brand","embeddable":true,"href":"https:\/\/theresales.nl\/de\/wp-json\/wp\/v2\/product_brand?post=6761"},{"taxonomy":"product_cat","embeddable":true,"href":"https:\/\/theresales.nl\/de\/wp-json\/wp\/v2\/product_cat?post=6761"},{"taxonomy":"product_tag","embeddable":true,"href":"https:\/\/theresales.nl\/de\/wp-json\/wp\/v2\/product_tag?post=6761"},{"taxonomy":"ontwerper","embeddable":true,"href":"https:\/\/theresales.nl\/de\/wp-json\/wp\/v2\/ontwerper?post=6761"}],"curies":[{"name":"wp","href":"https:\/\/api.w.org\/{rel}","templated":true}]}}