{"id":6295,"date":"2022-09-08T19:59:31","date_gmt":"2022-09-08T17:59:31","guid":{"rendered":"https:\/\/theresales.nl\/?post_type=product&#038;p=6295"},"modified":"2026-01-02T11:16:01","modified_gmt":"2026-01-02T10:16:01","slug":"moroso-papierflugzeuge","status":"publish","type":"product","link":"https:\/\/theresales.nl\/de\/product\/moroso-paper-planes\/","title":{"rendered":"Moroso Papierflugzeuge"},"content":{"rendered":"<p>Das Paper Planes ist ein Design von <a href=\"https:\/\/www.doshilevien.com\/\" target=\"_blank\" rel=\"noopener\">Nipa Doshi &amp; Jonathan Levien<\/a> f\u00fcr die Marke Moroso. Ein scheinbar einfaches <a href=\"https:\/\/theresales.nl\/de\/produktkategorie\/sessel\/\" target=\"_blank\" rel=\"noopener\">Sessel<\/a> inspiriert vom orientalischen Origami mit Betonung geometrischer Details, skulpturaler Silhouette und Nachhaltigkeit. Es verf\u00fcgt \u00fcber eine Sitzschale mit kariertem Papierfutter, das mit einer d\u00fcnnen Flugzeugstruktur mit einem quadratischen Stahlgestell darunter ausgestattet ist. Die Papierflugzeuge sind extrem leicht und durch die hippe Polsterung verleihen sie einen spielerischen Charakter!<\/p>\n<p>&nbsp;<\/p>","protected":false},"excerpt":{"rendered":"<p><strong>Neupreis 2736 \u20ac pro St\u00fcck<\/strong><\/p>\n<p><strong>Abmessungen<\/strong><br \/>\nBreite: 91 cm<br \/>\nTiefe: 85 cm<br \/>\nH\u00f6he: 109 cm<br \/>\nSitzh\u00f6he: 38 cm<br \/>\nSitztiefe: 48 cm<br \/>\nArmh\u00f6he: 73 cm<\/p>\n<p><strong>Farbe<\/strong>Graubraun, Orange<\/p>\n<p><strong>Material<\/strong>Stoff, Metall<\/p>","protected":false},"featured_media":6638,"template":"","meta":{"_acf_changed":false},"product_brand":[],"product_cat":[19],"product_tag":[275],"ontwerper":[558],"class_list":{"0":"post-6295","1":"product","2":"type-product","3":"status-publish","4":"has-post-thumbnail","6":"product_cat-fauteuils","7":"product_tag-moroso","8":"ontwerper-nipa-doshi-jonathan-levien","10":"first","11":"instock","12":"shipping-taxable","13":"purchasable","14":"product-type-simple"},"acf":[],"yoast_head":"<!-- This site is optimized with the Yoast SEO plugin v27.5 - https:\/\/yoast.com\/product\/yoast-seo-wordpress\/ -->\n<title>Moroso Paper Planes - TheReSales<\/title>\n<meta name=\"description\" content=\"De Moroso Paper Planes is een ontwerp van Nipa Doshi &amp; Jonathan Levien voor het merk Moroso. Een schijnbaar eenvoudige fauteuil\" \/>\n<meta name=\"robots\" content=\"index, follow, max-snippet:-1, max-image-preview:large, max-video-preview:-1\" \/>\n<link rel=\"canonical\" href=\"https:\/\/theresales.nl\/de\/produkt\/moroso-papierflugzeuge\/\" \/>\n<meta property=\"og:locale\" content=\"de_DE\" \/>\n<meta property=\"og:type\" content=\"article\" \/>\n<meta property=\"og:title\" content=\"Moroso Paper Planes - TheReSales\" \/>\n<meta property=\"og:description\" content=\"De Moroso Paper Planes is een ontwerp van Nipa Doshi &amp; Jonathan Levien voor het merk Moroso. Een schijnbaar eenvoudige fauteuil\" \/>\n<meta property=\"og:url\" content=\"https:\/\/theresales.nl\/de\/produkt\/moroso-papierflugzeuge\/\" \/>\n<meta property=\"og:site_name\" content=\"TheReSales\" \/>\n<meta property=\"article:publisher\" content=\"https:\/\/www.facebook.com\/theresales.nl\" \/>\n<meta property=\"article:modified_time\" content=\"2026-01-02T10:16:01+00:00\" \/>\n<meta property=\"og:image\" content=\"https:\/\/theresales.nl\/wp-content\/uploads\/2022\/09\/20211118_085426477_iOS.jpg\" \/>\n\t<meta property=\"og:image:width\" content=\"1500\" \/>\n\t<meta property=\"og:image:height\" content=\"1125\" \/>\n\t<meta property=\"og:image:type\" content=\"image\/jpeg\" \/>\n<meta name=\"twitter:card\" content=\"summary_large_image\" \/>\n<meta name=\"twitter:label1\" content=\"Gesch\u00e4tzte Lesezeit\" \/>\n\t<meta name=\"twitter:data1\" content=\"1\u00a0Minute\" \/>\n<!-- \/ Yoast SEO plugin. -->","yoast_head_json":{"title":"Moroso Papierflugzeuge - TheReSales","description":"De Moroso Paper Planes ist ein Design von Nipa Doshi &amp; Jonathan Levien f\u00fcr die Marke Moroso. Ein scheinbar einfacher Sessel","robots":{"index":"index","follow":"follow","max-snippet":"max-snippet:-1","max-image-preview":"max-image-preview:large","max-video-preview":"max-video-preview:-1"},"canonical":"https:\/\/theresales.nl\/de\/produkt\/moroso-papierflugzeuge\/","og_locale":"de_DE","og_type":"article","og_title":"Moroso Paper Planes - TheReSales","og_description":"De Moroso Paper Planes is een ontwerp van Nipa Doshi & Jonathan Levien voor het merk Moroso. Een schijnbaar eenvoudige fauteuil","og_url":"https:\/\/theresales.nl\/de\/produkt\/moroso-papierflugzeuge\/","og_site_name":"TheReSales","article_publisher":"https:\/\/www.facebook.com\/theresales.nl","article_modified_time":"2026-01-02T10:16:01+00:00","og_image":[{"width":1500,"height":1125,"url":"https:\/\/theresales.nl\/wp-content\/uploads\/2022\/09\/20211118_085426477_iOS.jpg","type":"image\/jpeg"}],"twitter_card":"summary_large_image","twitter_misc":{"Gesch\u00e4tzte Lesezeit":"1\u00a0Minute"},"schema":{"@context":"https:\/\/schema.org","@graph":[{"@type":"WebPage","@id":"https:\/\/theresales.nl\/product\/moroso-paper-planes\/","url":"https:\/\/theresales.nl\/product\/moroso-paper-planes\/","name":"Moroso Papierflugzeuge - TheReSales","isPartOf":{"@id":"https:\/\/theresales.nl\/#website"},"primaryImageOfPage":{"@id":"https:\/\/theresales.nl\/product\/moroso-paper-planes\/#primaryimage"},"image":{"@id":"https:\/\/theresales.nl\/product\/moroso-paper-planes\/#primaryimage"},"thumbnailUrl":"https:\/\/theresales.nl\/wp-content\/uploads\/2022\/09\/20211118_085426477_iOS.jpg","datePublished":"2022-09-08T17:59:31+00:00","dateModified":"2026-01-02T10:16:01+00:00","description":"De Moroso Paper Planes ist ein Design von Nipa Doshi &amp; Jonathan Levien f\u00fcr die Marke Moroso. Ein scheinbar einfacher Sessel","breadcrumb":{"@id":"https:\/\/theresales.nl\/product\/moroso-paper-planes\/#breadcrumb"},"inLanguage":"de","potentialAction":[{"@type":"ReadAction","target":["https:\/\/theresales.nl\/product\/moroso-paper-planes\/"]}]},{"@type":"ImageObject","inLanguage":"de","@id":"https:\/\/theresales.nl\/product\/moroso-paper-planes\/#primaryimage","url":"https:\/\/theresales.nl\/wp-content\/uploads\/2022\/09\/20211118_085426477_iOS.jpg","contentUrl":"https:\/\/theresales.nl\/wp-content\/uploads\/2022\/09\/20211118_085426477_iOS.jpg","width":1500,"height":1125,"caption":"Fauteuil-Moroso-Paper-Planes-TheReSales"},{"@type":"BreadcrumbList","@id":"https:\/\/theresales.nl\/product\/moroso-paper-planes\/#breadcrumb","itemListElement":[{"@type":"ListItem","position":1,"name":"Home","item":"https:\/\/theresales.nl\/"},{"@type":"ListItem","position":2,"name":"Collectie","item":"https:\/\/theresales.nl\/collectie\/"},{"@type":"ListItem","position":3,"name":"Moroso Paper Planes"}]},{"@type":"WebSite","@id":"https:\/\/theresales.nl\/#website","url":"https:\/\/theresales.nl\/","name":"TheReSales","description":"Tweedehands Design Meubelen","publisher":{"@id":"https:\/\/theresales.nl\/#organization"},"potentialAction":[{"@type":"SearchAction","target":{"@type":"EntryPoint","urlTemplate":"https:\/\/theresales.nl\/?s={search_term_string}"},"query-input":{"@type":"PropertyValueSpecification","valueRequired":true,"valueName":"search_term_string"}}],"inLanguage":"de"},{"@type":"Organization","@id":"https:\/\/theresales.nl\/#organization","name":"TheReSales","url":"https:\/\/theresales.nl\/","logo":{"@type":"ImageObject","inLanguage":"de","@id":"https:\/\/theresales.nl\/#\/schema\/logo\/image\/","url":"https:\/\/theresales.nl\/wp-content\/uploads\/2026\/04\/Logo-TheReSales.png","contentUrl":"https:\/\/theresales.nl\/wp-content\/uploads\/2026\/04\/Logo-TheReSales.png","width":1200,"height":304,"caption":"TheReSales"},"image":{"@id":"https:\/\/theresales.nl\/#\/schema\/logo\/image\/"},"sameAs":["https:\/\/www.facebook.com\/theresales.nl","https:\/\/www.instagram.com\/_theresales_\/","https:\/\/nl.pinterest.com\/theresalesgroningen\/","https:\/\/www.linkedin.com\/company\/theresales\/"]}]}},"_links":{"self":[{"href":"https:\/\/theresales.nl\/de\/wp-json\/wp\/v2\/product\/6295","targetHints":{"allow":["GET"]}}],"collection":[{"href":"https:\/\/theresales.nl\/de\/wp-json\/wp\/v2\/product"}],"about":[{"href":"https:\/\/theresales.nl\/de\/wp-json\/wp\/v2\/types\/product"}],"wp:featuredmedia":[{"embeddable":true,"href":"https:\/\/theresales.nl\/de\/wp-json\/wp\/v2\/media\/6638"}],"wp:attachment":[{"href":"https:\/\/theresales.nl\/de\/wp-json\/wp\/v2\/media?parent=6295"}],"wp:term":[{"taxonomy":"product_brand","embeddable":true,"href":"https:\/\/theresales.nl\/de\/wp-json\/wp\/v2\/product_brand?post=6295"},{"taxonomy":"product_cat","embeddable":true,"href":"https:\/\/theresales.nl\/de\/wp-json\/wp\/v2\/product_cat?post=6295"},{"taxonomy":"product_tag","embeddable":true,"href":"https:\/\/theresales.nl\/de\/wp-json\/wp\/v2\/product_tag?post=6295"},{"taxonomy":"ontwerper","embeddable":true,"href":"https:\/\/theresales.nl\/de\/wp-json\/wp\/v2\/ontwerper?post=6295"}],"curies":[{"name":"wp","href":"https:\/\/api.w.org\/{rel}","templated":true}]}}