{"id":6189,"date":"2022-09-08T19:57:46","date_gmt":"2022-09-08T17:57:46","guid":{"rendered":"https:\/\/theresales.nl\/?post_type=product&#038;p=6189"},"modified":"2026-01-02T11:15:55","modified_gmt":"2026-01-02T10:15:55","slug":"artifort-kleiner-apollo","status":"publish","type":"product","link":"https:\/\/theresales.nl\/de\/product\/artifort-little-apollo\/","title":{"rendered":"Artifort Kleiner Apollo"},"content":{"rendered":"<p>Der Artifort Little Apollo ist ein Entwurf von Patrick Norguet f\u00fcr die Marke <a href=\"https:\/\/www.artifort.com\">Artifort<\/a>. Wie der Name schon sagt, ist diese elegante <a href=\"https:\/\/theresales.nl\/de\/produktkategorie\/stuhle\/\">Schlepp-Zehen<\/a>der kleine Bruder des <a href=\"https:\/\/theresales.nl\/de\/produkt\/artifort-apollo\/\">Apollo<\/a> Sessel. Diese Version verf\u00fcgt \u00fcber die gleiche ergonomische Schale in einer subtilen Gr\u00f6\u00dfe und ein zweiteiliges Rahmenuntergestell. Der Little Apollo wird sicherlich eine stilvolle Erg\u00e4nzung f\u00fcr den Esstisch oder die Bar sein!<\/p>\n<p>Verf\u00fcgbar in mehreren Mengen.<\/p>\n<p><strong>BENUTZT<\/p>\n<p><strong>Es gibt einen Fleck im Stoff, der nicht herausgeht.<\/p>","protected":false},"excerpt":{"rendered":"<p><strong>Neupreis 760 \u20ac pro St\u00fcck<\/p>\n<p>Abmessungen<strong><br \/>\nBreite: 68 cm<br \/>\nH\u00f6he: 84 cm<br \/>\nTiefe: 61 cm<br \/>\nSitzh\u00f6he: 46 cm<\/p>\n<p><strong>Farbe<\/strong>Rot<\/p>\n<p><strong>Material<\/strong>Stoff, Metall<\/p>","protected":false},"featured_media":6453,"template":"","meta":{"_acf_changed":false},"product_brand":[],"product_cat":[34],"product_tag":[30],"ontwerper":[],"class_list":{"0":"post-6189","1":"product","2":"type-product","3":"status-publish","4":"has-post-thumbnail","6":"product_cat-stoelen","7":"product_tag-artifort","9":"first","10":"instock","11":"shipping-taxable","12":"purchasable","13":"product-type-simple"},"acf":[],"yoast_head":"<!-- This site is optimized with the Yoast SEO plugin v27.5 - https:\/\/yoast.com\/product\/yoast-seo-wordpress\/ -->\n<title>Artifort Little Apollo - TheReSales<\/title>\n<meta name=\"description\" content=\"De Artifort Little Apollo is een ontwerp van Patrick Norguet voor het merk Artifort. Zoals de naam al doet vermoeden is deze elegante slede..\" \/>\n<meta name=\"robots\" content=\"index, follow, max-snippet:-1, max-image-preview:large, max-video-preview:-1\" \/>\n<link rel=\"canonical\" href=\"https:\/\/theresales.nl\/de\/produkt\/artifort-kleiner-apollo\/\" \/>\n<meta property=\"og:locale\" content=\"de_DE\" \/>\n<meta property=\"og:type\" content=\"article\" \/>\n<meta property=\"og:title\" content=\"Artifort Little Apollo - TheReSales\" \/>\n<meta property=\"og:description\" content=\"De Artifort Little Apollo is een ontwerp van Patrick Norguet voor het merk Artifort. Zoals de naam al doet vermoeden is deze elegante slede..\" \/>\n<meta property=\"og:url\" content=\"https:\/\/theresales.nl\/de\/produkt\/artifort-kleiner-apollo\/\" \/>\n<meta property=\"og:site_name\" content=\"TheReSales\" \/>\n<meta property=\"article:publisher\" content=\"https:\/\/www.facebook.com\/theresales.nl\" \/>\n<meta property=\"article:modified_time\" content=\"2026-01-02T10:15:55+00:00\" \/>\n<meta property=\"og:image\" content=\"https:\/\/theresales.nl\/wp-content\/uploads\/2022\/09\/20211025_093313727_iOS.jpg\" \/>\n\t<meta property=\"og:image:width\" content=\"1500\" \/>\n\t<meta property=\"og:image:height\" content=\"1125\" \/>\n\t<meta property=\"og:image:type\" content=\"image\/jpeg\" \/>\n<meta name=\"twitter:card\" content=\"summary_large_image\" \/>\n<meta name=\"twitter:label1\" content=\"Gesch\u00e4tzte Lesezeit\" \/>\n\t<meta name=\"twitter:data1\" content=\"1\u00a0Minute\" \/>\n<!-- \/ Yoast SEO plugin. -->","yoast_head_json":{"title":"Artifort Kleiner Apollon - TheReSales","description":"Der Artifort Little Apollo ist ein Entwurf von Patrick Norguet f\u00fcr die Marke Artifort. Wie der Name schon vermuten l\u00e4sst, ist dieser elegante Schlitten..","robots":{"index":"index","follow":"follow","max-snippet":"max-snippet:-1","max-image-preview":"max-image-preview:large","max-video-preview":"max-video-preview:-1"},"canonical":"https:\/\/theresales.nl\/de\/produkt\/artifort-kleiner-apollo\/","og_locale":"de_DE","og_type":"article","og_title":"Artifort Little Apollo - TheReSales","og_description":"De Artifort Little Apollo is een ontwerp van Patrick Norguet voor het merk Artifort. Zoals de naam al doet vermoeden is deze elegante slede..","og_url":"https:\/\/theresales.nl\/de\/produkt\/artifort-kleiner-apollo\/","og_site_name":"TheReSales","article_publisher":"https:\/\/www.facebook.com\/theresales.nl","article_modified_time":"2026-01-02T10:15:55+00:00","og_image":[{"width":1500,"height":1125,"url":"https:\/\/theresales.nl\/wp-content\/uploads\/2022\/09\/20211025_093313727_iOS.jpg","type":"image\/jpeg"}],"twitter_card":"summary_large_image","twitter_misc":{"Gesch\u00e4tzte Lesezeit":"1\u00a0Minute"},"schema":{"@context":"https:\/\/schema.org","@graph":[{"@type":"WebPage","@id":"https:\/\/theresales.nl\/product\/artifort-little-apollo\/","url":"https:\/\/theresales.nl\/product\/artifort-little-apollo\/","name":"Artifort Kleiner Apollon - TheReSales","isPartOf":{"@id":"https:\/\/theresales.nl\/#website"},"primaryImageOfPage":{"@id":"https:\/\/theresales.nl\/product\/artifort-little-apollo\/#primaryimage"},"image":{"@id":"https:\/\/theresales.nl\/product\/artifort-little-apollo\/#primaryimage"},"thumbnailUrl":"https:\/\/theresales.nl\/wp-content\/uploads\/2022\/09\/20211025_093313727_iOS.jpg","datePublished":"2022-09-08T17:57:46+00:00","dateModified":"2026-01-02T10:15:55+00:00","description":"Der Artifort Little Apollo ist ein Entwurf von Patrick Norguet f\u00fcr die Marke Artifort. Wie der Name schon vermuten l\u00e4sst, ist dieser elegante Schlitten..","breadcrumb":{"@id":"https:\/\/theresales.nl\/product\/artifort-little-apollo\/#breadcrumb"},"inLanguage":"de","potentialAction":[{"@type":"ReadAction","target":["https:\/\/theresales.nl\/product\/artifort-little-apollo\/"]}]},{"@type":"ImageObject","inLanguage":"de","@id":"https:\/\/theresales.nl\/product\/artifort-little-apollo\/#primaryimage","url":"https:\/\/theresales.nl\/wp-content\/uploads\/2022\/09\/20211025_093313727_iOS.jpg","contentUrl":"https:\/\/theresales.nl\/wp-content\/uploads\/2022\/09\/20211025_093313727_iOS.jpg","width":1500,"height":1125,"caption":"stoelen-Artifort-Little-Apollo-theresales"},{"@type":"BreadcrumbList","@id":"https:\/\/theresales.nl\/product\/artifort-little-apollo\/#breadcrumb","itemListElement":[{"@type":"ListItem","position":1,"name":"Home","item":"https:\/\/theresales.nl\/"},{"@type":"ListItem","position":2,"name":"Collectie","item":"https:\/\/theresales.nl\/collectie\/"},{"@type":"ListItem","position":3,"name":"Artifort Little Apollo"}]},{"@type":"WebSite","@id":"https:\/\/theresales.nl\/#website","url":"https:\/\/theresales.nl\/","name":"TheReSales","description":"Tweedehands Design Meubelen","publisher":{"@id":"https:\/\/theresales.nl\/#organization"},"potentialAction":[{"@type":"SearchAction","target":{"@type":"EntryPoint","urlTemplate":"https:\/\/theresales.nl\/?s={search_term_string}"},"query-input":{"@type":"PropertyValueSpecification","valueRequired":true,"valueName":"search_term_string"}}],"inLanguage":"de"},{"@type":"Organization","@id":"https:\/\/theresales.nl\/#organization","name":"TheReSales","url":"https:\/\/theresales.nl\/","logo":{"@type":"ImageObject","inLanguage":"de","@id":"https:\/\/theresales.nl\/#\/schema\/logo\/image\/","url":"https:\/\/theresales.nl\/wp-content\/uploads\/2026\/04\/Logo-TheReSales.png","contentUrl":"https:\/\/theresales.nl\/wp-content\/uploads\/2026\/04\/Logo-TheReSales.png","width":1200,"height":304,"caption":"TheReSales"},"image":{"@id":"https:\/\/theresales.nl\/#\/schema\/logo\/image\/"},"sameAs":["https:\/\/www.facebook.com\/theresales.nl","https:\/\/www.instagram.com\/_theresales_\/","https:\/\/nl.pinterest.com\/theresalesgroningen\/","https:\/\/www.linkedin.com\/company\/theresales\/"]}]}},"_links":{"self":[{"href":"https:\/\/theresales.nl\/de\/wp-json\/wp\/v2\/product\/6189","targetHints":{"allow":["GET"]}}],"collection":[{"href":"https:\/\/theresales.nl\/de\/wp-json\/wp\/v2\/product"}],"about":[{"href":"https:\/\/theresales.nl\/de\/wp-json\/wp\/v2\/types\/product"}],"wp:featuredmedia":[{"embeddable":true,"href":"https:\/\/theresales.nl\/de\/wp-json\/wp\/v2\/media\/6453"}],"wp:attachment":[{"href":"https:\/\/theresales.nl\/de\/wp-json\/wp\/v2\/media?parent=6189"}],"wp:term":[{"taxonomy":"product_brand","embeddable":true,"href":"https:\/\/theresales.nl\/de\/wp-json\/wp\/v2\/product_brand?post=6189"},{"taxonomy":"product_cat","embeddable":true,"href":"https:\/\/theresales.nl\/de\/wp-json\/wp\/v2\/product_cat?post=6189"},{"taxonomy":"product_tag","embeddable":true,"href":"https:\/\/theresales.nl\/de\/wp-json\/wp\/v2\/product_tag?post=6189"},{"taxonomy":"ontwerper","embeddable":true,"href":"https:\/\/theresales.nl\/de\/wp-json\/wp\/v2\/ontwerper?post=6189"}],"curies":[{"name":"wp","href":"https:\/\/api.w.org\/{rel}","templated":true}]}}