{"id":6070,"date":"2022-09-08T19:55:42","date_gmt":"2022-09-08T17:55:42","guid":{"rendered":"https:\/\/theresales.nl\/?post_type=product&#038;p=6070"},"modified":"2026-01-02T11:16:33","modified_gmt":"2026-01-02T10:16:33","slug":"vibia-wind-4080-wit","status":"publish","type":"product","link":"https:\/\/theresales.nl\/de\/product\/vibia-wind-4080-wit\/","title":{"rendered":"Vibia Wind 4080 Wei\u00df"},"content":{"rendered":"<p>De Wind 4080 wit is een ontwerp van Jordi Vilardell voor het merk Vibia. Het Spaanse merk Vibia is in 1987 opgericht\u00a0 in Barcelona. Sinds die tijd heeft het merk zich ontwikkeld, en is het inmiddels populair in maar liefst 60 landen! Het prachtige patroon van de <a href=\"https:\/\/theresales.nl\/de\/produktkategorie\/lampen\/hangelampen\/\" target=\"_blank\" rel=\"noopener\">Lampe<\/a> zorgt voor veel sfeer. Het materiaal waarvan de lamp gemaakt is, is acryl. Dit zorgt ervoor dat de <a href=\"https:\/\/theresales.nl\/de\/produktkategorie\/lampen\/hangelampen\/\" target=\"_blank\" rel=\"noopener\">Lampe<\/a> sowohl f\u00fcr drinnen als auch f\u00fcr drau\u00dfen geeignet ist.<\/p>","protected":false},"excerpt":{"rendered":"<p><strong>Abmessungen<\/strong><br \/>\nDurchmesser: 20 cm<br \/>\nH\u00f6he: 80 cm<\/p>\n<p><strong>Farbe <\/strong>Witz<\/p>\n<p><strong>Material <\/strong>Kunststoff<\/p>\n<p><strong>Neupreis: 1300 \u20ac pro St\u00fcck<\/strong><\/p>\n<p>&nbsp;<\/p>","protected":false},"featured_media":15625,"template":"","meta":{"_acf_changed":false},"product_brand":[],"product_cat":[40,35],"product_tag":[313],"ontwerper":[],"class_list":{"0":"post-6070","1":"product","2":"type-product","3":"status-publish","4":"has-post-thumbnail","6":"product_cat-hanglampen","7":"product_cat-lampen","8":"product_tag-vibia","10":"first","11":"instock","12":"shipping-taxable","13":"purchasable","14":"product-type-simple"},"acf":[],"yoast_head":"<!-- This site is optimized with the Yoast SEO plugin v27.5 - https:\/\/yoast.com\/product\/yoast-seo-wordpress\/ -->\n<title>Vibia Wind 4080 Wit - TheReSales<\/title>\n<meta name=\"description\" content=\"De Wind 4080 wit is een ontwerp van Jordi Vilardell voor het merk Vibia. Het Spaanse merk Vibia is in 1987 opgericht\u00a0 in Barcelona. Sinds die tijd heeft het\" \/>\n<meta name=\"robots\" content=\"index, follow, max-snippet:-1, max-image-preview:large, max-video-preview:-1\" \/>\n<link rel=\"canonical\" href=\"https:\/\/theresales.nl\/de\/produkt\/vibia-wind-4080-wit\/\" \/>\n<meta property=\"og:locale\" content=\"de_DE\" \/>\n<meta property=\"og:type\" content=\"article\" \/>\n<meta property=\"og:title\" content=\"Vibia Wind 4080 Wit - TheReSales\" \/>\n<meta property=\"og:description\" content=\"De Wind 4080 wit is een ontwerp van Jordi Vilardell voor het merk Vibia. Het Spaanse merk Vibia is in 1987 opgericht\u00a0 in Barcelona. Sinds die tijd heeft het\" \/>\n<meta property=\"og:url\" content=\"https:\/\/theresales.nl\/de\/produkt\/vibia-wind-4080-wit\/\" \/>\n<meta property=\"og:site_name\" content=\"TheReSales\" \/>\n<meta property=\"article:publisher\" content=\"https:\/\/www.facebook.com\/theresales.nl\" \/>\n<meta property=\"article:modified_time\" content=\"2026-01-02T10:16:33+00:00\" \/>\n<meta property=\"og:image\" content=\"https:\/\/theresales.nl\/wp-content\/uploads\/2022\/09\/PhotoRoom_20221202_135820.png\" \/>\n\t<meta property=\"og:image:width\" content=\"1200\" \/>\n\t<meta property=\"og:image:height\" content=\"900\" \/>\n\t<meta property=\"og:image:type\" content=\"image\/png\" \/>\n<meta name=\"twitter:card\" content=\"summary_large_image\" \/>\n<meta name=\"twitter:label1\" content=\"Gesch\u00e4tzte Lesezeit\" \/>\n\t<meta name=\"twitter:data1\" content=\"1\u00a0Minute\" \/>\n<!-- \/ Yoast SEO plugin. -->","yoast_head_json":{"title":"Vibia Wind 4080 Wit - TheReSales","description":"De Wind 4080 wit is een ontwerp van Jordi Vilardell voor het merk Vibia. Het Spaanse merk Vibia is in 1987 opgericht\u00a0 in Barcelona. Sinds die tijd heeft het","robots":{"index":"index","follow":"follow","max-snippet":"max-snippet:-1","max-image-preview":"max-image-preview:large","max-video-preview":"max-video-preview:-1"},"canonical":"https:\/\/theresales.nl\/de\/produkt\/vibia-wind-4080-wit\/","og_locale":"de_DE","og_type":"article","og_title":"Vibia Wind 4080 Wit - TheReSales","og_description":"De Wind 4080 wit is een ontwerp van Jordi Vilardell voor het merk Vibia. Het Spaanse merk Vibia is in 1987 opgericht\u00a0 in Barcelona. Sinds die tijd heeft het","og_url":"https:\/\/theresales.nl\/de\/produkt\/vibia-wind-4080-wit\/","og_site_name":"TheReSales","article_publisher":"https:\/\/www.facebook.com\/theresales.nl","article_modified_time":"2026-01-02T10:16:33+00:00","og_image":[{"width":1200,"height":900,"url":"https:\/\/theresales.nl\/wp-content\/uploads\/2022\/09\/PhotoRoom_20221202_135820.png","type":"image\/png"}],"twitter_card":"summary_large_image","twitter_misc":{"Gesch\u00e4tzte Lesezeit":"1\u00a0Minute"},"schema":{"@context":"https:\/\/schema.org","@graph":[{"@type":"WebPage","@id":"https:\/\/theresales.nl\/product\/vibia-wind-4080-wit\/","url":"https:\/\/theresales.nl\/product\/vibia-wind-4080-wit\/","name":"Vibia Wind 4080 Wit - TheReSales","isPartOf":{"@id":"https:\/\/theresales.nl\/#website"},"primaryImageOfPage":{"@id":"https:\/\/theresales.nl\/product\/vibia-wind-4080-wit\/#primaryimage"},"image":{"@id":"https:\/\/theresales.nl\/product\/vibia-wind-4080-wit\/#primaryimage"},"thumbnailUrl":"https:\/\/theresales.nl\/wp-content\/uploads\/2022\/09\/PhotoRoom_20221202_135820.png","datePublished":"2022-09-08T17:55:42+00:00","dateModified":"2026-01-02T10:16:33+00:00","description":"De Wind 4080 wit is een ontwerp van Jordi Vilardell voor het merk Vibia. Het Spaanse merk Vibia is in 1987 opgericht\u00a0 in Barcelona. Sinds die tijd heeft het","breadcrumb":{"@id":"https:\/\/theresales.nl\/product\/vibia-wind-4080-wit\/#breadcrumb"},"inLanguage":"de","potentialAction":[{"@type":"ReadAction","target":["https:\/\/theresales.nl\/product\/vibia-wind-4080-wit\/"]}]},{"@type":"ImageObject","inLanguage":"de","@id":"https:\/\/theresales.nl\/product\/vibia-wind-4080-wit\/#primaryimage","url":"https:\/\/theresales.nl\/wp-content\/uploads\/2022\/09\/PhotoRoom_20221202_135820.png","contentUrl":"https:\/\/theresales.nl\/wp-content\/uploads\/2022\/09\/PhotoRoom_20221202_135820.png","width":1200,"height":900,"caption":"Hanglamp-Vibia-Wind 4080-Wit-TheReSales"},{"@type":"BreadcrumbList","@id":"https:\/\/theresales.nl\/product\/vibia-wind-4080-wit\/#breadcrumb","itemListElement":[{"@type":"ListItem","position":1,"name":"Home","item":"https:\/\/theresales.nl\/"},{"@type":"ListItem","position":2,"name":"Collectie","item":"https:\/\/theresales.nl\/collectie\/"},{"@type":"ListItem","position":3,"name":"Vibia Wind 4080 Wit"}]},{"@type":"WebSite","@id":"https:\/\/theresales.nl\/#website","url":"https:\/\/theresales.nl\/","name":"TheReSales","description":"Tweedehands Design Meubelen","publisher":{"@id":"https:\/\/theresales.nl\/#organization"},"potentialAction":[{"@type":"SearchAction","target":{"@type":"EntryPoint","urlTemplate":"https:\/\/theresales.nl\/?s={search_term_string}"},"query-input":{"@type":"PropertyValueSpecification","valueRequired":true,"valueName":"search_term_string"}}],"inLanguage":"de"},{"@type":"Organization","@id":"https:\/\/theresales.nl\/#organization","name":"TheReSales","url":"https:\/\/theresales.nl\/","logo":{"@type":"ImageObject","inLanguage":"de","@id":"https:\/\/theresales.nl\/#\/schema\/logo\/image\/","url":"https:\/\/theresales.nl\/wp-content\/uploads\/2026\/04\/Logo-TheReSales.png","contentUrl":"https:\/\/theresales.nl\/wp-content\/uploads\/2026\/04\/Logo-TheReSales.png","width":1200,"height":304,"caption":"TheReSales"},"image":{"@id":"https:\/\/theresales.nl\/#\/schema\/logo\/image\/"},"sameAs":["https:\/\/www.facebook.com\/theresales.nl","https:\/\/www.instagram.com\/_theresales_\/","https:\/\/nl.pinterest.com\/theresalesgroningen\/","https:\/\/www.linkedin.com\/company\/theresales\/"]}]}},"_links":{"self":[{"href":"https:\/\/theresales.nl\/de\/wp-json\/wp\/v2\/product\/6070","targetHints":{"allow":["GET"]}}],"collection":[{"href":"https:\/\/theresales.nl\/de\/wp-json\/wp\/v2\/product"}],"about":[{"href":"https:\/\/theresales.nl\/de\/wp-json\/wp\/v2\/types\/product"}],"wp:featuredmedia":[{"embeddable":true,"href":"https:\/\/theresales.nl\/de\/wp-json\/wp\/v2\/media\/15625"}],"wp:attachment":[{"href":"https:\/\/theresales.nl\/de\/wp-json\/wp\/v2\/media?parent=6070"}],"wp:term":[{"taxonomy":"product_brand","embeddable":true,"href":"https:\/\/theresales.nl\/de\/wp-json\/wp\/v2\/product_brand?post=6070"},{"taxonomy":"product_cat","embeddable":true,"href":"https:\/\/theresales.nl\/de\/wp-json\/wp\/v2\/product_cat?post=6070"},{"taxonomy":"product_tag","embeddable":true,"href":"https:\/\/theresales.nl\/de\/wp-json\/wp\/v2\/product_tag?post=6070"},{"taxonomy":"ontwerper","embeddable":true,"href":"https:\/\/theresales.nl\/de\/wp-json\/wp\/v2\/ontwerper?post=6070"}],"curies":[{"name":"wp","href":"https:\/\/api.w.org\/{rel}","templated":true}]}}