{"id":5965,"date":"2022-09-08T19:53:52","date_gmt":"2022-09-08T17:53:52","guid":{"rendered":"https:\/\/theresales.nl\/?post_type=product&#038;p=5965"},"modified":"2026-01-23T11:29:47","modified_gmt":"2026-01-23T10:29:47","slug":"billiani-puppe","status":"publish","type":"product","link":"https:\/\/theresales.nl\/de\/product\/billiani-doll\/","title":{"rendered":"Billiani Puppe"},"content":{"rendered":"<p>Der Dollar ist ein Design von <a href=\"https:\/\/www.emilionanni.it\/it\/\" target=\"_blank\" rel=\"noopener\">Emilio Nanni<\/a> von der Marke Billiani. Diese Lounge<a href=\"https:\/\/theresales.nl\/de\/produktkategorie\/stuhle\/\" target=\"_blank\" rel=\"noopener\">Stuhl<\/a> <span class=\"VIiyi\" lang=\"nl\"><span class=\"JLqJ4b ChMk0b\" data-language-for-alternatives=\"nl\" data-language-to-translate-into=\"en\" data-phrase-index=\"1\">wird durch weiche und verf\u00fchrerische Konturen gekennzeichnet, die ihm eine fl\u00fcssige Ausstrahlung verleihen. Es verf\u00fcgt \u00fcber einen Rahmen aus Buchenholz mit gepolsterter R\u00fcckenlehne und Sitzfl\u00e4che, womit ein angenehmer bequemer Sitz geschaffen wird. <\/span><\/span>Aufgrund der Vielseitigkeit ist die Puppe \u00e4u\u00dferst <span class=\"VIiyi\" lang=\"nl\"><span class=\"JLqJ4b ChMk0b\" data-language-for-alternatives=\"nl\" data-language-to-translate-into=\"en\" data-phrase-index=\"2\">geeignet f\u00fcr Innenausstattung mit eleganten oder informellen R\u00e4umen.<\/span><\/span><\/p>","protected":false},"excerpt":{"rendered":"<p><strong>Neupreis \u20ac685,- pro St\u00fcck<\/strong><\/p>\n<p><strong>Abmessungen<\/strong><br \/>\nBreite: 50 cm<br \/>\nTiefe: 53 cm<br \/>\nH\u00f6he: 78 cm<br \/>\nSitzh\u00f6he: 47 cm<\/p>\n<p><strong>Farbe<\/strong>: Rosa, Wei\u00df<\/p>\n<p><strong>Material<\/strong>Stoff, Holz<\/p>","protected":false},"featured_media":6270,"template":"","meta":{"_acf_changed":false},"product_brand":[],"product_cat":[34],"product_tag":[193],"ontwerper":[],"class_list":{"0":"post-5965","1":"product","2":"type-product","3":"status-publish","4":"has-post-thumbnail","6":"product_cat-stoelen","7":"product_tag-billiani","9":"first","10":"instock","11":"shipping-taxable","12":"purchasable","13":"product-type-simple"},"acf":[],"yoast_head":"<!-- This site is optimized with the Yoast SEO plugin v27.5 - https:\/\/yoast.com\/product\/yoast-seo-wordpress\/ -->\n<title>Billiani Doll - TheReSales<\/title>\n<meta name=\"description\" content=\"De Doll is een ontwerp van Emilio Nanni voor het merk Billiani. Deze loungestoel wordt gekenmerkt door zachte en verleidelijke contouren die hem een\" \/>\n<meta name=\"robots\" content=\"index, follow, max-snippet:-1, max-image-preview:large, max-video-preview:-1\" \/>\n<link rel=\"canonical\" href=\"https:\/\/theresales.nl\/de\/produkt\/billiani-puppe\/\" \/>\n<meta property=\"og:locale\" content=\"de_DE\" \/>\n<meta property=\"og:type\" content=\"article\" \/>\n<meta property=\"og:title\" content=\"Billiani Doll - TheReSales\" \/>\n<meta property=\"og:description\" content=\"De Doll is een ontwerp van Emilio Nanni voor het merk Billiani. Deze loungestoel wordt gekenmerkt door zachte en verleidelijke contouren die hem een\" \/>\n<meta property=\"og:url\" content=\"https:\/\/theresales.nl\/de\/produkt\/billiani-puppe\/\" \/>\n<meta property=\"og:site_name\" content=\"TheReSales\" \/>\n<meta property=\"article:publisher\" content=\"https:\/\/www.facebook.com\/theresales.nl\" \/>\n<meta property=\"article:modified_time\" content=\"2026-01-23T10:29:47+00:00\" \/>\n<meta property=\"og:image\" content=\"https:\/\/theresales.nl\/wp-content\/uploads\/2022\/09\/20211004_094930287_iOS.jpg\" \/>\n\t<meta property=\"og:image:width\" content=\"1500\" \/>\n\t<meta property=\"og:image:height\" content=\"1125\" \/>\n\t<meta property=\"og:image:type\" content=\"image\/jpeg\" \/>\n<meta name=\"twitter:card\" content=\"summary_large_image\" \/>\n<meta name=\"twitter:label1\" content=\"Gesch\u00e4tzte Lesezeit\" \/>\n\t<meta name=\"twitter:data1\" content=\"1\u00a0Minute\" \/>\n<!-- \/ Yoast SEO plugin. -->","yoast_head_json":{"title":"Billiani Puppe - TheReSales","description":"Der Doll ist ein Entwurf von Emilio Nanni f\u00fcr die Marke Billiani. Dieser Sessel zeichnet sich durch weiche und verf\u00fchrerische Konturen aus, die ihm ein","robots":{"index":"index","follow":"follow","max-snippet":"max-snippet:-1","max-image-preview":"max-image-preview:large","max-video-preview":"max-video-preview:-1"},"canonical":"https:\/\/theresales.nl\/de\/produkt\/billiani-puppe\/","og_locale":"de_DE","og_type":"article","og_title":"Billiani Doll - TheReSales","og_description":"De Doll is een ontwerp van Emilio Nanni voor het merk Billiani. Deze loungestoel wordt gekenmerkt door zachte en verleidelijke contouren die hem een","og_url":"https:\/\/theresales.nl\/de\/produkt\/billiani-puppe\/","og_site_name":"TheReSales","article_publisher":"https:\/\/www.facebook.com\/theresales.nl","article_modified_time":"2026-01-23T10:29:47+00:00","og_image":[{"width":1500,"height":1125,"url":"https:\/\/theresales.nl\/wp-content\/uploads\/2022\/09\/20211004_094930287_iOS.jpg","type":"image\/jpeg"}],"twitter_card":"summary_large_image","twitter_misc":{"Gesch\u00e4tzte Lesezeit":"1\u00a0Minute"},"schema":{"@context":"https:\/\/schema.org","@graph":[{"@type":"WebPage","@id":"https:\/\/theresales.nl\/product\/billiani-doll\/","url":"https:\/\/theresales.nl\/product\/billiani-doll\/","name":"Billiani Puppe - TheReSales","isPartOf":{"@id":"https:\/\/theresales.nl\/#website"},"primaryImageOfPage":{"@id":"https:\/\/theresales.nl\/product\/billiani-doll\/#primaryimage"},"image":{"@id":"https:\/\/theresales.nl\/product\/billiani-doll\/#primaryimage"},"thumbnailUrl":"https:\/\/theresales.nl\/wp-content\/uploads\/2022\/09\/20211004_094930287_iOS.jpg","datePublished":"2022-09-08T17:53:52+00:00","dateModified":"2026-01-23T10:29:47+00:00","description":"Der Doll ist ein Entwurf von Emilio Nanni f\u00fcr die Marke Billiani. Dieser Sessel zeichnet sich durch weiche und verf\u00fchrerische Konturen aus, die ihm ein","breadcrumb":{"@id":"https:\/\/theresales.nl\/product\/billiani-doll\/#breadcrumb"},"inLanguage":"de","potentialAction":[{"@type":"ReadAction","target":["https:\/\/theresales.nl\/product\/billiani-doll\/"]}]},{"@type":"ImageObject","inLanguage":"de","@id":"https:\/\/theresales.nl\/product\/billiani-doll\/#primaryimage","url":"https:\/\/theresales.nl\/wp-content\/uploads\/2022\/09\/20211004_094930287_iOS.jpg","contentUrl":"https:\/\/theresales.nl\/wp-content\/uploads\/2022\/09\/20211004_094930287_iOS.jpg","width":1500,"height":1125,"caption":"Stoelen-Billiani-Doll-TheReSales"},{"@type":"BreadcrumbList","@id":"https:\/\/theresales.nl\/product\/billiani-doll\/#breadcrumb","itemListElement":[{"@type":"ListItem","position":1,"name":"Home","item":"https:\/\/theresales.nl\/"},{"@type":"ListItem","position":2,"name":"Collectie","item":"https:\/\/theresales.nl\/collectie\/"},{"@type":"ListItem","position":3,"name":"Billiani Doll"}]},{"@type":"WebSite","@id":"https:\/\/theresales.nl\/#website","url":"https:\/\/theresales.nl\/","name":"TheReSales","description":"Tweedehands Design Meubelen","publisher":{"@id":"https:\/\/theresales.nl\/#organization"},"potentialAction":[{"@type":"SearchAction","target":{"@type":"EntryPoint","urlTemplate":"https:\/\/theresales.nl\/?s={search_term_string}"},"query-input":{"@type":"PropertyValueSpecification","valueRequired":true,"valueName":"search_term_string"}}],"inLanguage":"de"},{"@type":"Organization","@id":"https:\/\/theresales.nl\/#organization","name":"TheReSales","url":"https:\/\/theresales.nl\/","logo":{"@type":"ImageObject","inLanguage":"de","@id":"https:\/\/theresales.nl\/#\/schema\/logo\/image\/","url":"https:\/\/theresales.nl\/wp-content\/uploads\/2026\/04\/Logo-TheReSales.png","contentUrl":"https:\/\/theresales.nl\/wp-content\/uploads\/2026\/04\/Logo-TheReSales.png","width":1200,"height":304,"caption":"TheReSales"},"image":{"@id":"https:\/\/theresales.nl\/#\/schema\/logo\/image\/"},"sameAs":["https:\/\/www.facebook.com\/theresales.nl","https:\/\/www.instagram.com\/_theresales_\/","https:\/\/nl.pinterest.com\/theresalesgroningen\/","https:\/\/www.linkedin.com\/company\/theresales\/"]}]}},"_links":{"self":[{"href":"https:\/\/theresales.nl\/de\/wp-json\/wp\/v2\/product\/5965","targetHints":{"allow":["GET"]}}],"collection":[{"href":"https:\/\/theresales.nl\/de\/wp-json\/wp\/v2\/product"}],"about":[{"href":"https:\/\/theresales.nl\/de\/wp-json\/wp\/v2\/types\/product"}],"wp:featuredmedia":[{"embeddable":true,"href":"https:\/\/theresales.nl\/de\/wp-json\/wp\/v2\/media\/6270"}],"wp:attachment":[{"href":"https:\/\/theresales.nl\/de\/wp-json\/wp\/v2\/media?parent=5965"}],"wp:term":[{"taxonomy":"product_brand","embeddable":true,"href":"https:\/\/theresales.nl\/de\/wp-json\/wp\/v2\/product_brand?post=5965"},{"taxonomy":"product_cat","embeddable":true,"href":"https:\/\/theresales.nl\/de\/wp-json\/wp\/v2\/product_cat?post=5965"},{"taxonomy":"product_tag","embeddable":true,"href":"https:\/\/theresales.nl\/de\/wp-json\/wp\/v2\/product_tag?post=5965"},{"taxonomy":"ontwerper","embeddable":true,"href":"https:\/\/theresales.nl\/de\/wp-json\/wp\/v2\/ontwerper?post=5965"}],"curies":[{"name":"wp","href":"https:\/\/api.w.org\/{rel}","templated":true}]}}