{"id":5337,"date":"2026-04-21T15:12:20","date_gmt":"2026-04-21T13:12:20","guid":{"rendered":"https:\/\/theresales.nl\/?post_type=product&#038;p=5337"},"modified":"2026-04-21T16:52:29","modified_gmt":"2026-04-21T14:52:29","slug":"arper-catifa-46-barhocker-schlitten-mit-rot","status":"publish","type":"product","link":"https:\/\/theresales.nl\/de\/product\/arper-catifa-46-bar-stool-sled-wit-rood\/","title":{"rendered":"Arper Catifa 46 Barhocker Schlitten wei\u00df rot"},"content":{"rendered":"<p data-path-to-node=\"5\">Deutsch <b data-path-to-node=\"5\" data-index-in-node=\"3\">Arper Catifa 46 Barhocker Schlitten wei\u00df rot<\/b> ist ein auff\u00e4lliger <a href=\"https:\/\/theresales.nl\/de\/produktkategorie\/stuhle\/\">Krumm<\/a> die direkte Farbe gibt an Ihre Kochinsel oder Bar. Dieses bekannte Design des Studios <a href=\"http:\/\/LievoreAltherrMolina.com\"><b data-path-to-node=\"5\" data-index-in-node=\"149\">Lievore Altherr Molina<\/b><\/a> ist weltweit beliebt, weil sie bequem ist und sehr gut aussieht. Was diesen Hocker besonders macht, ist, dass die Sitzfl\u00e4che zweifarbig ist: die Innenseite ist wei\u00df und die R\u00fcckseite ist gl\u00e4nzend rot. Das sorgt f\u00fcr ein fr\u00f6hliches und modernes Aussehen zu Hause.<\/p>\n<p data-path-to-node=\"6\">Das schlanke, chromene Untergestell sorgt daf\u00fcr, dass die <b data-path-to-node=\"6\" data-index-in-node=\"50\">Arper Catifa 46 Barhocker Schlitten wei\u00df rot<\/b>\u00a0Nicht klobig aussieht, aber er steht sehr stabil auf dem Boden. Durch die Form der Sitzfl\u00e4che hast du eine gute Unterst\u00fctzung im R\u00fccken, sodass du es problemlos den ganzen Abend darauf sitzen kannst. Der Hocker ist leicht zu reinigen und h\u00e4lt dank der starken Materialien sehr lange. Dieses Exemplar ist gut gepflegt und hat nur sehr leichte Gebrauchsspuren. Ein wundersch\u00f6nes St\u00fcck italienisches Design, an dem du noch viele Jahre Freude haben wirst.<\/p>","protected":false},"excerpt":{"rendered":"<p><strong>Abmessungen<\/strong><br \/>\nBreite: 46 cm<br \/>\nH\u00f6he: 110 cm<br \/>\nSitzh\u00f6he: 42 cm<br \/>\n<strong><br \/>\nFarbe<\/strong> Rot, Wei\u00df<\/p>\n<p><strong>Material<\/strong> Kunststoff, Metall<\/p>","protected":false},"featured_media":51033,"template":"","meta":{"_acf_changed":false},"product_brand":[],"product_cat":[34],"product_tag":[297],"ontwerper":[],"class_list":{"0":"post-5337","1":"product","2":"type-product","3":"status-publish","4":"has-post-thumbnail","6":"product_cat-stoelen","7":"product_tag-arper","9":"first","10":"instock","11":"shipping-taxable","12":"purchasable","13":"product-type-simple"},"acf":[],"yoast_head":"<!-- This site is optimized with the Yoast SEO plugin v27.5 - https:\/\/yoast.com\/product\/yoast-seo-wordpress\/ -->\n<title>Arper Catifa 46 Bar Stool Sled wit rood - TheReSales<\/title>\n<meta name=\"description\" content=\"De Catifa 46 Bar Stool Sled in wit rood is een ontwerp van Lievore Altherr Molina voor het merk Arper. Een mooie barkruk met sledevoet!\" \/>\n<meta name=\"robots\" content=\"index, follow, max-snippet:-1, max-image-preview:large, max-video-preview:-1\" \/>\n<link rel=\"canonical\" href=\"https:\/\/theresales.nl\/de\/produkt\/arper-catifa-46-barhocker-schlitten-mit-rot\/\" \/>\n<meta property=\"og:locale\" content=\"de_DE\" \/>\n<meta property=\"og:type\" content=\"article\" \/>\n<meta property=\"og:title\" content=\"Arper Catifa 46 Bar Stool Sled wit rood - TheReSales\" \/>\n<meta property=\"og:description\" content=\"De Catifa 46 Bar Stool Sled in wit rood is een ontwerp van Lievore Altherr Molina voor het merk Arper. Een mooie barkruk met sledevoet!\" \/>\n<meta property=\"og:url\" content=\"https:\/\/theresales.nl\/de\/produkt\/arper-catifa-46-barhocker-schlitten-mit-rot\/\" \/>\n<meta property=\"og:site_name\" content=\"TheReSales\" \/>\n<meta property=\"article:publisher\" content=\"https:\/\/www.facebook.com\/theresales.nl\" \/>\n<meta property=\"article:modified_time\" content=\"2026-04-21T14:52:29+00:00\" \/>\n<meta property=\"og:image\" content=\"https:\/\/theresales.nl\/wp-content\/uploads\/2026\/04\/a1.jpg\" \/>\n\t<meta property=\"og:image:width\" content=\"1200\" \/>\n\t<meta property=\"og:image:height\" content=\"900\" \/>\n\t<meta property=\"og:image:type\" content=\"image\/jpeg\" \/>\n<meta name=\"twitter:card\" content=\"summary_large_image\" \/>\n<meta name=\"twitter:label1\" content=\"Gesch\u00e4tzte Lesezeit\" \/>\n\t<meta name=\"twitter:data1\" content=\"2\u00a0Minuten\" \/>\n<!-- \/ Yoast SEO plugin. -->","yoast_head_json":{"title":"Arper Hocker Catifa 46 Kufen wei\u00df rot - TheReSales","description":"Der Catifa 46 Barhocker Schlitten in Wei\u00df Rot ist ein Entwurf von Lievore Altherr Molina f\u00fcr die Marke Arper. Ein sch\u00f6ner Barhocker mit einem Schlittenfu\u00df!","robots":{"index":"index","follow":"follow","max-snippet":"max-snippet:-1","max-image-preview":"max-image-preview:large","max-video-preview":"max-video-preview:-1"},"canonical":"https:\/\/theresales.nl\/de\/produkt\/arper-catifa-46-barhocker-schlitten-mit-rot\/","og_locale":"de_DE","og_type":"article","og_title":"Arper Catifa 46 Bar Stool Sled wit rood - TheReSales","og_description":"De Catifa 46 Bar Stool Sled in wit rood is een ontwerp van Lievore Altherr Molina voor het merk Arper. Een mooie barkruk met sledevoet!","og_url":"https:\/\/theresales.nl\/de\/produkt\/arper-catifa-46-barhocker-schlitten-mit-rot\/","og_site_name":"TheReSales","article_publisher":"https:\/\/www.facebook.com\/theresales.nl","article_modified_time":"2026-04-21T14:52:29+00:00","og_image":[{"width":1200,"height":900,"url":"https:\/\/theresales.nl\/wp-content\/uploads\/2026\/04\/a1.jpg","type":"image\/jpeg"}],"twitter_card":"summary_large_image","twitter_misc":{"Gesch\u00e4tzte Lesezeit":"2\u00a0Minuten"},"schema":{"@context":"https:\/\/schema.org","@graph":[{"@type":"WebPage","@id":"https:\/\/theresales.nl\/product\/arper-catifa-46-bar-stool-sled-wit-rood\/","url":"https:\/\/theresales.nl\/product\/arper-catifa-46-bar-stool-sled-wit-rood\/","name":"Arper Hocker Catifa 46 Kufen wei\u00df rot - TheReSales","isPartOf":{"@id":"https:\/\/theresales.nl\/#website"},"primaryImageOfPage":{"@id":"https:\/\/theresales.nl\/product\/arper-catifa-46-bar-stool-sled-wit-rood\/#primaryimage"},"image":{"@id":"https:\/\/theresales.nl\/product\/arper-catifa-46-bar-stool-sled-wit-rood\/#primaryimage"},"thumbnailUrl":"https:\/\/theresales.nl\/wp-content\/uploads\/2026\/04\/a1.jpg","datePublished":"2026-04-21T13:12:20+00:00","dateModified":"2026-04-21T14:52:29+00:00","description":"Der Catifa 46 Barhocker Schlitten in Wei\u00df Rot ist ein Entwurf von Lievore Altherr Molina f\u00fcr die Marke Arper. Ein sch\u00f6ner Barhocker mit einem Schlittenfu\u00df!","breadcrumb":{"@id":"https:\/\/theresales.nl\/product\/arper-catifa-46-bar-stool-sled-wit-rood\/#breadcrumb"},"inLanguage":"de","potentialAction":[{"@type":"ReadAction","target":["https:\/\/theresales.nl\/product\/arper-catifa-46-bar-stool-sled-wit-rood\/"]}]},{"@type":"ImageObject","inLanguage":"de","@id":"https:\/\/theresales.nl\/product\/arper-catifa-46-bar-stool-sled-wit-rood\/#primaryimage","url":"https:\/\/theresales.nl\/wp-content\/uploads\/2026\/04\/a1.jpg","contentUrl":"https:\/\/theresales.nl\/wp-content\/uploads\/2026\/04\/a1.jpg","width":1200,"height":900,"caption":"Stoel-Arper-Catifa-46-Bar-Stool-Sled-wit-rood-TheReSales"},{"@type":"BreadcrumbList","@id":"https:\/\/theresales.nl\/product\/arper-catifa-46-bar-stool-sled-wit-rood\/#breadcrumb","itemListElement":[{"@type":"ListItem","position":1,"name":"Home","item":"https:\/\/theresales.nl\/"},{"@type":"ListItem","position":2,"name":"Collectie","item":"https:\/\/theresales.nl\/collectie\/"},{"@type":"ListItem","position":3,"name":"Arper Catifa 46 Bar Stool Sled wit rood"}]},{"@type":"WebSite","@id":"https:\/\/theresales.nl\/#website","url":"https:\/\/theresales.nl\/","name":"TheReSales","description":"Tweedehands Design Meubelen","publisher":{"@id":"https:\/\/theresales.nl\/#organization"},"potentialAction":[{"@type":"SearchAction","target":{"@type":"EntryPoint","urlTemplate":"https:\/\/theresales.nl\/?s={search_term_string}"},"query-input":{"@type":"PropertyValueSpecification","valueRequired":true,"valueName":"search_term_string"}}],"inLanguage":"de"},{"@type":"Organization","@id":"https:\/\/theresales.nl\/#organization","name":"TheReSales","url":"https:\/\/theresales.nl\/","logo":{"@type":"ImageObject","inLanguage":"de","@id":"https:\/\/theresales.nl\/#\/schema\/logo\/image\/","url":"https:\/\/theresales.nl\/wp-content\/uploads\/2026\/04\/Logo-TheReSales.png","contentUrl":"https:\/\/theresales.nl\/wp-content\/uploads\/2026\/04\/Logo-TheReSales.png","width":1200,"height":304,"caption":"TheReSales"},"image":{"@id":"https:\/\/theresales.nl\/#\/schema\/logo\/image\/"},"sameAs":["https:\/\/www.facebook.com\/theresales.nl","https:\/\/www.instagram.com\/_theresales_\/","https:\/\/nl.pinterest.com\/theresalesgroningen\/","https:\/\/www.linkedin.com\/company\/theresales\/"]}]}},"_links":{"self":[{"href":"https:\/\/theresales.nl\/de\/wp-json\/wp\/v2\/product\/5337","targetHints":{"allow":["GET"]}}],"collection":[{"href":"https:\/\/theresales.nl\/de\/wp-json\/wp\/v2\/product"}],"about":[{"href":"https:\/\/theresales.nl\/de\/wp-json\/wp\/v2\/types\/product"}],"wp:featuredmedia":[{"embeddable":true,"href":"https:\/\/theresales.nl\/de\/wp-json\/wp\/v2\/media\/51033"}],"wp:attachment":[{"href":"https:\/\/theresales.nl\/de\/wp-json\/wp\/v2\/media?parent=5337"}],"wp:term":[{"taxonomy":"product_brand","embeddable":true,"href":"https:\/\/theresales.nl\/de\/wp-json\/wp\/v2\/product_brand?post=5337"},{"taxonomy":"product_cat","embeddable":true,"href":"https:\/\/theresales.nl\/de\/wp-json\/wp\/v2\/product_cat?post=5337"},{"taxonomy":"product_tag","embeddable":true,"href":"https:\/\/theresales.nl\/de\/wp-json\/wp\/v2\/product_tag?post=5337"},{"taxonomy":"ontwerper","embeddable":true,"href":"https:\/\/theresales.nl\/de\/wp-json\/wp\/v2\/ontwerper?post=5337"}],"curies":[{"name":"wp","href":"https:\/\/api.w.org\/{rel}","templated":true}]}}