{"id":5193,"date":"2022-09-08T19:35:42","date_gmt":"2022-09-08T17:35:42","guid":{"rendered":"https:\/\/theresales.nl\/?post_type=product&#038;p=5193"},"modified":"2026-01-22T10:41:26","modified_gmt":"2026-01-22T09:41:26","slug":"richard-hutten-centraal-museum-hellgrau","status":"publish","type":"product","link":"https:\/\/theresales.nl\/de\/product\/richard-hutten-centraal-museum-lichtgrijs\/","title":{"rendered":"Richard Hutten Zentralmuseum hellgrau"},"content":{"rendered":"<p>Das Centraal Museum in Hellgrau ist ein Entwurf von <a href=\"https:\/\/www.richardhutten.com\/\" target=\"_blank\" rel=\"noopener\">Richard Hutten<\/a> f\u00fcr die Marke Gispen. Er entwarf die <a href=\"https:\/\/theresales.nl\/de\/produktkategorie\/stuhle\/\" target=\"_blank\" rel=\"noopener\">Stuhl<\/a> speziell f\u00fcr das Centraal Museum in Utrecht. Der Stuhl diente als Sitzelement f\u00fcr die G\u00e4ste bei der Einweihung der Hochzeit von K\u00f6nig Willem Alexander und K\u00f6nigin Maxima in der Beurs van Berlage.<\/p>","protected":false},"excerpt":{"rendered":"<p><strong>Abmessungen<\/strong><br \/>Breite: 44 cm<br \/>Tiefe: 54 cm<br \/>H\u00f6he: 100 cm<br \/>Sitzh\u00f6he: 46 cm<\/p>\n<p><strong>Farbe <\/strong>Hellgrau<\/p>\n<p><strong>Material <\/strong>Kunststoff<\/p>","protected":false},"featured_media":5506,"template":"","meta":{"_acf_changed":false},"product_brand":[],"product_cat":[34],"product_tag":[288],"ontwerper":[],"class_list":{"0":"post-5193","1":"product","2":"type-product","3":"status-publish","4":"has-post-thumbnail","6":"product_cat-stoelen","7":"product_tag-richard-hutten","9":"first","10":"instock","11":"shipping-taxable","12":"purchasable","13":"product-type-simple"},"acf":[],"yoast_head":"<!-- This site is optimized with the Yoast SEO plugin v27.5 - https:\/\/yoast.com\/product\/yoast-seo-wordpress\/ -->\n<title>Richard Hutten Centraal Museum lichtgrijs - TheReSales<\/title>\n<meta name=\"description\" content=\"De Centraal Museum in lichtgrijs is een ontwerp van Richard Hutten voor het merk Gispen. Hij ontwierp de stoel speciaal voor het Centraal Museum in Utrecht.\" \/>\n<meta name=\"robots\" content=\"index, follow, max-snippet:-1, max-image-preview:large, max-video-preview:-1\" \/>\n<link rel=\"canonical\" href=\"https:\/\/theresales.nl\/de\/produkt\/richard-hutten-centraal-museum-hellgrau\/\" \/>\n<meta property=\"og:locale\" content=\"de_DE\" \/>\n<meta property=\"og:type\" content=\"article\" \/>\n<meta property=\"og:title\" content=\"Richard Hutten Centraal Museum lichtgrijs - TheReSales\" \/>\n<meta property=\"og:description\" content=\"De Centraal Museum in lichtgrijs is een ontwerp van Richard Hutten voor het merk Gispen. Hij ontwierp de stoel speciaal voor het Centraal Museum in Utrecht.\" \/>\n<meta property=\"og:url\" content=\"https:\/\/theresales.nl\/de\/produkt\/richard-hutten-centraal-museum-hellgrau\/\" \/>\n<meta property=\"og:site_name\" content=\"TheReSales\" \/>\n<meta property=\"article:publisher\" content=\"https:\/\/www.facebook.com\/theresales.nl\" \/>\n<meta property=\"article:modified_time\" content=\"2026-01-22T09:41:26+00:00\" \/>\n<meta property=\"og:image\" content=\"https:\/\/theresales.nl\/wp-content\/uploads\/2022\/09\/20201118_142040962_iOS-scaled-1.jpg\" \/>\n\t<meta property=\"og:image:width\" content=\"2000\" \/>\n\t<meta property=\"og:image:height\" content=\"1500\" \/>\n\t<meta property=\"og:image:type\" content=\"image\/jpeg\" \/>\n<meta name=\"twitter:card\" content=\"summary_large_image\" \/>\n<meta name=\"twitter:label1\" content=\"Gesch\u00e4tzte Lesezeit\" \/>\n\t<meta name=\"twitter:data1\" content=\"1\u00a0Minute\" \/>\n<!-- \/ Yoast SEO plugin. -->","yoast_head_json":{"title":"Richard Hutten Zentralmuseum hellgrau - TheReSales","description":"Das Centraal Museum in Hellgrau ist ein Entwurf von Richard Hutten f\u00fcr die Marke Gispen. Er entwarf den Stuhl speziell f\u00fcr das Centraal Museum in Utrecht.","robots":{"index":"index","follow":"follow","max-snippet":"max-snippet:-1","max-image-preview":"max-image-preview:large","max-video-preview":"max-video-preview:-1"},"canonical":"https:\/\/theresales.nl\/de\/produkt\/richard-hutten-centraal-museum-hellgrau\/","og_locale":"de_DE","og_type":"article","og_title":"Richard Hutten Centraal Museum lichtgrijs - TheReSales","og_description":"De Centraal Museum in lichtgrijs is een ontwerp van Richard Hutten voor het merk Gispen. Hij ontwierp de stoel speciaal voor het Centraal Museum in Utrecht.","og_url":"https:\/\/theresales.nl\/de\/produkt\/richard-hutten-centraal-museum-hellgrau\/","og_site_name":"TheReSales","article_publisher":"https:\/\/www.facebook.com\/theresales.nl","article_modified_time":"2026-01-22T09:41:26+00:00","og_image":[{"width":2000,"height":1500,"url":"https:\/\/theresales.nl\/wp-content\/uploads\/2022\/09\/20201118_142040962_iOS-scaled-1.jpg","type":"image\/jpeg"}],"twitter_card":"summary_large_image","twitter_misc":{"Gesch\u00e4tzte Lesezeit":"1\u00a0Minute"},"schema":{"@context":"https:\/\/schema.org","@graph":[{"@type":"WebPage","@id":"https:\/\/theresales.nl\/product\/richard-hutten-centraal-museum-lichtgrijs\/","url":"https:\/\/theresales.nl\/product\/richard-hutten-centraal-museum-lichtgrijs\/","name":"Richard Hutten Zentralmuseum hellgrau - TheReSales","isPartOf":{"@id":"https:\/\/theresales.nl\/#website"},"primaryImageOfPage":{"@id":"https:\/\/theresales.nl\/product\/richard-hutten-centraal-museum-lichtgrijs\/#primaryimage"},"image":{"@id":"https:\/\/theresales.nl\/product\/richard-hutten-centraal-museum-lichtgrijs\/#primaryimage"},"thumbnailUrl":"https:\/\/theresales.nl\/wp-content\/uploads\/2022\/09\/20201118_142040962_iOS-scaled-1.jpg","datePublished":"2022-09-08T17:35:42+00:00","dateModified":"2026-01-22T09:41:26+00:00","description":"Das Centraal Museum in Hellgrau ist ein Entwurf von Richard Hutten f\u00fcr die Marke Gispen. Er entwarf den Stuhl speziell f\u00fcr das Centraal Museum in Utrecht.","breadcrumb":{"@id":"https:\/\/theresales.nl\/product\/richard-hutten-centraal-museum-lichtgrijs\/#breadcrumb"},"inLanguage":"de","potentialAction":[{"@type":"ReadAction","target":["https:\/\/theresales.nl\/product\/richard-hutten-centraal-museum-lichtgrijs\/"]}]},{"@type":"ImageObject","inLanguage":"de","@id":"https:\/\/theresales.nl\/product\/richard-hutten-centraal-museum-lichtgrijs\/#primaryimage","url":"https:\/\/theresales.nl\/wp-content\/uploads\/2022\/09\/20201118_142040962_iOS-scaled-1.jpg","contentUrl":"https:\/\/theresales.nl\/wp-content\/uploads\/2022\/09\/20201118_142040962_iOS-scaled-1.jpg","width":2000,"height":1500,"caption":"Stoel-Richard-Hutten-Centraal-Museum-lichtgrijs-TheReSales"},{"@type":"BreadcrumbList","@id":"https:\/\/theresales.nl\/product\/richard-hutten-centraal-museum-lichtgrijs\/#breadcrumb","itemListElement":[{"@type":"ListItem","position":1,"name":"Home","item":"https:\/\/theresales.nl\/"},{"@type":"ListItem","position":2,"name":"Collectie","item":"https:\/\/theresales.nl\/collectie\/"},{"@type":"ListItem","position":3,"name":"Richard Hutten Centraal Museum lichtgrijs"}]},{"@type":"WebSite","@id":"https:\/\/theresales.nl\/#website","url":"https:\/\/theresales.nl\/","name":"TheReSales","description":"Tweedehands Design Meubelen","publisher":{"@id":"https:\/\/theresales.nl\/#organization"},"potentialAction":[{"@type":"SearchAction","target":{"@type":"EntryPoint","urlTemplate":"https:\/\/theresales.nl\/?s={search_term_string}"},"query-input":{"@type":"PropertyValueSpecification","valueRequired":true,"valueName":"search_term_string"}}],"inLanguage":"de"},{"@type":"Organization","@id":"https:\/\/theresales.nl\/#organization","name":"TheReSales","url":"https:\/\/theresales.nl\/","logo":{"@type":"ImageObject","inLanguage":"de","@id":"https:\/\/theresales.nl\/#\/schema\/logo\/image\/","url":"https:\/\/theresales.nl\/wp-content\/uploads\/2026\/04\/Logo-TheReSales.png","contentUrl":"https:\/\/theresales.nl\/wp-content\/uploads\/2026\/04\/Logo-TheReSales.png","width":1200,"height":304,"caption":"TheReSales"},"image":{"@id":"https:\/\/theresales.nl\/#\/schema\/logo\/image\/"},"sameAs":["https:\/\/www.facebook.com\/theresales.nl","https:\/\/www.instagram.com\/_theresales_\/","https:\/\/nl.pinterest.com\/theresalesgroningen\/","https:\/\/www.linkedin.com\/company\/theresales\/"]}]}},"_links":{"self":[{"href":"https:\/\/theresales.nl\/de\/wp-json\/wp\/v2\/product\/5193","targetHints":{"allow":["GET"]}}],"collection":[{"href":"https:\/\/theresales.nl\/de\/wp-json\/wp\/v2\/product"}],"about":[{"href":"https:\/\/theresales.nl\/de\/wp-json\/wp\/v2\/types\/product"}],"wp:featuredmedia":[{"embeddable":true,"href":"https:\/\/theresales.nl\/de\/wp-json\/wp\/v2\/media\/5506"}],"wp:attachment":[{"href":"https:\/\/theresales.nl\/de\/wp-json\/wp\/v2\/media?parent=5193"}],"wp:term":[{"taxonomy":"product_brand","embeddable":true,"href":"https:\/\/theresales.nl\/de\/wp-json\/wp\/v2\/product_brand?post=5193"},{"taxonomy":"product_cat","embeddable":true,"href":"https:\/\/theresales.nl\/de\/wp-json\/wp\/v2\/product_cat?post=5193"},{"taxonomy":"product_tag","embeddable":true,"href":"https:\/\/theresales.nl\/de\/wp-json\/wp\/v2\/product_tag?post=5193"},{"taxonomy":"ontwerper","embeddable":true,"href":"https:\/\/theresales.nl\/de\/wp-json\/wp\/v2\/ontwerper?post=5193"}],"curies":[{"name":"wp","href":"https:\/\/api.w.org\/{rel}","templated":true}]}}