{"id":5186,"date":"2022-09-08T19:35:41","date_gmt":"2022-09-08T17:35:41","guid":{"rendered":"https:\/\/theresales.nl\/?post_type=product&#038;p=5186"},"modified":"2026-01-23T11:35:48","modified_gmt":"2026-01-23T10:35:48","slug":"synthese-noah-spinne-grau","status":"publish","type":"product","link":"https:\/\/theresales.nl\/de\/product\/sintesi-noa-spider-grijs\/","title":{"rendered":"Synthese Noa Spinne grau"},"content":{"rendered":"<p>Die Noa Spinne in Grau ist ein Design von <a href=\"https:\/\/www.marcelloziliani.eu\/\" target=\"_blank\" rel=\"noopener\">Marcello Ziliani<\/a> f\u00fcr die Marke Sintesi. Nicht ohne Grund, dass diese besondere <a href=\"https:\/\/theresales.nl\/de\/produktkategorie\/stuhle\/\" target=\"_blank\" rel=\"noopener\">Stuhl<\/a> wurde zum Contract Chair of the Year gew\u00e4hlt. Die Armlehnen haben n\u00e4mlich die gleiche Form und Abmessungen wie die R\u00fcckenlehne und bilden damit eine sch\u00fctzende Enklave. Sie hat eine feuerfeste Sitzfl\u00e4che, eine drehbare zentrale Basis und ein Stahlgestell. Das straffe Design verleiht jedem Interieur ein modernes stilvolles Ambiente und ist ideal sowohl f\u00fcr das Wohn\/Arbeitszimmer als auch f\u00fcrs B\u00fcro!<\/p>","protected":false},"excerpt":{"rendered":"<p><strong>Abmessungen<\/strong><br \/>\nBreite: 63 cm<br \/>\nH\u00f6he: 79 cm<br \/>\nTiefe: 57 cm<\/p>\n<p><strong>Farbe<\/strong> Grau<\/p>\n<p><strong>Material<\/strong> Kunststoff, Metall<\/p>","protected":false},"featured_media":5432,"template":"","meta":{"_acf_changed":false},"product_brand":[],"product_cat":[34],"product_tag":[293],"ontwerper":[521],"class_list":{"0":"post-5186","1":"product","2":"type-product","3":"status-publish","4":"has-post-thumbnail","6":"product_cat-stoelen","7":"product_tag-sintesi","8":"ontwerper-marcello-zelliani","10":"first","11":"instock","12":"shipping-taxable","13":"purchasable","14":"product-type-simple"},"acf":[],"yoast_head":"<!-- This site is optimized with the Yoast SEO plugin v27.5 - https:\/\/yoast.com\/product\/yoast-seo-wordpress\/ -->\n<title>Sintesi Noa Spider grijs - TheReSales<\/title>\n<meta name=\"description\" content=\"De Noa Spider in grijs is een ontwerp van Marcello Ziliani voor het merk Sintesi. Niet voor niets dat deze bijzondere stoel verkozen is tot Contract Chair..\" \/>\n<meta name=\"robots\" content=\"index, follow, max-snippet:-1, max-image-preview:large, max-video-preview:-1\" \/>\n<link rel=\"canonical\" href=\"https:\/\/theresales.nl\/de\/produkt\/synthese-noah-spinne-grau\/\" \/>\n<meta property=\"og:locale\" content=\"de_DE\" \/>\n<meta property=\"og:type\" content=\"article\" \/>\n<meta property=\"og:title\" content=\"Sintesi Noa Spider grijs - TheReSales\" \/>\n<meta property=\"og:description\" content=\"De Noa Spider in grijs is een ontwerp van Marcello Ziliani voor het merk Sintesi. Niet voor niets dat deze bijzondere stoel verkozen is tot Contract Chair..\" \/>\n<meta property=\"og:url\" content=\"https:\/\/theresales.nl\/de\/produkt\/synthese-noah-spinne-grau\/\" \/>\n<meta property=\"og:site_name\" content=\"TheReSales\" \/>\n<meta property=\"article:publisher\" content=\"https:\/\/www.facebook.com\/theresales.nl\" \/>\n<meta property=\"article:modified_time\" content=\"2026-01-23T10:35:48+00:00\" \/>\n<meta property=\"og:image\" content=\"https:\/\/theresales.nl\/wp-content\/uploads\/2022\/09\/20201113_105318870_iOS-scaled-1.jpg\" \/>\n\t<meta property=\"og:image:width\" content=\"2000\" \/>\n\t<meta property=\"og:image:height\" content=\"1500\" \/>\n\t<meta property=\"og:image:type\" content=\"image\/jpeg\" \/>\n<meta name=\"twitter:card\" content=\"summary_large_image\" \/>\n<meta name=\"twitter:label1\" content=\"Gesch\u00e4tzte Lesezeit\" \/>\n\t<meta name=\"twitter:data1\" content=\"1\u00a0Minute\" \/>\n<!-- \/ Yoast SEO plugin. -->","yoast_head_json":{"title":"Zusammenfassung Noa Spinnen Grau - TheReSales","description":"Der Noa Spider in Grau ist ein Entwurf von Marcello Ziliani f\u00fcr die Marke Sintesi. Nicht umsonst wurde dieser besondere Stuhl zum Contract Chair gew\u00e4hlt.","robots":{"index":"index","follow":"follow","max-snippet":"max-snippet:-1","max-image-preview":"max-image-preview:large","max-video-preview":"max-video-preview:-1"},"canonical":"https:\/\/theresales.nl\/de\/produkt\/synthese-noah-spinne-grau\/","og_locale":"de_DE","og_type":"article","og_title":"Sintesi Noa Spider grijs - TheReSales","og_description":"De Noa Spider in grijs is een ontwerp van Marcello Ziliani voor het merk Sintesi. Niet voor niets dat deze bijzondere stoel verkozen is tot Contract Chair..","og_url":"https:\/\/theresales.nl\/de\/produkt\/synthese-noah-spinne-grau\/","og_site_name":"TheReSales","article_publisher":"https:\/\/www.facebook.com\/theresales.nl","article_modified_time":"2026-01-23T10:35:48+00:00","og_image":[{"width":2000,"height":1500,"url":"https:\/\/theresales.nl\/wp-content\/uploads\/2022\/09\/20201113_105318870_iOS-scaled-1.jpg","type":"image\/jpeg"}],"twitter_card":"summary_large_image","twitter_misc":{"Gesch\u00e4tzte Lesezeit":"1\u00a0Minute"},"schema":{"@context":"https:\/\/schema.org","@graph":[{"@type":"WebPage","@id":"https:\/\/theresales.nl\/product\/sintesi-noa-spider-grijs\/","url":"https:\/\/theresales.nl\/product\/sintesi-noa-spider-grijs\/","name":"Zusammenfassung Noa Spinnen Grau - TheReSales","isPartOf":{"@id":"https:\/\/theresales.nl\/#website"},"primaryImageOfPage":{"@id":"https:\/\/theresales.nl\/product\/sintesi-noa-spider-grijs\/#primaryimage"},"image":{"@id":"https:\/\/theresales.nl\/product\/sintesi-noa-spider-grijs\/#primaryimage"},"thumbnailUrl":"https:\/\/theresales.nl\/wp-content\/uploads\/2022\/09\/20201113_105318870_iOS-scaled-1.jpg","datePublished":"2022-09-08T17:35:41+00:00","dateModified":"2026-01-23T10:35:48+00:00","description":"Der Noa Spider in Grau ist ein Entwurf von Marcello Ziliani f\u00fcr die Marke Sintesi. Nicht umsonst wurde dieser besondere Stuhl zum Contract Chair gew\u00e4hlt.","breadcrumb":{"@id":"https:\/\/theresales.nl\/product\/sintesi-noa-spider-grijs\/#breadcrumb"},"inLanguage":"de","potentialAction":[{"@type":"ReadAction","target":["https:\/\/theresales.nl\/product\/sintesi-noa-spider-grijs\/"]}]},{"@type":"ImageObject","inLanguage":"de","@id":"https:\/\/theresales.nl\/product\/sintesi-noa-spider-grijs\/#primaryimage","url":"https:\/\/theresales.nl\/wp-content\/uploads\/2022\/09\/20201113_105318870_iOS-scaled-1.jpg","contentUrl":"https:\/\/theresales.nl\/wp-content\/uploads\/2022\/09\/20201113_105318870_iOS-scaled-1.jpg","width":2000,"height":1500,"caption":"Stoel-Sintesi-Noa-Spider-grijs-TheReSales"},{"@type":"BreadcrumbList","@id":"https:\/\/theresales.nl\/product\/sintesi-noa-spider-grijs\/#breadcrumb","itemListElement":[{"@type":"ListItem","position":1,"name":"Home","item":"https:\/\/theresales.nl\/"},{"@type":"ListItem","position":2,"name":"Collectie","item":"https:\/\/theresales.nl\/collectie\/"},{"@type":"ListItem","position":3,"name":"Sintesi Noa Spider grijs"}]},{"@type":"WebSite","@id":"https:\/\/theresales.nl\/#website","url":"https:\/\/theresales.nl\/","name":"TheReSales","description":"Tweedehands Design Meubelen","publisher":{"@id":"https:\/\/theresales.nl\/#organization"},"potentialAction":[{"@type":"SearchAction","target":{"@type":"EntryPoint","urlTemplate":"https:\/\/theresales.nl\/?s={search_term_string}"},"query-input":{"@type":"PropertyValueSpecification","valueRequired":true,"valueName":"search_term_string"}}],"inLanguage":"de"},{"@type":"Organization","@id":"https:\/\/theresales.nl\/#organization","name":"TheReSales","url":"https:\/\/theresales.nl\/","logo":{"@type":"ImageObject","inLanguage":"de","@id":"https:\/\/theresales.nl\/#\/schema\/logo\/image\/","url":"https:\/\/theresales.nl\/wp-content\/uploads\/2026\/04\/Logo-TheReSales.png","contentUrl":"https:\/\/theresales.nl\/wp-content\/uploads\/2026\/04\/Logo-TheReSales.png","width":1200,"height":304,"caption":"TheReSales"},"image":{"@id":"https:\/\/theresales.nl\/#\/schema\/logo\/image\/"},"sameAs":["https:\/\/www.facebook.com\/theresales.nl","https:\/\/www.instagram.com\/_theresales_\/","https:\/\/nl.pinterest.com\/theresalesgroningen\/","https:\/\/www.linkedin.com\/company\/theresales\/"]}]}},"_links":{"self":[{"href":"https:\/\/theresales.nl\/de\/wp-json\/wp\/v2\/product\/5186","targetHints":{"allow":["GET"]}}],"collection":[{"href":"https:\/\/theresales.nl\/de\/wp-json\/wp\/v2\/product"}],"about":[{"href":"https:\/\/theresales.nl\/de\/wp-json\/wp\/v2\/types\/product"}],"wp:featuredmedia":[{"embeddable":true,"href":"https:\/\/theresales.nl\/de\/wp-json\/wp\/v2\/media\/5432"}],"wp:attachment":[{"href":"https:\/\/theresales.nl\/de\/wp-json\/wp\/v2\/media?parent=5186"}],"wp:term":[{"taxonomy":"product_brand","embeddable":true,"href":"https:\/\/theresales.nl\/de\/wp-json\/wp\/v2\/product_brand?post=5186"},{"taxonomy":"product_cat","embeddable":true,"href":"https:\/\/theresales.nl\/de\/wp-json\/wp\/v2\/product_cat?post=5186"},{"taxonomy":"product_tag","embeddable":true,"href":"https:\/\/theresales.nl\/de\/wp-json\/wp\/v2\/product_tag?post=5186"},{"taxonomy":"ontwerper","embeddable":true,"href":"https:\/\/theresales.nl\/de\/wp-json\/wp\/v2\/ontwerper?post=5186"}],"curies":[{"name":"wp","href":"https:\/\/api.w.org\/{rel}","templated":true}]}}