{"id":5127,"date":"2022-09-08T19:34:54","date_gmt":"2022-09-08T17:34:54","guid":{"rendered":"https:\/\/theresales.nl\/?post_type=product&#038;p=5127"},"modified":"2024-11-01T10:42:38","modified_gmt":"2024-11-01T09:42:38","slug":"moroso-abheben","status":"publish","type":"product","link":"https:\/\/theresales.nl\/de\/product\/moroso-take-off\/","title":{"rendered":"Moroso Nehmen Sie ab"},"content":{"rendered":"<p>De Take Off is ein ontwerp van <a href=\"https:\/\/www.alfredo-haeberli.com\/work\/seating\/10-94\/take_off\" target=\"_blank\" rel=\"noopener\">Alfredo H\u00e4berli<\/a> f\u00fcr die Marke Moroso. Dieser atemberaubende Sessel ist die Designentwicklung des Berg\u00e8re Chair. Die runde Sitzfl\u00e4che ist eine Kokon f\u00fcr den K\u00f6rper und die komplizierte Art der schlanken Stahlbeine verleiht dem Stuhl ein futuristisches Aussehen. Dies <a href=\"https:\/\/theresales.nl\/de\/produktkategorie\/stuhle\/\" target=\"_blank\" rel=\"noopener\">Designstuhl<\/a> ist ideal f\u00fcr das B\u00fcro, Wartezimmer oder als Statement-St\u00fcck und wird garantiert die Aufmerksamkeit auf sich ziehen.<\/p>","protected":false},"excerpt":{"rendered":"<p><strong>Abmessungen<br \/>\n<\/strong>Breite: 60 cm<br \/>\nH\u00f6he: 74 cm<br \/>\nTiefe: 54 cm<br \/>\nSitzh\u00f6he: 46 cm<\/p>\n<p><strong>Farbe<\/strong> Braun<\/p>\n<p><strong>Material<\/strong> Leere<\/p>","protected":false},"featured_media":13092,"template":"","meta":{"_acf_changed":false},"product_brand":[],"product_cat":[34],"product_tag":[275],"ontwerper":[],"class_list":{"0":"post-5127","1":"product","2":"type-product","3":"status-publish","4":"has-post-thumbnail","6":"product_cat-stoelen","7":"product_tag-moroso","9":"first","10":"instock","11":"shipping-taxable","12":"purchasable","13":"product-type-simple"},"acf":[],"yoast_head":"<!-- This site is optimized with the Yoast SEO plugin v27.5 - https:\/\/yoast.com\/product\/yoast-seo-wordpress\/ -->\n<title>Moroso Take Off - TheReSales<\/title>\n<meta name=\"description\" content=\"De Take Off is een ontwerp van Alfredo H\u00e4berli voor het merk Moroso. Deze prachtige fauteuil is de designontwikkeling van de Berg\u00e8re Chair.\" \/>\n<meta name=\"robots\" content=\"index, follow, max-snippet:-1, max-image-preview:large, max-video-preview:-1\" \/>\n<link rel=\"canonical\" href=\"https:\/\/theresales.nl\/de\/produkt\/moroso-abheben\/\" \/>\n<meta property=\"og:locale\" content=\"de_DE\" \/>\n<meta property=\"og:type\" content=\"article\" \/>\n<meta property=\"og:title\" content=\"Moroso Take Off - TheReSales\" \/>\n<meta property=\"og:description\" content=\"De Take Off is een ontwerp van Alfredo H\u00e4berli voor het merk Moroso. Deze prachtige fauteuil is de designontwikkeling van de Berg\u00e8re Chair.\" \/>\n<meta property=\"og:url\" content=\"https:\/\/theresales.nl\/de\/produkt\/moroso-abheben\/\" \/>\n<meta property=\"og:site_name\" content=\"TheReSales\" \/>\n<meta property=\"article:publisher\" content=\"https:\/\/www.facebook.com\/theresales.nl\" \/>\n<meta property=\"article:modified_time\" content=\"2024-11-01T09:42:38+00:00\" \/>\n<meta property=\"og:image\" content=\"https:\/\/theresales.nl\/wp-content\/uploads\/2022\/09\/20221006_085124052_iOS.jpg\" \/>\n\t<meta property=\"og:image:width\" content=\"1200\" \/>\n\t<meta property=\"og:image:height\" content=\"900\" \/>\n\t<meta property=\"og:image:type\" content=\"image\/jpeg\" \/>\n<meta name=\"twitter:card\" content=\"summary_large_image\" \/>\n<meta name=\"twitter:label1\" content=\"Gesch\u00e4tzte Lesezeit\" \/>\n\t<meta name=\"twitter:data1\" content=\"1\u00a0Minute\" \/>\n<!-- \/ Yoast SEO plugin. -->","yoast_head_json":{"title":"Moroso Take Off - TheReSales","description":"Der Take Off ist ein Entwurf von Alfredo H\u00e4berli f\u00fcr die Marke Moroso. Dieser wundersch\u00f6ne Sessel ist die Designentwicklung des Berg\u00e8re Chair.","robots":{"index":"index","follow":"follow","max-snippet":"max-snippet:-1","max-image-preview":"max-image-preview:large","max-video-preview":"max-video-preview:-1"},"canonical":"https:\/\/theresales.nl\/de\/produkt\/moroso-abheben\/","og_locale":"de_DE","og_type":"article","og_title":"Moroso Take Off - TheReSales","og_description":"De Take Off is een ontwerp van Alfredo H\u00e4berli voor het merk Moroso. Deze prachtige fauteuil is de designontwikkeling van de Berg\u00e8re Chair.","og_url":"https:\/\/theresales.nl\/de\/produkt\/moroso-abheben\/","og_site_name":"TheReSales","article_publisher":"https:\/\/www.facebook.com\/theresales.nl","article_modified_time":"2024-11-01T09:42:38+00:00","og_image":[{"width":1200,"height":900,"url":"https:\/\/theresales.nl\/wp-content\/uploads\/2022\/09\/20221006_085124052_iOS.jpg","type":"image\/jpeg"}],"twitter_card":"summary_large_image","twitter_misc":{"Gesch\u00e4tzte Lesezeit":"1\u00a0Minute"},"schema":{"@context":"https:\/\/schema.org","@graph":[{"@type":"WebPage","@id":"https:\/\/theresales.nl\/product\/moroso-take-off\/","url":"https:\/\/theresales.nl\/product\/moroso-take-off\/","name":"Moroso Take Off - TheReSales","isPartOf":{"@id":"https:\/\/theresales.nl\/#website"},"primaryImageOfPage":{"@id":"https:\/\/theresales.nl\/product\/moroso-take-off\/#primaryimage"},"image":{"@id":"https:\/\/theresales.nl\/product\/moroso-take-off\/#primaryimage"},"thumbnailUrl":"https:\/\/theresales.nl\/wp-content\/uploads\/2022\/09\/20221006_085124052_iOS.jpg","datePublished":"2022-09-08T17:34:54+00:00","dateModified":"2024-11-01T09:42:38+00:00","description":"Der Take Off ist ein Entwurf von Alfredo H\u00e4berli f\u00fcr die Marke Moroso. Dieser wundersch\u00f6ne Sessel ist die Designentwicklung des Berg\u00e8re Chair.","breadcrumb":{"@id":"https:\/\/theresales.nl\/product\/moroso-take-off\/#breadcrumb"},"inLanguage":"de","potentialAction":[{"@type":"ReadAction","target":["https:\/\/theresales.nl\/product\/moroso-take-off\/"]}]},{"@type":"ImageObject","inLanguage":"de","@id":"https:\/\/theresales.nl\/product\/moroso-take-off\/#primaryimage","url":"https:\/\/theresales.nl\/wp-content\/uploads\/2022\/09\/20221006_085124052_iOS.jpg","contentUrl":"https:\/\/theresales.nl\/wp-content\/uploads\/2022\/09\/20221006_085124052_iOS.jpg","width":1200,"height":900,"caption":"Stoel-Moroso-Take-Off-TheReSales"},{"@type":"BreadcrumbList","@id":"https:\/\/theresales.nl\/product\/moroso-take-off\/#breadcrumb","itemListElement":[{"@type":"ListItem","position":1,"name":"Home","item":"https:\/\/theresales.nl\/"},{"@type":"ListItem","position":2,"name":"Collectie","item":"https:\/\/theresales.nl\/collectie\/"},{"@type":"ListItem","position":3,"name":"Moroso Take Off"}]},{"@type":"WebSite","@id":"https:\/\/theresales.nl\/#website","url":"https:\/\/theresales.nl\/","name":"TheReSales","description":"Tweedehands Design Meubelen","publisher":{"@id":"https:\/\/theresales.nl\/#organization"},"potentialAction":[{"@type":"SearchAction","target":{"@type":"EntryPoint","urlTemplate":"https:\/\/theresales.nl\/?s={search_term_string}"},"query-input":{"@type":"PropertyValueSpecification","valueRequired":true,"valueName":"search_term_string"}}],"inLanguage":"de"},{"@type":"Organization","@id":"https:\/\/theresales.nl\/#organization","name":"TheReSales","url":"https:\/\/theresales.nl\/","logo":{"@type":"ImageObject","inLanguage":"de","@id":"https:\/\/theresales.nl\/#\/schema\/logo\/image\/","url":"https:\/\/theresales.nl\/wp-content\/uploads\/2026\/04\/Logo-TheReSales.png","contentUrl":"https:\/\/theresales.nl\/wp-content\/uploads\/2026\/04\/Logo-TheReSales.png","width":1200,"height":304,"caption":"TheReSales"},"image":{"@id":"https:\/\/theresales.nl\/#\/schema\/logo\/image\/"},"sameAs":["https:\/\/www.facebook.com\/theresales.nl","https:\/\/www.instagram.com\/_theresales_\/","https:\/\/nl.pinterest.com\/theresalesgroningen\/","https:\/\/www.linkedin.com\/company\/theresales\/"]}]}},"_links":{"self":[{"href":"https:\/\/theresales.nl\/de\/wp-json\/wp\/v2\/product\/5127","targetHints":{"allow":["GET"]}}],"collection":[{"href":"https:\/\/theresales.nl\/de\/wp-json\/wp\/v2\/product"}],"about":[{"href":"https:\/\/theresales.nl\/de\/wp-json\/wp\/v2\/types\/product"}],"wp:featuredmedia":[{"embeddable":true,"href":"https:\/\/theresales.nl\/de\/wp-json\/wp\/v2\/media\/13092"}],"wp:attachment":[{"href":"https:\/\/theresales.nl\/de\/wp-json\/wp\/v2\/media?parent=5127"}],"wp:term":[{"taxonomy":"product_brand","embeddable":true,"href":"https:\/\/theresales.nl\/de\/wp-json\/wp\/v2\/product_brand?post=5127"},{"taxonomy":"product_cat","embeddable":true,"href":"https:\/\/theresales.nl\/de\/wp-json\/wp\/v2\/product_cat?post=5127"},{"taxonomy":"product_tag","embeddable":true,"href":"https:\/\/theresales.nl\/de\/wp-json\/wp\/v2\/product_tag?post=5127"},{"taxonomy":"ontwerper","embeddable":true,"href":"https:\/\/theresales.nl\/de\/wp-json\/wp\/v2\/ontwerper?post=5127"}],"curies":[{"name":"wp","href":"https:\/\/api.w.org\/{rel}","templated":true}]}}