{"id":51214,"date":"2026-04-24T15:58:15","date_gmt":"2026-04-24T13:58:15","guid":{"rendered":"https:\/\/theresales.nl\/?post_type=product&#038;p=51214"},"modified":"2026-04-24T16:48:27","modified_gmt":"2026-04-24T14:48:27","slug":"gaetano-pesce-dreifachspiel","status":"publish","type":"product","link":"https:\/\/theresales.nl\/de\/product\/gaetano-pesce-triple-play\/","title":{"rendered":"Gaetano Pesce Dreifaches Spiel"},"content":{"rendered":"<p data-path-to-node=\"3\">Deutsch <a href=\"https:\/\/www.instagram.com\/gaetano.pesce\/\">Gaetano Pesce<\/a> Triple Play ist ein originelles Design des weltber\u00fchmten italienischen Architekten und Designers <b data-path-to-node=\"4\" data-index-in-node=\"109\">Gaetano Pesce<\/b>. Das Objekt ist Teil des begehrten <b data-path-to-node=\"4\" data-index-in-node=\"165\">Triple Play-Serie<\/b>, hergestellt von <b data-path-to-node=\"4\" data-index-in-node=\"202\">Fischdesign<\/b>. Pesce ist bekannt f\u00fcr seinen Widerstand gegen Massenproduktion; jede <a href=\"https:\/\/theresales.nl\/de\/sammlung\/\">Exemplar<\/a> ist handgegossen, wodurch dies ein einzigartiges <i data-path-to-node=\"4\" data-index-in-node=\"332\">unikat<\/i> ist innerhalb der zeitgen\u00f6ssischen Kunstgeschichte.<\/p>\r\n<p data-path-to-node=\"6\">Die Tischplatte des Gaetano Pesce Triple Play ist aus hochwertigem, <b data-path-to-node=\"6\" data-index-in-node=\"47\">hartes Polyurethan Harz (starres Harz)<\/b>. In dem Blatt ist ein abstraktes, anthropomorphes Gesicht eingearbeitet \u2013 ein Signaturthema von Pesce \u2013 ausgef\u00fchrt in einem tiefblauen und schwarzen Farbkontrast.<\/p>\r\n<p data-path-to-node=\"7\">Das Fahrgestell zeugt von technischem Erfindungsreichtum: Die Beine bestehen aus geb\u00fcndelten Stangen von <b data-path-to-node=\"7\" data-index-in-node=\"89\">rostfreier Stahl (Edelstahl)<\/b>, die an der Unterseite durch organisch geformte, schwarze Harzf\u00fc\u00dfe fixiert werden. Diese Konstruktion bietet die perfekte Balance zwischen industrieller St\u00e4rke und k\u00fcnstlerischer Freiheit.<\/p>\r\n<p data-path-to-node=\"7\">Produkte von Fish Design von Gaetano Pesce sind weltweit in f\u00fchrenden Museumssammlungen wie dem enthalten. <b data-path-to-node=\"11\" data-index-in-node=\"116\">Museum of Modern Art<\/b> und das <b data-path-to-node=\"11\" data-index-in-node=\"128\">Victoria und Albert Museum<\/b>. Die Triple Play-Serie ist ein wesentlicher Bestandteil von Pesces sp\u00e4terer Karriere (ca. 2018), in der er die Grenzen zwischen Gebrauchsgegenstand und Skulptur vollst\u00e4ndig verwischt.<\/p>","protected":false},"excerpt":{"rendered":"<p><strong>Abmessungen<\/strong><br \/>Durchmesser: 40 cm<br \/>H\u00f6he: 25 cm<\/p>\n<p><strong>Farbe<\/strong>Blau<br \/><strong><br \/>Material<\/strong>Blatt<b data-path-to-node=\"3,4,0\" data-index-in-node=\"13\">:<\/b> Gegossenes hartes Polyurethanharz<i data-path-to-node=\"3,4,0\" data-index-in-node=\"51\">Hart Harz<\/i>. Ausgef\u00fchrt mit einer figurativen \u201cGesichts\u201d-Komposition durch Farb-Injektion in die Form.<\/p>","protected":false},"featured_media":51215,"template":"","meta":{"_acf_changed":false},"product_brand":[],"product_cat":[47,46],"product_tag":[1009],"ontwerper":[],"class_list":{"0":"post-51214","1":"product","2":"type-product","3":"status-publish","4":"has-post-thumbnail","6":"product_cat-bijzettafels","7":"product_cat-tafels","8":"product_tag-gaetano-pesce","10":"first","11":"instock","12":"shipping-taxable","13":"purchasable","14":"product-type-simple"},"acf":[],"yoast_head":"<!-- This site is optimized with the Yoast SEO plugin v27.5 - https:\/\/yoast.com\/product\/yoast-seo-wordpress\/ -->\n<title>Gaetano Pesce Triple Play - TheReSales<\/title>\n<meta name=\"description\" content=\"Originele Gaetano Pesce Triple Play bijzetstafel van Fish Design. Uniek handgegoten hars met gezichtsontwerp. Inclusief BTW &amp; snelle verzending.\" \/>\n<meta name=\"robots\" content=\"index, follow, max-snippet:-1, max-image-preview:large, max-video-preview:-1\" \/>\n<link rel=\"canonical\" href=\"https:\/\/theresales.nl\/de\/produkt\/gaetano-pesce-dreifachspiel\/\" \/>\n<meta property=\"og:locale\" content=\"de_DE\" \/>\n<meta property=\"og:type\" content=\"article\" \/>\n<meta property=\"og:title\" content=\"Gaetano Pesce Triple Play - TheReSales\" \/>\n<meta property=\"og:description\" content=\"Originele Gaetano Pesce Triple Play bijzetstafel van Fish Design. Uniek handgegoten hars met gezichtsontwerp. Inclusief BTW &amp; snelle verzending.\" \/>\n<meta property=\"og:url\" content=\"https:\/\/theresales.nl\/de\/produkt\/gaetano-pesce-dreifachspiel\/\" \/>\n<meta property=\"og:site_name\" content=\"TheReSales\" \/>\n<meta property=\"article:publisher\" content=\"https:\/\/www.facebook.com\/theresales.nl\" \/>\n<meta property=\"article:modified_time\" content=\"2026-04-24T14:48:27+00:00\" \/>\n<meta property=\"og:image\" content=\"https:\/\/theresales.nl\/wp-content\/uploads\/2026\/04\/gaetano-pesce.jpg\" \/>\n\t<meta property=\"og:image:width\" content=\"1200\" \/>\n\t<meta property=\"og:image:height\" content=\"900\" \/>\n\t<meta property=\"og:image:type\" content=\"image\/jpeg\" \/>\n<meta name=\"twitter:card\" content=\"summary_large_image\" \/>\n<meta name=\"twitter:label1\" content=\"Gesch\u00e4tzte Lesezeit\" \/>\n\t<meta name=\"twitter:data1\" content=\"2\u00a0Minuten\" \/>\n<!-- \/ Yoast SEO plugin. -->","yoast_head_json":{"title":"Gaetano Pesce Dreifachspiel - TheReSales","description":"Originele Gaetano Pesce Triple Play Beistelltisch von Fish Design. Einzigartiges handgegossenes Harz mit Gesichtsdesign. Inklusive Mehrwertsteuer &amp; schneller Versand.","robots":{"index":"index","follow":"follow","max-snippet":"max-snippet:-1","max-image-preview":"max-image-preview:large","max-video-preview":"max-video-preview:-1"},"canonical":"https:\/\/theresales.nl\/de\/produkt\/gaetano-pesce-dreifachspiel\/","og_locale":"de_DE","og_type":"article","og_title":"Gaetano Pesce Triple Play - TheReSales","og_description":"Originele Gaetano Pesce Triple Play bijzetstafel van Fish Design. Uniek handgegoten hars met gezichtsontwerp. Inclusief BTW & snelle verzending.","og_url":"https:\/\/theresales.nl\/de\/produkt\/gaetano-pesce-dreifachspiel\/","og_site_name":"TheReSales","article_publisher":"https:\/\/www.facebook.com\/theresales.nl","article_modified_time":"2026-04-24T14:48:27+00:00","og_image":[{"width":1200,"height":900,"url":"https:\/\/theresales.nl\/wp-content\/uploads\/2026\/04\/gaetano-pesce.jpg","type":"image\/jpeg"}],"twitter_card":"summary_large_image","twitter_misc":{"Gesch\u00e4tzte Lesezeit":"2\u00a0Minuten"},"schema":{"@context":"https:\/\/schema.org","@graph":[{"@type":"WebPage","@id":"https:\/\/theresales.nl\/product\/gaetano-pesce-triple-play\/","url":"https:\/\/theresales.nl\/product\/gaetano-pesce-triple-play\/","name":"Gaetano Pesce Dreifachspiel - TheReSales","isPartOf":{"@id":"https:\/\/theresales.nl\/#website"},"primaryImageOfPage":{"@id":"https:\/\/theresales.nl\/product\/gaetano-pesce-triple-play\/#primaryimage"},"image":{"@id":"https:\/\/theresales.nl\/product\/gaetano-pesce-triple-play\/#primaryimage"},"thumbnailUrl":"https:\/\/theresales.nl\/wp-content\/uploads\/2026\/04\/gaetano-pesce.jpg","datePublished":"2026-04-24T13:58:15+00:00","dateModified":"2026-04-24T14:48:27+00:00","description":"Originele Gaetano Pesce Triple Play Beistelltisch von Fish Design. Einzigartiges handgegossenes Harz mit Gesichtsdesign. Inklusive Mehrwertsteuer &amp; schneller Versand.","breadcrumb":{"@id":"https:\/\/theresales.nl\/product\/gaetano-pesce-triple-play\/#breadcrumb"},"inLanguage":"de","potentialAction":[{"@type":"ReadAction","target":["https:\/\/theresales.nl\/product\/gaetano-pesce-triple-play\/"]}]},{"@type":"ImageObject","inLanguage":"de","@id":"https:\/\/theresales.nl\/product\/gaetano-pesce-triple-play\/#primaryimage","url":"https:\/\/theresales.nl\/wp-content\/uploads\/2026\/04\/gaetano-pesce.jpg","contentUrl":"https:\/\/theresales.nl\/wp-content\/uploads\/2026\/04\/gaetano-pesce.jpg","width":1200,"height":900,"caption":"gaetano-pesce-triple-play-theresales"},{"@type":"BreadcrumbList","@id":"https:\/\/theresales.nl\/product\/gaetano-pesce-triple-play\/#breadcrumb","itemListElement":[{"@type":"ListItem","position":1,"name":"Home","item":"https:\/\/theresales.nl\/"},{"@type":"ListItem","position":2,"name":"Collectie","item":"https:\/\/theresales.nl\/collectie\/"},{"@type":"ListItem","position":3,"name":"Gaetano Pesce Triple Play"}]},{"@type":"WebSite","@id":"https:\/\/theresales.nl\/#website","url":"https:\/\/theresales.nl\/","name":"TheReSales","description":"Tweedehands Design Meubelen","publisher":{"@id":"https:\/\/theresales.nl\/#organization"},"potentialAction":[{"@type":"SearchAction","target":{"@type":"EntryPoint","urlTemplate":"https:\/\/theresales.nl\/?s={search_term_string}"},"query-input":{"@type":"PropertyValueSpecification","valueRequired":true,"valueName":"search_term_string"}}],"inLanguage":"de"},{"@type":"Organization","@id":"https:\/\/theresales.nl\/#organization","name":"TheReSales","url":"https:\/\/theresales.nl\/","logo":{"@type":"ImageObject","inLanguage":"de","@id":"https:\/\/theresales.nl\/#\/schema\/logo\/image\/","url":"https:\/\/theresales.nl\/wp-content\/uploads\/2026\/04\/Logo-TheReSales.png","contentUrl":"https:\/\/theresales.nl\/wp-content\/uploads\/2026\/04\/Logo-TheReSales.png","width":1200,"height":304,"caption":"TheReSales"},"image":{"@id":"https:\/\/theresales.nl\/#\/schema\/logo\/image\/"},"sameAs":["https:\/\/www.facebook.com\/theresales.nl","https:\/\/www.instagram.com\/_theresales_\/","https:\/\/nl.pinterest.com\/theresalesgroningen\/","https:\/\/www.linkedin.com\/company\/theresales\/"]}]}},"_links":{"self":[{"href":"https:\/\/theresales.nl\/de\/wp-json\/wp\/v2\/product\/51214","targetHints":{"allow":["GET"]}}],"collection":[{"href":"https:\/\/theresales.nl\/de\/wp-json\/wp\/v2\/product"}],"about":[{"href":"https:\/\/theresales.nl\/de\/wp-json\/wp\/v2\/types\/product"}],"wp:featuredmedia":[{"embeddable":true,"href":"https:\/\/theresales.nl\/de\/wp-json\/wp\/v2\/media\/51215"}],"wp:attachment":[{"href":"https:\/\/theresales.nl\/de\/wp-json\/wp\/v2\/media?parent=51214"}],"wp:term":[{"taxonomy":"product_brand","embeddable":true,"href":"https:\/\/theresales.nl\/de\/wp-json\/wp\/v2\/product_brand?post=51214"},{"taxonomy":"product_cat","embeddable":true,"href":"https:\/\/theresales.nl\/de\/wp-json\/wp\/v2\/product_cat?post=51214"},{"taxonomy":"product_tag","embeddable":true,"href":"https:\/\/theresales.nl\/de\/wp-json\/wp\/v2\/product_tag?post=51214"},{"taxonomy":"ontwerper","embeddable":true,"href":"https:\/\/theresales.nl\/de\/wp-json\/wp\/v2\/ontwerper?post=51214"}],"curies":[{"name":"wp","href":"https:\/\/api.w.org\/{rel}","templated":true}]}}