{"id":51188,"date":"2026-04-24T14:34:15","date_gmt":"2026-04-24T12:34:15","guid":{"rendered":"https:\/\/theresales.nl\/?post_type=product&#038;p=51188"},"modified":"2026-04-24T14:57:59","modified_gmt":"2026-04-24T12:57:59","slug":"niemand-hydra","status":"publish","type":"product","link":"https:\/\/theresales.nl\/de\/product\/nemo-hydra\/","title":{"rendered":"Nemo Hydra"},"content":{"rendered":"<p data-path-to-node=\"3\">Mit diesem <b data-path-to-node=\"3\" data-index-in-node=\"9\">Hydra Deckenlampe \u2013 Carlo Forcolini f\u00fcr Nemo<\/b> holen Sie sich ein technisches Meisterwerk italienischen Designs ins Haus. Die Lampe, entworfen von <a href=\"https:\/\/www.whoppah.com\/nl\/designers\/forcolini\">Carlo Forcolini<\/a> Voor Nemo Italianaluce, staat bekend om zijn enorme flexibiliteit; hij kan in vrijwel alle richtingen worden gedraaid. Dankzij de brede lichtbundel biedt de <a href=\"https:\/\/theresales.nl\/de\/produktkategorie\/lampen\/\">Lampe<\/a> ein hoher visueller Komfort, was die Hydra Soffitto \u00e4u\u00dferst geeignet macht f\u00fcr das gezielte Beleuchten eines Esstisches oder Arbeitsplatzes.<\/p>\n<p data-path-to-node=\"4\">Deutsch <b data-path-to-node=\"4\" data-index-in-node=\"3\">Hydra Deckenlampe \u2013 Carlo Forcolini f\u00fcr Nemo<\/b> wird aus hochwertigen Materialien gefertigt, mit einem Arm aus schwarzer Kohlefaser (Carbon Fiber) und verchromten Scharnieren. Der Diffusor und die Deckenhalterung sind aus eloxiertem Aluminium gefertigt, was der Lampe ein modernes und industrielles Aussehen verleiht. Das Objekt befindet sich in einem guten Vintage-Zustand mit leichten Gebrauchsspuren, die dem Alter entsprechen. Ein funktionales und stilvolles Statement f\u00fcr jedes Designinterieur.<\/p>","protected":false},"excerpt":{"rendered":"<p><strong>Abmessungen<\/strong><br \/>\n75 cm (Decke bis Scharnier), 190 cm (Scharnier bis Haube)<\/p>\n<p><strong>Farbe<\/strong> Schwarz, Silber<\/p>\n<p><strong>Material<\/strong> Kohlefaser (Carbon), Aluminium und Chrom<\/p>","protected":false},"featured_media":51189,"template":"","meta":{"_acf_changed":false},"product_brand":[],"product_cat":[40,35],"product_tag":[817],"ontwerper":[],"class_list":{"0":"post-51188","1":"product","2":"type-product","3":"status-publish","4":"has-post-thumbnail","6":"product_cat-hanglampen","7":"product_cat-lampen","8":"product_tag-nemo","10":"first","11":"instock","12":"shipping-taxable","13":"purchasable","14":"product-type-simple"},"acf":[],"yoast_head":"<!-- This site is optimized with the Yoast SEO plugin v27.5 - https:\/\/yoast.com\/product\/yoast-seo-wordpress\/ -->\n<title>Nemo Hydra - TheReSales %<\/title>\n<meta name=\"description\" content=\"Hydra Plafondlamp \u2013 Carlo Forcolini voor Nemo. Een flexibele Italiaanse designlamp van carbon fiber en aluminium. In goede staat voor boven de tafel.\" \/>\n<meta name=\"robots\" content=\"index, follow, max-snippet:-1, max-image-preview:large, max-video-preview:-1\" \/>\n<link rel=\"canonical\" href=\"https:\/\/theresales.nl\/de\/produkt\/niemand-hydra\/\" \/>\n<meta property=\"og:locale\" content=\"de_DE\" \/>\n<meta property=\"og:type\" content=\"article\" \/>\n<meta property=\"og:title\" content=\"Nemo Hydra - TheReSales %\" \/>\n<meta property=\"og:description\" content=\"Hydra Plafondlamp \u2013 Carlo Forcolini voor Nemo. Een flexibele Italiaanse designlamp van carbon fiber en aluminium. In goede staat voor boven de tafel.\" \/>\n<meta property=\"og:url\" content=\"https:\/\/theresales.nl\/de\/produkt\/niemand-hydra\/\" \/>\n<meta property=\"og:site_name\" content=\"TheReSales\" \/>\n<meta property=\"article:publisher\" content=\"https:\/\/www.facebook.com\/theresales.nl\" \/>\n<meta property=\"article:modified_time\" content=\"2026-04-24T12:57:59+00:00\" \/>\n<meta property=\"og:image\" content=\"https:\/\/theresales.nl\/wp-content\/uploads\/2026\/04\/hanglamp.jpg\" \/>\n\t<meta property=\"og:image:width\" content=\"1200\" \/>\n\t<meta property=\"og:image:height\" content=\"900\" \/>\n\t<meta property=\"og:image:type\" content=\"image\/jpeg\" \/>\n<meta name=\"twitter:card\" content=\"summary_large_image\" \/>\n<meta name=\"twitter:label1\" content=\"Gesch\u00e4tzte Lesezeit\" \/>\n\t<meta name=\"twitter:data1\" content=\"1\u00a0Minute\" \/>\n<!-- \/ Yoast SEO plugin. -->","yoast_head_json":{"title":"Nemo Hydra - TheReSales %","description":"Hydra Deckenleuchte \u2013 Carlo Forcolini f\u00fcr Nemo. Eine flexible italienische Designleuchte aus Kohlefaser und Aluminium. In gutem Zustand f\u00fcr \u00fcber dem Tisch.","robots":{"index":"index","follow":"follow","max-snippet":"max-snippet:-1","max-image-preview":"max-image-preview:large","max-video-preview":"max-video-preview:-1"},"canonical":"https:\/\/theresales.nl\/de\/produkt\/niemand-hydra\/","og_locale":"de_DE","og_type":"article","og_title":"Nemo Hydra - TheReSales %","og_description":"Hydra Plafondlamp \u2013 Carlo Forcolini voor Nemo. Een flexibele Italiaanse designlamp van carbon fiber en aluminium. In goede staat voor boven de tafel.","og_url":"https:\/\/theresales.nl\/de\/produkt\/niemand-hydra\/","og_site_name":"TheReSales","article_publisher":"https:\/\/www.facebook.com\/theresales.nl","article_modified_time":"2026-04-24T12:57:59+00:00","og_image":[{"width":1200,"height":900,"url":"https:\/\/theresales.nl\/wp-content\/uploads\/2026\/04\/hanglamp.jpg","type":"image\/jpeg"}],"twitter_card":"summary_large_image","twitter_misc":{"Gesch\u00e4tzte Lesezeit":"1\u00a0Minute"},"schema":{"@context":"https:\/\/schema.org","@graph":[{"@type":"WebPage","@id":"https:\/\/theresales.nl\/product\/nemo-hydra\/","url":"https:\/\/theresales.nl\/product\/nemo-hydra\/","name":"Nemo Hydra - TheReSales %","isPartOf":{"@id":"https:\/\/theresales.nl\/#website"},"primaryImageOfPage":{"@id":"https:\/\/theresales.nl\/product\/nemo-hydra\/#primaryimage"},"image":{"@id":"https:\/\/theresales.nl\/product\/nemo-hydra\/#primaryimage"},"thumbnailUrl":"https:\/\/theresales.nl\/wp-content\/uploads\/2026\/04\/hanglamp.jpg","datePublished":"2026-04-24T12:34:15+00:00","dateModified":"2026-04-24T12:57:59+00:00","description":"Hydra Deckenleuchte \u2013 Carlo Forcolini f\u00fcr Nemo. Eine flexible italienische Designleuchte aus Kohlefaser und Aluminium. In gutem Zustand f\u00fcr \u00fcber dem Tisch.","breadcrumb":{"@id":"https:\/\/theresales.nl\/product\/nemo-hydra\/#breadcrumb"},"inLanguage":"de","potentialAction":[{"@type":"ReadAction","target":["https:\/\/theresales.nl\/product\/nemo-hydra\/"]}]},{"@type":"ImageObject","inLanguage":"de","@id":"https:\/\/theresales.nl\/product\/nemo-hydra\/#primaryimage","url":"https:\/\/theresales.nl\/wp-content\/uploads\/2026\/04\/hanglamp.jpg","contentUrl":"https:\/\/theresales.nl\/wp-content\/uploads\/2026\/04\/hanglamp.jpg","width":1200,"height":900,"caption":"Nemo-Hydra-theresales"},{"@type":"BreadcrumbList","@id":"https:\/\/theresales.nl\/product\/nemo-hydra\/#breadcrumb","itemListElement":[{"@type":"ListItem","position":1,"name":"Home","item":"https:\/\/theresales.nl\/"},{"@type":"ListItem","position":2,"name":"Collectie","item":"https:\/\/theresales.nl\/collectie\/"},{"@type":"ListItem","position":3,"name":"Nemo Hydra"}]},{"@type":"WebSite","@id":"https:\/\/theresales.nl\/#website","url":"https:\/\/theresales.nl\/","name":"TheReSales","description":"Tweedehands Design Meubelen","publisher":{"@id":"https:\/\/theresales.nl\/#organization"},"potentialAction":[{"@type":"SearchAction","target":{"@type":"EntryPoint","urlTemplate":"https:\/\/theresales.nl\/?s={search_term_string}"},"query-input":{"@type":"PropertyValueSpecification","valueRequired":true,"valueName":"search_term_string"}}],"inLanguage":"de"},{"@type":"Organization","@id":"https:\/\/theresales.nl\/#organization","name":"TheReSales","url":"https:\/\/theresales.nl\/","logo":{"@type":"ImageObject","inLanguage":"de","@id":"https:\/\/theresales.nl\/#\/schema\/logo\/image\/","url":"https:\/\/theresales.nl\/wp-content\/uploads\/2026\/04\/Logo-TheReSales.png","contentUrl":"https:\/\/theresales.nl\/wp-content\/uploads\/2026\/04\/Logo-TheReSales.png","width":1200,"height":304,"caption":"TheReSales"},"image":{"@id":"https:\/\/theresales.nl\/#\/schema\/logo\/image\/"},"sameAs":["https:\/\/www.facebook.com\/theresales.nl","https:\/\/www.instagram.com\/_theresales_\/","https:\/\/nl.pinterest.com\/theresalesgroningen\/","https:\/\/www.linkedin.com\/company\/theresales\/"]}]}},"_links":{"self":[{"href":"https:\/\/theresales.nl\/de\/wp-json\/wp\/v2\/product\/51188","targetHints":{"allow":["GET"]}}],"collection":[{"href":"https:\/\/theresales.nl\/de\/wp-json\/wp\/v2\/product"}],"about":[{"href":"https:\/\/theresales.nl\/de\/wp-json\/wp\/v2\/types\/product"}],"wp:featuredmedia":[{"embeddable":true,"href":"https:\/\/theresales.nl\/de\/wp-json\/wp\/v2\/media\/51189"}],"wp:attachment":[{"href":"https:\/\/theresales.nl\/de\/wp-json\/wp\/v2\/media?parent=51188"}],"wp:term":[{"taxonomy":"product_brand","embeddable":true,"href":"https:\/\/theresales.nl\/de\/wp-json\/wp\/v2\/product_brand?post=51188"},{"taxonomy":"product_cat","embeddable":true,"href":"https:\/\/theresales.nl\/de\/wp-json\/wp\/v2\/product_cat?post=51188"},{"taxonomy":"product_tag","embeddable":true,"href":"https:\/\/theresales.nl\/de\/wp-json\/wp\/v2\/product_tag?post=51188"},{"taxonomy":"ontwerper","embeddable":true,"href":"https:\/\/theresales.nl\/de\/wp-json\/wp\/v2\/ontwerper?post=51188"}],"curies":[{"name":"wp","href":"https:\/\/api.w.org\/{rel}","templated":true}]}}