{"id":51185,"date":"2026-04-24T12:59:43","date_gmt":"2026-04-24T10:59:43","guid":{"rendered":"https:\/\/theresales.nl\/?post_type=product&#038;p=51185"},"modified":"2026-04-24T13:13:44","modified_gmt":"2026-04-24T11:13:44","slug":"hollandische-teppiche-oberon-kaffee-groot","status":"publish","type":"product","link":"https:\/\/theresales.nl\/de\/product\/dutch-carpets-oberon-coffee-groot\/","title":{"rendered":"Dutch Carpets Oberon Kaffee gro\u00df"},"content":{"rendered":"<p data-path-to-node=\"3\">Mit diesem <b data-path-to-node=\"3\" data-index-in-node=\"8\">Dutch Carpets Oberon Kaffee gro\u00df<\/b> Holen Sie sich ein wundersch\u00f6nes St\u00fcck niederl\u00e4ndischen Designs in Ihr Zuhause. Das <a href=\"https:\/\/theresales.nl\/de\/produktkategorie\/karpetten\/\">Teppich<\/a>, Model Oberon, f\u00e4llt sofort durch seine tiefe, warme kaffeebraune Farbe und die luxuri\u00f6se, hochflorige Struktur auf. Es ist aus% reiner Wolle gefertigt, was f\u00fcr ein weiches Gef\u00fchl an den F\u00fc\u00dfen, ein nat\u00fcrliches Aussehen und hervorragende isolierende Eigenschaften sorgt. Dieses gro\u00dfe Format von 300 x 200 cm ist perfekt, um eine Sitzecke zu definieren und W\u00e4rme in den Raum zu bringen.<\/p>\n<p data-path-to-node=\"4\">Dies <b data-path-to-node=\"4\" data-index-in-node=\"4\">Dutch Carpets Oberon Kaffee gro\u00df<\/b> ist ein echter Stimmungsaufheller, der Komfort und Stil in jedem Interieur vereint. Der volle Wollflor verleiht dem Teppich eine reiche Textur, die zur Entspannung einl\u00e4dt. Das Objekt befindet sich in einem ausgezeichneten Zustand und ist eine nachhaltige Wahl f\u00fcr alle, die Qualit\u00e4t und einen zeitlosen, nat\u00fcrlichen Look in ihrem Zuhause lieben.<\/p>","protected":false},"excerpt":{"rendered":"<p><strong>Abmessungen<\/strong><br \/>\nBreite: 300 cm<br \/>\nTiefe: 200 cm<\/p>\n<p><strong>Farbe<\/strong>Kaffee<\/p>\n<p><strong>Material<\/strong>: Wolke<\/p>","protected":false},"featured_media":51186,"template":"","meta":{"_acf_changed":false},"product_brand":[],"product_cat":[128],"product_tag":[475],"ontwerper":[],"class_list":{"0":"post-51185","1":"product","2":"type-product","3":"status-publish","4":"has-post-thumbnail","6":"product_cat-karpetten","7":"product_tag-dutch-carpets","9":"first","10":"instock","11":"shipping-taxable","12":"purchasable","13":"product-type-simple"},"acf":[],"yoast_head":"<!-- This site is optimized with the Yoast SEO plugin v27.5 - https:\/\/yoast.com\/product\/yoast-seo-wordpress\/ -->\n<title>Dutch Carpets Oberon Coffee groot - TheReSales<\/title>\n<meta name=\"description\" content=\"Dit Coffee groot karpet is afkomstig uit de Oberon collectie van het merk Dutch Carpets. Zachte textuur, luxe uitstraling, gezellige sfeer.\" \/>\n<meta name=\"robots\" content=\"index, follow, max-snippet:-1, max-image-preview:large, max-video-preview:-1\" \/>\n<link rel=\"canonical\" href=\"https:\/\/theresales.nl\/de\/produkt\/hollandische-teppiche-oberon-kaffee-groot\/\" \/>\n<meta property=\"og:locale\" content=\"de_DE\" \/>\n<meta property=\"og:type\" content=\"article\" \/>\n<meta property=\"og:title\" content=\"Dutch Carpets Oberon Coffee groot - TheReSales\" \/>\n<meta property=\"og:description\" content=\"Dit Coffee groot karpet is afkomstig uit de Oberon collectie van het merk Dutch Carpets. Zachte textuur, luxe uitstraling, gezellige sfeer.\" \/>\n<meta property=\"og:url\" content=\"https:\/\/theresales.nl\/de\/produkt\/hollandische-teppiche-oberon-kaffee-groot\/\" \/>\n<meta property=\"og:site_name\" content=\"TheReSales\" \/>\n<meta property=\"article:publisher\" content=\"https:\/\/www.facebook.com\/theresales.nl\" \/>\n<meta property=\"article:modified_time\" content=\"2026-04-24T11:13:44+00:00\" \/>\n<meta property=\"og:image\" content=\"https:\/\/theresales.nl\/wp-content\/uploads\/2026\/04\/karpet.jpg\" \/>\n\t<meta property=\"og:image:width\" content=\"1200\" \/>\n\t<meta property=\"og:image:height\" content=\"900\" \/>\n\t<meta property=\"og:image:type\" content=\"image\/jpeg\" \/>\n<meta name=\"twitter:card\" content=\"summary_large_image\" \/>\n<meta name=\"twitter:label1\" content=\"Gesch\u00e4tzte Lesezeit\" \/>\n\t<meta name=\"twitter:data1\" content=\"1\u00a0Minute\" \/>\n<!-- \/ Yoast SEO plugin. -->","yoast_head_json":{"title":"Niederl\u00e4ndisch Carpets Oberon Kaffee gro\u00df - TheReSales","description":"Dieser Coffee gro\u00dfe Teppich stammt aus der Oberon-Kollektion der Marke Dutch Carpets. Sanfte Textur, luxuri\u00f6ses Aussehen, gem\u00fctliche Atmosph\u00e4re.","robots":{"index":"index","follow":"follow","max-snippet":"max-snippet:-1","max-image-preview":"max-image-preview:large","max-video-preview":"max-video-preview:-1"},"canonical":"https:\/\/theresales.nl\/de\/produkt\/hollandische-teppiche-oberon-kaffee-groot\/","og_locale":"de_DE","og_type":"article","og_title":"Dutch Carpets Oberon Coffee groot - TheReSales","og_description":"Dit Coffee groot karpet is afkomstig uit de Oberon collectie van het merk Dutch Carpets. Zachte textuur, luxe uitstraling, gezellige sfeer.","og_url":"https:\/\/theresales.nl\/de\/produkt\/hollandische-teppiche-oberon-kaffee-groot\/","og_site_name":"TheReSales","article_publisher":"https:\/\/www.facebook.com\/theresales.nl","article_modified_time":"2026-04-24T11:13:44+00:00","og_image":[{"width":1200,"height":900,"url":"https:\/\/theresales.nl\/wp-content\/uploads\/2026\/04\/karpet.jpg","type":"image\/jpeg"}],"twitter_card":"summary_large_image","twitter_misc":{"Gesch\u00e4tzte Lesezeit":"1\u00a0Minute"},"schema":{"@context":"https:\/\/schema.org","@graph":[{"@type":"WebPage","@id":"https:\/\/theresales.nl\/product\/dutch-carpets-oberon-coffee-groot\/","url":"https:\/\/theresales.nl\/product\/dutch-carpets-oberon-coffee-groot\/","name":"Niederl\u00e4ndisch Carpets Oberon Kaffee gro\u00df - TheReSales","isPartOf":{"@id":"https:\/\/theresales.nl\/#website"},"primaryImageOfPage":{"@id":"https:\/\/theresales.nl\/product\/dutch-carpets-oberon-coffee-groot\/#primaryimage"},"image":{"@id":"https:\/\/theresales.nl\/product\/dutch-carpets-oberon-coffee-groot\/#primaryimage"},"thumbnailUrl":"https:\/\/theresales.nl\/wp-content\/uploads\/2026\/04\/karpet.jpg","datePublished":"2026-04-24T10:59:43+00:00","dateModified":"2026-04-24T11:13:44+00:00","description":"Dieser Coffee gro\u00dfe Teppich stammt aus der Oberon-Kollektion der Marke Dutch Carpets. Sanfte Textur, luxuri\u00f6ses Aussehen, gem\u00fctliche Atmosph\u00e4re.","breadcrumb":{"@id":"https:\/\/theresales.nl\/product\/dutch-carpets-oberon-coffee-groot\/#breadcrumb"},"inLanguage":"de","potentialAction":[{"@type":"ReadAction","target":["https:\/\/theresales.nl\/product\/dutch-carpets-oberon-coffee-groot\/"]}]},{"@type":"ImageObject","inLanguage":"de","@id":"https:\/\/theresales.nl\/product\/dutch-carpets-oberon-coffee-groot\/#primaryimage","url":"https:\/\/theresales.nl\/wp-content\/uploads\/2026\/04\/karpet.jpg","contentUrl":"https:\/\/theresales.nl\/wp-content\/uploads\/2026\/04\/karpet.jpg","width":1200,"height":900,"caption":"Oberon-Coffee-karpet-theresales"},{"@type":"BreadcrumbList","@id":"https:\/\/theresales.nl\/product\/dutch-carpets-oberon-coffee-groot\/#breadcrumb","itemListElement":[{"@type":"ListItem","position":1,"name":"Home","item":"https:\/\/theresales.nl\/"},{"@type":"ListItem","position":2,"name":"Collectie","item":"https:\/\/theresales.nl\/collectie\/"},{"@type":"ListItem","position":3,"name":"Dutch Carpets Oberon Coffee groot"}]},{"@type":"WebSite","@id":"https:\/\/theresales.nl\/#website","url":"https:\/\/theresales.nl\/","name":"TheReSales","description":"Tweedehands Design Meubelen","publisher":{"@id":"https:\/\/theresales.nl\/#organization"},"potentialAction":[{"@type":"SearchAction","target":{"@type":"EntryPoint","urlTemplate":"https:\/\/theresales.nl\/?s={search_term_string}"},"query-input":{"@type":"PropertyValueSpecification","valueRequired":true,"valueName":"search_term_string"}}],"inLanguage":"de"},{"@type":"Organization","@id":"https:\/\/theresales.nl\/#organization","name":"TheReSales","url":"https:\/\/theresales.nl\/","logo":{"@type":"ImageObject","inLanguage":"de","@id":"https:\/\/theresales.nl\/#\/schema\/logo\/image\/","url":"https:\/\/theresales.nl\/wp-content\/uploads\/2026\/04\/Logo-TheReSales.png","contentUrl":"https:\/\/theresales.nl\/wp-content\/uploads\/2026\/04\/Logo-TheReSales.png","width":1200,"height":304,"caption":"TheReSales"},"image":{"@id":"https:\/\/theresales.nl\/#\/schema\/logo\/image\/"},"sameAs":["https:\/\/www.facebook.com\/theresales.nl","https:\/\/www.instagram.com\/_theresales_\/","https:\/\/nl.pinterest.com\/theresalesgroningen\/","https:\/\/www.linkedin.com\/company\/theresales\/"]}]}},"_links":{"self":[{"href":"https:\/\/theresales.nl\/de\/wp-json\/wp\/v2\/product\/51185","targetHints":{"allow":["GET"]}}],"collection":[{"href":"https:\/\/theresales.nl\/de\/wp-json\/wp\/v2\/product"}],"about":[{"href":"https:\/\/theresales.nl\/de\/wp-json\/wp\/v2\/types\/product"}],"wp:featuredmedia":[{"embeddable":true,"href":"https:\/\/theresales.nl\/de\/wp-json\/wp\/v2\/media\/51186"}],"wp:attachment":[{"href":"https:\/\/theresales.nl\/de\/wp-json\/wp\/v2\/media?parent=51185"}],"wp:term":[{"taxonomy":"product_brand","embeddable":true,"href":"https:\/\/theresales.nl\/de\/wp-json\/wp\/v2\/product_brand?post=51185"},{"taxonomy":"product_cat","embeddable":true,"href":"https:\/\/theresales.nl\/de\/wp-json\/wp\/v2\/product_cat?post=51185"},{"taxonomy":"product_tag","embeddable":true,"href":"https:\/\/theresales.nl\/de\/wp-json\/wp\/v2\/product_tag?post=51185"},{"taxonomy":"ontwerper","embeddable":true,"href":"https:\/\/theresales.nl\/de\/wp-json\/wp\/v2\/ontwerper?post=51185"}],"curies":[{"name":"wp","href":"https:\/\/api.w.org\/{rel}","templated":true}]}}