{"id":51179,"date":"2026-04-24T12:30:51","date_gmt":"2026-04-24T10:30:51","guid":{"rendered":"https:\/\/theresales.nl\/?post_type=product&#038;p=51179"},"modified":"2026-04-24T16:50:17","modified_gmt":"2026-04-24T14:50:17","slug":"zanotta-kilte","status":"publish","type":"product","link":"https:\/\/theresales.nl\/de\/product\/zanotta-kilt\/","title":{"rendered":"Zanotta-Schottenrock"},"content":{"rendered":"<p data-path-to-node=\"3\">Mit diesem <b data-path-to-node=\"3\" data-index-in-node=\"9\">Zanotta-Schottenrock <\/b><a href=\"https:\/\/theresales.nl\/de\/produktkategorie\/banken\/\">Bank <\/a>Holen Sie sich ein hochwertiges St\u00fcck italienisches Design in Ihr Zuhause. Das Sofa wurde entworfen von <a href=\"https:\/\/www.zanotta.com\/en-us\/designers\/emaf-progetti\">Emaf Projekte<\/a> f\u00fcr die renommierte Marke Zanotta und ist bekannt f\u00fcr seine klaren, zeitlosen Linien und au\u00dfergew\u00f6hnliche Qualit\u00e4t. Dieses Exemplar ist braun meliert und steht auf einem minimalistischen Rahmen, der f\u00fcr einen schwebenden und luftigen Effekt im Innenraum sorgt.<\/p>\n<p data-path-to-node=\"4\">Deutsch <b data-path-to-node=\"4\" data-index-in-node=\"3\">Zanotta-Schottenrock <\/b>bietet einen ausgezeichneten Sitzkomfort durch die Verwendung hochwertiger Materialien in Sitzfl\u00e4che und R\u00fcckenlehne. Das M\u00f6belst\u00fcck ist in einem sehr gepflegten Zustand und die braun melierte Farbe l\u00e4sst es sich leicht in verschiedene Einrichtungsstile kombinieren. Eine perfekte Wahl f\u00fcr alle, die eine langlebige Design-Couch mit einem dezenten, aber luxuri\u00f6sen Look suchen.<\/p>","protected":false},"excerpt":{"rendered":"<p><strong>Abmessungen<\/strong><br \/>\nBreite: 280 cm<br \/>\nTiefe: 105-280 cm<br \/>\nH\u00f6he: 145 cm<br \/>\nSitzh\u00f6he: 60 cm<br \/>\nSitzh\u00f6he: 33 cm<\/p>\n<p><strong>Farbe <\/strong>Braun gesprenkelt<\/p>\n<p><strong>Material<\/strong> Stoff<\/p>","protected":false},"featured_media":51181,"template":"","meta":{"_acf_changed":false},"product_brand":[],"product_cat":[74],"product_tag":[315],"ontwerper":[],"class_list":{"0":"post-51179","1":"product","2":"type-product","3":"status-publish","4":"has-post-thumbnail","6":"product_cat-banken","7":"product_tag-zanotta","9":"first","10":"instock","11":"shipping-taxable","12":"purchasable","13":"product-type-simple"},"acf":[],"yoast_head":"<!-- This site is optimized with the Yoast SEO plugin v27.5 - https:\/\/yoast.com\/product\/yoast-seo-wordpress\/ -->\n<title>Zanotta Kilt - TheReSales %<\/title>\n<meta name=\"description\" content=\"Zanotta Kilt Bank \u2013 Design ontworpen door Emaf Progetti. Een strakke Italiaanse designbank in een Bruin gem\u00ealeerd stof en in zeer nette staat.\" \/>\n<meta name=\"robots\" content=\"index, follow, max-snippet:-1, max-image-preview:large, max-video-preview:-1\" \/>\n<link rel=\"canonical\" href=\"https:\/\/theresales.nl\/de\/produkt\/zanotta-kilte\/\" \/>\n<meta property=\"og:locale\" content=\"de_DE\" \/>\n<meta property=\"og:type\" content=\"article\" \/>\n<meta property=\"og:title\" content=\"Zanotta Kilt - TheReSales %\" \/>\n<meta property=\"og:description\" content=\"Zanotta Kilt Bank \u2013 Design ontworpen door Emaf Progetti. Een strakke Italiaanse designbank in een Bruin gem\u00ealeerd stof en in zeer nette staat.\" \/>\n<meta property=\"og:url\" content=\"https:\/\/theresales.nl\/de\/produkt\/zanotta-kilte\/\" \/>\n<meta property=\"og:site_name\" content=\"TheReSales\" \/>\n<meta property=\"article:publisher\" content=\"https:\/\/www.facebook.com\/theresales.nl\" \/>\n<meta property=\"article:modified_time\" content=\"2026-04-24T14:50:17+00:00\" \/>\n<meta property=\"og:image\" content=\"https:\/\/theresales.nl\/wp-content\/uploads\/2026\/04\/zanotta-kilt-theresales.jpg\" \/>\n\t<meta property=\"og:image:width\" content=\"1200\" \/>\n\t<meta property=\"og:image:height\" content=\"900\" \/>\n\t<meta property=\"og:image:type\" content=\"image\/jpeg\" \/>\n<meta name=\"twitter:card\" content=\"summary_large_image\" \/>\n<meta name=\"twitter:label1\" content=\"Gesch\u00e4tzte Lesezeit\" \/>\n\t<meta name=\"twitter:data1\" content=\"1\u00a0Minute\" \/>\n<!-- \/ Yoast SEO plugin. -->","yoast_head_json":{"title":"Zanotta Kilt - TheReSales %","description":"Zanotta Kilt Bank \u2013 Design entworfen von Emaf Progetti. Eine straffe italienische Designcouch in einem braun melierten Stoff und in sehr gutem Zustand.","robots":{"index":"index","follow":"follow","max-snippet":"max-snippet:-1","max-image-preview":"max-image-preview:large","max-video-preview":"max-video-preview:-1"},"canonical":"https:\/\/theresales.nl\/de\/produkt\/zanotta-kilte\/","og_locale":"de_DE","og_type":"article","og_title":"Zanotta Kilt - TheReSales %","og_description":"Zanotta Kilt Bank \u2013 Design ontworpen door Emaf Progetti. Een strakke Italiaanse designbank in een Bruin gem\u00ealeerd stof en in zeer nette staat.","og_url":"https:\/\/theresales.nl\/de\/produkt\/zanotta-kilte\/","og_site_name":"TheReSales","article_publisher":"https:\/\/www.facebook.com\/theresales.nl","article_modified_time":"2026-04-24T14:50:17+00:00","og_image":[{"width":1200,"height":900,"url":"https:\/\/theresales.nl\/wp-content\/uploads\/2026\/04\/zanotta-kilt-theresales.jpg","type":"image\/jpeg"}],"twitter_card":"summary_large_image","twitter_misc":{"Gesch\u00e4tzte Lesezeit":"1\u00a0Minute"},"schema":{"@context":"https:\/\/schema.org","@graph":[{"@type":"WebPage","@id":"https:\/\/theresales.nl\/product\/zanotta-kilt\/","url":"https:\/\/theresales.nl\/product\/zanotta-kilt\/","name":"Zanotta Kilt - TheReSales %","isPartOf":{"@id":"https:\/\/theresales.nl\/#website"},"primaryImageOfPage":{"@id":"https:\/\/theresales.nl\/product\/zanotta-kilt\/#primaryimage"},"image":{"@id":"https:\/\/theresales.nl\/product\/zanotta-kilt\/#primaryimage"},"thumbnailUrl":"https:\/\/theresales.nl\/wp-content\/uploads\/2026\/04\/zanotta-kilt-theresales.jpg","datePublished":"2026-04-24T10:30:51+00:00","dateModified":"2026-04-24T14:50:17+00:00","description":"Zanotta Kilt Bank \u2013 Design entworfen von Emaf Progetti. Eine straffe italienische Designcouch in einem braun melierten Stoff und in sehr gutem Zustand.","breadcrumb":{"@id":"https:\/\/theresales.nl\/product\/zanotta-kilt\/#breadcrumb"},"inLanguage":"de","potentialAction":[{"@type":"ReadAction","target":["https:\/\/theresales.nl\/product\/zanotta-kilt\/"]}]},{"@type":"ImageObject","inLanguage":"de","@id":"https:\/\/theresales.nl\/product\/zanotta-kilt\/#primaryimage","url":"https:\/\/theresales.nl\/wp-content\/uploads\/2026\/04\/zanotta-kilt-theresales.jpg","contentUrl":"https:\/\/theresales.nl\/wp-content\/uploads\/2026\/04\/zanotta-kilt-theresales.jpg","width":1200,"height":900,"caption":"zanotta-kilt-theresales"},{"@type":"BreadcrumbList","@id":"https:\/\/theresales.nl\/product\/zanotta-kilt\/#breadcrumb","itemListElement":[{"@type":"ListItem","position":1,"name":"Home","item":"https:\/\/theresales.nl\/"},{"@type":"ListItem","position":2,"name":"Collectie","item":"https:\/\/theresales.nl\/collectie\/"},{"@type":"ListItem","position":3,"name":"Zanotta Kilt"}]},{"@type":"WebSite","@id":"https:\/\/theresales.nl\/#website","url":"https:\/\/theresales.nl\/","name":"TheReSales","description":"Tweedehands Design Meubelen","publisher":{"@id":"https:\/\/theresales.nl\/#organization"},"potentialAction":[{"@type":"SearchAction","target":{"@type":"EntryPoint","urlTemplate":"https:\/\/theresales.nl\/?s={search_term_string}"},"query-input":{"@type":"PropertyValueSpecification","valueRequired":true,"valueName":"search_term_string"}}],"inLanguage":"de"},{"@type":"Organization","@id":"https:\/\/theresales.nl\/#organization","name":"TheReSales","url":"https:\/\/theresales.nl\/","logo":{"@type":"ImageObject","inLanguage":"de","@id":"https:\/\/theresales.nl\/#\/schema\/logo\/image\/","url":"https:\/\/theresales.nl\/wp-content\/uploads\/2026\/04\/Logo-TheReSales.png","contentUrl":"https:\/\/theresales.nl\/wp-content\/uploads\/2026\/04\/Logo-TheReSales.png","width":1200,"height":304,"caption":"TheReSales"},"image":{"@id":"https:\/\/theresales.nl\/#\/schema\/logo\/image\/"},"sameAs":["https:\/\/www.facebook.com\/theresales.nl","https:\/\/www.instagram.com\/_theresales_\/","https:\/\/nl.pinterest.com\/theresalesgroningen\/","https:\/\/www.linkedin.com\/company\/theresales\/"]}]}},"_links":{"self":[{"href":"https:\/\/theresales.nl\/de\/wp-json\/wp\/v2\/product\/51179","targetHints":{"allow":["GET"]}}],"collection":[{"href":"https:\/\/theresales.nl\/de\/wp-json\/wp\/v2\/product"}],"about":[{"href":"https:\/\/theresales.nl\/de\/wp-json\/wp\/v2\/types\/product"}],"wp:featuredmedia":[{"embeddable":true,"href":"https:\/\/theresales.nl\/de\/wp-json\/wp\/v2\/media\/51181"}],"wp:attachment":[{"href":"https:\/\/theresales.nl\/de\/wp-json\/wp\/v2\/media?parent=51179"}],"wp:term":[{"taxonomy":"product_brand","embeddable":true,"href":"https:\/\/theresales.nl\/de\/wp-json\/wp\/v2\/product_brand?post=51179"},{"taxonomy":"product_cat","embeddable":true,"href":"https:\/\/theresales.nl\/de\/wp-json\/wp\/v2\/product_cat?post=51179"},{"taxonomy":"product_tag","embeddable":true,"href":"https:\/\/theresales.nl\/de\/wp-json\/wp\/v2\/product_tag?post=51179"},{"taxonomy":"ontwerper","embeddable":true,"href":"https:\/\/theresales.nl\/de\/wp-json\/wp\/v2\/ontwerper?post=51179"}],"curies":[{"name":"wp","href":"https:\/\/api.w.org\/{rel}","templated":true}]}}