{"id":51124,"date":"2026-04-23T12:37:43","date_gmt":"2026-04-23T10:37:43","guid":{"rendered":"https:\/\/theresales.nl\/?post_type=product&#038;p=51124"},"modified":"2026-04-24T11:33:32","modified_gmt":"2026-04-24T09:33:32","slug":"ligne-roset-togo","status":"publish","type":"product","link":"https:\/\/theresales.nl\/de\/product\/ligne-roset-togo\/","title":{"rendered":"Ligne Roset Togo"},"content":{"rendered":"<p data-path-to-node=\"3\">Mit diesem <b data-path-to-node=\"3\" data-index-in-node=\"9\">Ligne Roset Togo Sessel - Gelbes Alcantara<\/b> holen Sie sich ein Symbol der Designgeschichte nach Hause. Das <a href=\"https:\/\/theresales.nl\/de\/produktkategorie\/sessel\/\">Sessel<\/a> wurde 1973 entworfen von <a href=\"https:\/\/www.instagram.com\/itsourtogo\/\">Michel Ducaroy<\/a> en ist direkt erkennbar an seiner ergonomischen Form und den tiefen Falten in der Polsterung. Diese Ausf\u00fchrung ist mit einem wundersch\u00f6nen, lebendigen gelben Alcantara-Stoff bezogen, was f\u00fcr ein weiches Gef\u00fchl und eine moderne, frische Ausstrahlung in Ihrem Interieur sorgt.<\/p>\n<p data-path-to-node=\"4\">Deutsch <b data-path-to-node=\"4\" data-index-in-node=\"3\">Ligne Roset Togo Sessel - Gelbes Alcantara<\/b> bietet unvergleichlichen Sitzkomfort, dank seiner Struktur, die vollst\u00e4ndig aus Schaumstoffpolsterung besteht. Es ist der perfekte Ort zum Entspannen und ein Statement-M\u00f6belst\u00fcck in jedem Wohnzimmer. Das M\u00f6belst\u00fcck befindet sich in einem gepflegten Vintage-Zustand mit leichten Gebrauchsspuren, die dem Alter entsprechen, aber der Stoff ist intakt und die Polsterung ist fest. Ein Muss f\u00fcr Liebhaber zeitlosen und komfortablen Designs.<\/p>","protected":false},"excerpt":{"rendered":"<p><strong>Abmessungen<\/strong><br \/>\nBreite: 87 cm<br \/>\nTiefe: 100 cm<br \/>\nH\u00f6he: 73 cm<br \/>\nSitzh\u00f6he: 35 cm<br \/>\nSitzh\u00f6he: 55 cm<\/p>\n<p><strong>Farbe<\/strong> Gel<\/p>\n<p><strong>Material<\/strong>Metall<\/p>","protected":false},"featured_media":51141,"template":"","meta":{"_acf_changed":false},"product_brand":[],"product_cat":[19],"product_tag":[389],"ontwerper":[],"class_list":{"0":"post-51124","1":"product","2":"type-product","3":"status-publish","4":"has-post-thumbnail","6":"product_cat-fauteuils","7":"product_tag-ligne-roset","9":"first","10":"instock","11":"shipping-taxable","12":"purchasable","13":"product-type-simple"},"acf":[],"yoast_head":"<!-- This site is optimized with the Yoast SEO plugin v27.5 - https:\/\/yoast.com\/product\/yoast-seo-wordpress\/ -->\n<title>Ligne Roset Togo - TheReSales<\/title>\n<meta name=\"description\" content=\"Ligne Roset Togo Fauteuil - Geel Alcantara. Een icoon van design comfort, ontworpen door Michel Ducaroy. In nette vintage staat voor een tijdloos interieur.\" \/>\n<meta name=\"robots\" content=\"index, follow, max-snippet:-1, max-image-preview:large, max-video-preview:-1\" \/>\n<link rel=\"canonical\" href=\"https:\/\/theresales.nl\/de\/produkt\/ligne-roset-togo\/\" \/>\n<meta property=\"og:locale\" content=\"de_DE\" \/>\n<meta property=\"og:type\" content=\"article\" \/>\n<meta property=\"og:title\" content=\"Ligne Roset Togo - TheReSales\" \/>\n<meta property=\"og:description\" content=\"Ligne Roset Togo Fauteuil - Geel Alcantara. Een icoon van design comfort, ontworpen door Michel Ducaroy. In nette vintage staat voor een tijdloos interieur.\" \/>\n<meta property=\"og:url\" content=\"https:\/\/theresales.nl\/de\/produkt\/ligne-roset-togo\/\" \/>\n<meta property=\"og:site_name\" content=\"TheReSales\" \/>\n<meta property=\"article:publisher\" content=\"https:\/\/www.facebook.com\/theresales.nl\" \/>\n<meta property=\"article:modified_time\" content=\"2026-04-24T09:33:32+00:00\" \/>\n<meta property=\"og:image\" content=\"https:\/\/theresales.nl\/wp-content\/uploads\/2026\/04\/q1.jpg\" \/>\n\t<meta property=\"og:image:width\" content=\"1200\" \/>\n\t<meta property=\"og:image:height\" content=\"900\" \/>\n\t<meta property=\"og:image:type\" content=\"image\/jpeg\" \/>\n<meta name=\"twitter:card\" content=\"summary_large_image\" \/>\n<meta name=\"twitter:label1\" content=\"Gesch\u00e4tzte Lesezeit\" \/>\n\t<meta name=\"twitter:data1\" content=\"1\u00a0Minute\" \/>\n<!-- \/ Yoast SEO plugin. -->","yoast_head_json":{"title":"Ligne Roset Togo - TheReSales","description":"Ligne Roset Togo Sessel - Gelbes Alcantara. Eine Ikone des Designkomforts, entworfen von Michel Ducaroy. In gutem Vintage-Zustand f\u00fcr ein zeitloses Interieur.","robots":{"index":"index","follow":"follow","max-snippet":"max-snippet:-1","max-image-preview":"max-image-preview:large","max-video-preview":"max-video-preview:-1"},"canonical":"https:\/\/theresales.nl\/de\/produkt\/ligne-roset-togo\/","og_locale":"de_DE","og_type":"article","og_title":"Ligne Roset Togo - TheReSales","og_description":"Ligne Roset Togo Fauteuil - Geel Alcantara. Een icoon van design comfort, ontworpen door Michel Ducaroy. In nette vintage staat voor een tijdloos interieur.","og_url":"https:\/\/theresales.nl\/de\/produkt\/ligne-roset-togo\/","og_site_name":"TheReSales","article_publisher":"https:\/\/www.facebook.com\/theresales.nl","article_modified_time":"2026-04-24T09:33:32+00:00","og_image":[{"width":1200,"height":900,"url":"https:\/\/theresales.nl\/wp-content\/uploads\/2026\/04\/q1.jpg","type":"image\/jpeg"}],"twitter_card":"summary_large_image","twitter_misc":{"Gesch\u00e4tzte Lesezeit":"1\u00a0Minute"},"schema":{"@context":"https:\/\/schema.org","@graph":[{"@type":"WebPage","@id":"https:\/\/theresales.nl\/product\/ligne-roset-togo\/","url":"https:\/\/theresales.nl\/product\/ligne-roset-togo\/","name":"Ligne Roset Togo - TheReSales","isPartOf":{"@id":"https:\/\/theresales.nl\/#website"},"primaryImageOfPage":{"@id":"https:\/\/theresales.nl\/product\/ligne-roset-togo\/#primaryimage"},"image":{"@id":"https:\/\/theresales.nl\/product\/ligne-roset-togo\/#primaryimage"},"thumbnailUrl":"https:\/\/theresales.nl\/wp-content\/uploads\/2026\/04\/q1.jpg","datePublished":"2026-04-23T10:37:43+00:00","dateModified":"2026-04-24T09:33:32+00:00","description":"Ligne Roset Togo Sessel - Gelbes Alcantara. Eine Ikone des Designkomforts, entworfen von Michel Ducaroy. In gutem Vintage-Zustand f\u00fcr ein zeitloses Interieur.","breadcrumb":{"@id":"https:\/\/theresales.nl\/product\/ligne-roset-togo\/#breadcrumb"},"inLanguage":"de","potentialAction":[{"@type":"ReadAction","target":["https:\/\/theresales.nl\/product\/ligne-roset-togo\/"]}]},{"@type":"ImageObject","inLanguage":"de","@id":"https:\/\/theresales.nl\/product\/ligne-roset-togo\/#primaryimage","url":"https:\/\/theresales.nl\/wp-content\/uploads\/2026\/04\/q1.jpg","contentUrl":"https:\/\/theresales.nl\/wp-content\/uploads\/2026\/04\/q1.jpg","width":1200,"height":900,"caption":"Ligne-Roset-Togo-theresales"},{"@type":"BreadcrumbList","@id":"https:\/\/theresales.nl\/product\/ligne-roset-togo\/#breadcrumb","itemListElement":[{"@type":"ListItem","position":1,"name":"Home","item":"https:\/\/theresales.nl\/"},{"@type":"ListItem","position":2,"name":"Collectie","item":"https:\/\/theresales.nl\/collectie\/"},{"@type":"ListItem","position":3,"name":"Ligne Roset Togo"}]},{"@type":"WebSite","@id":"https:\/\/theresales.nl\/#website","url":"https:\/\/theresales.nl\/","name":"TheReSales","description":"Tweedehands Design Meubelen","publisher":{"@id":"https:\/\/theresales.nl\/#organization"},"potentialAction":[{"@type":"SearchAction","target":{"@type":"EntryPoint","urlTemplate":"https:\/\/theresales.nl\/?s={search_term_string}"},"query-input":{"@type":"PropertyValueSpecification","valueRequired":true,"valueName":"search_term_string"}}],"inLanguage":"de"},{"@type":"Organization","@id":"https:\/\/theresales.nl\/#organization","name":"TheReSales","url":"https:\/\/theresales.nl\/","logo":{"@type":"ImageObject","inLanguage":"de","@id":"https:\/\/theresales.nl\/#\/schema\/logo\/image\/","url":"https:\/\/theresales.nl\/wp-content\/uploads\/2026\/04\/Logo-TheReSales.png","contentUrl":"https:\/\/theresales.nl\/wp-content\/uploads\/2026\/04\/Logo-TheReSales.png","width":1200,"height":304,"caption":"TheReSales"},"image":{"@id":"https:\/\/theresales.nl\/#\/schema\/logo\/image\/"},"sameAs":["https:\/\/www.facebook.com\/theresales.nl","https:\/\/www.instagram.com\/_theresales_\/","https:\/\/nl.pinterest.com\/theresalesgroningen\/","https:\/\/www.linkedin.com\/company\/theresales\/"]}]}},"_links":{"self":[{"href":"https:\/\/theresales.nl\/de\/wp-json\/wp\/v2\/product\/51124","targetHints":{"allow":["GET"]}}],"collection":[{"href":"https:\/\/theresales.nl\/de\/wp-json\/wp\/v2\/product"}],"about":[{"href":"https:\/\/theresales.nl\/de\/wp-json\/wp\/v2\/types\/product"}],"wp:featuredmedia":[{"embeddable":true,"href":"https:\/\/theresales.nl\/de\/wp-json\/wp\/v2\/media\/51141"}],"wp:attachment":[{"href":"https:\/\/theresales.nl\/de\/wp-json\/wp\/v2\/media?parent=51124"}],"wp:term":[{"taxonomy":"product_brand","embeddable":true,"href":"https:\/\/theresales.nl\/de\/wp-json\/wp\/v2\/product_brand?post=51124"},{"taxonomy":"product_cat","embeddable":true,"href":"https:\/\/theresales.nl\/de\/wp-json\/wp\/v2\/product_cat?post=51124"},{"taxonomy":"product_tag","embeddable":true,"href":"https:\/\/theresales.nl\/de\/wp-json\/wp\/v2\/product_tag?post=51124"},{"taxonomy":"ontwerper","embeddable":true,"href":"https:\/\/theresales.nl\/de\/wp-json\/wp\/v2\/ontwerper?post=51124"}],"curies":[{"name":"wp","href":"https:\/\/api.w.org\/{rel}","templated":true}]}}