{"id":51097,"date":"2026-04-23T12:01:10","date_gmt":"2026-04-23T10:01:10","guid":{"rendered":"https:\/\/theresales.nl\/?post_type=product&#038;p=51097"},"modified":"2026-04-23T12:18:56","modified_gmt":"2026-04-23T10:18:56","slug":"h-g-obermaier-ruhend","status":"publish","type":"product","link":"https:\/\/theresales.nl\/de\/product\/h-g-obermaier-ruhende\/","title":{"rendered":"H.G. Obermaier Ruhend"},"content":{"rendered":"<p data-path-to-node=\"5\">Mit diesem <b data-path-to-node=\"5\" data-index-in-node=\"9\">Holzskulptur H.G. Obermaier Ruhend<\/b>\u00a0Holen Sie sich ein einzigartiges und handgefertigtes Kunstwerk nach Hause. Die Skulptur wurde vom K\u00fcnstler gefertigt <a href=\"https:\/\/nl.wikipedia.org\/wiki\/Hugo_Obermaier\"><b data-path-to-node=\"5\" data-index-in-node=\"156\">H.G. Obermaier<\/b><\/a> im Jahr 2003. Das Werk stellt eine ruhende Frau dar, sitzend mit den Armen um die Knie, und strahlt eine gro\u00dfe Gelassenheit aus. Das Objekt ist ein wundersch\u00f6nes Beispiel zeitgen\u00f6ssischer Holzschnitzerei.<\/p>\n<p data-path-to-node=\"6\">Deutsch <b data-path-to-node=\"6\" data-index-in-node=\"3\">Holzskulptur H.G. Obermaier Ruhend<\/b> ist besonders, weil er aus zwei Holzarten gefertigt ist. F\u00fcr Kopf und Hals wurde ein helles Holz verwendet, was f\u00fcr eine glatte und raffinierte Oberfl\u00e4che sorgt. Der Korpus ist aus robusterem Eichenholz geschnitzt, bei dem die Maserung gut sichtbar ist. Dieser Kontrast verleiht der Skulptur zus\u00e4tzliche Tiefe. Das Werk ist auf der Unterseite signiert und datiert von <b data-path-to-node=\"6\" data-index-in-node=\"430\">H.G. Obermaier<\/b>. Ein wertvolles Unikat f\u00fcr Liebhaber von Kunst und Design.<\/p>","protected":false},"excerpt":{"rendered":"<p><strong>Abmessungen<\/strong><br \/>\nBreite: 16 cm<br \/>\nTiefe: 19 cm<br \/>\nH\u00f6he: 29 cm<\/p>\n<p><strong>Farbe<\/strong>Holz<br \/>\n<strong><br \/>\nMaterial<\/strong>Holz<\/p>","protected":false},"featured_media":51098,"template":"","meta":{"_acf_changed":false},"product_brand":[],"product_cat":[1005],"product_tag":[],"ontwerper":[],"class_list":{"0":"post-51097","1":"product","2":"type-product","3":"status-publish","4":"has-post-thumbnail","6":"product_cat-kunst","8":"first","9":"instock","10":"shipping-taxable","11":"purchasable","12":"product-type-simple"},"acf":[],"yoast_head":"<!-- This site is optimized with the Yoast SEO plugin v27.5 - https:\/\/yoast.com\/product\/yoast-seo-wordpress\/ -->\n<title>H.G. Obermaier Ruhende - TheReSales<\/title>\n<meta name=\"description\" content=\"Unieke sculptuur H.G. Obermaier Ruhende uit 2003. Handgesneden uit eiken- en lindenhout. Gesigneerd en gedateerd unicum in topstaat.\" \/>\n<meta name=\"robots\" content=\"index, follow, max-snippet:-1, max-image-preview:large, max-video-preview:-1\" \/>\n<link rel=\"canonical\" href=\"https:\/\/theresales.nl\/de\/produkt\/h-g-obermaier-ruhend\/\" \/>\n<meta property=\"og:locale\" content=\"de_DE\" \/>\n<meta property=\"og:type\" content=\"article\" \/>\n<meta property=\"og:title\" content=\"H.G. Obermaier Ruhende - TheReSales\" \/>\n<meta property=\"og:description\" content=\"Unieke sculptuur H.G. Obermaier Ruhende uit 2003. Handgesneden uit eiken- en lindenhout. Gesigneerd en gedateerd unicum in topstaat.\" \/>\n<meta property=\"og:url\" content=\"https:\/\/theresales.nl\/de\/produkt\/h-g-obermaier-ruhend\/\" \/>\n<meta property=\"og:site_name\" content=\"TheReSales\" \/>\n<meta property=\"article:publisher\" content=\"https:\/\/www.facebook.com\/theresales.nl\" \/>\n<meta property=\"article:modified_time\" content=\"2026-04-23T10:18:56+00:00\" \/>\n<meta property=\"og:image\" content=\"https:\/\/theresales.nl\/wp-content\/uploads\/2026\/04\/20260423_075500477_iOS.jpg\" \/>\n\t<meta property=\"og:image:width\" content=\"1200\" \/>\n\t<meta property=\"og:image:height\" content=\"900\" \/>\n\t<meta property=\"og:image:type\" content=\"image\/jpeg\" \/>\n<meta name=\"twitter:card\" content=\"summary_large_image\" \/>\n<meta name=\"twitter:label1\" content=\"Gesch\u00e4tzte Lesezeit\" \/>\n\t<meta name=\"twitter:data1\" content=\"1\u00a0Minute\" \/>\n<!-- \/ Yoast SEO plugin. -->","yoast_head_json":{"title":"H.G. Obermaier Ruhende - TheReSales","description":"Einzigartige Skulptur H.G. Obermaier Ruhende aus dem Jahr 2003. Handgeschnitzt aus Eichen- und Lindenholz. Signiertes und datiertes Unikat in Topzustand.","robots":{"index":"index","follow":"follow","max-snippet":"max-snippet:-1","max-image-preview":"max-image-preview:large","max-video-preview":"max-video-preview:-1"},"canonical":"https:\/\/theresales.nl\/de\/produkt\/h-g-obermaier-ruhend\/","og_locale":"de_DE","og_type":"article","og_title":"H.G. Obermaier Ruhende - TheReSales","og_description":"Unieke sculptuur H.G. Obermaier Ruhende uit 2003. Handgesneden uit eiken- en lindenhout. Gesigneerd en gedateerd unicum in topstaat.","og_url":"https:\/\/theresales.nl\/de\/produkt\/h-g-obermaier-ruhend\/","og_site_name":"TheReSales","article_publisher":"https:\/\/www.facebook.com\/theresales.nl","article_modified_time":"2026-04-23T10:18:56+00:00","og_image":[{"width":1200,"height":900,"url":"https:\/\/theresales.nl\/wp-content\/uploads\/2026\/04\/20260423_075500477_iOS.jpg","type":"image\/jpeg"}],"twitter_card":"summary_large_image","twitter_misc":{"Gesch\u00e4tzte Lesezeit":"1\u00a0Minute"},"schema":{"@context":"https:\/\/schema.org","@graph":[{"@type":"WebPage","@id":"https:\/\/theresales.nl\/product\/h-g-obermaier-ruhende\/","url":"https:\/\/theresales.nl\/product\/h-g-obermaier-ruhende\/","name":"H.G. Obermaier Ruhende - TheReSales","isPartOf":{"@id":"https:\/\/theresales.nl\/#website"},"primaryImageOfPage":{"@id":"https:\/\/theresales.nl\/product\/h-g-obermaier-ruhende\/#primaryimage"},"image":{"@id":"https:\/\/theresales.nl\/product\/h-g-obermaier-ruhende\/#primaryimage"},"thumbnailUrl":"https:\/\/theresales.nl\/wp-content\/uploads\/2026\/04\/20260423_075500477_iOS.jpg","datePublished":"2026-04-23T10:01:10+00:00","dateModified":"2026-04-23T10:18:56+00:00","description":"Einzigartige Skulptur H.G. Obermaier Ruhende aus dem Jahr 2003. Handgeschnitzt aus Eichen- und Lindenholz. Signiertes und datiertes Unikat in Topzustand.","breadcrumb":{"@id":"https:\/\/theresales.nl\/product\/h-g-obermaier-ruhende\/#breadcrumb"},"inLanguage":"de","potentialAction":[{"@type":"ReadAction","target":["https:\/\/theresales.nl\/product\/h-g-obermaier-ruhende\/"]}]},{"@type":"ImageObject","inLanguage":"de","@id":"https:\/\/theresales.nl\/product\/h-g-obermaier-ruhende\/#primaryimage","url":"https:\/\/theresales.nl\/wp-content\/uploads\/2026\/04\/20260423_075500477_iOS.jpg","contentUrl":"https:\/\/theresales.nl\/wp-content\/uploads\/2026\/04\/20260423_075500477_iOS.jpg","width":1200,"height":900,"caption":"H.G.-Obermaier-Ruhende-theresales"},{"@type":"BreadcrumbList","@id":"https:\/\/theresales.nl\/product\/h-g-obermaier-ruhende\/#breadcrumb","itemListElement":[{"@type":"ListItem","position":1,"name":"Home","item":"https:\/\/theresales.nl\/"},{"@type":"ListItem","position":2,"name":"Collectie","item":"https:\/\/theresales.nl\/collectie\/"},{"@type":"ListItem","position":3,"name":"H.G. Obermaier Ruhende"}]},{"@type":"WebSite","@id":"https:\/\/theresales.nl\/#website","url":"https:\/\/theresales.nl\/","name":"TheReSales","description":"Tweedehands Design Meubelen","publisher":{"@id":"https:\/\/theresales.nl\/#organization"},"potentialAction":[{"@type":"SearchAction","target":{"@type":"EntryPoint","urlTemplate":"https:\/\/theresales.nl\/?s={search_term_string}"},"query-input":{"@type":"PropertyValueSpecification","valueRequired":true,"valueName":"search_term_string"}}],"inLanguage":"de"},{"@type":"Organization","@id":"https:\/\/theresales.nl\/#organization","name":"TheReSales","url":"https:\/\/theresales.nl\/","logo":{"@type":"ImageObject","inLanguage":"de","@id":"https:\/\/theresales.nl\/#\/schema\/logo\/image\/","url":"https:\/\/theresales.nl\/wp-content\/uploads\/2026\/04\/Logo-TheReSales.png","contentUrl":"https:\/\/theresales.nl\/wp-content\/uploads\/2026\/04\/Logo-TheReSales.png","width":1200,"height":304,"caption":"TheReSales"},"image":{"@id":"https:\/\/theresales.nl\/#\/schema\/logo\/image\/"},"sameAs":["https:\/\/www.facebook.com\/theresales.nl","https:\/\/www.instagram.com\/_theresales_\/","https:\/\/nl.pinterest.com\/theresalesgroningen\/","https:\/\/www.linkedin.com\/company\/theresales\/"]}]}},"_links":{"self":[{"href":"https:\/\/theresales.nl\/de\/wp-json\/wp\/v2\/product\/51097","targetHints":{"allow":["GET"]}}],"collection":[{"href":"https:\/\/theresales.nl\/de\/wp-json\/wp\/v2\/product"}],"about":[{"href":"https:\/\/theresales.nl\/de\/wp-json\/wp\/v2\/types\/product"}],"wp:featuredmedia":[{"embeddable":true,"href":"https:\/\/theresales.nl\/de\/wp-json\/wp\/v2\/media\/51098"}],"wp:attachment":[{"href":"https:\/\/theresales.nl\/de\/wp-json\/wp\/v2\/media?parent=51097"}],"wp:term":[{"taxonomy":"product_brand","embeddable":true,"href":"https:\/\/theresales.nl\/de\/wp-json\/wp\/v2\/product_brand?post=51097"},{"taxonomy":"product_cat","embeddable":true,"href":"https:\/\/theresales.nl\/de\/wp-json\/wp\/v2\/product_cat?post=51097"},{"taxonomy":"product_tag","embeddable":true,"href":"https:\/\/theresales.nl\/de\/wp-json\/wp\/v2\/product_tag?post=51097"},{"taxonomy":"ontwerper","embeddable":true,"href":"https:\/\/theresales.nl\/de\/wp-json\/wp\/v2\/ontwerper?post=51097"}],"curies":[{"name":"wp","href":"https:\/\/api.w.org\/{rel}","templated":true}]}}