{"id":51074,"date":"2026-04-22T15:12:08","date_gmt":"2026-04-22T13:12:08","guid":{"rendered":"https:\/\/theresales.nl\/?post_type=product&#038;p=51074"},"modified":"2026-04-24T12:03:04","modified_gmt":"2026-04-24T10:03:04","slug":"moooi-teppiche-delft-blau-teller","status":"publish","type":"product","link":"https:\/\/theresales.nl\/de\/product\/moooi-carpets-delft-blue-plate\/","title":{"rendered":"Moooi Carpets Delfter Fliese"},"content":{"rendered":"<p data-path-to-node=\"4\">Met het <b data-path-to-node=\"4\" data-index-in-node=\"8\">Moooi Carpets Delfter Fliese<\/b> hast du ein wundersch\u00f6nes St\u00fcck niederl\u00e4ndischer Stolz in deinem Zuhause. Der bekannte Designer <a href=\"https:\/\/www.marcelwanders.com\/\"><b data-path-to-node=\"4\" data-index-in-node=\"115\">Marcel Wanders<\/b><\/a> hat f\u00fcr diesen Teppich den klassischen Look des Delfterblaue Porzellans als Inspiration verwendet. <a href=\"https:\/\/theresales.nl\/de\/produktkategorie\/karpetten\/\">Kleid<\/a> sieht aus wie ein riesiger, detaillierter Teller mit den typischen blauen Blumenmustern. Durch die runde Form und den extrem scharfen Druck ist dieser Teppich ein echter Blickfang in jedem Raum.<\/p>\n<p data-path-to-node=\"5\">Deutsch <b data-path-to-node=\"4\" data-index-in-node=\"8\">Moooi Carpets Delfter Fliese <\/b>is uitgevoerd met een speciale techniek waardoor alle details heel mooi zichtbaar zijn. Let op: dit exemplaar is <b data-path-to-node=\"5\" data-index-in-node=\"163\">gebraucht und enth\u00e4lt einige Flecken<\/b>. Hierdoor ist der Preis auch ein St\u00fcck attraktiver. F\u00fcr wen ein ikonisches Designst\u00fcck sucht und es nicht schlimm findet, dass der Teppich schon ein Leben hinter sich hat (oder die M\u00f6glichkeit hat, es professionell reinigen zu lassen), ist dies eine fantastische Gelegenheit, einen echten Wanders in Haus zu holen.<\/p>","protected":false},"excerpt":{"rendered":"<p><strong>Abmessungen<\/strong><br \/>\nDurchmesser: 350 cm<\/p>\n<p><strong>Farbe<\/strong>Blau<br \/>\n<strong><br \/>\nMaterial<\/strong>Stoff<\/p>","protected":false},"featured_media":51075,"template":"","meta":{"_acf_changed":false},"product_brand":[],"product_cat":[128],"product_tag":[741],"ontwerper":[],"class_list":{"0":"post-51074","1":"product","2":"type-product","3":"status-publish","4":"has-post-thumbnail","6":"product_cat-karpetten","7":"product_tag-moooi-carpets","9":"first","10":"instock","11":"shipping-taxable","12":"purchasable","13":"product-type-simple"},"acf":[],"yoast_head":"<!-- This site is optimized with the Yoast SEO plugin v27.5 - https:\/\/yoast.com\/product\/yoast-seo-wordpress\/ -->\n<title>Moooi Carpets Delft Blue Plate - TheReSales<\/title>\n<meta name=\"description\" content=\"Gebruikt Moooi Carpets Delft Blue Plate vloerkleed. Ontwerp van Marcel Wanders. Iconisch Delfts met gebruikssporen (vlekken), nu voor een scherpe prijs.\" \/>\n<meta name=\"robots\" content=\"index, follow, max-snippet:-1, max-image-preview:large, max-video-preview:-1\" \/>\n<link rel=\"canonical\" href=\"https:\/\/theresales.nl\/de\/produkt\/moooi-teppiche-delft-blau-teller\/\" \/>\n<meta property=\"og:locale\" content=\"de_DE\" \/>\n<meta property=\"og:type\" content=\"article\" \/>\n<meta property=\"og:title\" content=\"Moooi Carpets Delft Blue Plate - TheReSales\" \/>\n<meta property=\"og:description\" content=\"Gebruikt Moooi Carpets Delft Blue Plate vloerkleed. Ontwerp van Marcel Wanders. Iconisch Delfts met gebruikssporen (vlekken), nu voor een scherpe prijs.\" \/>\n<meta property=\"og:url\" content=\"https:\/\/theresales.nl\/de\/produkt\/moooi-teppiche-delft-blau-teller\/\" \/>\n<meta property=\"og:site_name\" content=\"TheReSales\" \/>\n<meta property=\"article:publisher\" content=\"https:\/\/www.facebook.com\/theresales.nl\" \/>\n<meta property=\"article:modified_time\" content=\"2026-04-24T10:03:04+00:00\" \/>\n<meta property=\"og:image\" content=\"https:\/\/theresales.nl\/wp-content\/uploads\/2026\/04\/carpet.jpg\" \/>\n\t<meta property=\"og:image:width\" content=\"1200\" \/>\n\t<meta property=\"og:image:height\" content=\"900\" \/>\n\t<meta property=\"og:image:type\" content=\"image\/jpeg\" \/>\n<meta name=\"twitter:card\" content=\"summary_large_image\" \/>\n<meta name=\"twitter:label1\" content=\"Gesch\u00e4tzte Lesezeit\" \/>\n\t<meta name=\"twitter:data1\" content=\"1\u00a0Minute\" \/>\n<!-- \/ Yoast SEO plugin. -->","yoast_head_json":{"title":"Moooi Carpets Delfter Blaue Teller - TheReSales","description":"Benutzt Moooi Carpets Delfter Fliese Teppich. Entwurf von Marcel Wanders. Ikonische Delfter mit Gebrauchsspuren (Flecken), jetzt zu einem scharfen Preis.","robots":{"index":"index","follow":"follow","max-snippet":"max-snippet:-1","max-image-preview":"max-image-preview:large","max-video-preview":"max-video-preview:-1"},"canonical":"https:\/\/theresales.nl\/de\/produkt\/moooi-teppiche-delft-blau-teller\/","og_locale":"de_DE","og_type":"article","og_title":"Moooi Carpets Delft Blue Plate - TheReSales","og_description":"Gebruikt Moooi Carpets Delft Blue Plate vloerkleed. Ontwerp van Marcel Wanders. Iconisch Delfts met gebruikssporen (vlekken), nu voor een scherpe prijs.","og_url":"https:\/\/theresales.nl\/de\/produkt\/moooi-teppiche-delft-blau-teller\/","og_site_name":"TheReSales","article_publisher":"https:\/\/www.facebook.com\/theresales.nl","article_modified_time":"2026-04-24T10:03:04+00:00","og_image":[{"width":1200,"height":900,"url":"https:\/\/theresales.nl\/wp-content\/uploads\/2026\/04\/carpet.jpg","type":"image\/jpeg"}],"twitter_card":"summary_large_image","twitter_misc":{"Gesch\u00e4tzte Lesezeit":"1\u00a0Minute"},"schema":{"@context":"https:\/\/schema.org","@graph":[{"@type":"WebPage","@id":"https:\/\/theresales.nl\/product\/moooi-carpets-delft-blue-plate\/","url":"https:\/\/theresales.nl\/product\/moooi-carpets-delft-blue-plate\/","name":"Moooi Carpets Delfter Blaue Teller - TheReSales","isPartOf":{"@id":"https:\/\/theresales.nl\/#website"},"primaryImageOfPage":{"@id":"https:\/\/theresales.nl\/product\/moooi-carpets-delft-blue-plate\/#primaryimage"},"image":{"@id":"https:\/\/theresales.nl\/product\/moooi-carpets-delft-blue-plate\/#primaryimage"},"thumbnailUrl":"https:\/\/theresales.nl\/wp-content\/uploads\/2026\/04\/carpet.jpg","datePublished":"2026-04-22T13:12:08+00:00","dateModified":"2026-04-24T10:03:04+00:00","description":"Benutzt Moooi Carpets Delfter Fliese Teppich. Entwurf von Marcel Wanders. Ikonische Delfter mit Gebrauchsspuren (Flecken), jetzt zu einem scharfen Preis.","breadcrumb":{"@id":"https:\/\/theresales.nl\/product\/moooi-carpets-delft-blue-plate\/#breadcrumb"},"inLanguage":"de","potentialAction":[{"@type":"ReadAction","target":["https:\/\/theresales.nl\/product\/moooi-carpets-delft-blue-plate\/"]}]},{"@type":"ImageObject","inLanguage":"de","@id":"https:\/\/theresales.nl\/product\/moooi-carpets-delft-blue-plate\/#primaryimage","url":"https:\/\/theresales.nl\/wp-content\/uploads\/2026\/04\/carpet.jpg","contentUrl":"https:\/\/theresales.nl\/wp-content\/uploads\/2026\/04\/carpet.jpg","width":1200,"height":900,"caption":"Moooi-Carpets-Delft-Blue-Plate-theresales"},{"@type":"BreadcrumbList","@id":"https:\/\/theresales.nl\/product\/moooi-carpets-delft-blue-plate\/#breadcrumb","itemListElement":[{"@type":"ListItem","position":1,"name":"Home","item":"https:\/\/theresales.nl\/"},{"@type":"ListItem","position":2,"name":"Collectie","item":"https:\/\/theresales.nl\/collectie\/"},{"@type":"ListItem","position":3,"name":"Moooi Carpets Delft Blue Plate"}]},{"@type":"WebSite","@id":"https:\/\/theresales.nl\/#website","url":"https:\/\/theresales.nl\/","name":"TheReSales","description":"Tweedehands Design Meubelen","publisher":{"@id":"https:\/\/theresales.nl\/#organization"},"potentialAction":[{"@type":"SearchAction","target":{"@type":"EntryPoint","urlTemplate":"https:\/\/theresales.nl\/?s={search_term_string}"},"query-input":{"@type":"PropertyValueSpecification","valueRequired":true,"valueName":"search_term_string"}}],"inLanguage":"de"},{"@type":"Organization","@id":"https:\/\/theresales.nl\/#organization","name":"TheReSales","url":"https:\/\/theresales.nl\/","logo":{"@type":"ImageObject","inLanguage":"de","@id":"https:\/\/theresales.nl\/#\/schema\/logo\/image\/","url":"https:\/\/theresales.nl\/wp-content\/uploads\/2026\/04\/Logo-TheReSales.png","contentUrl":"https:\/\/theresales.nl\/wp-content\/uploads\/2026\/04\/Logo-TheReSales.png","width":1200,"height":304,"caption":"TheReSales"},"image":{"@id":"https:\/\/theresales.nl\/#\/schema\/logo\/image\/"},"sameAs":["https:\/\/www.facebook.com\/theresales.nl","https:\/\/www.instagram.com\/_theresales_\/","https:\/\/nl.pinterest.com\/theresalesgroningen\/","https:\/\/www.linkedin.com\/company\/theresales\/"]}]}},"_links":{"self":[{"href":"https:\/\/theresales.nl\/de\/wp-json\/wp\/v2\/product\/51074","targetHints":{"allow":["GET"]}}],"collection":[{"href":"https:\/\/theresales.nl\/de\/wp-json\/wp\/v2\/product"}],"about":[{"href":"https:\/\/theresales.nl\/de\/wp-json\/wp\/v2\/types\/product"}],"wp:featuredmedia":[{"embeddable":true,"href":"https:\/\/theresales.nl\/de\/wp-json\/wp\/v2\/media\/51075"}],"wp:attachment":[{"href":"https:\/\/theresales.nl\/de\/wp-json\/wp\/v2\/media?parent=51074"}],"wp:term":[{"taxonomy":"product_brand","embeddable":true,"href":"https:\/\/theresales.nl\/de\/wp-json\/wp\/v2\/product_brand?post=51074"},{"taxonomy":"product_cat","embeddable":true,"href":"https:\/\/theresales.nl\/de\/wp-json\/wp\/v2\/product_cat?post=51074"},{"taxonomy":"product_tag","embeddable":true,"href":"https:\/\/theresales.nl\/de\/wp-json\/wp\/v2\/product_tag?post=51074"},{"taxonomy":"ontwerper","embeddable":true,"href":"https:\/\/theresales.nl\/de\/wp-json\/wp\/v2\/ontwerper?post=51074"}],"curies":[{"name":"wp","href":"https:\/\/api.w.org\/{rel}","templated":true}]}}