{"id":51064,"date":"2026-04-22T14:04:44","date_gmt":"2026-04-22T12:04:44","guid":{"rendered":"https:\/\/theresales.nl\/?post_type=product&#038;p=51064"},"modified":"2026-04-22T15:25:38","modified_gmt":"2026-04-22T13:25:38","slug":"moooi-pferd-stehlampe","status":"publish","type":"product","link":"https:\/\/theresales.nl\/de\/product\/moooi-horse-vloerlamp\/","title":{"rendered":"Moooi Pferde Stehlampe"},"content":{"rendered":"<p data-path-to-node=\"4\">Mit der <b data-path-to-node=\"4\" data-index-in-node=\"7\">Moooi Pferde Stehleuchte<\/b> Holen Sie sich ein weltber\u00fchmtes Designst\u00fcck in Ihr Zuhause. Dieses lebensgro\u00dfe <a href=\"https:\/\/theresales.nl\/de\/produktkategorie\/lampen\/vloerlampen\/\">Lampe<\/a> ist entworfen von den schwedischen Damen von <a href=\"https:\/\/www.instagram.com\/frontdesign\/\"><b data-path-to-node=\"4\" data-index-in-node=\"136\">Designstudio Front<\/b><\/a>. Sie erhielten weltweite Aufmerksamkeit durch die Herstellung einer M\u00f6belkollektion, die echten Tieren t\u00e4uschend \u00e4hnlich sieht. Dieses Pferd ist der bekannteste Teil dieser Serie und ein echter Blickfang, der in jedem Raum die Show stiehlt.<\/p>\n<p data-path-to-node=\"5\">Deutsch <b data-path-to-node=\"5\" data-index-in-node=\"3\">Moooi Pferde Stehleuchte<\/b> is uitgevoerd in een strakke zwarte kleur. Bovenop het hoofd van het paard rust een grote lampenkap. De binnenkant van deze kap is goudkleurig, wat zorgt voor een heel warm en gezellig licht in de kamer. Het is een gedurfd ontwerp dat perfect past bij mensen die houden van kunst en iets bijzonders in hun interieur willen. De lamp is erg groot en indrukwekkend, maar door het slimme ontwerp van <b data-path-to-node=\"5\" data-index-in-node=\"428\">Vorderseite<\/b> bleibt er doch sehr elegant. Dieses Exemplar ist noch in einem ausgezeichneten Zustand.<\/p>","protected":false},"excerpt":{"rendered":"<p><strong>Abmessungen\u00a0<\/strong><br \/>\nBreite: 230 cm<br \/>\nTiefe: 67 cm<br \/>\nH\u00f6he: 225 cm<\/p>\n<p><strong>Farbe<\/strong>Schwarz<\/p>\n<p><strong>Material<\/strong>Glasfaser<\/p>","protected":false},"featured_media":51077,"template":"","meta":{"_acf_changed":false},"product_brand":[],"product_cat":[35,141],"product_tag":[274],"ontwerper":[],"class_list":{"0":"post-51064","1":"product","2":"type-product","3":"status-publish","4":"has-post-thumbnail","6":"product_cat-lampen","7":"product_cat-vloerlampen","8":"product_tag-moooi","10":"first","11":"instock","12":"shipping-taxable","13":"purchasable","14":"product-type-simple"},"acf":[],"yoast_head":"<!-- This site is optimized with the Yoast SEO plugin v27.5 - https:\/\/yoast.com\/product\/yoast-seo-wordpress\/ -->\n<title>Moooi Horse vloerlamp - TheReSales<\/title>\n<meta name=\"description\" content=\"Levensgrote Moooi Horse Vloerlamp in zwart. Het beroemde ontwerp van studio Front voor Moooi. Een uniek kunstwerk en designlamp in \u00e9\u00e9n.\" \/>\n<meta name=\"robots\" content=\"index, follow, max-snippet:-1, max-image-preview:large, max-video-preview:-1\" \/>\n<link rel=\"canonical\" href=\"https:\/\/theresales.nl\/de\/produkt\/moooi-pferd-stehlampe\/\" \/>\n<meta property=\"og:locale\" content=\"de_DE\" \/>\n<meta property=\"og:type\" content=\"article\" \/>\n<meta property=\"og:title\" content=\"Moooi Horse vloerlamp - TheReSales\" \/>\n<meta property=\"og:description\" content=\"Levensgrote Moooi Horse Vloerlamp in zwart. Het beroemde ontwerp van studio Front voor Moooi. Een uniek kunstwerk en designlamp in \u00e9\u00e9n.\" \/>\n<meta property=\"og:url\" content=\"https:\/\/theresales.nl\/de\/produkt\/moooi-pferd-stehlampe\/\" \/>\n<meta property=\"og:site_name\" content=\"TheReSales\" \/>\n<meta property=\"article:publisher\" content=\"https:\/\/www.facebook.com\/theresales.nl\" \/>\n<meta property=\"article:modified_time\" content=\"2026-04-22T13:25:38+00:00\" \/>\n<meta property=\"og:image\" content=\"https:\/\/theresales.nl\/wp-content\/uploads\/2026\/04\/Moooi-Horse-Vloerlamp-TheReSales-1.jpg\" \/>\n\t<meta property=\"og:image:width\" content=\"1200\" \/>\n\t<meta property=\"og:image:height\" content=\"900\" \/>\n\t<meta property=\"og:image:type\" content=\"image\/jpeg\" \/>\n<meta name=\"twitter:card\" content=\"summary_large_image\" \/>\n<meta name=\"twitter:label1\" content=\"Gesch\u00e4tzte Lesezeit\" \/>\n\t<meta name=\"twitter:data1\" content=\"1\u00a0Minute\" \/>\n<!-- \/ Yoast SEO plugin. -->","yoast_head_json":{"title":"Moooi Pferde Stehlampe - TheReSales","description":"Lebensgro\u00dfe Moooi Horse Stehleuchte in Schwarz. Das ber\u00fchmte Design des Studios Front f\u00fcr Moooi. Ein einzigartiges Kunstwerk und eine Designlampe in einem.","robots":{"index":"index","follow":"follow","max-snippet":"max-snippet:-1","max-image-preview":"max-image-preview:large","max-video-preview":"max-video-preview:-1"},"canonical":"https:\/\/theresales.nl\/de\/produkt\/moooi-pferd-stehlampe\/","og_locale":"de_DE","og_type":"article","og_title":"Moooi Horse vloerlamp - TheReSales","og_description":"Levensgrote Moooi Horse Vloerlamp in zwart. Het beroemde ontwerp van studio Front voor Moooi. Een uniek kunstwerk en designlamp in \u00e9\u00e9n.","og_url":"https:\/\/theresales.nl\/de\/produkt\/moooi-pferd-stehlampe\/","og_site_name":"TheReSales","article_publisher":"https:\/\/www.facebook.com\/theresales.nl","article_modified_time":"2026-04-22T13:25:38+00:00","og_image":[{"width":1200,"height":900,"url":"https:\/\/theresales.nl\/wp-content\/uploads\/2026\/04\/Moooi-Horse-Vloerlamp-TheReSales-1.jpg","type":"image\/jpeg"}],"twitter_card":"summary_large_image","twitter_misc":{"Gesch\u00e4tzte Lesezeit":"1\u00a0Minute"},"schema":{"@context":"https:\/\/schema.org","@graph":[{"@type":"WebPage","@id":"https:\/\/theresales.nl\/product\/moooi-horse-vloerlamp\/","url":"https:\/\/theresales.nl\/product\/moooi-horse-vloerlamp\/","name":"Moooi Pferde Stehlampe - TheReSales","isPartOf":{"@id":"https:\/\/theresales.nl\/#website"},"primaryImageOfPage":{"@id":"https:\/\/theresales.nl\/product\/moooi-horse-vloerlamp\/#primaryimage"},"image":{"@id":"https:\/\/theresales.nl\/product\/moooi-horse-vloerlamp\/#primaryimage"},"thumbnailUrl":"https:\/\/theresales.nl\/wp-content\/uploads\/2026\/04\/Moooi-Horse-Vloerlamp-TheReSales-1.jpg","datePublished":"2026-04-22T12:04:44+00:00","dateModified":"2026-04-22T13:25:38+00:00","description":"Lebensgro\u00dfe Moooi Horse Stehleuchte in Schwarz. Das ber\u00fchmte Design des Studios Front f\u00fcr Moooi. Ein einzigartiges Kunstwerk und eine Designlampe in einem.","breadcrumb":{"@id":"https:\/\/theresales.nl\/product\/moooi-horse-vloerlamp\/#breadcrumb"},"inLanguage":"de","potentialAction":[{"@type":"ReadAction","target":["https:\/\/theresales.nl\/product\/moooi-horse-vloerlamp\/"]}]},{"@type":"ImageObject","inLanguage":"de","@id":"https:\/\/theresales.nl\/product\/moooi-horse-vloerlamp\/#primaryimage","url":"https:\/\/theresales.nl\/wp-content\/uploads\/2026\/04\/Moooi-Horse-Vloerlamp-TheReSales-1.jpg","contentUrl":"https:\/\/theresales.nl\/wp-content\/uploads\/2026\/04\/Moooi-Horse-Vloerlamp-TheReSales-1.jpg","width":1200,"height":900,"caption":"Moooi-Horse-Vloerlamp-TheReSales"},{"@type":"BreadcrumbList","@id":"https:\/\/theresales.nl\/product\/moooi-horse-vloerlamp\/#breadcrumb","itemListElement":[{"@type":"ListItem","position":1,"name":"Home","item":"https:\/\/theresales.nl\/"},{"@type":"ListItem","position":2,"name":"Collectie","item":"https:\/\/theresales.nl\/collectie\/"},{"@type":"ListItem","position":3,"name":"Moooi Horse vloerlamp"}]},{"@type":"WebSite","@id":"https:\/\/theresales.nl\/#website","url":"https:\/\/theresales.nl\/","name":"TheReSales","description":"Tweedehands Design Meubelen","publisher":{"@id":"https:\/\/theresales.nl\/#organization"},"potentialAction":[{"@type":"SearchAction","target":{"@type":"EntryPoint","urlTemplate":"https:\/\/theresales.nl\/?s={search_term_string}"},"query-input":{"@type":"PropertyValueSpecification","valueRequired":true,"valueName":"search_term_string"}}],"inLanguage":"de"},{"@type":"Organization","@id":"https:\/\/theresales.nl\/#organization","name":"TheReSales","url":"https:\/\/theresales.nl\/","logo":{"@type":"ImageObject","inLanguage":"de","@id":"https:\/\/theresales.nl\/#\/schema\/logo\/image\/","url":"https:\/\/theresales.nl\/wp-content\/uploads\/2026\/04\/Logo-TheReSales.png","contentUrl":"https:\/\/theresales.nl\/wp-content\/uploads\/2026\/04\/Logo-TheReSales.png","width":1200,"height":304,"caption":"TheReSales"},"image":{"@id":"https:\/\/theresales.nl\/#\/schema\/logo\/image\/"},"sameAs":["https:\/\/www.facebook.com\/theresales.nl","https:\/\/www.instagram.com\/_theresales_\/","https:\/\/nl.pinterest.com\/theresalesgroningen\/","https:\/\/www.linkedin.com\/company\/theresales\/"]}]}},"_links":{"self":[{"href":"https:\/\/theresales.nl\/de\/wp-json\/wp\/v2\/product\/51064","targetHints":{"allow":["GET"]}}],"collection":[{"href":"https:\/\/theresales.nl\/de\/wp-json\/wp\/v2\/product"}],"about":[{"href":"https:\/\/theresales.nl\/de\/wp-json\/wp\/v2\/types\/product"}],"wp:featuredmedia":[{"embeddable":true,"href":"https:\/\/theresales.nl\/de\/wp-json\/wp\/v2\/media\/51077"}],"wp:attachment":[{"href":"https:\/\/theresales.nl\/de\/wp-json\/wp\/v2\/media?parent=51064"}],"wp:term":[{"taxonomy":"product_brand","embeddable":true,"href":"https:\/\/theresales.nl\/de\/wp-json\/wp\/v2\/product_brand?post=51064"},{"taxonomy":"product_cat","embeddable":true,"href":"https:\/\/theresales.nl\/de\/wp-json\/wp\/v2\/product_cat?post=51064"},{"taxonomy":"product_tag","embeddable":true,"href":"https:\/\/theresales.nl\/de\/wp-json\/wp\/v2\/product_tag?post=51064"},{"taxonomy":"ontwerper","embeddable":true,"href":"https:\/\/theresales.nl\/de\/wp-json\/wp\/v2\/ontwerper?post=51064"}],"curies":[{"name":"wp","href":"https:\/\/api.w.org\/{rel}","templated":true}]}}