{"id":51062,"date":"2026-04-22T13:34:22","date_gmt":"2026-04-22T11:34:22","guid":{"rendered":"https:\/\/theresales.nl\/?post_type=product&#038;p=51062"},"modified":"2026-04-22T15:25:49","modified_gmt":"2026-04-22T13:25:49","slug":"blumen-klammer","status":"publish","type":"product","link":"https:\/\/theresales.nl\/de\/product\/flos-parentesi\/","title":{"rendered":"Flaus Klammer"},"content":{"rendered":"<p data-path-to-node=\"3\">Deutsch <b data-path-to-node=\"3\" data-index-in-node=\"3\">Flaus Klammer<\/b> ist eine einzigartige Lampe, die nicht an der Wand oder auf dem Boden steht, sondern zwischen Decke und Boden gespannt wird. Seinen Namen verdankt die Lampe dem gebogenen Stahlrohr, das die Form einer Klammer hat. Durch die Spannung des Stahlseils bleibt dieses Rohr genau auf der gew\u00fcnschten H\u00f6he, ohne dass Schrauben ben\u00f6tigt werden. Sie k\u00f6nnen die Lichtquelle ganz einfach nach oben oder unten schieben, um den richtigen Ort zu beleuchten.<\/p>\n<p data-path-to-node=\"4\">Das Design ist robust und industriell, mit einem schweren schwarzen Gegengewicht, das auf dem Boden ruht. Die Lichtquelle selbst kann sich um 360 Grad drehen, wodurch die <b data-path-to-node=\"4\" data-index-in-node=\"147\"><a href=\"https:\/\/theresales.nl\/de\/merke\/blumen\/\">Blumen<\/a> Klammern<\/b> perfekt ist als <a href=\"https:\/\/theresales.nl\/de\/produktkategorie\/lampen\/hangelampen\/\">Leselampe<\/a>, aber auch um ein Kunstwerk an der Wand zu akzentuieren. Es ist ein zeitloses St\u00fcck italienischer <a href=\"https:\/\/www.instagram.com\/flos\/\">Gestaltung<\/a> dat in elk modern interieur een krachtig statement maakt. Diese Lampe ist in klassischem Schwarz gehalten und befindet sich in einem ordentlichen, funktionierenden Zustand.<\/p>","protected":false},"excerpt":{"rendered":"<p><strong>Abmessungen<\/strong><br \/>\nDurchmesser: 11 cm<br \/>\nH\u00f6he: 58 cm<\/p>\n<p><strong>Farbe<\/strong>Schwarz<\/p>\n<p><strong>Material<\/strong>Metall<\/p>","protected":false},"featured_media":51079,"template":"","meta":{"_acf_changed":false},"product_brand":[],"product_cat":[40,35],"product_tag":[893,219],"ontwerper":[],"class_list":{"0":"post-51062","1":"product","2":"type-product","3":"status-publish","4":"has-post-thumbnail","6":"product_cat-hanglampen","7":"product_cat-lampen","8":"product_tag-btw","9":"product_tag-flos","11":"first","12":"instock","13":"shipping-taxable","14":"purchasable","15":"product-type-simple"},"acf":[],"yoast_head":"<!-- This site is optimized with the Yoast SEO plugin v27.5 - https:\/\/yoast.com\/product\/yoast-seo-wordpress\/ -->\n<title>Flos Parentesi - TheReSales<\/title>\n<meta name=\"description\" content=\"Flos Parentesi hanglamp. Iconisch design van Achille Castiglioni en Pio Manz\u00f9. Verstelbare designlamp gespannen tussen vloer en plafond.\" \/>\n<meta name=\"robots\" content=\"index, follow, max-snippet:-1, max-image-preview:large, max-video-preview:-1\" \/>\n<link rel=\"canonical\" href=\"https:\/\/theresales.nl\/de\/produkt\/blumen-klammer\/\" \/>\n<meta property=\"og:locale\" content=\"de_DE\" \/>\n<meta property=\"og:type\" content=\"article\" \/>\n<meta property=\"og:title\" content=\"Flos Parentesi - TheReSales\" \/>\n<meta property=\"og:description\" content=\"Flos Parentesi hanglamp. Iconisch design van Achille Castiglioni en Pio Manz\u00f9. Verstelbare designlamp gespannen tussen vloer en plafond.\" \/>\n<meta property=\"og:url\" content=\"https:\/\/theresales.nl\/de\/produkt\/blumen-klammer\/\" \/>\n<meta property=\"og:site_name\" content=\"TheReSales\" \/>\n<meta property=\"article:publisher\" content=\"https:\/\/www.facebook.com\/theresales.nl\" \/>\n<meta property=\"article:modified_time\" content=\"2026-04-22T13:25:49+00:00\" \/>\n<meta property=\"og:image\" content=\"https:\/\/theresales.nl\/wp-content\/uploads\/2026\/04\/Flos-Parentesi-theresales-1.jpg\" \/>\n\t<meta property=\"og:image:width\" content=\"1200\" \/>\n\t<meta property=\"og:image:height\" content=\"900\" \/>\n\t<meta property=\"og:image:type\" content=\"image\/jpeg\" \/>\n<meta name=\"twitter:card\" content=\"summary_large_image\" \/>\n<meta name=\"twitter:label1\" content=\"Gesch\u00e4tzte Lesezeit\" \/>\n\t<meta name=\"twitter:data1\" content=\"1\u00a0Minute\" \/>\n<!-- \/ Yoast SEO plugin. -->","yoast_head_json":{"title":"Flos Parentesi - TheReSales","description":"Flos Parentesi H\u00e4ngelampe. Ikonisches Design von Achille Castiglioni und Pio Manz\u00f9. Verstellbare Designleuchte gespannt zwischen Boden und Decke.","robots":{"index":"index","follow":"follow","max-snippet":"max-snippet:-1","max-image-preview":"max-image-preview:large","max-video-preview":"max-video-preview:-1"},"canonical":"https:\/\/theresales.nl\/de\/produkt\/blumen-klammer\/","og_locale":"de_DE","og_type":"article","og_title":"Flos Parentesi - TheReSales","og_description":"Flos Parentesi hanglamp. Iconisch design van Achille Castiglioni en Pio Manz\u00f9. Verstelbare designlamp gespannen tussen vloer en plafond.","og_url":"https:\/\/theresales.nl\/de\/produkt\/blumen-klammer\/","og_site_name":"TheReSales","article_publisher":"https:\/\/www.facebook.com\/theresales.nl","article_modified_time":"2026-04-22T13:25:49+00:00","og_image":[{"width":1200,"height":900,"url":"https:\/\/theresales.nl\/wp-content\/uploads\/2026\/04\/Flos-Parentesi-theresales-1.jpg","type":"image\/jpeg"}],"twitter_card":"summary_large_image","twitter_misc":{"Gesch\u00e4tzte Lesezeit":"1\u00a0Minute"},"schema":{"@context":"https:\/\/schema.org","@graph":[{"@type":"WebPage","@id":"https:\/\/theresales.nl\/product\/flos-parentesi\/","url":"https:\/\/theresales.nl\/product\/flos-parentesi\/","name":"Flos Parentesi - TheReSales","isPartOf":{"@id":"https:\/\/theresales.nl\/#website"},"primaryImageOfPage":{"@id":"https:\/\/theresales.nl\/product\/flos-parentesi\/#primaryimage"},"image":{"@id":"https:\/\/theresales.nl\/product\/flos-parentesi\/#primaryimage"},"thumbnailUrl":"https:\/\/theresales.nl\/wp-content\/uploads\/2026\/04\/Flos-Parentesi-theresales-1.jpg","datePublished":"2026-04-22T11:34:22+00:00","dateModified":"2026-04-22T13:25:49+00:00","description":"Flos Parentesi H\u00e4ngelampe. Ikonisches Design von Achille Castiglioni und Pio Manz\u00f9. Verstellbare Designleuchte gespannt zwischen Boden und Decke.","breadcrumb":{"@id":"https:\/\/theresales.nl\/product\/flos-parentesi\/#breadcrumb"},"inLanguage":"de","potentialAction":[{"@type":"ReadAction","target":["https:\/\/theresales.nl\/product\/flos-parentesi\/"]}]},{"@type":"ImageObject","inLanguage":"de","@id":"https:\/\/theresales.nl\/product\/flos-parentesi\/#primaryimage","url":"https:\/\/theresales.nl\/wp-content\/uploads\/2026\/04\/Flos-Parentesi-theresales-1.jpg","contentUrl":"https:\/\/theresales.nl\/wp-content\/uploads\/2026\/04\/Flos-Parentesi-theresales-1.jpg","width":1200,"height":900},{"@type":"BreadcrumbList","@id":"https:\/\/theresales.nl\/product\/flos-parentesi\/#breadcrumb","itemListElement":[{"@type":"ListItem","position":1,"name":"Home","item":"https:\/\/theresales.nl\/"},{"@type":"ListItem","position":2,"name":"Collectie","item":"https:\/\/theresales.nl\/collectie\/"},{"@type":"ListItem","position":3,"name":"Flos Parentesi"}]},{"@type":"WebSite","@id":"https:\/\/theresales.nl\/#website","url":"https:\/\/theresales.nl\/","name":"TheReSales","description":"Tweedehands Design Meubelen","publisher":{"@id":"https:\/\/theresales.nl\/#organization"},"potentialAction":[{"@type":"SearchAction","target":{"@type":"EntryPoint","urlTemplate":"https:\/\/theresales.nl\/?s={search_term_string}"},"query-input":{"@type":"PropertyValueSpecification","valueRequired":true,"valueName":"search_term_string"}}],"inLanguage":"de"},{"@type":"Organization","@id":"https:\/\/theresales.nl\/#organization","name":"TheReSales","url":"https:\/\/theresales.nl\/","logo":{"@type":"ImageObject","inLanguage":"de","@id":"https:\/\/theresales.nl\/#\/schema\/logo\/image\/","url":"https:\/\/theresales.nl\/wp-content\/uploads\/2026\/04\/Logo-TheReSales.png","contentUrl":"https:\/\/theresales.nl\/wp-content\/uploads\/2026\/04\/Logo-TheReSales.png","width":1200,"height":304,"caption":"TheReSales"},"image":{"@id":"https:\/\/theresales.nl\/#\/schema\/logo\/image\/"},"sameAs":["https:\/\/www.facebook.com\/theresales.nl","https:\/\/www.instagram.com\/_theresales_\/","https:\/\/nl.pinterest.com\/theresalesgroningen\/","https:\/\/www.linkedin.com\/company\/theresales\/"]}]}},"_links":{"self":[{"href":"https:\/\/theresales.nl\/de\/wp-json\/wp\/v2\/product\/51062","targetHints":{"allow":["GET"]}}],"collection":[{"href":"https:\/\/theresales.nl\/de\/wp-json\/wp\/v2\/product"}],"about":[{"href":"https:\/\/theresales.nl\/de\/wp-json\/wp\/v2\/types\/product"}],"wp:featuredmedia":[{"embeddable":true,"href":"https:\/\/theresales.nl\/de\/wp-json\/wp\/v2\/media\/51079"}],"wp:attachment":[{"href":"https:\/\/theresales.nl\/de\/wp-json\/wp\/v2\/media?parent=51062"}],"wp:term":[{"taxonomy":"product_brand","embeddable":true,"href":"https:\/\/theresales.nl\/de\/wp-json\/wp\/v2\/product_brand?post=51062"},{"taxonomy":"product_cat","embeddable":true,"href":"https:\/\/theresales.nl\/de\/wp-json\/wp\/v2\/product_cat?post=51062"},{"taxonomy":"product_tag","embeddable":true,"href":"https:\/\/theresales.nl\/de\/wp-json\/wp\/v2\/product_tag?post=51062"},{"taxonomy":"ontwerper","embeddable":true,"href":"https:\/\/theresales.nl\/de\/wp-json\/wp\/v2\/ontwerper?post=51062"}],"curies":[{"name":"wp","href":"https:\/\/api.w.org\/{rel}","templated":true}]}}