{"id":51049,"date":"2026-04-22T10:26:29","date_gmt":"2026-04-22T08:26:29","guid":{"rendered":"https:\/\/theresales.nl\/?post_type=product&#038;p=51049"},"modified":"2026-04-22T14:36:03","modified_gmt":"2026-04-22T12:36:03","slug":"cappellini-hi-pad-hocker-ockergelb","status":"publish","type":"product","link":"https:\/\/theresales.nl\/de\/product\/cappellini-hi-pad-stool-okergeel\/","title":{"rendered":"Cappellini Hi Pad Hocker ockerfarben"},"content":{"rendered":"<p data-path-to-node=\"3\">Deutsch <b data-path-to-node=\"3\" data-index-in-node=\"3\">Cappellini Hi Pad Hocker Ockergelb<\/b> ist ein auff\u00e4lliger Barhocker, der mit seiner warmen Farbe sofort Atmosph\u00e4re in Ihre Kochinsel oder Bar bringt. Dieses bekannte Design des Designers <a href=\"https:\/\/jaspermorrison.com\/\"><b data-path-to-node=\"3\" data-index-in-node=\"169\">Jasper Morrison<\/b><\/a> er ist beliebt, weil der Hocker eine sehr wiedererkennbare Form hat und sehr bequem ist. Die Sitzfl\u00e4che ist mit einem strapazierf\u00e4higen, ockergelben Stoff bezogen, der f\u00fcr ein kraftvolles und modernes Aussehen in Ihrem Zuhause sorgt.<\/p>\n<p data-path-to-node=\"4\">Das Fahrgestell von dem <b data-path-to-node=\"4\" data-index-in-node=\"21\">Cappellini Hi Pad Hocker Ockergelb<\/b> ist aus schlankem, rostfreiem Stahl gefertigt, wodurch <a href=\"https:\/\/theresales.nl\/de\/produktkategorie\/stuhle\/\">Krumm<\/a> es leicht aussieht, aber dennoch sehr stabil steht. Die Materialien sind von hoher Qualit\u00e4t, wodurch der Hocker einiges aush\u00e4lt und jahrelang sch\u00f6n bleibt. Dieses Exemplar ist gut gepflegt und befindet sich in einem ordentlichen Zustand. Ein wundersch\u00f6nes St\u00fcck italienisches Design, an dem Sie noch jahrelang Freude haben werden.<\/p>","protected":false},"excerpt":{"rendered":"<p><strong>Abmessungen<\/strong><br \/>\nBreite: 43 cm<br \/>\nTiefe: 34 cm<br \/>\nH\u00f6he: 79 cm<\/p>\n<p><strong>Farbe<\/strong>Ockergelb<\/p>\n<p><strong>Material<\/strong>Stoff, Metall<\/p>","protected":false},"featured_media":51073,"template":"","meta":{"_acf_changed":false},"product_brand":[],"product_cat":[34],"product_tag":[199],"ontwerper":[],"class_list":{"0":"post-51049","1":"product","2":"type-product","3":"status-publish","4":"has-post-thumbnail","6":"product_cat-stoelen","7":"product_tag-cappellini","9":"first","10":"instock","11":"shipping-taxable","12":"purchasable","13":"product-type-simple"},"acf":[],"yoast_head":"<!-- This site is optimized with the Yoast SEO plugin v27.5 - https:\/\/yoast.com\/product\/yoast-seo-wordpress\/ -->\n<title>Cappellini Hi Pad Stool okergeel - TheReSales<\/title>\n<meta name=\"description\" content=\"De Cappellini Hi Pad Stool grijs is een ontwerp van Jasper Morrison voor het merk Cappellini. Een innovatieve barkruk die de perfecte balans...\" \/>\n<meta name=\"robots\" content=\"index, follow, max-snippet:-1, max-image-preview:large, max-video-preview:-1\" \/>\n<link rel=\"canonical\" href=\"https:\/\/theresales.nl\/de\/produkt\/cappellini-hi-pad-hocker-ockergelb\/\" \/>\n<meta property=\"og:locale\" content=\"de_DE\" \/>\n<meta property=\"og:type\" content=\"article\" \/>\n<meta property=\"og:title\" content=\"Cappellini Hi Pad Stool okergeel - TheReSales\" \/>\n<meta property=\"og:description\" content=\"De Cappellini Hi Pad Stool grijs is een ontwerp van Jasper Morrison voor het merk Cappellini. Een innovatieve barkruk die de perfecte balans...\" \/>\n<meta property=\"og:url\" content=\"https:\/\/theresales.nl\/de\/produkt\/cappellini-hi-pad-hocker-ockergelb\/\" \/>\n<meta property=\"og:site_name\" content=\"TheReSales\" \/>\n<meta property=\"article:publisher\" content=\"https:\/\/www.facebook.com\/theresales.nl\" \/>\n<meta property=\"article:modified_time\" content=\"2026-04-22T12:36:03+00:00\" \/>\n<meta property=\"og:image\" content=\"https:\/\/theresales.nl\/wp-content\/uploads\/2026\/04\/okergeel-1.jpg\" \/>\n\t<meta property=\"og:image:width\" content=\"1200\" \/>\n\t<meta property=\"og:image:height\" content=\"900\" \/>\n\t<meta property=\"og:image:type\" content=\"image\/jpeg\" \/>\n<meta name=\"twitter:card\" content=\"summary_large_image\" \/>\n<meta name=\"twitter:label1\" content=\"Gesch\u00e4tzte Lesezeit\" \/>\n\t<meta name=\"twitter:data1\" content=\"1\u00a0Minute\" \/>\n<!-- \/ Yoast SEO plugin. -->","yoast_head_json":{"title":"Cappellini Hi Pad Hocker okergeel - TheReSales","description":"Der Cappellini Hi Pad Hocker grau ist ein Entwurf von Jasper Morrison f\u00fcr die Marke Cappellini. Ein innovativer Barhocker, der die perfekte Balance...","robots":{"index":"index","follow":"follow","max-snippet":"max-snippet:-1","max-image-preview":"max-image-preview:large","max-video-preview":"max-video-preview:-1"},"canonical":"https:\/\/theresales.nl\/de\/produkt\/cappellini-hi-pad-hocker-ockergelb\/","og_locale":"de_DE","og_type":"article","og_title":"Cappellini Hi Pad Stool okergeel - TheReSales","og_description":"De Cappellini Hi Pad Stool grijs is een ontwerp van Jasper Morrison voor het merk Cappellini. Een innovatieve barkruk die de perfecte balans...","og_url":"https:\/\/theresales.nl\/de\/produkt\/cappellini-hi-pad-hocker-ockergelb\/","og_site_name":"TheReSales","article_publisher":"https:\/\/www.facebook.com\/theresales.nl","article_modified_time":"2026-04-22T12:36:03+00:00","og_image":[{"width":1200,"height":900,"url":"https:\/\/theresales.nl\/wp-content\/uploads\/2026\/04\/okergeel-1.jpg","type":"image\/jpeg"}],"twitter_card":"summary_large_image","twitter_misc":{"Gesch\u00e4tzte Lesezeit":"1\u00a0Minute"},"schema":{"@context":"https:\/\/schema.org","@graph":[{"@type":"WebPage","@id":"https:\/\/theresales.nl\/product\/cappellini-hi-pad-stool-okergeel\/","url":"https:\/\/theresales.nl\/product\/cappellini-hi-pad-stool-okergeel\/","name":"Cappellini Hi Pad Hocker okergeel - TheReSales","isPartOf":{"@id":"https:\/\/theresales.nl\/#website"},"primaryImageOfPage":{"@id":"https:\/\/theresales.nl\/product\/cappellini-hi-pad-stool-okergeel\/#primaryimage"},"image":{"@id":"https:\/\/theresales.nl\/product\/cappellini-hi-pad-stool-okergeel\/#primaryimage"},"thumbnailUrl":"https:\/\/theresales.nl\/wp-content\/uploads\/2026\/04\/okergeel-1.jpg","datePublished":"2026-04-22T08:26:29+00:00","dateModified":"2026-04-22T12:36:03+00:00","description":"Der Cappellini Hi Pad Hocker grau ist ein Entwurf von Jasper Morrison f\u00fcr die Marke Cappellini. Ein innovativer Barhocker, der die perfekte Balance...","breadcrumb":{"@id":"https:\/\/theresales.nl\/product\/cappellini-hi-pad-stool-okergeel\/#breadcrumb"},"inLanguage":"de","potentialAction":[{"@type":"ReadAction","target":["https:\/\/theresales.nl\/product\/cappellini-hi-pad-stool-okergeel\/"]}]},{"@type":"ImageObject","inLanguage":"de","@id":"https:\/\/theresales.nl\/product\/cappellini-hi-pad-stool-okergeel\/#primaryimage","url":"https:\/\/theresales.nl\/wp-content\/uploads\/2026\/04\/okergeel-1.jpg","contentUrl":"https:\/\/theresales.nl\/wp-content\/uploads\/2026\/04\/okergeel-1.jpg","width":1200,"height":900,"caption":"Stoel-Cappellini Hi-Pad-Stool-okergeel-TheReSales"},{"@type":"BreadcrumbList","@id":"https:\/\/theresales.nl\/product\/cappellini-hi-pad-stool-okergeel\/#breadcrumb","itemListElement":[{"@type":"ListItem","position":1,"name":"Home","item":"https:\/\/theresales.nl\/"},{"@type":"ListItem","position":2,"name":"Collectie","item":"https:\/\/theresales.nl\/collectie\/"},{"@type":"ListItem","position":3,"name":"Cappellini Hi Pad Stool okergeel"}]},{"@type":"WebSite","@id":"https:\/\/theresales.nl\/#website","url":"https:\/\/theresales.nl\/","name":"TheReSales","description":"Tweedehands Design Meubelen","publisher":{"@id":"https:\/\/theresales.nl\/#organization"},"potentialAction":[{"@type":"SearchAction","target":{"@type":"EntryPoint","urlTemplate":"https:\/\/theresales.nl\/?s={search_term_string}"},"query-input":{"@type":"PropertyValueSpecification","valueRequired":true,"valueName":"search_term_string"}}],"inLanguage":"de"},{"@type":"Organization","@id":"https:\/\/theresales.nl\/#organization","name":"TheReSales","url":"https:\/\/theresales.nl\/","logo":{"@type":"ImageObject","inLanguage":"de","@id":"https:\/\/theresales.nl\/#\/schema\/logo\/image\/","url":"https:\/\/theresales.nl\/wp-content\/uploads\/2026\/04\/Logo-TheReSales.png","contentUrl":"https:\/\/theresales.nl\/wp-content\/uploads\/2026\/04\/Logo-TheReSales.png","width":1200,"height":304,"caption":"TheReSales"},"image":{"@id":"https:\/\/theresales.nl\/#\/schema\/logo\/image\/"},"sameAs":["https:\/\/www.facebook.com\/theresales.nl","https:\/\/www.instagram.com\/_theresales_\/","https:\/\/nl.pinterest.com\/theresalesgroningen\/","https:\/\/www.linkedin.com\/company\/theresales\/"]}]}},"_links":{"self":[{"href":"https:\/\/theresales.nl\/de\/wp-json\/wp\/v2\/product\/51049","targetHints":{"allow":["GET"]}}],"collection":[{"href":"https:\/\/theresales.nl\/de\/wp-json\/wp\/v2\/product"}],"about":[{"href":"https:\/\/theresales.nl\/de\/wp-json\/wp\/v2\/types\/product"}],"wp:featuredmedia":[{"embeddable":true,"href":"https:\/\/theresales.nl\/de\/wp-json\/wp\/v2\/media\/51073"}],"wp:attachment":[{"href":"https:\/\/theresales.nl\/de\/wp-json\/wp\/v2\/media?parent=51049"}],"wp:term":[{"taxonomy":"product_brand","embeddable":true,"href":"https:\/\/theresales.nl\/de\/wp-json\/wp\/v2\/product_brand?post=51049"},{"taxonomy":"product_cat","embeddable":true,"href":"https:\/\/theresales.nl\/de\/wp-json\/wp\/v2\/product_cat?post=51049"},{"taxonomy":"product_tag","embeddable":true,"href":"https:\/\/theresales.nl\/de\/wp-json\/wp\/v2\/product_tag?post=51049"},{"taxonomy":"ontwerper","embeddable":true,"href":"https:\/\/theresales.nl\/de\/wp-json\/wp\/v2\/ontwerper?post=51049"}],"curies":[{"name":"wp","href":"https:\/\/api.w.org\/{rel}","templated":true}]}}