{"id":51015,"date":"2026-04-21T15:27:27","date_gmt":"2026-04-21T13:27:27","guid":{"rendered":"https:\/\/theresales.nl\/?post_type=product&#038;p=51015"},"modified":"2026-04-21T16:43:38","modified_gmt":"2026-04-21T14:43:38","slug":"arper-catifa-46-weis-rot","status":"publish","type":"product","link":"https:\/\/theresales.nl\/de\/product\/arper-catifa-46-wit-rood\/","title":{"rendered":"Arper Catifa 46 Wei\u00df Rot"},"content":{"rendered":"<p data-path-to-node=\"4\">Deutsch <b data-path-to-node=\"4\" data-index-in-node=\"3\">Arper Catifa 46 Wei\u00df Rot<\/b> ist ein moderner Stuhl, der sofort durch die Farbwahl auff\u00e4llt. Dieses bekannte Design des Studios <a href=\"http:\/\/Lievore Altherr Molina\"><b data-path-to-node=\"4\" data-index-in-node=\"124\">Lievore Altherr Molina<\/b><\/a> ist zu einem wahren Klassiker geworden. Der Stuhl hat eine clevere Sitzfl\u00e4che, die aus zwei Teilen besteht: einer frischen wei\u00dfen Innenseite und einer gl\u00e4nzenden roten Au\u00dfenseite. Dies sorgt f\u00fcr einen fr\u00f6hlichen Kontrast, der in viele verschiedene Inneneinrichtungen passt.<\/p>\n<p data-path-to-node=\"5\">Das Fahrgestell von dem <b data-path-to-node=\"5\" data-index-in-node=\"21\">Arper Catifa 46 Wei\u00df Rot<\/b> ist ein schlankes Chromgestell, das die <a href=\"https:\/\/theresales.nl\/de\/produktkategorie\/stuhle\/\">Stuhl<\/a> die eine leichte Ausstrahlung verleiht. Trotz des feinen Rahmens steht der Stuhl sehr stabil und die Form der Schale bietet eine gute R\u00fcckenunterst\u00fctzung. Der Kunststoff ist stark und sehr leicht sauber zu halten, was ideal f\u00fcr den t\u00e4glichen Gebrauch am Esstisch oder im B\u00fcro ist. Dieses Set befindet sich in einem gepflegten Zustand mit normalen Gebrauchsspuren.<\/p>","protected":false},"excerpt":{"rendered":"<p><strong>Abmessungen<br \/>\n<\/strong>Breite: 62 cm<br \/>\nTiefe: 52 cm<br \/>\nH\u00f6he: 80 cm<br \/>\n<strong><br \/>\nFarbe<\/strong>Rot, Wei\u00df<br \/>\n<strong><br \/>\nMaterial<\/strong>Kunststoff, Metall<\/p>","protected":false},"featured_media":51016,"template":"","meta":{"_acf_changed":false},"product_brand":[],"product_cat":[34],"product_tag":[297],"ontwerper":[],"class_list":{"0":"post-51015","1":"product","2":"type-product","3":"status-publish","4":"has-post-thumbnail","6":"product_cat-stoelen","7":"product_tag-arper","9":"first","10":"instock","11":"shipping-taxable","12":"purchasable","13":"product-type-simple"},"acf":[],"yoast_head":"<!-- This site is optimized with the Yoast SEO plugin v27.5 - https:\/\/yoast.com\/product\/yoast-seo-wordpress\/ -->\n<title>Arper Catifa 46 wit rood - TheReSales<\/title>\n<meta name=\"description\" content=\"Tweekleurige Arper Catifa 46 design stoel in wit en rood. Ontworpen door Lievore Altherr Molina. Een stevige stoel met chromen frame in nette staat.\" \/>\n<meta name=\"robots\" content=\"index, follow, max-snippet:-1, max-image-preview:large, max-video-preview:-1\" \/>\n<link rel=\"canonical\" href=\"https:\/\/theresales.nl\/de\/produkt\/arper-catifa-46-weis-rot\/\" \/>\n<meta property=\"og:locale\" content=\"de_DE\" \/>\n<meta property=\"og:type\" content=\"article\" \/>\n<meta property=\"og:title\" content=\"Arper Catifa 46 wit rood - TheReSales\" \/>\n<meta property=\"og:description\" content=\"Tweekleurige Arper Catifa 46 design stoel in wit en rood. Ontworpen door Lievore Altherr Molina. Een stevige stoel met chromen frame in nette staat.\" \/>\n<meta property=\"og:url\" content=\"https:\/\/theresales.nl\/de\/produkt\/arper-catifa-46-weis-rot\/\" \/>\n<meta property=\"og:site_name\" content=\"TheReSales\" \/>\n<meta property=\"article:publisher\" content=\"https:\/\/www.facebook.com\/theresales.nl\" \/>\n<meta property=\"article:modified_time\" content=\"2026-04-21T14:43:38+00:00\" \/>\n<meta property=\"og:image\" content=\"https:\/\/theresales.nl\/wp-content\/uploads\/2026\/04\/20260421_122749421_iOS.jpg\" \/>\n\t<meta property=\"og:image:width\" content=\"1200\" \/>\n\t<meta property=\"og:image:height\" content=\"900\" \/>\n\t<meta property=\"og:image:type\" content=\"image\/jpeg\" \/>\n<meta name=\"twitter:card\" content=\"summary_large_image\" \/>\n<meta name=\"twitter:label1\" content=\"Gesch\u00e4tzte Lesezeit\" \/>\n\t<meta name=\"twitter:data1\" content=\"1\u00a0Minute\" \/>\n<!-- \/ Yoast SEO plugin. -->","yoast_head_json":{"title":"Arper Catifa 46 wei\u00df rot - TheReSales","description":"Zweist\u00f6ckige Arper Catifa 46 Designstuhl in Wei\u00df und Rot. Entworfen von Lievore Altherr Molina. Ein stabiler Stuhl mit Chromrahmen in gutem Zustand.","robots":{"index":"index","follow":"follow","max-snippet":"max-snippet:-1","max-image-preview":"max-image-preview:large","max-video-preview":"max-video-preview:-1"},"canonical":"https:\/\/theresales.nl\/de\/produkt\/arper-catifa-46-weis-rot\/","og_locale":"de_DE","og_type":"article","og_title":"Arper Catifa 46 wit rood - TheReSales","og_description":"Tweekleurige Arper Catifa 46 design stoel in wit en rood. Ontworpen door Lievore Altherr Molina. Een stevige stoel met chromen frame in nette staat.","og_url":"https:\/\/theresales.nl\/de\/produkt\/arper-catifa-46-weis-rot\/","og_site_name":"TheReSales","article_publisher":"https:\/\/www.facebook.com\/theresales.nl","article_modified_time":"2026-04-21T14:43:38+00:00","og_image":[{"width":1200,"height":900,"url":"https:\/\/theresales.nl\/wp-content\/uploads\/2026\/04\/20260421_122749421_iOS.jpg","type":"image\/jpeg"}],"twitter_card":"summary_large_image","twitter_misc":{"Gesch\u00e4tzte Lesezeit":"1\u00a0Minute"},"schema":{"@context":"https:\/\/schema.org","@graph":[{"@type":"WebPage","@id":"https:\/\/theresales.nl\/product\/arper-catifa-46-wit-rood\/","url":"https:\/\/theresales.nl\/product\/arper-catifa-46-wit-rood\/","name":"Arper Catifa 46 wei\u00df rot - TheReSales","isPartOf":{"@id":"https:\/\/theresales.nl\/#website"},"primaryImageOfPage":{"@id":"https:\/\/theresales.nl\/product\/arper-catifa-46-wit-rood\/#primaryimage"},"image":{"@id":"https:\/\/theresales.nl\/product\/arper-catifa-46-wit-rood\/#primaryimage"},"thumbnailUrl":"https:\/\/theresales.nl\/wp-content\/uploads\/2026\/04\/20260421_122749421_iOS.jpg","datePublished":"2026-04-21T13:27:27+00:00","dateModified":"2026-04-21T14:43:38+00:00","description":"Zweist\u00f6ckige Arper Catifa 46 Designstuhl in Wei\u00df und Rot. Entworfen von Lievore Altherr Molina. Ein stabiler Stuhl mit Chromrahmen in gutem Zustand.","breadcrumb":{"@id":"https:\/\/theresales.nl\/product\/arper-catifa-46-wit-rood\/#breadcrumb"},"inLanguage":"de","potentialAction":[{"@type":"ReadAction","target":["https:\/\/theresales.nl\/product\/arper-catifa-46-wit-rood\/"]}]},{"@type":"ImageObject","inLanguage":"de","@id":"https:\/\/theresales.nl\/product\/arper-catifa-46-wit-rood\/#primaryimage","url":"https:\/\/theresales.nl\/wp-content\/uploads\/2026\/04\/20260421_122749421_iOS.jpg","contentUrl":"https:\/\/theresales.nl\/wp-content\/uploads\/2026\/04\/20260421_122749421_iOS.jpg","width":1200,"height":900,"caption":"Arper-Catifa-46-wit-rood-stoel-theresales"},{"@type":"BreadcrumbList","@id":"https:\/\/theresales.nl\/product\/arper-catifa-46-wit-rood\/#breadcrumb","itemListElement":[{"@type":"ListItem","position":1,"name":"Home","item":"https:\/\/theresales.nl\/"},{"@type":"ListItem","position":2,"name":"Collectie","item":"https:\/\/theresales.nl\/collectie\/"},{"@type":"ListItem","position":3,"name":"Arper Catifa 46 wit rood"}]},{"@type":"WebSite","@id":"https:\/\/theresales.nl\/#website","url":"https:\/\/theresales.nl\/","name":"TheReSales","description":"Tweedehands Design Meubelen","publisher":{"@id":"https:\/\/theresales.nl\/#organization"},"potentialAction":[{"@type":"SearchAction","target":{"@type":"EntryPoint","urlTemplate":"https:\/\/theresales.nl\/?s={search_term_string}"},"query-input":{"@type":"PropertyValueSpecification","valueRequired":true,"valueName":"search_term_string"}}],"inLanguage":"de"},{"@type":"Organization","@id":"https:\/\/theresales.nl\/#organization","name":"TheReSales","url":"https:\/\/theresales.nl\/","logo":{"@type":"ImageObject","inLanguage":"de","@id":"https:\/\/theresales.nl\/#\/schema\/logo\/image\/","url":"https:\/\/theresales.nl\/wp-content\/uploads\/2026\/04\/Logo-TheReSales.png","contentUrl":"https:\/\/theresales.nl\/wp-content\/uploads\/2026\/04\/Logo-TheReSales.png","width":1200,"height":304,"caption":"TheReSales"},"image":{"@id":"https:\/\/theresales.nl\/#\/schema\/logo\/image\/"},"sameAs":["https:\/\/www.facebook.com\/theresales.nl","https:\/\/www.instagram.com\/_theresales_\/","https:\/\/nl.pinterest.com\/theresalesgroningen\/","https:\/\/www.linkedin.com\/company\/theresales\/"]}]}},"_links":{"self":[{"href":"https:\/\/theresales.nl\/de\/wp-json\/wp\/v2\/product\/51015","targetHints":{"allow":["GET"]}}],"collection":[{"href":"https:\/\/theresales.nl\/de\/wp-json\/wp\/v2\/product"}],"about":[{"href":"https:\/\/theresales.nl\/de\/wp-json\/wp\/v2\/types\/product"}],"wp:featuredmedia":[{"embeddable":true,"href":"https:\/\/theresales.nl\/de\/wp-json\/wp\/v2\/media\/51016"}],"wp:attachment":[{"href":"https:\/\/theresales.nl\/de\/wp-json\/wp\/v2\/media?parent=51015"}],"wp:term":[{"taxonomy":"product_brand","embeddable":true,"href":"https:\/\/theresales.nl\/de\/wp-json\/wp\/v2\/product_brand?post=51015"},{"taxonomy":"product_cat","embeddable":true,"href":"https:\/\/theresales.nl\/de\/wp-json\/wp\/v2\/product_cat?post=51015"},{"taxonomy":"product_tag","embeddable":true,"href":"https:\/\/theresales.nl\/de\/wp-json\/wp\/v2\/product_tag?post=51015"},{"taxonomy":"ontwerper","embeddable":true,"href":"https:\/\/theresales.nl\/de\/wp-json\/wp\/v2\/ontwerper?post=51015"}],"curies":[{"name":"wp","href":"https:\/\/api.w.org\/{rel}","templated":true}]}}