{"id":50998,"date":"2026-04-21T15:15:26","date_gmt":"2026-04-21T13:15:26","guid":{"rendered":"https:\/\/theresales.nl\/?post_type=product&#038;p=50998"},"modified":"2026-04-21T16:43:10","modified_gmt":"2026-04-21T14:43:10","slug":"arper-catifa-46-rot","status":"publish","type":"product","link":"https:\/\/theresales.nl\/de\/product\/arper-catifa-46-rood\/","title":{"rendered":"Arper Catifa 46 rot"},"content":{"rendered":"<p data-path-to-node=\"4\">Deutsch <b data-path-to-node=\"4\" data-index-in-node=\"3\">Arper Catifa 46 Rot<\/b> ist ein wundersch\u00f6ner Stuhl, der durch seine leuchtende Farbe in jedem Raum sofort ins Auge f\u00e4llt. Dieses bekannte Design des Studios <a href=\"http:\/\/Lievore Altherr Molina\"><b data-path-to-node=\"4\" data-index-in-node=\"136\">Lievore Altherr Molina<\/b><\/a> ist beliebt, weil der Stuhl eine sehr erkennbare Form hat und sehr bequem ist. Im Gegensatz zu anderen Versionen ist dieser <b data-path-to-node=\"4\" data-index-in-node=\"279\">Arper Catifa 46 Rot<\/b> komplett in einer Farbe Rot ausgef\u00fchrt, was f\u00fcr ein kr\u00e4ftiges und modernes Aussehen an Ihrem Tisch sorgt.<\/p>\n<p data-path-to-node=\"5\">Das Fahrgestell ist ein schlankes, chromnes Kufenrahmen, der dem Stuhl ein leichtes Aussehen verleiht, aber dennoch sehr stabil steht. Die <a href=\"https:\/\/theresales.nl\/de\/produktkategorie\/stuhle\/\">Stuhl<\/a> ist aus robusten Materialien gefertigt, die strapazierf\u00e4hig sind und sich ganz einfach mit einem Tuch abwischen lassen. Dieses Exemplar sieht noch sehr gepflegt aus und ist perfekt f\u00fcr diejenigen, die italienisches Design mit einer fr\u00f6hlichen Note lieben.<\/p>","protected":false},"excerpt":{"rendered":"<p><strong>Abmessungen<br \/>\n<\/strong>Breite: 56 cm<br \/>\nTiefe: 52 cm<br \/>\nH\u00f6he: 80 cm<br \/>\n<strong><br \/>\nFarbe<\/strong>Rot<br \/>\n<strong><br \/>\nMaterial<\/strong>Stoff, Metall<\/p>","protected":false},"featured_media":50999,"template":"","meta":{"_acf_changed":false},"product_brand":[],"product_cat":[34],"product_tag":[297],"ontwerper":[],"class_list":{"0":"post-50998","1":"product","2":"type-product","3":"status-publish","4":"has-post-thumbnail","6":"product_cat-stoelen","7":"product_tag-arper","9":"first","10":"instock","11":"shipping-taxable","12":"purchasable","13":"product-type-simple"},"acf":[],"yoast_head":"<!-- This site is optimized with the Yoast SEO plugin v27.5 - https:\/\/yoast.com\/product\/yoast-seo-wordpress\/ -->\n<title>Arper Catifa 46 rood - TheReSales<\/title>\n<meta name=\"description\" content=\"Volledig rode Arper Catifa 46 rood design stoel. Ontworpen door Lievore Altherr Molina. Een stevige en moderne stoel met chromen sledeframe in nette staat.\" \/>\n<meta name=\"robots\" content=\"index, follow, max-snippet:-1, max-image-preview:large, max-video-preview:-1\" \/>\n<link rel=\"canonical\" href=\"https:\/\/theresales.nl\/de\/produkt\/arper-catifa-46-rot\/\" \/>\n<meta property=\"og:locale\" content=\"de_DE\" \/>\n<meta property=\"og:type\" content=\"article\" \/>\n<meta property=\"og:title\" content=\"Arper Catifa 46 rood - TheReSales\" \/>\n<meta property=\"og:description\" content=\"Volledig rode Arper Catifa 46 rood design stoel. Ontworpen door Lievore Altherr Molina. Een stevige en moderne stoel met chromen sledeframe in nette staat.\" \/>\n<meta property=\"og:url\" content=\"https:\/\/theresales.nl\/de\/produkt\/arper-catifa-46-rot\/\" \/>\n<meta property=\"og:site_name\" content=\"TheReSales\" \/>\n<meta property=\"article:publisher\" content=\"https:\/\/www.facebook.com\/theresales.nl\" \/>\n<meta property=\"article:modified_time\" content=\"2026-04-21T14:43:10+00:00\" \/>\n<meta property=\"og:image\" content=\"https:\/\/theresales.nl\/wp-content\/uploads\/2026\/04\/20260421_115119826_iOS.jpg\" \/>\n\t<meta property=\"og:image:width\" content=\"1200\" \/>\n\t<meta property=\"og:image:height\" content=\"900\" \/>\n\t<meta property=\"og:image:type\" content=\"image\/jpeg\" \/>\n<meta name=\"twitter:card\" content=\"summary_large_image\" \/>\n<meta name=\"twitter:label1\" content=\"Gesch\u00e4tzte Lesezeit\" \/>\n\t<meta name=\"twitter:data1\" content=\"1\u00a0Minute\" \/>\n<!-- \/ Yoast SEO plugin. -->","yoast_head_json":{"title":"Arper Catifa 46 rot - TheReSales","description":"Vollst\u00e4ndig rote Arper Catifa 46 rote Design-Sitzgelegenheit. Entworfen von Lievore Altherr Molina. Eine solide und moderne Sitzgelegenheit mit Chrom-Kufengestell in gutem Zustand.","robots":{"index":"index","follow":"follow","max-snippet":"max-snippet:-1","max-image-preview":"max-image-preview:large","max-video-preview":"max-video-preview:-1"},"canonical":"https:\/\/theresales.nl\/de\/produkt\/arper-catifa-46-rot\/","og_locale":"de_DE","og_type":"article","og_title":"Arper Catifa 46 rood - TheReSales","og_description":"Volledig rode Arper Catifa 46 rood design stoel. Ontworpen door Lievore Altherr Molina. Een stevige en moderne stoel met chromen sledeframe in nette staat.","og_url":"https:\/\/theresales.nl\/de\/produkt\/arper-catifa-46-rot\/","og_site_name":"TheReSales","article_publisher":"https:\/\/www.facebook.com\/theresales.nl","article_modified_time":"2026-04-21T14:43:10+00:00","og_image":[{"width":1200,"height":900,"url":"https:\/\/theresales.nl\/wp-content\/uploads\/2026\/04\/20260421_115119826_iOS.jpg","type":"image\/jpeg"}],"twitter_card":"summary_large_image","twitter_misc":{"Gesch\u00e4tzte Lesezeit":"1\u00a0Minute"},"schema":{"@context":"https:\/\/schema.org","@graph":[{"@type":"WebPage","@id":"https:\/\/theresales.nl\/product\/arper-catifa-46-rood\/","url":"https:\/\/theresales.nl\/product\/arper-catifa-46-rood\/","name":"Arper Catifa 46 rot - TheReSales","isPartOf":{"@id":"https:\/\/theresales.nl\/#website"},"primaryImageOfPage":{"@id":"https:\/\/theresales.nl\/product\/arper-catifa-46-rood\/#primaryimage"},"image":{"@id":"https:\/\/theresales.nl\/product\/arper-catifa-46-rood\/#primaryimage"},"thumbnailUrl":"https:\/\/theresales.nl\/wp-content\/uploads\/2026\/04\/20260421_115119826_iOS.jpg","datePublished":"2026-04-21T13:15:26+00:00","dateModified":"2026-04-21T14:43:10+00:00","description":"Vollst\u00e4ndig rote Arper Catifa 46 rote Design-Sitzgelegenheit. Entworfen von Lievore Altherr Molina. Eine solide und moderne Sitzgelegenheit mit Chrom-Kufengestell in gutem Zustand.","breadcrumb":{"@id":"https:\/\/theresales.nl\/product\/arper-catifa-46-rood\/#breadcrumb"},"inLanguage":"de","potentialAction":[{"@type":"ReadAction","target":["https:\/\/theresales.nl\/product\/arper-catifa-46-rood\/"]}]},{"@type":"ImageObject","inLanguage":"de","@id":"https:\/\/theresales.nl\/product\/arper-catifa-46-rood\/#primaryimage","url":"https:\/\/theresales.nl\/wp-content\/uploads\/2026\/04\/20260421_115119826_iOS.jpg","contentUrl":"https:\/\/theresales.nl\/wp-content\/uploads\/2026\/04\/20260421_115119826_iOS.jpg","width":1200,"height":900,"caption":"Arper-Catifa-46-rood-theresales"},{"@type":"BreadcrumbList","@id":"https:\/\/theresales.nl\/product\/arper-catifa-46-rood\/#breadcrumb","itemListElement":[{"@type":"ListItem","position":1,"name":"Home","item":"https:\/\/theresales.nl\/"},{"@type":"ListItem","position":2,"name":"Collectie","item":"https:\/\/theresales.nl\/collectie\/"},{"@type":"ListItem","position":3,"name":"Arper Catifa 46 rood"}]},{"@type":"WebSite","@id":"https:\/\/theresales.nl\/#website","url":"https:\/\/theresales.nl\/","name":"TheReSales","description":"Tweedehands Design Meubelen","publisher":{"@id":"https:\/\/theresales.nl\/#organization"},"potentialAction":[{"@type":"SearchAction","target":{"@type":"EntryPoint","urlTemplate":"https:\/\/theresales.nl\/?s={search_term_string}"},"query-input":{"@type":"PropertyValueSpecification","valueRequired":true,"valueName":"search_term_string"}}],"inLanguage":"de"},{"@type":"Organization","@id":"https:\/\/theresales.nl\/#organization","name":"TheReSales","url":"https:\/\/theresales.nl\/","logo":{"@type":"ImageObject","inLanguage":"de","@id":"https:\/\/theresales.nl\/#\/schema\/logo\/image\/","url":"https:\/\/theresales.nl\/wp-content\/uploads\/2026\/04\/Logo-TheReSales.png","contentUrl":"https:\/\/theresales.nl\/wp-content\/uploads\/2026\/04\/Logo-TheReSales.png","width":1200,"height":304,"caption":"TheReSales"},"image":{"@id":"https:\/\/theresales.nl\/#\/schema\/logo\/image\/"},"sameAs":["https:\/\/www.facebook.com\/theresales.nl","https:\/\/www.instagram.com\/_theresales_\/","https:\/\/nl.pinterest.com\/theresalesgroningen\/","https:\/\/www.linkedin.com\/company\/theresales\/"]}]}},"_links":{"self":[{"href":"https:\/\/theresales.nl\/de\/wp-json\/wp\/v2\/product\/50998","targetHints":{"allow":["GET"]}}],"collection":[{"href":"https:\/\/theresales.nl\/de\/wp-json\/wp\/v2\/product"}],"about":[{"href":"https:\/\/theresales.nl\/de\/wp-json\/wp\/v2\/types\/product"}],"wp:featuredmedia":[{"embeddable":true,"href":"https:\/\/theresales.nl\/de\/wp-json\/wp\/v2\/media\/50999"}],"wp:attachment":[{"href":"https:\/\/theresales.nl\/de\/wp-json\/wp\/v2\/media?parent=50998"}],"wp:term":[{"taxonomy":"product_brand","embeddable":true,"href":"https:\/\/theresales.nl\/de\/wp-json\/wp\/v2\/product_brand?post=50998"},{"taxonomy":"product_cat","embeddable":true,"href":"https:\/\/theresales.nl\/de\/wp-json\/wp\/v2\/product_cat?post=50998"},{"taxonomy":"product_tag","embeddable":true,"href":"https:\/\/theresales.nl\/de\/wp-json\/wp\/v2\/product_tag?post=50998"},{"taxonomy":"ontwerper","embeddable":true,"href":"https:\/\/theresales.nl\/de\/wp-json\/wp\/v2\/ontwerper?post=50998"}],"curies":[{"name":"wp","href":"https:\/\/api.w.org\/{rel}","templated":true}]}}