{"id":50980,"date":"2026-04-21T14:57:58","date_gmt":"2026-04-21T12:57:58","guid":{"rendered":"https:\/\/theresales.nl\/?post_type=product&#038;p=50980"},"modified":"2026-04-22T09:49:14","modified_gmt":"2026-04-22T07:49:14","slug":"heu-revolver-grau","status":"publish","type":"product","link":"https:\/\/theresales.nl\/de\/product\/hay-revolver-grijs\/","title":{"rendered":"HAY Revolver Grau"},"content":{"rendered":"<p data-path-to-node=\"3\">Deutsch <b data-path-to-node=\"3\" data-index-in-node=\"3\">HAY Revolver Barhocker Grau<\/b> ist ein vielseitiges und funktionales <a href=\"https:\/\/theresales.nl\/de\/produktkategorie\/stuhle\/\">M\u00f6belst\u00fcck<\/a> passt perfekt in ein modernes Interieur. Was diesen Hocker einzigartig macht, ist der integrierte Lagerungsmechanismus, der es der Sitzfl\u00e4che und der Fu\u00dfst\u00fctze erm\u00f6glicht, sich um beeindruckende 360 Grad zu drehen. Dies sorgt nicht nur f\u00fcr einen spielerischen Effekt, sondern bietet auch optimalen Bedienkomfort an einer Kochinsel oder Bar. <b data-path-to-node=\"3\" data-index-in-node=\"369\">HAY Revolver Barhocker Grau<\/b> ist in pulverbeschichtetem Stahl ausgef\u00fchrt, was ihm ein robustes und industrielles Aussehen verleiht, w\u00e4hrend die schlanken Linien das Design elegant halten.<\/p>\n<p data-path-to-node=\"4\">Der Entwurf von <a href=\"http:\/\/ransmeier.com\/2index.html\"><b data-path-to-node=\"4\" data-index-in-node=\"16\">Leon Ransmeier<\/b><\/a> ist erkennbar an der leicht gebogenen Sitzfl\u00e4che f\u00fcr zus\u00e4tzlichen Komfort und dem stabilen Ring unten, der als Fu\u00dfst\u00fctze dient. Die dezente graue Farbe ist zeitlos und l\u00e4sst sich leicht mit verschiedenen Materialien und Farbt\u00f6nen im Haus kombinieren. Dieses Exemplar ist in einem guten Zustand und eine nachhaltige Wahl f\u00fcr alle, die Qualit\u00e4tsdesign mit technischem Know-how lieben.<\/p>","protected":false},"excerpt":{"rendered":"<p><strong>Abmessungen<\/strong><br \/>\nDurchmesser: 42 cm<br \/>\nH\u00f6he: 75 cm<\/p>\n<p><strong>Farbe <\/strong>Grau<strong><br \/>\n<\/strong><\/p>\n<p><strong>Material\u00a0<\/strong>Metall<\/p>\n<p><strong>Besonderheiten<\/strong> Drehbar<\/p>","protected":false},"featured_media":50981,"template":"","meta":{"_acf_changed":false},"product_brand":[],"product_cat":[34],"product_tag":[237],"ontwerper":[],"class_list":{"0":"post-50980","1":"product","2":"type-product","3":"status-publish","4":"has-post-thumbnail","6":"product_cat-stoelen","7":"product_tag-hay","9":"first","10":"instock","11":"shipping-taxable","12":"purchasable","13":"product-type-simple"},"acf":[],"yoast_head":"<!-- This site is optimized with the Yoast SEO plugin v27.5 - https:\/\/yoast.com\/product\/yoast-seo-wordpress\/ -->\n<title>HAY Revolver grijs - TheReSales<\/title>\n<meta name=\"description\" content=\"HAY Revolver Barkruk Grijs door Leon Ransmeier. Iconische draaibare barkruk van grijs gepoedercoat staal. Een minimalistisch en functioneel designobject.\" \/>\n<meta name=\"robots\" content=\"index, follow, max-snippet:-1, max-image-preview:large, max-video-preview:-1\" \/>\n<link rel=\"canonical\" href=\"https:\/\/theresales.nl\/de\/produkt\/heu-revolver-grau\/\" \/>\n<meta property=\"og:locale\" content=\"de_DE\" \/>\n<meta property=\"og:type\" content=\"article\" \/>\n<meta property=\"og:title\" content=\"HAY Revolver grijs - TheReSales\" \/>\n<meta property=\"og:description\" content=\"HAY Revolver Barkruk Grijs door Leon Ransmeier. Iconische draaibare barkruk van grijs gepoedercoat staal. Een minimalistisch en functioneel designobject.\" \/>\n<meta property=\"og:url\" content=\"https:\/\/theresales.nl\/de\/produkt\/heu-revolver-grau\/\" \/>\n<meta property=\"og:site_name\" content=\"TheReSales\" \/>\n<meta property=\"article:publisher\" content=\"https:\/\/www.facebook.com\/theresales.nl\" \/>\n<meta property=\"article:modified_time\" content=\"2026-04-22T07:49:14+00:00\" \/>\n<meta property=\"og:image\" content=\"https:\/\/theresales.nl\/wp-content\/uploads\/2026\/04\/20260421_114542628_iOS.jpg\" \/>\n\t<meta property=\"og:image:width\" content=\"1200\" \/>\n\t<meta property=\"og:image:height\" content=\"900\" \/>\n\t<meta property=\"og:image:type\" content=\"image\/jpeg\" \/>\n<meta name=\"twitter:card\" content=\"summary_large_image\" \/>\n<meta name=\"twitter:label1\" content=\"Gesch\u00e4tzte Lesezeit\" \/>\n\t<meta name=\"twitter:data1\" content=\"1\u00a0Minute\" \/>\n<!-- \/ Yoast SEO plugin. -->","yoast_head_json":{"title":"HAY Revolver grau - TheReSales","description":"HAY Revolver Barhocker Grau von Leon Ransmeier. Ikonischer drehbarer Barhocker aus grau pulverbeschichtetem Stahl. Ein minimalistisches und funktionales Designobjekt.","robots":{"index":"index","follow":"follow","max-snippet":"max-snippet:-1","max-image-preview":"max-image-preview:large","max-video-preview":"max-video-preview:-1"},"canonical":"https:\/\/theresales.nl\/de\/produkt\/heu-revolver-grau\/","og_locale":"de_DE","og_type":"article","og_title":"HAY Revolver grijs - TheReSales","og_description":"HAY Revolver Barkruk Grijs door Leon Ransmeier. Iconische draaibare barkruk van grijs gepoedercoat staal. Een minimalistisch en functioneel designobject.","og_url":"https:\/\/theresales.nl\/de\/produkt\/heu-revolver-grau\/","og_site_name":"TheReSales","article_publisher":"https:\/\/www.facebook.com\/theresales.nl","article_modified_time":"2026-04-22T07:49:14+00:00","og_image":[{"width":1200,"height":900,"url":"https:\/\/theresales.nl\/wp-content\/uploads\/2026\/04\/20260421_114542628_iOS.jpg","type":"image\/jpeg"}],"twitter_card":"summary_large_image","twitter_misc":{"Gesch\u00e4tzte Lesezeit":"1\u00a0Minute"},"schema":{"@context":"https:\/\/schema.org","@graph":[{"@type":"WebPage","@id":"https:\/\/theresales.nl\/product\/hay-revolver-grijs\/","url":"https:\/\/theresales.nl\/product\/hay-revolver-grijs\/","name":"HAY Revolver grau - TheReSales","isPartOf":{"@id":"https:\/\/theresales.nl\/#website"},"primaryImageOfPage":{"@id":"https:\/\/theresales.nl\/product\/hay-revolver-grijs\/#primaryimage"},"image":{"@id":"https:\/\/theresales.nl\/product\/hay-revolver-grijs\/#primaryimage"},"thumbnailUrl":"https:\/\/theresales.nl\/wp-content\/uploads\/2026\/04\/20260421_114542628_iOS.jpg","datePublished":"2026-04-21T12:57:58+00:00","dateModified":"2026-04-22T07:49:14+00:00","description":"HAY Revolver Barhocker Grau von Leon Ransmeier. Ikonischer drehbarer Barhocker aus grau pulverbeschichtetem Stahl. Ein minimalistisches und funktionales Designobjekt.","breadcrumb":{"@id":"https:\/\/theresales.nl\/product\/hay-revolver-grijs\/#breadcrumb"},"inLanguage":"de","potentialAction":[{"@type":"ReadAction","target":["https:\/\/theresales.nl\/product\/hay-revolver-grijs\/"]}]},{"@type":"ImageObject","inLanguage":"de","@id":"https:\/\/theresales.nl\/product\/hay-revolver-grijs\/#primaryimage","url":"https:\/\/theresales.nl\/wp-content\/uploads\/2026\/04\/20260421_114542628_iOS.jpg","contentUrl":"https:\/\/theresales.nl\/wp-content\/uploads\/2026\/04\/20260421_114542628_iOS.jpg","width":1200,"height":900,"caption":"HAY-Revolver-grijs-TheReSales"},{"@type":"BreadcrumbList","@id":"https:\/\/theresales.nl\/product\/hay-revolver-grijs\/#breadcrumb","itemListElement":[{"@type":"ListItem","position":1,"name":"Home","item":"https:\/\/theresales.nl\/"},{"@type":"ListItem","position":2,"name":"Collectie","item":"https:\/\/theresales.nl\/collectie\/"},{"@type":"ListItem","position":3,"name":"HAY Revolver grijs"}]},{"@type":"WebSite","@id":"https:\/\/theresales.nl\/#website","url":"https:\/\/theresales.nl\/","name":"TheReSales","description":"Tweedehands Design Meubelen","publisher":{"@id":"https:\/\/theresales.nl\/#organization"},"potentialAction":[{"@type":"SearchAction","target":{"@type":"EntryPoint","urlTemplate":"https:\/\/theresales.nl\/?s={search_term_string}"},"query-input":{"@type":"PropertyValueSpecification","valueRequired":true,"valueName":"search_term_string"}}],"inLanguage":"de"},{"@type":"Organization","@id":"https:\/\/theresales.nl\/#organization","name":"TheReSales","url":"https:\/\/theresales.nl\/","logo":{"@type":"ImageObject","inLanguage":"de","@id":"https:\/\/theresales.nl\/#\/schema\/logo\/image\/","url":"https:\/\/theresales.nl\/wp-content\/uploads\/2026\/04\/Logo-TheReSales.png","contentUrl":"https:\/\/theresales.nl\/wp-content\/uploads\/2026\/04\/Logo-TheReSales.png","width":1200,"height":304,"caption":"TheReSales"},"image":{"@id":"https:\/\/theresales.nl\/#\/schema\/logo\/image\/"},"sameAs":["https:\/\/www.facebook.com\/theresales.nl","https:\/\/www.instagram.com\/_theresales_\/","https:\/\/nl.pinterest.com\/theresalesgroningen\/","https:\/\/www.linkedin.com\/company\/theresales\/"]}]}},"_links":{"self":[{"href":"https:\/\/theresales.nl\/de\/wp-json\/wp\/v2\/product\/50980","targetHints":{"allow":["GET"]}}],"collection":[{"href":"https:\/\/theresales.nl\/de\/wp-json\/wp\/v2\/product"}],"about":[{"href":"https:\/\/theresales.nl\/de\/wp-json\/wp\/v2\/types\/product"}],"wp:featuredmedia":[{"embeddable":true,"href":"https:\/\/theresales.nl\/de\/wp-json\/wp\/v2\/media\/50981"}],"wp:attachment":[{"href":"https:\/\/theresales.nl\/de\/wp-json\/wp\/v2\/media?parent=50980"}],"wp:term":[{"taxonomy":"product_brand","embeddable":true,"href":"https:\/\/theresales.nl\/de\/wp-json\/wp\/v2\/product_brand?post=50980"},{"taxonomy":"product_cat","embeddable":true,"href":"https:\/\/theresales.nl\/de\/wp-json\/wp\/v2\/product_cat?post=50980"},{"taxonomy":"product_tag","embeddable":true,"href":"https:\/\/theresales.nl\/de\/wp-json\/wp\/v2\/product_tag?post=50980"},{"taxonomy":"ontwerper","embeddable":true,"href":"https:\/\/theresales.nl\/de\/wp-json\/wp\/v2\/ontwerper?post=50980"}],"curies":[{"name":"wp","href":"https:\/\/api.w.org\/{rel}","templated":true}]}}