{"id":50971,"date":"2026-04-22T10:27:44","date_gmt":"2026-04-22T08:27:44","guid":{"rendered":"https:\/\/theresales.nl\/?post_type=product&#038;p=50971"},"modified":"2026-04-25T14:31:53","modified_gmt":"2026-04-25T12:31:53","slug":"daniel-spoerri-die-fruchtbare-hand","status":"publish","type":"product","link":"https:\/\/theresales.nl\/de\/product\/daniel-spoerri-the-fertile-hand\/","title":{"rendered":"Daniel Spoerri Die fruchtbare Hand"},"content":{"rendered":"<p data-path-to-node=\"2\">Mit der <b data-path-to-node=\"2\" data-index-in-node=\"7\"><a href=\"https:\/\/nl.wikipedia.org\/wiki\/Daniel_Spoerri\">Daniel Spoerri<\/a>\u00a0Die fruchtbare Hand<\/b> hast du ein ikonisches St\u00fcck <i data-path-to-node=\"2\" data-index-in-node=\"67\">Neuer Realismus<\/i> im Haus. Das Objekt zeigt eine detaillierte Hand, die aus einem klassischen Sockel aufsteigt, wobei die Finger in organische, fast wurzelartige Formen \u00fcbergehen. Das Werk symbolisiert Kreativit\u00e4t und den Kreislauf des Lebens, Themen, die zentral f\u00fcr Spoerris Werk sind. Die <b data-path-to-node=\"2\" data-index-in-node=\"362\">Die fruchtbare Hand<\/b> is uitgevoerd in een zware kwaliteit met een bronzen of gepatineerde afwerking, wat het een tijdloze en museale uitstraling geeft.<\/p>\n<p data-path-to-node=\"3\">Dieses Exemplar von <b data-path-to-node=\"3\" data-index-in-node=\"18\">Daniel Spoerri Die fruchtbare Hand<\/b> befindet sich in einem ausgezeichneten Zustand. Es ist eine Seltenheit, dies <a href=\"https:\/\/theresales.nl\/de\/produktkategorie\/kunst\/\">Objekt<\/a> in dieser Bedingungen zu finden, sicherlich angesichts der Popularit\u00e4t von Spoerri unter internationalen Kunstsammlern. Eine einzigartige Gelegenheit f\u00fcr den Liebhaber moderner Kunst, ein greifbares St\u00fcck Geschichte dieses vision\u00e4ren K\u00fcnstlers zu besitzen.<\/p>","protected":false},"excerpt":{"rendered":"<p><strong>Abmessungen<\/strong><br \/>\nDurchmesser: 30,5 cm<br \/>\nH\u00f6he: 38.5 cm<\/p>\n<p><strong>Farbe\u00a0<\/strong> Mehrfarbig<\/p>","protected":false},"featured_media":50972,"template":"","meta":{"_acf_changed":false},"product_brand":[],"product_cat":[1005],"product_tag":[1006],"ontwerper":[],"class_list":{"0":"post-50971","1":"product","2":"type-product","3":"status-publish","4":"has-post-thumbnail","6":"product_cat-kunst","7":"product_tag-daniel-spoerri","9":"first","10":"instock","11":"shipping-taxable","12":"purchasable","13":"product-type-simple"},"acf":[],"yoast_head":"<!-- This site is optimized with the Yoast SEO plugin v27.5 - https:\/\/yoast.com\/product\/yoast-seo-wordpress\/ -->\n<title>Daniel Spoerri The Fertile Hand - TheReSales<\/title>\n<meta name=\"description\" content=\"Daniel Spoerri The Fertile Hand. Een zeldzaam kunstobject van de beroemde Nouveau R\u00e9alisme kunstenaar. In uitstekende staat, een topstuk voor verzamelaars.\" \/>\n<meta name=\"robots\" content=\"index, follow, max-snippet:-1, max-image-preview:large, max-video-preview:-1\" \/>\n<link rel=\"canonical\" href=\"https:\/\/theresales.nl\/de\/produkt\/daniel-spoerri-die-fruchtbare-hand\/\" \/>\n<meta property=\"og:locale\" content=\"de_DE\" \/>\n<meta property=\"og:type\" content=\"article\" \/>\n<meta property=\"og:title\" content=\"Daniel Spoerri The Fertile Hand - TheReSales\" \/>\n<meta property=\"og:description\" content=\"Daniel Spoerri The Fertile Hand. Een zeldzaam kunstobject van de beroemde Nouveau R\u00e9alisme kunstenaar. In uitstekende staat, een topstuk voor verzamelaars.\" \/>\n<meta property=\"og:url\" content=\"https:\/\/theresales.nl\/de\/produkt\/daniel-spoerri-die-fruchtbare-hand\/\" \/>\n<meta property=\"og:site_name\" content=\"TheReSales\" \/>\n<meta property=\"article:publisher\" content=\"https:\/\/www.facebook.com\/theresales.nl\" \/>\n<meta property=\"article:modified_time\" content=\"2026-04-25T12:31:53+00:00\" \/>\n<meta property=\"og:image\" content=\"https:\/\/theresales.nl\/wp-content\/uploads\/2026\/04\/art.jpg\" \/>\n\t<meta property=\"og:image:width\" content=\"1200\" \/>\n\t<meta property=\"og:image:height\" content=\"900\" \/>\n\t<meta property=\"og:image:type\" content=\"image\/jpeg\" \/>\n<meta name=\"twitter:card\" content=\"summary_large_image\" \/>\n<meta name=\"twitter:label1\" content=\"Gesch\u00e4tzte Lesezeit\" \/>\n\t<meta name=\"twitter:data1\" content=\"1\u00a0Minute\" \/>\n<!-- \/ Yoast SEO plugin. -->","yoast_head_json":{"title":"Daniel Spoerri Die fruchtbare Hand - TheReSales","description":"Daniel Spoerri Die fruchtbare Hand. Ein seltenes Kunstobjekt des ber\u00fchmten Nouveau R\u00e9alisme K\u00fcnstlers. In ausgezeichnetem Zustand, ein Spitzenst\u00fcck f\u00fcr Sammler.","robots":{"index":"index","follow":"follow","max-snippet":"max-snippet:-1","max-image-preview":"max-image-preview:large","max-video-preview":"max-video-preview:-1"},"canonical":"https:\/\/theresales.nl\/de\/produkt\/daniel-spoerri-die-fruchtbare-hand\/","og_locale":"de_DE","og_type":"article","og_title":"Daniel Spoerri The Fertile Hand - TheReSales","og_description":"Daniel Spoerri The Fertile Hand. Een zeldzaam kunstobject van de beroemde Nouveau R\u00e9alisme kunstenaar. In uitstekende staat, een topstuk voor verzamelaars.","og_url":"https:\/\/theresales.nl\/de\/produkt\/daniel-spoerri-die-fruchtbare-hand\/","og_site_name":"TheReSales","article_publisher":"https:\/\/www.facebook.com\/theresales.nl","article_modified_time":"2026-04-25T12:31:53+00:00","og_image":[{"width":1200,"height":900,"url":"https:\/\/theresales.nl\/wp-content\/uploads\/2026\/04\/art.jpg","type":"image\/jpeg"}],"twitter_card":"summary_large_image","twitter_misc":{"Gesch\u00e4tzte Lesezeit":"1\u00a0Minute"},"schema":{"@context":"https:\/\/schema.org","@graph":[{"@type":"WebPage","@id":"https:\/\/theresales.nl\/product\/daniel-spoerri-the-fertile-hand\/","url":"https:\/\/theresales.nl\/product\/daniel-spoerri-the-fertile-hand\/","name":"Daniel Spoerri Die fruchtbare Hand - TheReSales","isPartOf":{"@id":"https:\/\/theresales.nl\/#website"},"primaryImageOfPage":{"@id":"https:\/\/theresales.nl\/product\/daniel-spoerri-the-fertile-hand\/#primaryimage"},"image":{"@id":"https:\/\/theresales.nl\/product\/daniel-spoerri-the-fertile-hand\/#primaryimage"},"thumbnailUrl":"https:\/\/theresales.nl\/wp-content\/uploads\/2026\/04\/art.jpg","datePublished":"2026-04-22T08:27:44+00:00","dateModified":"2026-04-25T12:31:53+00:00","description":"Daniel Spoerri Die fruchtbare Hand. Ein seltenes Kunstobjekt des ber\u00fchmten Nouveau R\u00e9alisme K\u00fcnstlers. In ausgezeichnetem Zustand, ein Spitzenst\u00fcck f\u00fcr Sammler.","breadcrumb":{"@id":"https:\/\/theresales.nl\/product\/daniel-spoerri-the-fertile-hand\/#breadcrumb"},"inLanguage":"de","potentialAction":[{"@type":"ReadAction","target":["https:\/\/theresales.nl\/product\/daniel-spoerri-the-fertile-hand\/"]}]},{"@type":"ImageObject","inLanguage":"de","@id":"https:\/\/theresales.nl\/product\/daniel-spoerri-the-fertile-hand\/#primaryimage","url":"https:\/\/theresales.nl\/wp-content\/uploads\/2026\/04\/art.jpg","contentUrl":"https:\/\/theresales.nl\/wp-content\/uploads\/2026\/04\/art.jpg","width":1200,"height":900,"caption":"Daniel-Spoerri-\u2013-The-Fertile-Hand-TheReSales"},{"@type":"BreadcrumbList","@id":"https:\/\/theresales.nl\/product\/daniel-spoerri-the-fertile-hand\/#breadcrumb","itemListElement":[{"@type":"ListItem","position":1,"name":"Home","item":"https:\/\/theresales.nl\/"},{"@type":"ListItem","position":2,"name":"Collectie","item":"https:\/\/theresales.nl\/collectie\/"},{"@type":"ListItem","position":3,"name":"Daniel Spoerri The Fertile Hand"}]},{"@type":"WebSite","@id":"https:\/\/theresales.nl\/#website","url":"https:\/\/theresales.nl\/","name":"TheReSales","description":"Tweedehands Design Meubelen","publisher":{"@id":"https:\/\/theresales.nl\/#organization"},"potentialAction":[{"@type":"SearchAction","target":{"@type":"EntryPoint","urlTemplate":"https:\/\/theresales.nl\/?s={search_term_string}"},"query-input":{"@type":"PropertyValueSpecification","valueRequired":true,"valueName":"search_term_string"}}],"inLanguage":"de"},{"@type":"Organization","@id":"https:\/\/theresales.nl\/#organization","name":"TheReSales","url":"https:\/\/theresales.nl\/","logo":{"@type":"ImageObject","inLanguage":"de","@id":"https:\/\/theresales.nl\/#\/schema\/logo\/image\/","url":"https:\/\/theresales.nl\/wp-content\/uploads\/2026\/04\/Logo-TheReSales.png","contentUrl":"https:\/\/theresales.nl\/wp-content\/uploads\/2026\/04\/Logo-TheReSales.png","width":1200,"height":304,"caption":"TheReSales"},"image":{"@id":"https:\/\/theresales.nl\/#\/schema\/logo\/image\/"},"sameAs":["https:\/\/www.facebook.com\/theresales.nl","https:\/\/www.instagram.com\/_theresales_\/","https:\/\/nl.pinterest.com\/theresalesgroningen\/","https:\/\/www.linkedin.com\/company\/theresales\/"]}]}},"_links":{"self":[{"href":"https:\/\/theresales.nl\/de\/wp-json\/wp\/v2\/product\/50971","targetHints":{"allow":["GET"]}}],"collection":[{"href":"https:\/\/theresales.nl\/de\/wp-json\/wp\/v2\/product"}],"about":[{"href":"https:\/\/theresales.nl\/de\/wp-json\/wp\/v2\/types\/product"}],"wp:featuredmedia":[{"embeddable":true,"href":"https:\/\/theresales.nl\/de\/wp-json\/wp\/v2\/media\/50972"}],"wp:attachment":[{"href":"https:\/\/theresales.nl\/de\/wp-json\/wp\/v2\/media?parent=50971"}],"wp:term":[{"taxonomy":"product_brand","embeddable":true,"href":"https:\/\/theresales.nl\/de\/wp-json\/wp\/v2\/product_brand?post=50971"},{"taxonomy":"product_cat","embeddable":true,"href":"https:\/\/theresales.nl\/de\/wp-json\/wp\/v2\/product_cat?post=50971"},{"taxonomy":"product_tag","embeddable":true,"href":"https:\/\/theresales.nl\/de\/wp-json\/wp\/v2\/product_tag?post=50971"},{"taxonomy":"ontwerper","embeddable":true,"href":"https:\/\/theresales.nl\/de\/wp-json\/wp\/v2\/ontwerper?post=50971"}],"curies":[{"name":"wp","href":"https:\/\/api.w.org\/{rel}","templated":true}]}}