{"id":50965,"date":"2026-04-21T11:57:48","date_gmt":"2026-04-21T09:57:48","guid":{"rendered":"https:\/\/theresales.nl\/?post_type=product&#038;p=50965"},"modified":"2026-04-21T12:03:39","modified_gmt":"2026-04-21T10:03:39","slug":"hella-jongerius-ikea-vase","status":"publish","type":"product","link":"https:\/\/theresales.nl\/de\/product\/hella-jongerius-ikea-vaas\/","title":{"rendered":"Hella Jongerius IKEA Vase"},"content":{"rendered":"<p data-path-to-node=\"4\">Deutsch <b data-path-to-node=\"4\" data-index-in-node=\"3\">Hella Jongerius IKEA Vase<\/b> ist ein begehrtes Sammlerst\u00fcck aus einer der am meisten gefeierten Kooperationen des schwedischen Wohnhauses. Die weltber\u00fchmte niederl\u00e4ndische Designerin <a href=\"https:\/\/www.instagram.com\/hellajongerius\/\">Hella Jongerius<\/a> entwarf diese Vase mit dem Fokus auf den Kontrast zwischen industrieller Fertigung und handwerklichen Details. Die <b data-path-to-node=\"4\" data-index-in-node=\"294\">Vase<\/b> f\u00e4llt sofort durch seine robuste Form und die raffinierte, fast handgefertigte Ausstrahlung des wei\u00dfen Steinguts auf.<\/p>\n<p data-path-to-node=\"5\">Kenmerkend voor de <b data-path-to-node=\"5\" data-index-in-node=\"19\">Hella Jongerius IKEA Vase<\/b> Gibt es die subtilen Farbschattierungen und die Textur, die die <a href=\"https:\/\/theresales.nl\/de\/produktkategorie\/wohnaccessoires\/\">Vase<\/a> ein einzigartiges Charisma verleihen. Das Design ist zeitlos und passt perfekt in ein Interieur, in dem Design und Qualit\u00e4t im Mittelpunkt stehen. Dieses Exemplar ist in ausgezeichnetem Zustand und weist keine Besch\u00e4digungen oder Abplatzungen auf. Ein wundersch\u00f6nes Objekt f\u00fcr Kenner des Dutch Design, die ein ikonisches St\u00fcck von Jongerius ihrer Sammlung hinzuf\u00fcgen m\u00f6chten.<\/p>","protected":false},"excerpt":{"rendered":"<p><strong>Abmessungen<\/strong><br \/>\nDurchmesser: 30 cm<br \/>\nH\u00f6he: 34 cm<\/p>\n<p><strong>Farbe\u00a0<\/strong> Witz<\/p>\n<p><strong>Material <\/strong>Keramik<\/p>","protected":false},"featured_media":50966,"template":"","meta":{"_acf_changed":false},"product_brand":[],"product_cat":[90],"product_tag":[1004],"ontwerper":[],"class_list":{"0":"post-50965","1":"product","2":"type-product","3":"status-publish","4":"has-post-thumbnail","6":"product_cat-woonaccessoires","7":"product_tag-ikea","9":"first","10":"instock","11":"shipping-taxable","12":"purchasable","13":"product-type-simple"},"acf":[],"yoast_head":"<!-- This site is optimized with the Yoast SEO plugin v27.5 - https:\/\/yoast.com\/product\/yoast-seo-wordpress\/ -->\n<title>Hella Jongerius IKEA Vaas - TheReSales<\/title>\n<meta name=\"description\" content=\"Witte Hella Jongerius IKEA vaas. Iconisch Dutch Design van aardewerk. In uitstekende staat en een geliefd verzamelobject voor designliefhebbers.\" \/>\n<meta name=\"robots\" content=\"index, follow, max-snippet:-1, max-image-preview:large, max-video-preview:-1\" \/>\n<link rel=\"canonical\" href=\"https:\/\/theresales.nl\/de\/produkt\/hella-jongerius-ikea-vase\/\" \/>\n<meta property=\"og:locale\" content=\"de_DE\" \/>\n<meta property=\"og:type\" content=\"article\" \/>\n<meta property=\"og:title\" content=\"Hella Jongerius IKEA Vaas - TheReSales\" \/>\n<meta property=\"og:description\" content=\"Witte Hella Jongerius IKEA vaas. Iconisch Dutch Design van aardewerk. In uitstekende staat en een geliefd verzamelobject voor designliefhebbers.\" \/>\n<meta property=\"og:url\" content=\"https:\/\/theresales.nl\/de\/produkt\/hella-jongerius-ikea-vase\/\" \/>\n<meta property=\"og:site_name\" content=\"TheReSales\" \/>\n<meta property=\"article:publisher\" content=\"https:\/\/www.facebook.com\/theresales.nl\" \/>\n<meta property=\"article:modified_time\" content=\"2026-04-21T10:03:39+00:00\" \/>\n<meta property=\"og:image\" content=\"https:\/\/theresales.nl\/wp-content\/uploads\/2026\/04\/ikea.jpg\" \/>\n\t<meta property=\"og:image:width\" content=\"1200\" \/>\n\t<meta property=\"og:image:height\" content=\"900\" \/>\n\t<meta property=\"og:image:type\" content=\"image\/jpeg\" \/>\n<meta name=\"twitter:card\" content=\"summary_large_image\" \/>\n<meta name=\"twitter:label1\" content=\"Gesch\u00e4tzte Lesezeit\" \/>\n\t<meta name=\"twitter:data1\" content=\"1\u00a0Minute\" \/>\n<!-- \/ Yoast SEO plugin. -->","yoast_head_json":{"title":"Hella Jongerius IKEA Vase - TheReSales","description":"Wei\u00dfe Hella Jongerius IKEA Vase. Ikonisches niederl\u00e4ndisches Design aus Keramik. In ausgezeichnetem Zustand und ein beliebtes Sammlerst\u00fcck f\u00fcr Designliebhaber.","robots":{"index":"index","follow":"follow","max-snippet":"max-snippet:-1","max-image-preview":"max-image-preview:large","max-video-preview":"max-video-preview:-1"},"canonical":"https:\/\/theresales.nl\/de\/produkt\/hella-jongerius-ikea-vase\/","og_locale":"de_DE","og_type":"article","og_title":"Hella Jongerius IKEA Vaas - TheReSales","og_description":"Witte Hella Jongerius IKEA vaas. Iconisch Dutch Design van aardewerk. In uitstekende staat en een geliefd verzamelobject voor designliefhebbers.","og_url":"https:\/\/theresales.nl\/de\/produkt\/hella-jongerius-ikea-vase\/","og_site_name":"TheReSales","article_publisher":"https:\/\/www.facebook.com\/theresales.nl","article_modified_time":"2026-04-21T10:03:39+00:00","og_image":[{"width":1200,"height":900,"url":"https:\/\/theresales.nl\/wp-content\/uploads\/2026\/04\/ikea.jpg","type":"image\/jpeg"}],"twitter_card":"summary_large_image","twitter_misc":{"Gesch\u00e4tzte Lesezeit":"1\u00a0Minute"},"schema":{"@context":"https:\/\/schema.org","@graph":[{"@type":"WebPage","@id":"https:\/\/theresales.nl\/product\/hella-jongerius-ikea-vaas\/","url":"https:\/\/theresales.nl\/product\/hella-jongerius-ikea-vaas\/","name":"Hella Jongerius IKEA Vase - TheReSales","isPartOf":{"@id":"https:\/\/theresales.nl\/#website"},"primaryImageOfPage":{"@id":"https:\/\/theresales.nl\/product\/hella-jongerius-ikea-vaas\/#primaryimage"},"image":{"@id":"https:\/\/theresales.nl\/product\/hella-jongerius-ikea-vaas\/#primaryimage"},"thumbnailUrl":"https:\/\/theresales.nl\/wp-content\/uploads\/2026\/04\/ikea.jpg","datePublished":"2026-04-21T09:57:48+00:00","dateModified":"2026-04-21T10:03:39+00:00","description":"Wei\u00dfe Hella Jongerius IKEA Vase. Ikonisches niederl\u00e4ndisches Design aus Keramik. In ausgezeichnetem Zustand und ein beliebtes Sammlerst\u00fcck f\u00fcr Designliebhaber.","breadcrumb":{"@id":"https:\/\/theresales.nl\/product\/hella-jongerius-ikea-vaas\/#breadcrumb"},"inLanguage":"de","potentialAction":[{"@type":"ReadAction","target":["https:\/\/theresales.nl\/product\/hella-jongerius-ikea-vaas\/"]}]},{"@type":"ImageObject","inLanguage":"de","@id":"https:\/\/theresales.nl\/product\/hella-jongerius-ikea-vaas\/#primaryimage","url":"https:\/\/theresales.nl\/wp-content\/uploads\/2026\/04\/ikea.jpg","contentUrl":"https:\/\/theresales.nl\/wp-content\/uploads\/2026\/04\/ikea.jpg","width":1200,"height":900,"caption":"Hella-Jongerius-IKEA-Vaas-TheReSales"},{"@type":"BreadcrumbList","@id":"https:\/\/theresales.nl\/product\/hella-jongerius-ikea-vaas\/#breadcrumb","itemListElement":[{"@type":"ListItem","position":1,"name":"Home","item":"https:\/\/theresales.nl\/"},{"@type":"ListItem","position":2,"name":"Collectie","item":"https:\/\/theresales.nl\/collectie\/"},{"@type":"ListItem","position":3,"name":"Hella Jongerius IKEA Vaas"}]},{"@type":"WebSite","@id":"https:\/\/theresales.nl\/#website","url":"https:\/\/theresales.nl\/","name":"TheReSales","description":"Tweedehands Design Meubelen","publisher":{"@id":"https:\/\/theresales.nl\/#organization"},"potentialAction":[{"@type":"SearchAction","target":{"@type":"EntryPoint","urlTemplate":"https:\/\/theresales.nl\/?s={search_term_string}"},"query-input":{"@type":"PropertyValueSpecification","valueRequired":true,"valueName":"search_term_string"}}],"inLanguage":"de"},{"@type":"Organization","@id":"https:\/\/theresales.nl\/#organization","name":"TheReSales","url":"https:\/\/theresales.nl\/","logo":{"@type":"ImageObject","inLanguage":"de","@id":"https:\/\/theresales.nl\/#\/schema\/logo\/image\/","url":"https:\/\/theresales.nl\/wp-content\/uploads\/2026\/04\/Logo-TheReSales.png","contentUrl":"https:\/\/theresales.nl\/wp-content\/uploads\/2026\/04\/Logo-TheReSales.png","width":1200,"height":304,"caption":"TheReSales"},"image":{"@id":"https:\/\/theresales.nl\/#\/schema\/logo\/image\/"},"sameAs":["https:\/\/www.facebook.com\/theresales.nl","https:\/\/www.instagram.com\/_theresales_\/","https:\/\/nl.pinterest.com\/theresalesgroningen\/","https:\/\/www.linkedin.com\/company\/theresales\/"]}]}},"_links":{"self":[{"href":"https:\/\/theresales.nl\/de\/wp-json\/wp\/v2\/product\/50965","targetHints":{"allow":["GET"]}}],"collection":[{"href":"https:\/\/theresales.nl\/de\/wp-json\/wp\/v2\/product"}],"about":[{"href":"https:\/\/theresales.nl\/de\/wp-json\/wp\/v2\/types\/product"}],"wp:featuredmedia":[{"embeddable":true,"href":"https:\/\/theresales.nl\/de\/wp-json\/wp\/v2\/media\/50966"}],"wp:attachment":[{"href":"https:\/\/theresales.nl\/de\/wp-json\/wp\/v2\/media?parent=50965"}],"wp:term":[{"taxonomy":"product_brand","embeddable":true,"href":"https:\/\/theresales.nl\/de\/wp-json\/wp\/v2\/product_brand?post=50965"},{"taxonomy":"product_cat","embeddable":true,"href":"https:\/\/theresales.nl\/de\/wp-json\/wp\/v2\/product_cat?post=50965"},{"taxonomy":"product_tag","embeddable":true,"href":"https:\/\/theresales.nl\/de\/wp-json\/wp\/v2\/product_tag?post=50965"},{"taxonomy":"ontwerper","embeddable":true,"href":"https:\/\/theresales.nl\/de\/wp-json\/wp\/v2\/ontwerper?post=50965"}],"curies":[{"name":"wp","href":"https:\/\/api.w.org\/{rel}","templated":true}]}}