{"id":50947,"date":"2026-04-21T11:23:42","date_gmt":"2026-04-21T09:23:42","guid":{"rendered":"https:\/\/theresales.nl\/?post_type=product&#038;p=50947"},"modified":"2026-04-21T11:27:38","modified_gmt":"2026-04-21T09:27:38","slug":"frank-willems-aaah-gros","status":"publish","type":"product","link":"https:\/\/theresales.nl\/de\/product\/frank-willems-aaah-large\/","title":{"rendered":"Frank Willems Aaah Gro\u00df"},"content":{"rendered":"<p data-path-to-node=\"6\">Dieses beeindruckende und ausdrucksstarke Objekt ist eine Ikone des niederl\u00e4ndischen Designs mit einer geh\u00f6rigen Portion Humor. Entworfen vom bekannten Designer <a href=\"https:\/\/www.instagram.com\/frank.willems.art\/\"><b data-path-to-node=\"6\" data-index-in-node=\"139\">Frank Willems<\/b><\/a> als Teil seiner beliebten \u2018Speechless Collection\u2019 tr\u00e4gt dieses Modell den Namen <b data-path-to-node=\"6\" data-index-in-node=\"235\">\u201cAah\u201d<\/b>. Mit einer H\u00f6he von <b data-path-to-node=\"6\" data-index-in-node=\"262\">26 cm<\/b> ein das <b data-path-to-node=\"6\" data-index-in-node=\"274\">Frank Willems Aaah Gro\u00df<\/b> die gr\u00f6\u00dfte Variante, die durch ihre Gr\u00f6\u00dfe sofort die Aufmerksamkeit in jedem Raum auf sich zieht.<\/p>\n<p data-path-to-node=\"7\">Sie erkennen sofort den charakteristischen, geformten Ausdruck; eine einzigartige Mischung aus Erstaunen und einem \u2018Schrei\u2019, wundersch\u00f6n eingefangen in hochwertiger wei\u00df glasierter Keramik. Der <b data-path-to-node=\"7\" data-index-in-node=\"170\">Frank Willems Aaah <a href=\"https:\/\/theresales.nl\/de\/produktkategorie\/wohnaccessoires\/\">Gro\u00df<\/a><\/b> eignet sich hervorragend als vollwertige, eigenwillige Vase. Die gro\u00dfe \u00d6ffnung oben bietet Platz f\u00fcr einen wundersch\u00f6nen Blumenstrau\u00df oder ein paar auff\u00e4llige Zweige. Dieses Exemplar ist in einem gepflegten Zustand, mit nur wenigen kleinen Gebrauchsspuren im Keramik, die dem Preis des Objekts entsprechen. Ein absolutes Muss f\u00fcr Liebhaber von modernem Design, das ein L\u00e4cheln auf dein Gesicht zaubert.<\/p>","protected":false},"excerpt":{"rendered":"<p><strong>Abmessungen<\/strong><br \/>\nBreite: 15 cm<br \/>\nTiefe: 15 cm<br \/>\nH\u00f6he: 23 cm<\/p>\n<p><strong>Farbe\u00a0<\/strong> Witz<\/p>\n<p><strong>Material <\/strong>Keramik<\/p>","protected":false},"featured_media":50948,"template":"","meta":{"_acf_changed":false},"product_brand":[],"product_cat":[90],"product_tag":[1003],"ontwerper":[],"class_list":{"0":"post-50947","1":"product","2":"type-product","3":"status-publish","4":"has-post-thumbnail","6":"product_cat-woonaccessoires","7":"product_tag-frank-willems","9":"first","10":"instock","11":"shipping-taxable","12":"purchasable","13":"product-type-simple"},"acf":[],"yoast_head":"<!-- This site is optimized with the Yoast SEO plugin v27.5 - https:\/\/yoast.com\/product\/yoast-seo-wordpress\/ -->\n<title>Frank Willems Aaah Large - TheReSales<\/title>\n<meta name=\"description\" content=\"Witte Frank Willems Aaah Vaas Large. Expressief keramiek uit de Speechless Collectie. Uniek Nederlands design, zo goed als nieuw. Koop hem hier!\" \/>\n<meta name=\"robots\" content=\"index, follow, max-snippet:-1, max-image-preview:large, max-video-preview:-1\" \/>\n<link rel=\"canonical\" href=\"https:\/\/theresales.nl\/de\/produkt\/frank-willems-aaah-gros\/\" \/>\n<meta property=\"og:locale\" content=\"de_DE\" \/>\n<meta property=\"og:type\" content=\"article\" \/>\n<meta property=\"og:title\" content=\"Frank Willems Aaah Large - TheReSales\" \/>\n<meta property=\"og:description\" content=\"Witte Frank Willems Aaah Vaas Large. Expressief keramiek uit de Speechless Collectie. Uniek Nederlands design, zo goed als nieuw. Koop hem hier!\" \/>\n<meta property=\"og:url\" content=\"https:\/\/theresales.nl\/de\/produkt\/frank-willems-aaah-gros\/\" \/>\n<meta property=\"og:site_name\" content=\"TheReSales\" \/>\n<meta property=\"article:publisher\" content=\"https:\/\/www.facebook.com\/theresales.nl\" \/>\n<meta property=\"article:modified_time\" content=\"2026-04-21T09:27:38+00:00\" \/>\n<meta property=\"og:image\" content=\"https:\/\/theresales.nl\/wp-content\/uploads\/2026\/04\/20260421_074907982_iOS.jpg\" \/>\n\t<meta property=\"og:image:width\" content=\"1200\" \/>\n\t<meta property=\"og:image:height\" content=\"900\" \/>\n\t<meta property=\"og:image:type\" content=\"image\/jpeg\" \/>\n<meta name=\"twitter:card\" content=\"summary_large_image\" \/>\n<meta name=\"twitter:label1\" content=\"Gesch\u00e4tzte Lesezeit\" \/>\n\t<meta name=\"twitter:data1\" content=\"1\u00a0Minute\" \/>\n<!-- \/ Yoast SEO plugin. -->","yoast_head_json":{"title":"Frank Willems Aaah Gro\u00df - TheReSales","description":"Witte Frank Willems Aaah Vaas Gro\u00df. Ausdrucksstarke Keramik aus der Speechless Kollektion. Einzigartiges niederl\u00e4ndisches Design, fast neu. Kaufen Sie ihn hier!","robots":{"index":"index","follow":"follow","max-snippet":"max-snippet:-1","max-image-preview":"max-image-preview:large","max-video-preview":"max-video-preview:-1"},"canonical":"https:\/\/theresales.nl\/de\/produkt\/frank-willems-aaah-gros\/","og_locale":"de_DE","og_type":"article","og_title":"Frank Willems Aaah Large - TheReSales","og_description":"Witte Frank Willems Aaah Vaas Large. Expressief keramiek uit de Speechless Collectie. Uniek Nederlands design, zo goed als nieuw. Koop hem hier!","og_url":"https:\/\/theresales.nl\/de\/produkt\/frank-willems-aaah-gros\/","og_site_name":"TheReSales","article_publisher":"https:\/\/www.facebook.com\/theresales.nl","article_modified_time":"2026-04-21T09:27:38+00:00","og_image":[{"width":1200,"height":900,"url":"https:\/\/theresales.nl\/wp-content\/uploads\/2026\/04\/20260421_074907982_iOS.jpg","type":"image\/jpeg"}],"twitter_card":"summary_large_image","twitter_misc":{"Gesch\u00e4tzte Lesezeit":"1\u00a0Minute"},"schema":{"@context":"https:\/\/schema.org","@graph":[{"@type":"WebPage","@id":"https:\/\/theresales.nl\/product\/frank-willems-aaah-large\/","url":"https:\/\/theresales.nl\/product\/frank-willems-aaah-large\/","name":"Frank Willems Aaah Gro\u00df - TheReSales","isPartOf":{"@id":"https:\/\/theresales.nl\/#website"},"primaryImageOfPage":{"@id":"https:\/\/theresales.nl\/product\/frank-willems-aaah-large\/#primaryimage"},"image":{"@id":"https:\/\/theresales.nl\/product\/frank-willems-aaah-large\/#primaryimage"},"thumbnailUrl":"https:\/\/theresales.nl\/wp-content\/uploads\/2026\/04\/20260421_074907982_iOS.jpg","datePublished":"2026-04-21T09:23:42+00:00","dateModified":"2026-04-21T09:27:38+00:00","description":"Witte Frank Willems Aaah Vaas Gro\u00df. Ausdrucksstarke Keramik aus der Speechless Kollektion. Einzigartiges niederl\u00e4ndisches Design, fast neu. Kaufen Sie ihn hier!","breadcrumb":{"@id":"https:\/\/theresales.nl\/product\/frank-willems-aaah-large\/#breadcrumb"},"inLanguage":"de","potentialAction":[{"@type":"ReadAction","target":["https:\/\/theresales.nl\/product\/frank-willems-aaah-large\/"]}]},{"@type":"ImageObject","inLanguage":"de","@id":"https:\/\/theresales.nl\/product\/frank-willems-aaah-large\/#primaryimage","url":"https:\/\/theresales.nl\/wp-content\/uploads\/2026\/04\/20260421_074907982_iOS.jpg","contentUrl":"https:\/\/theresales.nl\/wp-content\/uploads\/2026\/04\/20260421_074907982_iOS.jpg","width":1200,"height":900,"caption":"Frank-Willems-Aaah-Large-TheReSales"},{"@type":"BreadcrumbList","@id":"https:\/\/theresales.nl\/product\/frank-willems-aaah-large\/#breadcrumb","itemListElement":[{"@type":"ListItem","position":1,"name":"Home","item":"https:\/\/theresales.nl\/"},{"@type":"ListItem","position":2,"name":"Collectie","item":"https:\/\/theresales.nl\/collectie\/"},{"@type":"ListItem","position":3,"name":"Frank Willems Aaah Large"}]},{"@type":"WebSite","@id":"https:\/\/theresales.nl\/#website","url":"https:\/\/theresales.nl\/","name":"TheReSales","description":"Tweedehands Design Meubelen","publisher":{"@id":"https:\/\/theresales.nl\/#organization"},"potentialAction":[{"@type":"SearchAction","target":{"@type":"EntryPoint","urlTemplate":"https:\/\/theresales.nl\/?s={search_term_string}"},"query-input":{"@type":"PropertyValueSpecification","valueRequired":true,"valueName":"search_term_string"}}],"inLanguage":"de"},{"@type":"Organization","@id":"https:\/\/theresales.nl\/#organization","name":"TheReSales","url":"https:\/\/theresales.nl\/","logo":{"@type":"ImageObject","inLanguage":"de","@id":"https:\/\/theresales.nl\/#\/schema\/logo\/image\/","url":"https:\/\/theresales.nl\/wp-content\/uploads\/2026\/04\/Logo-TheReSales.png","contentUrl":"https:\/\/theresales.nl\/wp-content\/uploads\/2026\/04\/Logo-TheReSales.png","width":1200,"height":304,"caption":"TheReSales"},"image":{"@id":"https:\/\/theresales.nl\/#\/schema\/logo\/image\/"},"sameAs":["https:\/\/www.facebook.com\/theresales.nl","https:\/\/www.instagram.com\/_theresales_\/","https:\/\/nl.pinterest.com\/theresalesgroningen\/","https:\/\/www.linkedin.com\/company\/theresales\/"]}]}},"_links":{"self":[{"href":"https:\/\/theresales.nl\/de\/wp-json\/wp\/v2\/product\/50947","targetHints":{"allow":["GET"]}}],"collection":[{"href":"https:\/\/theresales.nl\/de\/wp-json\/wp\/v2\/product"}],"about":[{"href":"https:\/\/theresales.nl\/de\/wp-json\/wp\/v2\/types\/product"}],"wp:featuredmedia":[{"embeddable":true,"href":"https:\/\/theresales.nl\/de\/wp-json\/wp\/v2\/media\/50948"}],"wp:attachment":[{"href":"https:\/\/theresales.nl\/de\/wp-json\/wp\/v2\/media?parent=50947"}],"wp:term":[{"taxonomy":"product_brand","embeddable":true,"href":"https:\/\/theresales.nl\/de\/wp-json\/wp\/v2\/product_brand?post=50947"},{"taxonomy":"product_cat","embeddable":true,"href":"https:\/\/theresales.nl\/de\/wp-json\/wp\/v2\/product_cat?post=50947"},{"taxonomy":"product_tag","embeddable":true,"href":"https:\/\/theresales.nl\/de\/wp-json\/wp\/v2\/product_tag?post=50947"},{"taxonomy":"ontwerper","embeddable":true,"href":"https:\/\/theresales.nl\/de\/wp-json\/wp\/v2\/ontwerper?post=50947"}],"curies":[{"name":"wp","href":"https:\/\/api.w.org\/{rel}","templated":true}]}}