{"id":50937,"date":"2026-04-21T11:15:44","date_gmt":"2026-04-21T09:15:44","guid":{"rendered":"https:\/\/theresales.nl\/?post_type=product&#038;p=50937"},"modified":"2026-04-21T11:23:14","modified_gmt":"2026-04-21T09:23:14","slug":"frank-willems-aaah-mittel","status":"publish","type":"product","link":"https:\/\/theresales.nl\/de\/product\/frank-willems-aaah-medium\/","title":{"rendered":"Frank Willems Aaah Mittel"},"content":{"rendered":"<p data-path-to-node=\"14\">Dieses einzigartige Designobjekt ist eine wundersch\u00f6ne Erg\u00e4nzung f\u00fcr die Sammlung von Liebhabern niederl\u00e4ndischen Designs. Der <b data-path-to-node=\"14\" data-index-in-node=\"111\"><a href=\"https:\/\/www.instagram.com\/frank.willems.art\/\">Frank Willems<\/a> Aaaah Medium<\/b> ist entworfen innerhalb der ber\u00fchmten \u2018Speechless Kollektion\u2019 und ist mit einer H\u00f6he von 23 cm die ideale Zwischengr\u00f6\u00dfe: gro\u00df genug, um aufzufallen, aber kompakt genug f\u00fcr auf eine Kommode, einen Schreibtisch oder ein B\u00fccherregal.<\/p>\n<p data-path-to-node=\"15\">Das Objekt ist aus glattem, wei\u00df glasiertem Keramik gefertigt und zeigt den ikonischen, skulpturalen Ausdruck, der typisch f\u00fcr Willems' Arbeit ist. Obwohl dieses Modell in der Sammlung oft die Rolle der Zuckerdose erf\u00fcllt, leiht es sich <b data-path-to-node=\"15\" data-index-in-node=\"227\">Frank Willems Aaah Mittel<\/b> sich mit seiner H\u00f6he perfekt als ein charakteristisches <a href=\"https:\/\/theresales.nl\/de\/produktkategorie\/wohnaccessoires\/\">Vase<\/a> f\u00fcr ein dezentes Bouquet oder Trockenblumen. Dieses Exemplar ist in ausgezeichnetem Zustand und sieht aus wie neu. Ein verspieltes und qualitativ hochwertiges Kunstwerk, das Ihrem Interieur sofort Charakter und eine Geschichte verleiht.<\/p>","protected":false},"excerpt":{"rendered":"<p><strong>Abmessungen<\/strong><br \/>\nBreite: 15 cm<br \/>\nTiefe: 15 cm<br \/>\nH\u00f6he: 23 cm<\/p>\n<p><strong>Farbe\u00a0<\/strong> Witz<\/p>\n<p><strong>Material <\/strong>Keramik<\/p>","protected":false},"featured_media":50938,"template":"","meta":{"_acf_changed":false},"product_brand":[],"product_cat":[90],"product_tag":[1003],"ontwerper":[],"class_list":{"0":"post-50937","1":"product","2":"type-product","3":"status-publish","4":"has-post-thumbnail","6":"product_cat-woonaccessoires","7":"product_tag-frank-willems","9":"first","10":"instock","11":"shipping-taxable","12":"purchasable","13":"product-type-simple"},"acf":[],"yoast_head":"<!-- This site is optimized with the Yoast SEO plugin v27.5 - https:\/\/yoast.com\/product\/yoast-seo-wordpress\/ -->\n<title>Frank Willems Aaah Medium - TheReSales<\/title>\n<meta name=\"description\" content=\"Witte Frank Willems Aaah Vaas Medium. Expressief keramiek uit de Speechless Collectie. Uniek Nederlands design, zo goed als nieuw. Koop hem hier!\" \/>\n<meta name=\"robots\" content=\"index, follow, max-snippet:-1, max-image-preview:large, max-video-preview:-1\" \/>\n<link rel=\"canonical\" href=\"https:\/\/theresales.nl\/de\/produkt\/frank-willems-aaah-mittel\/\" \/>\n<meta property=\"og:locale\" content=\"de_DE\" \/>\n<meta property=\"og:type\" content=\"article\" \/>\n<meta property=\"og:title\" content=\"Frank Willems Aaah Medium - TheReSales\" \/>\n<meta property=\"og:description\" content=\"Witte Frank Willems Aaah Vaas Medium. Expressief keramiek uit de Speechless Collectie. Uniek Nederlands design, zo goed als nieuw. Koop hem hier!\" \/>\n<meta property=\"og:url\" content=\"https:\/\/theresales.nl\/de\/produkt\/frank-willems-aaah-mittel\/\" \/>\n<meta property=\"og:site_name\" content=\"TheReSales\" \/>\n<meta property=\"article:publisher\" content=\"https:\/\/www.facebook.com\/theresales.nl\" \/>\n<meta property=\"article:modified_time\" content=\"2026-04-21T09:23:14+00:00\" \/>\n<meta property=\"og:image\" content=\"https:\/\/theresales.nl\/wp-content\/uploads\/2026\/04\/20260421_074740525_iOS.jpg\" \/>\n\t<meta property=\"og:image:width\" content=\"1200\" \/>\n\t<meta property=\"og:image:height\" content=\"900\" \/>\n\t<meta property=\"og:image:type\" content=\"image\/jpeg\" \/>\n<meta name=\"twitter:card\" content=\"summary_large_image\" \/>\n<meta name=\"twitter:label1\" content=\"Gesch\u00e4tzte Lesezeit\" \/>\n\t<meta name=\"twitter:data1\" content=\"1\u00a0Minute\" \/>\n<!-- \/ Yoast SEO plugin. -->","yoast_head_json":{"title":"Frank Willems Aaah Medium - TheReSales","description":"Witte Frank Willems Aaah Vaas Medium. Ausdrucksstarke Keramik aus der Speechless Kollektion. Einzigartiges niederl\u00e4ndisches Design, so gut wie neu. Kaufen Sie es hier!","robots":{"index":"index","follow":"follow","max-snippet":"max-snippet:-1","max-image-preview":"max-image-preview:large","max-video-preview":"max-video-preview:-1"},"canonical":"https:\/\/theresales.nl\/de\/produkt\/frank-willems-aaah-mittel\/","og_locale":"de_DE","og_type":"article","og_title":"Frank Willems Aaah Medium - TheReSales","og_description":"Witte Frank Willems Aaah Vaas Medium. Expressief keramiek uit de Speechless Collectie. Uniek Nederlands design, zo goed als nieuw. Koop hem hier!","og_url":"https:\/\/theresales.nl\/de\/produkt\/frank-willems-aaah-mittel\/","og_site_name":"TheReSales","article_publisher":"https:\/\/www.facebook.com\/theresales.nl","article_modified_time":"2026-04-21T09:23:14+00:00","og_image":[{"width":1200,"height":900,"url":"https:\/\/theresales.nl\/wp-content\/uploads\/2026\/04\/20260421_074740525_iOS.jpg","type":"image\/jpeg"}],"twitter_card":"summary_large_image","twitter_misc":{"Gesch\u00e4tzte Lesezeit":"1\u00a0Minute"},"schema":{"@context":"https:\/\/schema.org","@graph":[{"@type":"WebPage","@id":"https:\/\/theresales.nl\/product\/frank-willems-aaah-medium\/","url":"https:\/\/theresales.nl\/product\/frank-willems-aaah-medium\/","name":"Frank Willems Aaah Medium - TheReSales","isPartOf":{"@id":"https:\/\/theresales.nl\/#website"},"primaryImageOfPage":{"@id":"https:\/\/theresales.nl\/product\/frank-willems-aaah-medium\/#primaryimage"},"image":{"@id":"https:\/\/theresales.nl\/product\/frank-willems-aaah-medium\/#primaryimage"},"thumbnailUrl":"https:\/\/theresales.nl\/wp-content\/uploads\/2026\/04\/20260421_074740525_iOS.jpg","datePublished":"2026-04-21T09:15:44+00:00","dateModified":"2026-04-21T09:23:14+00:00","description":"Witte Frank Willems Aaah Vaas Medium. Ausdrucksstarke Keramik aus der Speechless Kollektion. Einzigartiges niederl\u00e4ndisches Design, so gut wie neu. Kaufen Sie es hier!","breadcrumb":{"@id":"https:\/\/theresales.nl\/product\/frank-willems-aaah-medium\/#breadcrumb"},"inLanguage":"de","potentialAction":[{"@type":"ReadAction","target":["https:\/\/theresales.nl\/product\/frank-willems-aaah-medium\/"]}]},{"@type":"ImageObject","inLanguage":"de","@id":"https:\/\/theresales.nl\/product\/frank-willems-aaah-medium\/#primaryimage","url":"https:\/\/theresales.nl\/wp-content\/uploads\/2026\/04\/20260421_074740525_iOS.jpg","contentUrl":"https:\/\/theresales.nl\/wp-content\/uploads\/2026\/04\/20260421_074740525_iOS.jpg","width":1200,"height":900,"caption":"Frank-Willems-Aaah-Medium-TheReSales"},{"@type":"BreadcrumbList","@id":"https:\/\/theresales.nl\/product\/frank-willems-aaah-medium\/#breadcrumb","itemListElement":[{"@type":"ListItem","position":1,"name":"Home","item":"https:\/\/theresales.nl\/"},{"@type":"ListItem","position":2,"name":"Collectie","item":"https:\/\/theresales.nl\/collectie\/"},{"@type":"ListItem","position":3,"name":"Frank Willems Aaah Medium"}]},{"@type":"WebSite","@id":"https:\/\/theresales.nl\/#website","url":"https:\/\/theresales.nl\/","name":"TheReSales","description":"Tweedehands Design Meubelen","publisher":{"@id":"https:\/\/theresales.nl\/#organization"},"potentialAction":[{"@type":"SearchAction","target":{"@type":"EntryPoint","urlTemplate":"https:\/\/theresales.nl\/?s={search_term_string}"},"query-input":{"@type":"PropertyValueSpecification","valueRequired":true,"valueName":"search_term_string"}}],"inLanguage":"de"},{"@type":"Organization","@id":"https:\/\/theresales.nl\/#organization","name":"TheReSales","url":"https:\/\/theresales.nl\/","logo":{"@type":"ImageObject","inLanguage":"de","@id":"https:\/\/theresales.nl\/#\/schema\/logo\/image\/","url":"https:\/\/theresales.nl\/wp-content\/uploads\/2026\/04\/Logo-TheReSales.png","contentUrl":"https:\/\/theresales.nl\/wp-content\/uploads\/2026\/04\/Logo-TheReSales.png","width":1200,"height":304,"caption":"TheReSales"},"image":{"@id":"https:\/\/theresales.nl\/#\/schema\/logo\/image\/"},"sameAs":["https:\/\/www.facebook.com\/theresales.nl","https:\/\/www.instagram.com\/_theresales_\/","https:\/\/nl.pinterest.com\/theresalesgroningen\/","https:\/\/www.linkedin.com\/company\/theresales\/"]}]}},"_links":{"self":[{"href":"https:\/\/theresales.nl\/de\/wp-json\/wp\/v2\/product\/50937","targetHints":{"allow":["GET"]}}],"collection":[{"href":"https:\/\/theresales.nl\/de\/wp-json\/wp\/v2\/product"}],"about":[{"href":"https:\/\/theresales.nl\/de\/wp-json\/wp\/v2\/types\/product"}],"wp:featuredmedia":[{"embeddable":true,"href":"https:\/\/theresales.nl\/de\/wp-json\/wp\/v2\/media\/50938"}],"wp:attachment":[{"href":"https:\/\/theresales.nl\/de\/wp-json\/wp\/v2\/media?parent=50937"}],"wp:term":[{"taxonomy":"product_brand","embeddable":true,"href":"https:\/\/theresales.nl\/de\/wp-json\/wp\/v2\/product_brand?post=50937"},{"taxonomy":"product_cat","embeddable":true,"href":"https:\/\/theresales.nl\/de\/wp-json\/wp\/v2\/product_cat?post=50937"},{"taxonomy":"product_tag","embeddable":true,"href":"https:\/\/theresales.nl\/de\/wp-json\/wp\/v2\/product_tag?post=50937"},{"taxonomy":"ontwerper","embeddable":true,"href":"https:\/\/theresales.nl\/de\/wp-json\/wp\/v2\/ontwerper?post=50937"}],"curies":[{"name":"wp","href":"https:\/\/api.w.org\/{rel}","templated":true}]}}