{"id":50927,"date":"2026-04-21T10:58:08","date_gmt":"2026-04-21T08:58:08","guid":{"rendered":"https:\/\/theresales.nl\/?post_type=product&#038;p=50927"},"modified":"2026-04-21T11:15:40","modified_gmt":"2026-04-21T09:15:40","slug":"frank-willems-ooo","status":"publish","type":"product","link":"https:\/\/theresales.nl\/de\/product\/frank-willems-ooo\/","title":{"rendered":"Frank Willems Ooo"},"content":{"rendered":"<p data-path-to-node=\"2\">Dieses einzigartige und verspielte Objekt ist ein wundersch\u00f6nes Beispiel niederl\u00e4ndischen Designs mit einem Augenzwinkern. Entworfen von <a href=\"https:\/\/www.instagram.com\/frank.willems.art\/\"><b data-path-to-node=\"2\" data-index-in-node=\"109\">Frank Willems<\/b><\/a> als Teil seiner ikonischen \u2018Speechless Collection\u2019, ist dieses Modell bekannt unter dem Namen <b data-path-to-node=\"2\" data-index-in-node=\"217\">\u201cOooh\u201d<\/b>. Obwohl es offiziell als geniales \u00d6l- und Essig-Set konzipiert wurde, eignet sich die organische Form perfekt als einzigartiges <a href=\"https:\/\/theresales.nl\/de\/produktkategorie\/wohnaccessoires\/\"><b data-path-to-node=\"2\" data-index-in-node=\"348\">liegende Vase<\/b><\/a> dekorativen schenkkann zu verwenden.<\/p>\n<p data-path-to-node=\"3\">Das Design ist in glattem, wei\u00df glasiertem Keramik ausgef\u00fchrt und verf\u00fcgt \u00fcber die charakteristischen, fr\u00f6hlichen Smileys, die Frank Willems\u2019 Werk so erkennbar machen. Das Objekt hat zwei Ausgie\u00dfer, was f\u00fcr einen \u00fcberraschenden Effekt sorgt, wenn man z.B. dezente Trockenblumen darin arrangiert. Es ist ein Gegenstand, der sofort ein Gespr\u00e4ch in Gang bringt und jedem ein L\u00e4cheln ins Gesicht zaubert. Diese <b data-path-to-node=\"3\" data-index-in-node=\"379\">Frank Willems Ooo<\/b> befindet sich in ausgezeichnetem Zustand und ist ein absoluter Blickfang f\u00fcr Liebhaber von modernem Design und Kunst mit einer Geschichte.<\/p>","protected":false},"excerpt":{"rendered":"<p><strong>Abmessungen<\/strong><br \/>\nBreite: 24 cm<br \/>\nTiefe: 20 cm<br \/>\nH\u00f6he: 20 cm<\/p>\n<p><strong>Farbe\u00a0<\/strong> Witz<\/p>\n<p><strong>Material <\/strong>Porzellan<\/p>","protected":false},"featured_media":50928,"template":"","meta":{"_acf_changed":false},"product_brand":[],"product_cat":[90],"product_tag":[1003],"ontwerper":[],"class_list":{"0":"post-50927","1":"product","2":"type-product","3":"status-publish","4":"has-post-thumbnail","6":"product_cat-woonaccessoires","7":"product_tag-frank-willems","9":"first","10":"instock","11":"shipping-taxable","12":"purchasable","13":"product-type-simple"},"acf":[],"yoast_head":"<!-- This site is optimized with the Yoast SEO plugin v27.5 - https:\/\/yoast.com\/product\/yoast-seo-wordpress\/ -->\n<title>Frank Willems Ooo - TheReSales<\/title>\n<meta name=\"description\" content=\"Frank Willems Ooo \u2013 Een uniek designobject uit de Speechless Collectie. Te gebruiken als liggende vaas of decoratieve schenkkan.\" \/>\n<meta name=\"robots\" content=\"index, follow, max-snippet:-1, max-image-preview:large, max-video-preview:-1\" \/>\n<link rel=\"canonical\" href=\"https:\/\/theresales.nl\/de\/produkt\/frank-willems-ooo\/\" \/>\n<meta property=\"og:locale\" content=\"de_DE\" \/>\n<meta property=\"og:type\" content=\"article\" \/>\n<meta property=\"og:title\" content=\"Frank Willems Ooo - TheReSales\" \/>\n<meta property=\"og:description\" content=\"Frank Willems Ooo \u2013 Een uniek designobject uit de Speechless Collectie. Te gebruiken als liggende vaas of decoratieve schenkkan.\" \/>\n<meta property=\"og:url\" content=\"https:\/\/theresales.nl\/de\/produkt\/frank-willems-ooo\/\" \/>\n<meta property=\"og:site_name\" content=\"TheReSales\" \/>\n<meta property=\"article:publisher\" content=\"https:\/\/www.facebook.com\/theresales.nl\" \/>\n<meta property=\"article:modified_time\" content=\"2026-04-21T09:15:40+00:00\" \/>\n<meta property=\"og:image\" content=\"https:\/\/theresales.nl\/wp-content\/uploads\/2026\/04\/20260421_074451991_iOS.jpg\" \/>\n\t<meta property=\"og:image:width\" content=\"1200\" \/>\n\t<meta property=\"og:image:height\" content=\"900\" \/>\n\t<meta property=\"og:image:type\" content=\"image\/jpeg\" \/>\n<meta name=\"twitter:card\" content=\"summary_large_image\" \/>\n<meta name=\"twitter:label1\" content=\"Gesch\u00e4tzte Lesezeit\" \/>\n\t<meta name=\"twitter:data1\" content=\"1\u00a0Minute\" \/>\n<!-- \/ Yoast SEO plugin. -->","yoast_head_json":{"title":"Frank Willems Ooo - TheReSales","description":"Frank Willems Ooo \u2013 Ein einzigartiges Designobjekt aus der Speechless Kollektion. Verwendbar als liegende Vase oder dekorative Gie\u00dfkanne.","robots":{"index":"index","follow":"follow","max-snippet":"max-snippet:-1","max-image-preview":"max-image-preview:large","max-video-preview":"max-video-preview:-1"},"canonical":"https:\/\/theresales.nl\/de\/produkt\/frank-willems-ooo\/","og_locale":"de_DE","og_type":"article","og_title":"Frank Willems Ooo - TheReSales","og_description":"Frank Willems Ooo \u2013 Een uniek designobject uit de Speechless Collectie. Te gebruiken als liggende vaas of decoratieve schenkkan.","og_url":"https:\/\/theresales.nl\/de\/produkt\/frank-willems-ooo\/","og_site_name":"TheReSales","article_publisher":"https:\/\/www.facebook.com\/theresales.nl","article_modified_time":"2026-04-21T09:15:40+00:00","og_image":[{"width":1200,"height":900,"url":"https:\/\/theresales.nl\/wp-content\/uploads\/2026\/04\/20260421_074451991_iOS.jpg","type":"image\/jpeg"}],"twitter_card":"summary_large_image","twitter_misc":{"Gesch\u00e4tzte Lesezeit":"1\u00a0Minute"},"schema":{"@context":"https:\/\/schema.org","@graph":[{"@type":"WebPage","@id":"https:\/\/theresales.nl\/product\/frank-willems-ooo\/","url":"https:\/\/theresales.nl\/product\/frank-willems-ooo\/","name":"Frank Willems Ooo - TheReSales","isPartOf":{"@id":"https:\/\/theresales.nl\/#website"},"primaryImageOfPage":{"@id":"https:\/\/theresales.nl\/product\/frank-willems-ooo\/#primaryimage"},"image":{"@id":"https:\/\/theresales.nl\/product\/frank-willems-ooo\/#primaryimage"},"thumbnailUrl":"https:\/\/theresales.nl\/wp-content\/uploads\/2026\/04\/20260421_074451991_iOS.jpg","datePublished":"2026-04-21T08:58:08+00:00","dateModified":"2026-04-21T09:15:40+00:00","description":"Frank Willems Ooo \u2013 Ein einzigartiges Designobjekt aus der Speechless Kollektion. Verwendbar als liegende Vase oder dekorative Gie\u00dfkanne.","breadcrumb":{"@id":"https:\/\/theresales.nl\/product\/frank-willems-ooo\/#breadcrumb"},"inLanguage":"de","potentialAction":[{"@type":"ReadAction","target":["https:\/\/theresales.nl\/product\/frank-willems-ooo\/"]}]},{"@type":"ImageObject","inLanguage":"de","@id":"https:\/\/theresales.nl\/product\/frank-willems-ooo\/#primaryimage","url":"https:\/\/theresales.nl\/wp-content\/uploads\/2026\/04\/20260421_074451991_iOS.jpg","contentUrl":"https:\/\/theresales.nl\/wp-content\/uploads\/2026\/04\/20260421_074451991_iOS.jpg","width":1200,"height":900,"caption":"Frank-Willems-Ooo-theresaels"},{"@type":"BreadcrumbList","@id":"https:\/\/theresales.nl\/product\/frank-willems-ooo\/#breadcrumb","itemListElement":[{"@type":"ListItem","position":1,"name":"Home","item":"https:\/\/theresales.nl\/"},{"@type":"ListItem","position":2,"name":"Collectie","item":"https:\/\/theresales.nl\/collectie\/"},{"@type":"ListItem","position":3,"name":"Frank Willems Ooo"}]},{"@type":"WebSite","@id":"https:\/\/theresales.nl\/#website","url":"https:\/\/theresales.nl\/","name":"TheReSales","description":"Tweedehands Design Meubelen","publisher":{"@id":"https:\/\/theresales.nl\/#organization"},"potentialAction":[{"@type":"SearchAction","target":{"@type":"EntryPoint","urlTemplate":"https:\/\/theresales.nl\/?s={search_term_string}"},"query-input":{"@type":"PropertyValueSpecification","valueRequired":true,"valueName":"search_term_string"}}],"inLanguage":"de"},{"@type":"Organization","@id":"https:\/\/theresales.nl\/#organization","name":"TheReSales","url":"https:\/\/theresales.nl\/","logo":{"@type":"ImageObject","inLanguage":"de","@id":"https:\/\/theresales.nl\/#\/schema\/logo\/image\/","url":"https:\/\/theresales.nl\/wp-content\/uploads\/2026\/04\/Logo-TheReSales.png","contentUrl":"https:\/\/theresales.nl\/wp-content\/uploads\/2026\/04\/Logo-TheReSales.png","width":1200,"height":304,"caption":"TheReSales"},"image":{"@id":"https:\/\/theresales.nl\/#\/schema\/logo\/image\/"},"sameAs":["https:\/\/www.facebook.com\/theresales.nl","https:\/\/www.instagram.com\/_theresales_\/","https:\/\/nl.pinterest.com\/theresalesgroningen\/","https:\/\/www.linkedin.com\/company\/theresales\/"]}]}},"_links":{"self":[{"href":"https:\/\/theresales.nl\/de\/wp-json\/wp\/v2\/product\/50927","targetHints":{"allow":["GET"]}}],"collection":[{"href":"https:\/\/theresales.nl\/de\/wp-json\/wp\/v2\/product"}],"about":[{"href":"https:\/\/theresales.nl\/de\/wp-json\/wp\/v2\/types\/product"}],"wp:featuredmedia":[{"embeddable":true,"href":"https:\/\/theresales.nl\/de\/wp-json\/wp\/v2\/media\/50928"}],"wp:attachment":[{"href":"https:\/\/theresales.nl\/de\/wp-json\/wp\/v2\/media?parent=50927"}],"wp:term":[{"taxonomy":"product_brand","embeddable":true,"href":"https:\/\/theresales.nl\/de\/wp-json\/wp\/v2\/product_brand?post=50927"},{"taxonomy":"product_cat","embeddable":true,"href":"https:\/\/theresales.nl\/de\/wp-json\/wp\/v2\/product_cat?post=50927"},{"taxonomy":"product_tag","embeddable":true,"href":"https:\/\/theresales.nl\/de\/wp-json\/wp\/v2\/product_tag?post=50927"},{"taxonomy":"ontwerper","embeddable":true,"href":"https:\/\/theresales.nl\/de\/wp-json\/wp\/v2\/ontwerper?post=50927"}],"curies":[{"name":"wp","href":"https:\/\/api.w.org\/{rel}","templated":true}]}}