{"id":50921,"date":"2026-04-21T10:48:23","date_gmt":"2026-04-21T08:48:23","guid":{"rendered":"https:\/\/theresales.nl\/?post_type=product&#038;p=50921"},"modified":"2026-04-23T10:12:33","modified_gmt":"2026-04-23T08:12:33","slug":"polsterer-sanduhr-neon-grun-l","status":"publish","type":"product","link":"https:\/\/theresales.nl\/de\/product\/polspotten-zandloper-neon-groen-l\/","title":{"rendered":"POLSPOTTEN Sanduhr Neon Gr\u00fcn L"},"content":{"rendered":"<p data-path-to-node=\"0\">Diese <b data-path-to-node=\"0\" data-index-in-node=\"5\"><a href=\"https:\/\/theresales.nl\/de\/merke\/polen-spotting\/\">Pol-Spott<\/a> Sanduhr Neon Gr\u00fcn L<\/b> ist die gr\u00f6\u00dfte Variante aus der Serie und ein beeindruckendes Designobjekt f\u00fcr Zuhause. Die niederl\u00e4ndische Marke <b data-path-to-node=\"0\" data-index-in-node=\"144\">Pol-Spott<\/b> bekannt f\u00fcr diese ikonischen Sanduhren, und im Ma\u00df <b data-path-to-node=\"0\" data-index-in-node=\"212\">L<\/b> Das leuchtende neongr\u00fcne Sand tritt besonders kr\u00e4ftig hervor. Es ist ein modernes Statement-St\u00fcck, das auf einem gro\u00dfen Tisch, einem Sideboard oder in einem Regal sofort ins Auge f\u00e4llt.<\/p>\n<p data-path-to-node=\"1\">Deutsch <b data-path-to-node=\"1\" data-index-in-node=\"3\"><a href=\"https:\/\/www.instagram.com\/polspotten\/\">Pol-Spott<\/a> Sanduhr Neon Gr\u00fcn L<\/b> ist kunsthandwerklich aus klarem Glas gefertigt und hat eine Laufzeit von circa <b data-path-to-node=\"1\" data-index-in-node=\"113\">2 Stunden (120 Minuten)<\/b>. Das macht ihn nicht nur zu einem wundersch\u00f6nen <a href=\"https:\/\/theresales.nl\/de\/produktkategorie\/wohnaccessoires\/\">Kunstobjekt<\/a>, aber auch ein funktioneller Timer f\u00fcr alle, die sich wirklich Zeit f\u00fcr Konzentration oder Entspannung nehmen wollen. Diese Sanduhr ist brandneu und unbenutzt. Mit ihren gro\u00dfz\u00fcgigen Abmessungen ist diese Sanduhr ein hochwertiger und fr\u00f6hlicher Artikel, der jedes Interieur einen modernen Schub verleiht.<\/p>","protected":false},"excerpt":{"rendered":"<p><strong>Abmessungen<\/strong><br \/>\nDurchmesser: 15 cm<br \/>\nH\u00f6he: 38 cm<\/p>\n<p><strong>Farbe\u00a0<\/strong> Neon<\/p>\n<p><strong>Material <\/strong>Glas, Sand<\/p>","protected":false},"featured_media":50922,"template":"","meta":{"_acf_changed":false},"product_brand":[],"product_cat":[90],"product_tag":[893,888],"ontwerper":[],"class_list":{"0":"post-50921","1":"product","2":"type-product","3":"status-publish","4":"has-post-thumbnail","6":"product_cat-woonaccessoires","7":"product_tag-btw","8":"product_tag-polspotten","10":"first","11":"instock","12":"shipping-taxable","13":"purchasable","14":"product-type-simple"},"acf":[],"yoast_head":"<!-- This site is optimized with the Yoast SEO plugin v27.5 - https:\/\/yoast.com\/product\/yoast-seo-wordpress\/ -->\n<title>POLSPOTTEN Zandloper Neon Groen L - TheReSales<\/title>\n<meta name=\"description\" content=\"POLSPOTTEN Zandloper Neon Groen L. Handgeblazen glas met een looptijd van 30 minuten. Nieuw en een echte design eyecatcher. Shop hem hier!\" \/>\n<meta name=\"robots\" content=\"index, follow, max-snippet:-1, max-image-preview:large, max-video-preview:-1\" \/>\n<link rel=\"canonical\" href=\"https:\/\/theresales.nl\/de\/produkt\/polsterer-sanduhr-neon-grun-l\/\" \/>\n<meta property=\"og:locale\" content=\"de_DE\" \/>\n<meta property=\"og:type\" content=\"article\" \/>\n<meta property=\"og:title\" content=\"POLSPOTTEN Zandloper Neon Groen L - TheReSales\" \/>\n<meta property=\"og:description\" content=\"POLSPOTTEN Zandloper Neon Groen L. Handgeblazen glas met een looptijd van 30 minuten. Nieuw en een echte design eyecatcher. Shop hem hier!\" \/>\n<meta property=\"og:url\" content=\"https:\/\/theresales.nl\/de\/produkt\/polsterer-sanduhr-neon-grun-l\/\" \/>\n<meta property=\"og:site_name\" content=\"TheReSales\" \/>\n<meta property=\"article:publisher\" content=\"https:\/\/www.facebook.com\/theresales.nl\" \/>\n<meta property=\"article:modified_time\" content=\"2026-04-23T08:12:33+00:00\" \/>\n<meta property=\"og:image\" content=\"https:\/\/theresales.nl\/wp-content\/uploads\/2026\/04\/20260421_080909121_iOS.jpg\" \/>\n\t<meta property=\"og:image:width\" content=\"1200\" \/>\n\t<meta property=\"og:image:height\" content=\"900\" \/>\n\t<meta property=\"og:image:type\" content=\"image\/jpeg\" \/>\n<meta name=\"twitter:card\" content=\"summary_large_image\" \/>\n<meta name=\"twitter:label1\" content=\"Gesch\u00e4tzte Lesezeit\" \/>\n\t<meta name=\"twitter:data1\" content=\"1\u00a0Minute\" \/>\n<!-- \/ Yoast SEO plugin. -->","yoast_head_json":{"title":"POLSPOTTEN Sanduhr Neon Gr\u00fcn L - TheReSales","description":"POLSPOTTEN Sandschaufel Neon Gr\u00fcn L. Mundgeblasenes Glas mit einer Laufzeit von 30 Minuten. Neu und ein echter Design-Hingucker. Shoppe ihn hier!","robots":{"index":"index","follow":"follow","max-snippet":"max-snippet:-1","max-image-preview":"max-image-preview:large","max-video-preview":"max-video-preview:-1"},"canonical":"https:\/\/theresales.nl\/de\/produkt\/polsterer-sanduhr-neon-grun-l\/","og_locale":"de_DE","og_type":"article","og_title":"POLSPOTTEN Zandloper Neon Groen L - TheReSales","og_description":"POLSPOTTEN Zandloper Neon Groen L. Handgeblazen glas met een looptijd van 30 minuten. Nieuw en een echte design eyecatcher. Shop hem hier!","og_url":"https:\/\/theresales.nl\/de\/produkt\/polsterer-sanduhr-neon-grun-l\/","og_site_name":"TheReSales","article_publisher":"https:\/\/www.facebook.com\/theresales.nl","article_modified_time":"2026-04-23T08:12:33+00:00","og_image":[{"width":1200,"height":900,"url":"https:\/\/theresales.nl\/wp-content\/uploads\/2026\/04\/20260421_080909121_iOS.jpg","type":"image\/jpeg"}],"twitter_card":"summary_large_image","twitter_misc":{"Gesch\u00e4tzte Lesezeit":"1\u00a0Minute"},"schema":{"@context":"https:\/\/schema.org","@graph":[{"@type":"WebPage","@id":"https:\/\/theresales.nl\/product\/polspotten-zandloper-neon-groen-l\/","url":"https:\/\/theresales.nl\/product\/polspotten-zandloper-neon-groen-l\/","name":"POLSPOTTEN Sanduhr Neon Gr\u00fcn L - TheReSales","isPartOf":{"@id":"https:\/\/theresales.nl\/#website"},"primaryImageOfPage":{"@id":"https:\/\/theresales.nl\/product\/polspotten-zandloper-neon-groen-l\/#primaryimage"},"image":{"@id":"https:\/\/theresales.nl\/product\/polspotten-zandloper-neon-groen-l\/#primaryimage"},"thumbnailUrl":"https:\/\/theresales.nl\/wp-content\/uploads\/2026\/04\/20260421_080909121_iOS.jpg","datePublished":"2026-04-21T08:48:23+00:00","dateModified":"2026-04-23T08:12:33+00:00","description":"POLSPOTTEN Sandschaufel Neon Gr\u00fcn L. Mundgeblasenes Glas mit einer Laufzeit von 30 Minuten. Neu und ein echter Design-Hingucker. Shoppe ihn hier!","breadcrumb":{"@id":"https:\/\/theresales.nl\/product\/polspotten-zandloper-neon-groen-l\/#breadcrumb"},"inLanguage":"de","potentialAction":[{"@type":"ReadAction","target":["https:\/\/theresales.nl\/product\/polspotten-zandloper-neon-groen-l\/"]}]},{"@type":"ImageObject","inLanguage":"de","@id":"https:\/\/theresales.nl\/product\/polspotten-zandloper-neon-groen-l\/#primaryimage","url":"https:\/\/theresales.nl\/wp-content\/uploads\/2026\/04\/20260421_080909121_iOS.jpg","contentUrl":"https:\/\/theresales.nl\/wp-content\/uploads\/2026\/04\/20260421_080909121_iOS.jpg","width":1200,"height":900,"caption":"POLSPOTTEN-Zandloper-Neon-Groen-L-TheReSales"},{"@type":"BreadcrumbList","@id":"https:\/\/theresales.nl\/product\/polspotten-zandloper-neon-groen-l\/#breadcrumb","itemListElement":[{"@type":"ListItem","position":1,"name":"Home","item":"https:\/\/theresales.nl\/"},{"@type":"ListItem","position":2,"name":"Collectie","item":"https:\/\/theresales.nl\/collectie\/"},{"@type":"ListItem","position":3,"name":"POLSPOTTEN Zandloper Neon Groen L"}]},{"@type":"WebSite","@id":"https:\/\/theresales.nl\/#website","url":"https:\/\/theresales.nl\/","name":"TheReSales","description":"Tweedehands Design Meubelen","publisher":{"@id":"https:\/\/theresales.nl\/#organization"},"potentialAction":[{"@type":"SearchAction","target":{"@type":"EntryPoint","urlTemplate":"https:\/\/theresales.nl\/?s={search_term_string}"},"query-input":{"@type":"PropertyValueSpecification","valueRequired":true,"valueName":"search_term_string"}}],"inLanguage":"de"},{"@type":"Organization","@id":"https:\/\/theresales.nl\/#organization","name":"TheReSales","url":"https:\/\/theresales.nl\/","logo":{"@type":"ImageObject","inLanguage":"de","@id":"https:\/\/theresales.nl\/#\/schema\/logo\/image\/","url":"https:\/\/theresales.nl\/wp-content\/uploads\/2026\/04\/Logo-TheReSales.png","contentUrl":"https:\/\/theresales.nl\/wp-content\/uploads\/2026\/04\/Logo-TheReSales.png","width":1200,"height":304,"caption":"TheReSales"},"image":{"@id":"https:\/\/theresales.nl\/#\/schema\/logo\/image\/"},"sameAs":["https:\/\/www.facebook.com\/theresales.nl","https:\/\/www.instagram.com\/_theresales_\/","https:\/\/nl.pinterest.com\/theresalesgroningen\/","https:\/\/www.linkedin.com\/company\/theresales\/"]}]}},"_links":{"self":[{"href":"https:\/\/theresales.nl\/de\/wp-json\/wp\/v2\/product\/50921","targetHints":{"allow":["GET"]}}],"collection":[{"href":"https:\/\/theresales.nl\/de\/wp-json\/wp\/v2\/product"}],"about":[{"href":"https:\/\/theresales.nl\/de\/wp-json\/wp\/v2\/types\/product"}],"wp:featuredmedia":[{"embeddable":true,"href":"https:\/\/theresales.nl\/de\/wp-json\/wp\/v2\/media\/50922"}],"wp:attachment":[{"href":"https:\/\/theresales.nl\/de\/wp-json\/wp\/v2\/media?parent=50921"}],"wp:term":[{"taxonomy":"product_brand","embeddable":true,"href":"https:\/\/theresales.nl\/de\/wp-json\/wp\/v2\/product_brand?post=50921"},{"taxonomy":"product_cat","embeddable":true,"href":"https:\/\/theresales.nl\/de\/wp-json\/wp\/v2\/product_cat?post=50921"},{"taxonomy":"product_tag","embeddable":true,"href":"https:\/\/theresales.nl\/de\/wp-json\/wp\/v2\/product_tag?post=50921"},{"taxonomy":"ontwerper","embeddable":true,"href":"https:\/\/theresales.nl\/de\/wp-json\/wp\/v2\/ontwerper?post=50921"}],"curies":[{"name":"wp","href":"https:\/\/api.w.org\/{rel}","templated":true}]}}