{"id":50903,"date":"2026-04-17T09:41:38","date_gmt":"2026-04-17T07:41:38","guid":{"rendered":"https:\/\/theresales.nl\/?post_type=product&#038;p=50903"},"modified":"2026-04-17T09:52:15","modified_gmt":"2026-04-17T07:52:15","slug":"moooi-zufalliges-licht","status":"publish","type":"product","link":"https:\/\/theresales.nl\/de\/product\/moooi-random-light\/","title":{"rendered":"Moooi Zuf\u00e4lliges Licht"},"content":{"rendered":"<p data-path-to-node=\"0\">Diese <b data-path-to-node=\"0\" data-index-in-node=\"5\">Moooi Zuf\u00e4lliges Licht<\/b> ist ein wahrer Designklassiker und eines der bekanntesten Designs von <a href=\"https:\/\/www.bertjanpot.nl\/\"><b data-path-to-node=\"0\" data-index-in-node=\"98\">Bertjan Pot<\/b><\/a>. Mit einem Durchmesser von <b data-path-to-node=\"0\" data-index-in-node=\"132\">50 cm<\/b> (mittlere Gr\u00f6\u00dfe) ist dies eine ideale Gr\u00f6\u00dfe, die perfekt \u00fcber einem Esstisch oder als zentraler Lichtpunkt im Wohnzimmer passt. Die Lampe ist ein technisches Meisterwerk: Sie besteht aus epoxidharzgetr\u00e4nktem Glasfasergarn, das zuf\u00e4llig um eine aufblasbare Form gewickelt ist.<\/p>\n<p data-path-to-node=\"1\">Das Ergebnis ist eine luftige, schwebende Kugel, die ein wundersch\u00f6nes grafisches Schattenspiel auf W\u00e4nde und Decke wirft. Dieses <b data-path-to-node=\"1\" data-index-in-node=\"127\">Moooi Zuf\u00e4lliges Licht<\/b> wird in Schwarz ausgef\u00fchrt, was der Lampe ein robustes und modernes Aussehen verleiht. Die <a href=\"https:\/\/theresales.nl\/de\/produktkategorie\/lampen\/hangelampen\/\">Lampe<\/a> befindet sich in ausgezeichnetem gebrauchtem Zustand und sieht aus wie neu. Dank des zeitlosen Designs von <b data-path-to-node=\"1\" data-index-in-node=\"339\">Bertjan Pot<\/b> Mit dieser Lampe holen Sie sich ein St\u00fcck niederl\u00e4ndische Designgeschichte ins Haus, das nie aus der Mode kommt.<\/p>","protected":false},"excerpt":{"rendered":"<p><strong>Abmessungen<\/strong><br \/>\nDurchmesser: 50 cm<\/p>\n<p><strong>Farbe\u00a0<\/strong> Schwarz<\/p>\n<p><strong>Material <\/strong>Lampenschirm: Glasfasern mit Epoxidharz<\/p>","protected":false},"featured_media":50904,"template":"","meta":{"_acf_changed":false},"product_brand":[],"product_cat":[40,35],"product_tag":[274],"ontwerper":[],"class_list":{"0":"post-50903","1":"product","2":"type-product","3":"status-publish","4":"has-post-thumbnail","6":"product_cat-hanglampen","7":"product_cat-lampen","8":"product_tag-moooi","10":"first","11":"instock","12":"shipping-taxable","13":"purchasable","14":"product-type-simple"},"acf":[],"yoast_head":"<!-- This site is optimized with the Yoast SEO plugin v27.5 - https:\/\/yoast.com\/product\/yoast-seo-wordpress\/ -->\n<title>Moooi Random Light - TheReSales<\/title>\n<meta name=\"description\" content=\"Zwarte Moooi Random Light hanglamp (50 cm) door Bertjan Pot. Een luchtig designicoon van glasvezel, zo goed als nieuw. Bestel deze eyecatcher direct!\" \/>\n<meta name=\"robots\" content=\"index, follow, max-snippet:-1, max-image-preview:large, max-video-preview:-1\" \/>\n<link rel=\"canonical\" href=\"https:\/\/theresales.nl\/de\/produkt\/moooi-zufalliges-licht\/\" \/>\n<meta property=\"og:locale\" content=\"de_DE\" \/>\n<meta property=\"og:type\" content=\"article\" \/>\n<meta property=\"og:title\" content=\"Moooi Random Light - TheReSales\" \/>\n<meta property=\"og:description\" content=\"Zwarte Moooi Random Light hanglamp (50 cm) door Bertjan Pot. Een luchtig designicoon van glasvezel, zo goed als nieuw. Bestel deze eyecatcher direct!\" \/>\n<meta property=\"og:url\" content=\"https:\/\/theresales.nl\/de\/produkt\/moooi-zufalliges-licht\/\" \/>\n<meta property=\"og:site_name\" content=\"TheReSales\" \/>\n<meta property=\"article:publisher\" content=\"https:\/\/www.facebook.com\/theresales.nl\" \/>\n<meta property=\"article:modified_time\" content=\"2026-04-17T07:52:15+00:00\" \/>\n<meta property=\"og:image\" content=\"https:\/\/theresales.nl\/wp-content\/uploads\/2026\/04\/moooi-non-random-light-theresales.png\" \/>\n\t<meta property=\"og:image:width\" content=\"1200\" \/>\n\t<meta property=\"og:image:height\" content=\"900\" \/>\n\t<meta property=\"og:image:type\" content=\"image\/png\" \/>\n<meta name=\"twitter:card\" content=\"summary_large_image\" \/>\n<meta name=\"twitter:label1\" content=\"Gesch\u00e4tzte Lesezeit\" \/>\n\t<meta name=\"twitter:data1\" content=\"1\u00a0Minute\" \/>\n<!-- \/ Yoast SEO plugin. -->","yoast_head_json":{"title":"Moooi Zufallslicht - TheReSales","description":"Schwarze Moooi Zuf\u00e4llige Leuchte H\u00e4ngelampe (50 cm) von Bertjan Pot. Eine luftige Designikone aus Glasfaser, fast neuwertig. Bestellen Sie diesen Blickfang sofort!","robots":{"index":"index","follow":"follow","max-snippet":"max-snippet:-1","max-image-preview":"max-image-preview:large","max-video-preview":"max-video-preview:-1"},"canonical":"https:\/\/theresales.nl\/de\/produkt\/moooi-zufalliges-licht\/","og_locale":"de_DE","og_type":"article","og_title":"Moooi Random Light - TheReSales","og_description":"Zwarte Moooi Random Light hanglamp (50 cm) door Bertjan Pot. Een luchtig designicoon van glasvezel, zo goed als nieuw. Bestel deze eyecatcher direct!","og_url":"https:\/\/theresales.nl\/de\/produkt\/moooi-zufalliges-licht\/","og_site_name":"TheReSales","article_publisher":"https:\/\/www.facebook.com\/theresales.nl","article_modified_time":"2026-04-17T07:52:15+00:00","og_image":[{"width":1200,"height":900,"url":"https:\/\/theresales.nl\/wp-content\/uploads\/2026\/04\/moooi-non-random-light-theresales.png","type":"image\/png"}],"twitter_card":"summary_large_image","twitter_misc":{"Gesch\u00e4tzte Lesezeit":"1\u00a0Minute"},"schema":{"@context":"https:\/\/schema.org","@graph":[{"@type":"WebPage","@id":"https:\/\/theresales.nl\/product\/moooi-random-light\/","url":"https:\/\/theresales.nl\/product\/moooi-random-light\/","name":"Moooi Zufallslicht - TheReSales","isPartOf":{"@id":"https:\/\/theresales.nl\/#website"},"primaryImageOfPage":{"@id":"https:\/\/theresales.nl\/product\/moooi-random-light\/#primaryimage"},"image":{"@id":"https:\/\/theresales.nl\/product\/moooi-random-light\/#primaryimage"},"thumbnailUrl":"https:\/\/theresales.nl\/wp-content\/uploads\/2026\/04\/moooi-non-random-light-theresales.png","datePublished":"2026-04-17T07:41:38+00:00","dateModified":"2026-04-17T07:52:15+00:00","description":"Schwarze Moooi Zuf\u00e4llige Leuchte H\u00e4ngelampe (50 cm) von Bertjan Pot. Eine luftige Designikone aus Glasfaser, fast neuwertig. Bestellen Sie diesen Blickfang sofort!","breadcrumb":{"@id":"https:\/\/theresales.nl\/product\/moooi-random-light\/#breadcrumb"},"inLanguage":"de","potentialAction":[{"@type":"ReadAction","target":["https:\/\/theresales.nl\/product\/moooi-random-light\/"]}]},{"@type":"ImageObject","inLanguage":"de","@id":"https:\/\/theresales.nl\/product\/moooi-random-light\/#primaryimage","url":"https:\/\/theresales.nl\/wp-content\/uploads\/2026\/04\/moooi-non-random-light-theresales.png","contentUrl":"https:\/\/theresales.nl\/wp-content\/uploads\/2026\/04\/moooi-non-random-light-theresales.png","width":1200,"height":900,"caption":"moooi-non-random-light-theresales"},{"@type":"BreadcrumbList","@id":"https:\/\/theresales.nl\/product\/moooi-random-light\/#breadcrumb","itemListElement":[{"@type":"ListItem","position":1,"name":"Home","item":"https:\/\/theresales.nl\/"},{"@type":"ListItem","position":2,"name":"Collectie","item":"https:\/\/theresales.nl\/collectie\/"},{"@type":"ListItem","position":3,"name":"Moooi Random Light"}]},{"@type":"WebSite","@id":"https:\/\/theresales.nl\/#website","url":"https:\/\/theresales.nl\/","name":"TheReSales","description":"Tweedehands Design Meubelen","publisher":{"@id":"https:\/\/theresales.nl\/#organization"},"potentialAction":[{"@type":"SearchAction","target":{"@type":"EntryPoint","urlTemplate":"https:\/\/theresales.nl\/?s={search_term_string}"},"query-input":{"@type":"PropertyValueSpecification","valueRequired":true,"valueName":"search_term_string"}}],"inLanguage":"de"},{"@type":"Organization","@id":"https:\/\/theresales.nl\/#organization","name":"TheReSales","url":"https:\/\/theresales.nl\/","logo":{"@type":"ImageObject","inLanguage":"de","@id":"https:\/\/theresales.nl\/#\/schema\/logo\/image\/","url":"https:\/\/theresales.nl\/wp-content\/uploads\/2026\/04\/Logo-TheReSales.png","contentUrl":"https:\/\/theresales.nl\/wp-content\/uploads\/2026\/04\/Logo-TheReSales.png","width":1200,"height":304,"caption":"TheReSales"},"image":{"@id":"https:\/\/theresales.nl\/#\/schema\/logo\/image\/"},"sameAs":["https:\/\/www.facebook.com\/theresales.nl","https:\/\/www.instagram.com\/_theresales_\/","https:\/\/nl.pinterest.com\/theresalesgroningen\/","https:\/\/www.linkedin.com\/company\/theresales\/"]}]}},"_links":{"self":[{"href":"https:\/\/theresales.nl\/de\/wp-json\/wp\/v2\/product\/50903","targetHints":{"allow":["GET"]}}],"collection":[{"href":"https:\/\/theresales.nl\/de\/wp-json\/wp\/v2\/product"}],"about":[{"href":"https:\/\/theresales.nl\/de\/wp-json\/wp\/v2\/types\/product"}],"wp:featuredmedia":[{"embeddable":true,"href":"https:\/\/theresales.nl\/de\/wp-json\/wp\/v2\/media\/50904"}],"wp:attachment":[{"href":"https:\/\/theresales.nl\/de\/wp-json\/wp\/v2\/media?parent=50903"}],"wp:term":[{"taxonomy":"product_brand","embeddable":true,"href":"https:\/\/theresales.nl\/de\/wp-json\/wp\/v2\/product_brand?post=50903"},{"taxonomy":"product_cat","embeddable":true,"href":"https:\/\/theresales.nl\/de\/wp-json\/wp\/v2\/product_cat?post=50903"},{"taxonomy":"product_tag","embeddable":true,"href":"https:\/\/theresales.nl\/de\/wp-json\/wp\/v2\/product_tag?post=50903"},{"taxonomy":"ontwerper","embeddable":true,"href":"https:\/\/theresales.nl\/de\/wp-json\/wp\/v2\/ontwerper?post=50903"}],"curies":[{"name":"wp","href":"https:\/\/api.w.org\/{rel}","templated":true}]}}