{"id":50860,"date":"2026-04-16T16:20:08","date_gmt":"2026-04-16T14:20:08","guid":{"rendered":"https:\/\/theresales.nl\/?post_type=product&#038;p=50860"},"modified":"2026-04-16T16:21:06","modified_gmt":"2026-04-16T14:21:06","slug":"fritz-hansen-ro-stuhl","status":"publish","type":"product","link":"https:\/\/theresales.nl\/de\/product\/fritz-hansen-ro-chair\/","title":{"rendered":"Fritz Hansen Ro Stuhl"},"content":{"rendered":"<p data-path-to-node=\"2\">Diese <b data-path-to-node=\"2\" data-index-in-node=\"5\">Fritz Hansen Ro Stuhl<\/b> ist eine ikonische <a href=\"https:\/\/theresales.nl\/de\/produktkategorie\/sessel\/\">Sessel<\/a> entworfen von <a href=\"https:\/\/hayonstudio.com\/\"><b data-path-to-node=\"2\" data-index-in-node=\"68\">Jaime Hayon<\/b><\/a>. Der Stuhl ist speziell daf\u00fcr gemacht, darin zur Ruhe zu kommen; die hohe R\u00fcckenlehne und die runden Formen sorgen f\u00fcr ein gesch\u00fctztes und bequemes Gef\u00fchl. Dieses Exemplar ist in einer stilvollen Kombination aus zwei Graut\u00f6nen Stoff ausgef\u00fchrt, was dem modernen Design von <b data-path-to-node=\"2\" data-index-in-node=\"332\">Jaime Hayon<\/b> zus\u00e4tzlich betont.<\/p>\n<p data-path-to-node=\"3\">Die Qualit\u00e4t dieses <b data-path-to-node=\"3\" data-index-in-node=\"22\">Fritz Hansen Ro Stuhl<\/b> ist ausgezeichnet. Das Gestell ist aus geb\u00fcrstetem Aluminium gefertigt und die Polsterung ist in einem sehr gepflegten Gebrauchtzustand, wodurch der Sessel fast wie neu ist. Dank der dezenten Farben passt dieser Designklassiker von <b data-path-to-node=\"3\" data-index-in-node=\"274\">Fritz Hansen<\/b> in nahezu jedem Interieur, von einem stilvollen Wohnzimmer bis zu einer ruhigen Leseecke. Eine einmalige Gelegenheit, einen originellen Sessel von <b data-path-to-node=\"3\" data-index-in-node=\"424\">Jaime Hayon<\/b> zu erwerbende welche direkt bereit ist f\u00fcr ein zweites Leben.<\/p>","protected":false},"excerpt":{"rendered":"<p><strong>Abmessungen<\/strong><br \/>\nBreite: 80 cm<br \/>\nTiefe : 80 cm<br \/>\nH\u00f6he: 113 cm<\/p>\n<p><strong>Farbe <\/strong>Grau, Anthrazit<\/p>\n<p><strong>Material<\/strong> Staub, Aluminium<\/p>","protected":false},"featured_media":50861,"template":"","meta":{"_acf_changed":false},"product_brand":[],"product_cat":[19],"product_tag":[223],"ontwerper":[],"class_list":{"0":"post-50860","1":"product","2":"type-product","3":"status-publish","4":"has-post-thumbnail","6":"product_cat-fauteuils","7":"product_tag-fritz-hansen","9":"first","10":"instock","11":"shipping-taxable","12":"purchasable","13":"product-type-simple"},"acf":[],"yoast_head":"<!-- This site is optimized with the Yoast SEO plugin v27.5 - https:\/\/yoast.com\/product\/yoast-seo-wordpress\/ -->\n<title>Fritz Hansen Ro Chair - TheReSales<\/title>\n<meta name=\"description\" content=\"Fritz Hansen Ro Chair fauteuil door Jaime Hayon. Uitgevoerd in grijs duo-stof met aluminium voet. Zo goed als nieuw en direct leverbaar. Bekijk hem nu!\" \/>\n<meta name=\"robots\" content=\"index, follow, max-snippet:-1, max-image-preview:large, max-video-preview:-1\" \/>\n<link rel=\"canonical\" href=\"https:\/\/theresales.nl\/de\/produkt\/fritz-hansen-ro-stuhl\/\" \/>\n<meta property=\"og:locale\" content=\"de_DE\" \/>\n<meta property=\"og:type\" content=\"article\" \/>\n<meta property=\"og:title\" content=\"Fritz Hansen Ro Chair - TheReSales\" \/>\n<meta property=\"og:description\" content=\"Fritz Hansen Ro Chair fauteuil door Jaime Hayon. Uitgevoerd in grijs duo-stof met aluminium voet. Zo goed als nieuw en direct leverbaar. Bekijk hem nu!\" \/>\n<meta property=\"og:url\" content=\"https:\/\/theresales.nl\/de\/produkt\/fritz-hansen-ro-stuhl\/\" \/>\n<meta property=\"og:site_name\" content=\"TheReSales\" \/>\n<meta property=\"article:publisher\" content=\"https:\/\/www.facebook.com\/theresales.nl\" \/>\n<meta property=\"article:modified_time\" content=\"2026-04-16T14:21:06+00:00\" \/>\n<meta property=\"og:image\" content=\"https:\/\/theresales.nl\/wp-content\/uploads\/2026\/04\/fritz-hsansen-ro-chair-theresales.png\" \/>\n\t<meta property=\"og:image:width\" content=\"1200\" \/>\n\t<meta property=\"og:image:height\" content=\"900\" \/>\n\t<meta property=\"og:image:type\" content=\"image\/png\" \/>\n<meta name=\"twitter:card\" content=\"summary_large_image\" \/>\n<meta name=\"twitter:label1\" content=\"Gesch\u00e4tzte Lesezeit\" \/>\n\t<meta name=\"twitter:data1\" content=\"1\u00a0Minute\" \/>\n<!-- \/ Yoast SEO plugin. -->","yoast_head_json":{"title":"Fritz Hansen Ro Stuhl - TheReSales","description":"Fritz Hansen Ro Sessel von Jaime Hayon. Ausgef\u00fchrt in grauem Duo-Stoff mit Aluminiumfu\u00df. Fast neu und sofort lieferbar. Sehen Sie ihn sich jetzt an!","robots":{"index":"index","follow":"follow","max-snippet":"max-snippet:-1","max-image-preview":"max-image-preview:large","max-video-preview":"max-video-preview:-1"},"canonical":"https:\/\/theresales.nl\/de\/produkt\/fritz-hansen-ro-stuhl\/","og_locale":"de_DE","og_type":"article","og_title":"Fritz Hansen Ro Chair - TheReSales","og_description":"Fritz Hansen Ro Chair fauteuil door Jaime Hayon. Uitgevoerd in grijs duo-stof met aluminium voet. Zo goed als nieuw en direct leverbaar. Bekijk hem nu!","og_url":"https:\/\/theresales.nl\/de\/produkt\/fritz-hansen-ro-stuhl\/","og_site_name":"TheReSales","article_publisher":"https:\/\/www.facebook.com\/theresales.nl","article_modified_time":"2026-04-16T14:21:06+00:00","og_image":[{"width":1200,"height":900,"url":"https:\/\/theresales.nl\/wp-content\/uploads\/2026\/04\/fritz-hsansen-ro-chair-theresales.png","type":"image\/png"}],"twitter_card":"summary_large_image","twitter_misc":{"Gesch\u00e4tzte Lesezeit":"1\u00a0Minute"},"schema":{"@context":"https:\/\/schema.org","@graph":[{"@type":"WebPage","@id":"https:\/\/theresales.nl\/product\/fritz-hansen-ro-chair\/","url":"https:\/\/theresales.nl\/product\/fritz-hansen-ro-chair\/","name":"Fritz Hansen Ro Stuhl - TheReSales","isPartOf":{"@id":"https:\/\/theresales.nl\/#website"},"primaryImageOfPage":{"@id":"https:\/\/theresales.nl\/product\/fritz-hansen-ro-chair\/#primaryimage"},"image":{"@id":"https:\/\/theresales.nl\/product\/fritz-hansen-ro-chair\/#primaryimage"},"thumbnailUrl":"https:\/\/theresales.nl\/wp-content\/uploads\/2026\/04\/fritz-hsansen-ro-chair-theresales.png","datePublished":"2026-04-16T14:20:08+00:00","dateModified":"2026-04-16T14:21:06+00:00","description":"Fritz Hansen Ro Sessel von Jaime Hayon. Ausgef\u00fchrt in grauem Duo-Stoff mit Aluminiumfu\u00df. Fast neu und sofort lieferbar. Sehen Sie ihn sich jetzt an!","breadcrumb":{"@id":"https:\/\/theresales.nl\/product\/fritz-hansen-ro-chair\/#breadcrumb"},"inLanguage":"de","potentialAction":[{"@type":"ReadAction","target":["https:\/\/theresales.nl\/product\/fritz-hansen-ro-chair\/"]}]},{"@type":"ImageObject","inLanguage":"de","@id":"https:\/\/theresales.nl\/product\/fritz-hansen-ro-chair\/#primaryimage","url":"https:\/\/theresales.nl\/wp-content\/uploads\/2026\/04\/fritz-hsansen-ro-chair-theresales.png","contentUrl":"https:\/\/theresales.nl\/wp-content\/uploads\/2026\/04\/fritz-hsansen-ro-chair-theresales.png","width":1200,"height":900,"caption":"fritz-hansen-ro-chair-theresales"},{"@type":"BreadcrumbList","@id":"https:\/\/theresales.nl\/product\/fritz-hansen-ro-chair\/#breadcrumb","itemListElement":[{"@type":"ListItem","position":1,"name":"Home","item":"https:\/\/theresales.nl\/"},{"@type":"ListItem","position":2,"name":"Collectie","item":"https:\/\/theresales.nl\/collectie\/"},{"@type":"ListItem","position":3,"name":"Fritz Hansen Ro Chair"}]},{"@type":"WebSite","@id":"https:\/\/theresales.nl\/#website","url":"https:\/\/theresales.nl\/","name":"TheReSales","description":"Tweedehands Design Meubelen","publisher":{"@id":"https:\/\/theresales.nl\/#organization"},"potentialAction":[{"@type":"SearchAction","target":{"@type":"EntryPoint","urlTemplate":"https:\/\/theresales.nl\/?s={search_term_string}"},"query-input":{"@type":"PropertyValueSpecification","valueRequired":true,"valueName":"search_term_string"}}],"inLanguage":"de"},{"@type":"Organization","@id":"https:\/\/theresales.nl\/#organization","name":"TheReSales","url":"https:\/\/theresales.nl\/","logo":{"@type":"ImageObject","inLanguage":"de","@id":"https:\/\/theresales.nl\/#\/schema\/logo\/image\/","url":"https:\/\/theresales.nl\/wp-content\/uploads\/2026\/04\/Logo-TheReSales.png","contentUrl":"https:\/\/theresales.nl\/wp-content\/uploads\/2026\/04\/Logo-TheReSales.png","width":1200,"height":304,"caption":"TheReSales"},"image":{"@id":"https:\/\/theresales.nl\/#\/schema\/logo\/image\/"},"sameAs":["https:\/\/www.facebook.com\/theresales.nl","https:\/\/www.instagram.com\/_theresales_\/","https:\/\/nl.pinterest.com\/theresalesgroningen\/","https:\/\/www.linkedin.com\/company\/theresales\/"]}]}},"_links":{"self":[{"href":"https:\/\/theresales.nl\/de\/wp-json\/wp\/v2\/product\/50860","targetHints":{"allow":["GET"]}}],"collection":[{"href":"https:\/\/theresales.nl\/de\/wp-json\/wp\/v2\/product"}],"about":[{"href":"https:\/\/theresales.nl\/de\/wp-json\/wp\/v2\/types\/product"}],"wp:featuredmedia":[{"embeddable":true,"href":"https:\/\/theresales.nl\/de\/wp-json\/wp\/v2\/media\/50861"}],"wp:attachment":[{"href":"https:\/\/theresales.nl\/de\/wp-json\/wp\/v2\/media?parent=50860"}],"wp:term":[{"taxonomy":"product_brand","embeddable":true,"href":"https:\/\/theresales.nl\/de\/wp-json\/wp\/v2\/product_brand?post=50860"},{"taxonomy":"product_cat","embeddable":true,"href":"https:\/\/theresales.nl\/de\/wp-json\/wp\/v2\/product_cat?post=50860"},{"taxonomy":"product_tag","embeddable":true,"href":"https:\/\/theresales.nl\/de\/wp-json\/wp\/v2\/product_tag?post=50860"},{"taxonomy":"ontwerper","embeddable":true,"href":"https:\/\/theresales.nl\/de\/wp-json\/wp\/v2\/ontwerper?post=50860"}],"curies":[{"name":"wp","href":"https:\/\/api.w.org\/{rel}","templated":true}]}}