{"id":50859,"date":"2026-04-16T15:35:33","date_gmt":"2026-04-16T13:35:33","guid":{"rendered":"https:\/\/theresales.nl\/?post_type=product&#038;p=50859"},"modified":"2026-04-16T16:30:05","modified_gmt":"2026-04-16T14:30:05","slug":"fetter-junge-babuschka","status":"publish","type":"product","link":"https:\/\/theresales.nl\/de\/product\/fatboy-baboesjka\/","title":{"rendered":"Fett Junge Baboesjka"},"content":{"rendered":"<p data-path-to-node=\"0\">Diese <b data-path-to-node=\"0\" data-index-in-node=\"5\">Fett Junge Baboesjka<\/b> ist eine verspielte und vielseitige Erg\u00e4nzung f\u00fcr Ihre Einrichtung. Das Set besteht aus drei weichen Kissen, die durch einen stabilen, verstellbaren Lederriemen zusammengehalten werden. Wie Sie auf den Fotos sehen k\u00f6nnen, hat dieses <b data-path-to-node=\"0\" data-index-in-node=\"234\"><a href=\"https:\/\/www.instagram.com\/fatboy_original\/\">Fettjunge<\/a> Babuschka<\/b> ein fr\u00f6hlicher Mix aus orientalischen Mustern und einem leuchtend roten Mittelkissen, das sofort Farbe in jeden Raum bringt.<\/p>\n<p data-path-to-node=\"1\">Das Praktische an der <strong>Babuschka <\/strong>ist dass du ihn auf verschiedene Arten benutzen kannst. Gestapelt ist er eine bequeme <a href=\"https:\/\/theresales.nl\/de\/produktkategorie\/poef-hocker-voetenbank\/\">Puff<\/a> oder Beistelltisch, aber wenn du ihn abschnallst, hast du drei lose Bodenkissen f\u00fcr zus\u00e4tzliche Sitzgelegenheiten. Die Kissen sind aus hochwertigem Material gefertigt und in ausgezeichnetem gebrauchten Zustand, wodurch dieses Set noch wie neu aussieht. Ob Sie ihn im Wohnzimmer oder im Schlafzimmer aufstellen, dieses Produkt ist ein praktisches und fr\u00f6hliches Designst\u00fcck, das jahrelang h\u00e4lt.<\/p>","protected":false},"excerpt":{"rendered":"<p><strong>Abmessungen<\/strong><br \/>\nH\u00f6he: 52 cm<br \/>\nBreite: 47 cm<br \/>\nTiefe: 47 cm<\/p>\n<p><strong>Farbe <\/strong>Mehrere Farben<\/p>\n<p><strong>Material<\/strong> Stoff, Leder<\/p>","protected":false},"featured_media":50877,"template":"","meta":{"_acf_changed":false},"product_brand":[],"product_cat":[25],"product_tag":[436],"ontwerper":[],"class_list":{"0":"post-50859","1":"product","2":"type-product","3":"status-publish","4":"has-post-thumbnail","6":"product_cat-poef-hocker-voetenbank","7":"product_tag-fatboy","9":"first","10":"instock","11":"shipping-taxable","12":"purchasable","13":"product-type-simple"},"acf":[],"yoast_head":"<!-- This site is optimized with the Yoast SEO plugin v27.5 - https:\/\/yoast.com\/product\/yoast-seo-wordpress\/ -->\n<title>Fatboy Baboesjka - TheReSales<\/title>\n<meta name=\"description\" content=\"Kleurrijke Fatboy Baboesjka poef bestaande uit drie kussens met lederen riem. Deze set is zo goed als nieuw en multifunctioneel. Bekijk hem nu online!\" \/>\n<meta name=\"robots\" content=\"index, follow, max-snippet:-1, max-image-preview:large, max-video-preview:-1\" \/>\n<link rel=\"canonical\" href=\"https:\/\/theresales.nl\/de\/produkt\/fetter-junge-babuschka\/\" \/>\n<meta property=\"og:locale\" content=\"de_DE\" \/>\n<meta property=\"og:type\" content=\"article\" \/>\n<meta property=\"og:title\" content=\"Fatboy Baboesjka - TheReSales\" \/>\n<meta property=\"og:description\" content=\"Kleurrijke Fatboy Baboesjka poef bestaande uit drie kussens met lederen riem. Deze set is zo goed als nieuw en multifunctioneel. Bekijk hem nu online!\" \/>\n<meta property=\"og:url\" content=\"https:\/\/theresales.nl\/de\/produkt\/fetter-junge-babuschka\/\" \/>\n<meta property=\"og:site_name\" content=\"TheReSales\" \/>\n<meta property=\"article:publisher\" content=\"https:\/\/www.facebook.com\/theresales.nl\" \/>\n<meta property=\"article:modified_time\" content=\"2026-04-16T14:30:05+00:00\" \/>\n<meta property=\"og:image\" content=\"https:\/\/theresales.nl\/wp-content\/uploads\/2026\/04\/Fatboy-Baboesjka-TheReSales-1024x768.png\" \/>\n\t<meta property=\"og:image:width\" content=\"1024\" \/>\n\t<meta property=\"og:image:height\" content=\"768\" \/>\n\t<meta property=\"og:image:type\" content=\"image\/png\" \/>\n<meta name=\"twitter:card\" content=\"summary_large_image\" \/>\n<meta name=\"twitter:label1\" content=\"Gesch\u00e4tzte Lesezeit\" \/>\n\t<meta name=\"twitter:data1\" content=\"1\u00a0Minute\" \/>\n<!-- \/ Yoast SEO plugin. -->","yoast_head_json":{"title":"Fatboy Baboesjka - TheReSales","description":"Bunte Fatboy Baboesjka Pouf bestehend aus drei Kissen mit Lederriemen. Dieses Set ist so gut wie neu und multifunktional. Betrachten Sie es jetzt online!","robots":{"index":"index","follow":"follow","max-snippet":"max-snippet:-1","max-image-preview":"max-image-preview:large","max-video-preview":"max-video-preview:-1"},"canonical":"https:\/\/theresales.nl\/de\/produkt\/fetter-junge-babuschka\/","og_locale":"de_DE","og_type":"article","og_title":"Fatboy Baboesjka - TheReSales","og_description":"Kleurrijke Fatboy Baboesjka poef bestaande uit drie kussens met lederen riem. Deze set is zo goed als nieuw en multifunctioneel. Bekijk hem nu online!","og_url":"https:\/\/theresales.nl\/de\/produkt\/fetter-junge-babuschka\/","og_site_name":"TheReSales","article_publisher":"https:\/\/www.facebook.com\/theresales.nl","article_modified_time":"2026-04-16T14:30:05+00:00","og_image":[{"width":1024,"height":768,"url":"https:\/\/theresales.nl\/wp-content\/uploads\/2026\/04\/Fatboy-Baboesjka-TheReSales-1024x768.png","type":"image\/png"}],"twitter_card":"summary_large_image","twitter_misc":{"Gesch\u00e4tzte Lesezeit":"1\u00a0Minute"},"schema":{"@context":"https:\/\/schema.org","@graph":[{"@type":"WebPage","@id":"https:\/\/theresales.nl\/product\/fatboy-baboesjka\/","url":"https:\/\/theresales.nl\/product\/fatboy-baboesjka\/","name":"Fatboy Baboesjka - TheReSales","isPartOf":{"@id":"https:\/\/theresales.nl\/#website"},"primaryImageOfPage":{"@id":"https:\/\/theresales.nl\/product\/fatboy-baboesjka\/#primaryimage"},"image":{"@id":"https:\/\/theresales.nl\/product\/fatboy-baboesjka\/#primaryimage"},"thumbnailUrl":"https:\/\/theresales.nl\/wp-content\/uploads\/2026\/04\/Fatboy-Baboesjka-TheReSales.png","datePublished":"2026-04-16T13:35:33+00:00","dateModified":"2026-04-16T14:30:05+00:00","description":"Bunte Fatboy Baboesjka Pouf bestehend aus drei Kissen mit Lederriemen. Dieses Set ist so gut wie neu und multifunktional. Betrachten Sie es jetzt online!","breadcrumb":{"@id":"https:\/\/theresales.nl\/product\/fatboy-baboesjka\/#breadcrumb"},"inLanguage":"de","potentialAction":[{"@type":"ReadAction","target":["https:\/\/theresales.nl\/product\/fatboy-baboesjka\/"]}]},{"@type":"ImageObject","inLanguage":"de","@id":"https:\/\/theresales.nl\/product\/fatboy-baboesjka\/#primaryimage","url":"https:\/\/theresales.nl\/wp-content\/uploads\/2026\/04\/Fatboy-Baboesjka-TheReSales.png","contentUrl":"https:\/\/theresales.nl\/wp-content\/uploads\/2026\/04\/Fatboy-Baboesjka-TheReSales.png","width":1200,"height":900,"caption":"Fatboy-Baboesjka-TheReSales"},{"@type":"BreadcrumbList","@id":"https:\/\/theresales.nl\/product\/fatboy-baboesjka\/#breadcrumb","itemListElement":[{"@type":"ListItem","position":1,"name":"Home","item":"https:\/\/theresales.nl\/"},{"@type":"ListItem","position":2,"name":"Collectie","item":"https:\/\/theresales.nl\/collectie\/"},{"@type":"ListItem","position":3,"name":"Fatboy Baboesjka"}]},{"@type":"WebSite","@id":"https:\/\/theresales.nl\/#website","url":"https:\/\/theresales.nl\/","name":"TheReSales","description":"Tweedehands Design Meubelen","publisher":{"@id":"https:\/\/theresales.nl\/#organization"},"potentialAction":[{"@type":"SearchAction","target":{"@type":"EntryPoint","urlTemplate":"https:\/\/theresales.nl\/?s={search_term_string}"},"query-input":{"@type":"PropertyValueSpecification","valueRequired":true,"valueName":"search_term_string"}}],"inLanguage":"de"},{"@type":"Organization","@id":"https:\/\/theresales.nl\/#organization","name":"TheReSales","url":"https:\/\/theresales.nl\/","logo":{"@type":"ImageObject","inLanguage":"de","@id":"https:\/\/theresales.nl\/#\/schema\/logo\/image\/","url":"https:\/\/theresales.nl\/wp-content\/uploads\/2026\/04\/Logo-TheReSales.png","contentUrl":"https:\/\/theresales.nl\/wp-content\/uploads\/2026\/04\/Logo-TheReSales.png","width":1200,"height":304,"caption":"TheReSales"},"image":{"@id":"https:\/\/theresales.nl\/#\/schema\/logo\/image\/"},"sameAs":["https:\/\/www.facebook.com\/theresales.nl","https:\/\/www.instagram.com\/_theresales_\/","https:\/\/nl.pinterest.com\/theresalesgroningen\/","https:\/\/www.linkedin.com\/company\/theresales\/"]}]}},"_links":{"self":[{"href":"https:\/\/theresales.nl\/de\/wp-json\/wp\/v2\/product\/50859","targetHints":{"allow":["GET"]}}],"collection":[{"href":"https:\/\/theresales.nl\/de\/wp-json\/wp\/v2\/product"}],"about":[{"href":"https:\/\/theresales.nl\/de\/wp-json\/wp\/v2\/types\/product"}],"wp:featuredmedia":[{"embeddable":true,"href":"https:\/\/theresales.nl\/de\/wp-json\/wp\/v2\/media\/50877"}],"wp:attachment":[{"href":"https:\/\/theresales.nl\/de\/wp-json\/wp\/v2\/media?parent=50859"}],"wp:term":[{"taxonomy":"product_brand","embeddable":true,"href":"https:\/\/theresales.nl\/de\/wp-json\/wp\/v2\/product_brand?post=50859"},{"taxonomy":"product_cat","embeddable":true,"href":"https:\/\/theresales.nl\/de\/wp-json\/wp\/v2\/product_cat?post=50859"},{"taxonomy":"product_tag","embeddable":true,"href":"https:\/\/theresales.nl\/de\/wp-json\/wp\/v2\/product_tag?post=50859"},{"taxonomy":"ontwerper","embeddable":true,"href":"https:\/\/theresales.nl\/de\/wp-json\/wp\/v2\/ontwerper?post=50859"}],"curies":[{"name":"wp","href":"https:\/\/api.w.org\/{rel}","templated":true}]}}