{"id":50847,"date":"2026-04-16T09:11:12","date_gmt":"2026-04-16T07:11:12","guid":{"rendered":"https:\/\/theresales.nl\/?post_type=product&#038;p=50847"},"modified":"2026-04-17T09:32:11","modified_gmt":"2026-04-17T07:32:11","slug":"fritz-hansen-caravaggio-stehleuchte","status":"publish","type":"product","link":"https:\/\/theresales.nl\/de\/product\/fritz-hansen-caravaggio-vloerlamp\/","title":{"rendered":"Fritz Hansen Caravaggio Stehleuchte"},"content":{"rendered":"<p data-path-to-node=\"0\">Diese <b data-path-to-node=\"0\" data-index-in-node=\"5\">Fritz Hansen Caravaggio <a href=\"https:\/\/theresales.nl\/de\/produktkategorie\/lampen\/vloerlampen\/\">Stehlampe<\/a><\/b> ist ein wundersch\u00f6nes Design von <a href=\"https:\/\/ceciliemanz.com\/\"><strong>Cecilie Manz<\/strong><\/a> das sofort Ruhe und Stil in Ihr Zimmer bringt. Die Lampe ist bekannt f\u00fcr ihren sch\u00f6nen wei\u00dfen Schirm und die raffinierte Verarbeitung, f\u00fcr die die Marke <b data-path-to-node=\"0\" data-index-in-node=\"208\">Fritz Hansen<\/b> om wird gepriesen. Dieses Exemplar ist in hochgl\u00e4nzendes wei\u00dfes Metall ausgef\u00fchrt, was der Lampe ein frisches und zeitloses Aussehen verleiht.<\/p>\n<p data-path-to-node=\"1\">Ein gro\u00dfer Vorteil dieser Stehlampe ist, dass der Schirm beweglich ist. Wie auf den Fotos zu sehen ist, k\u00f6nnen Sie den Schirm neigen, um das Licht genau dorthin zu richten, wo Sie es brauchen, zum Beispiel beim Lesen. Die Lampe ist in einem ausgezeichneten gebrauchten Zustand und sieht aus wie neu. Die klassische Zugkordel unter dem Schirm macht das Bild komplett und sorgt f\u00fcr eine einfache Bedienung. Mit dieser <b data-path-to-node=\"1\" data-index-in-node=\"425\"><a href=\"https:\/\/theresales.nl\/de\/produktkategorie\/merke\/fritz-hansen\/\">Fritz Hansen<\/a> Caravaggio Stehleuchte<\/b> Sie holen sich einen echten Designklassiker nach Hause, der sowohl praktisch als auch sehr stimmungsvoll ist.<\/p>","protected":false},"excerpt":{"rendered":"<p><strong>Abmessungen<\/strong><br \/>\nH\u00f6he: 145 cm<br \/>\nDurchmesser: 40 cm<\/p>\n<p><strong>Farbe <\/strong>Witz<\/p>\n<p><strong>Material<\/strong> Metall<\/p>","protected":false},"featured_media":50850,"template":"","meta":{"_acf_changed":false},"product_brand":[],"product_cat":[35,141],"product_tag":[223],"ontwerper":[],"class_list":{"0":"post-50847","1":"product","2":"type-product","3":"status-publish","4":"has-post-thumbnail","6":"product_cat-lampen","7":"product_cat-vloerlampen","8":"product_tag-fritz-hansen","10":"first","11":"instock","12":"shipping-taxable","13":"purchasable","14":"product-type-simple"},"acf":[],"yoast_head":"<!-- This site is optimized with the Yoast SEO plugin v27.5 - https:\/\/yoast.com\/product\/yoast-seo-wordpress\/ -->\n<title>Fritz Hansen Caravaggio vloerlamp - TheReSales<\/title>\n<meta name=\"description\" content=\"Witte Fritz Hansen Caravaggio vloerlamp van Cecilie Manz. Deze designlamp met beweegbare kap is zo goed als nieuw. Een echte blikvanger voor uw interieur!\" \/>\n<meta name=\"robots\" content=\"index, follow, max-snippet:-1, max-image-preview:large, max-video-preview:-1\" \/>\n<link rel=\"canonical\" href=\"https:\/\/theresales.nl\/de\/produkt\/fritz-hansen-caravaggio-stehleuchte\/\" \/>\n<meta property=\"og:locale\" content=\"de_DE\" \/>\n<meta property=\"og:type\" content=\"article\" \/>\n<meta property=\"og:title\" content=\"Fritz Hansen Caravaggio vloerlamp - TheReSales\" \/>\n<meta property=\"og:description\" content=\"Witte Fritz Hansen Caravaggio vloerlamp van Cecilie Manz. Deze designlamp met beweegbare kap is zo goed als nieuw. Een echte blikvanger voor uw interieur!\" \/>\n<meta property=\"og:url\" content=\"https:\/\/theresales.nl\/de\/produkt\/fritz-hansen-caravaggio-stehleuchte\/\" \/>\n<meta property=\"og:site_name\" content=\"TheReSales\" \/>\n<meta property=\"article:publisher\" content=\"https:\/\/www.facebook.com\/theresales.nl\" \/>\n<meta property=\"article:modified_time\" content=\"2026-04-17T07:32:11+00:00\" \/>\n<meta property=\"og:image\" content=\"https:\/\/theresales.nl\/wp-content\/uploads\/2026\/04\/f1.png\" \/>\n\t<meta property=\"og:image:width\" content=\"1200\" \/>\n\t<meta property=\"og:image:height\" content=\"900\" \/>\n\t<meta property=\"og:image:type\" content=\"image\/png\" \/>\n<meta name=\"twitter:card\" content=\"summary_large_image\" \/>\n<meta name=\"twitter:label1\" content=\"Gesch\u00e4tzte Lesezeit\" \/>\n\t<meta name=\"twitter:data1\" content=\"1\u00a0Minute\" \/>\n<!-- \/ Yoast SEO plugin. -->","yoast_head_json":{"title":"Fritz Hansen Caravaggio Stehleuchte - TheReSales","description":"Wei\u00dfe Fritz Hansen Caravaggio Stehleuchte von Cecilie Manz. Diese Designleuchte mit verstellbarem Schirm ist so gut wie neu. Ein echter Blickfang f\u00fcr Ihr Interieur!","robots":{"index":"index","follow":"follow","max-snippet":"max-snippet:-1","max-image-preview":"max-image-preview:large","max-video-preview":"max-video-preview:-1"},"canonical":"https:\/\/theresales.nl\/de\/produkt\/fritz-hansen-caravaggio-stehleuchte\/","og_locale":"de_DE","og_type":"article","og_title":"Fritz Hansen Caravaggio vloerlamp - TheReSales","og_description":"Witte Fritz Hansen Caravaggio vloerlamp van Cecilie Manz. Deze designlamp met beweegbare kap is zo goed als nieuw. Een echte blikvanger voor uw interieur!","og_url":"https:\/\/theresales.nl\/de\/produkt\/fritz-hansen-caravaggio-stehleuchte\/","og_site_name":"TheReSales","article_publisher":"https:\/\/www.facebook.com\/theresales.nl","article_modified_time":"2026-04-17T07:32:11+00:00","og_image":[{"width":1200,"height":900,"url":"https:\/\/theresales.nl\/wp-content\/uploads\/2026\/04\/f1.png","type":"image\/png"}],"twitter_card":"summary_large_image","twitter_misc":{"Gesch\u00e4tzte Lesezeit":"1\u00a0Minute"},"schema":{"@context":"https:\/\/schema.org","@graph":[{"@type":"WebPage","@id":"https:\/\/theresales.nl\/product\/fritz-hansen-caravaggio-vloerlamp\/","url":"https:\/\/theresales.nl\/product\/fritz-hansen-caravaggio-vloerlamp\/","name":"Fritz Hansen Caravaggio Stehleuchte - TheReSales","isPartOf":{"@id":"https:\/\/theresales.nl\/#website"},"primaryImageOfPage":{"@id":"https:\/\/theresales.nl\/product\/fritz-hansen-caravaggio-vloerlamp\/#primaryimage"},"image":{"@id":"https:\/\/theresales.nl\/product\/fritz-hansen-caravaggio-vloerlamp\/#primaryimage"},"thumbnailUrl":"https:\/\/theresales.nl\/wp-content\/uploads\/2026\/04\/f1.png","datePublished":"2026-04-16T07:11:12+00:00","dateModified":"2026-04-17T07:32:11+00:00","description":"Wei\u00dfe Fritz Hansen Caravaggio Stehleuchte von Cecilie Manz. Diese Designleuchte mit verstellbarem Schirm ist so gut wie neu. Ein echter Blickfang f\u00fcr Ihr Interieur!","breadcrumb":{"@id":"https:\/\/theresales.nl\/product\/fritz-hansen-caravaggio-vloerlamp\/#breadcrumb"},"inLanguage":"de","potentialAction":[{"@type":"ReadAction","target":["https:\/\/theresales.nl\/product\/fritz-hansen-caravaggio-vloerlamp\/"]}]},{"@type":"ImageObject","inLanguage":"de","@id":"https:\/\/theresales.nl\/product\/fritz-hansen-caravaggio-vloerlamp\/#primaryimage","url":"https:\/\/theresales.nl\/wp-content\/uploads\/2026\/04\/f1.png","contentUrl":"https:\/\/theresales.nl\/wp-content\/uploads\/2026\/04\/f1.png","width":1200,"height":900,"caption":"Fritz-Hansen-Caravaggio-vloerlamp-theresales"},{"@type":"BreadcrumbList","@id":"https:\/\/theresales.nl\/product\/fritz-hansen-caravaggio-vloerlamp\/#breadcrumb","itemListElement":[{"@type":"ListItem","position":1,"name":"Home","item":"https:\/\/theresales.nl\/"},{"@type":"ListItem","position":2,"name":"Collectie","item":"https:\/\/theresales.nl\/collectie\/"},{"@type":"ListItem","position":3,"name":"Fritz Hansen Caravaggio vloerlamp"}]},{"@type":"WebSite","@id":"https:\/\/theresales.nl\/#website","url":"https:\/\/theresales.nl\/","name":"TheReSales","description":"Tweedehands Design Meubelen","publisher":{"@id":"https:\/\/theresales.nl\/#organization"},"potentialAction":[{"@type":"SearchAction","target":{"@type":"EntryPoint","urlTemplate":"https:\/\/theresales.nl\/?s={search_term_string}"},"query-input":{"@type":"PropertyValueSpecification","valueRequired":true,"valueName":"search_term_string"}}],"inLanguage":"de"},{"@type":"Organization","@id":"https:\/\/theresales.nl\/#organization","name":"TheReSales","url":"https:\/\/theresales.nl\/","logo":{"@type":"ImageObject","inLanguage":"de","@id":"https:\/\/theresales.nl\/#\/schema\/logo\/image\/","url":"https:\/\/theresales.nl\/wp-content\/uploads\/2026\/04\/Logo-TheReSales.png","contentUrl":"https:\/\/theresales.nl\/wp-content\/uploads\/2026\/04\/Logo-TheReSales.png","width":1200,"height":304,"caption":"TheReSales"},"image":{"@id":"https:\/\/theresales.nl\/#\/schema\/logo\/image\/"},"sameAs":["https:\/\/www.facebook.com\/theresales.nl","https:\/\/www.instagram.com\/_theresales_\/","https:\/\/nl.pinterest.com\/theresalesgroningen\/","https:\/\/www.linkedin.com\/company\/theresales\/"]}]}},"_links":{"self":[{"href":"https:\/\/theresales.nl\/de\/wp-json\/wp\/v2\/product\/50847","targetHints":{"allow":["GET"]}}],"collection":[{"href":"https:\/\/theresales.nl\/de\/wp-json\/wp\/v2\/product"}],"about":[{"href":"https:\/\/theresales.nl\/de\/wp-json\/wp\/v2\/types\/product"}],"wp:featuredmedia":[{"embeddable":true,"href":"https:\/\/theresales.nl\/de\/wp-json\/wp\/v2\/media\/50850"}],"wp:attachment":[{"href":"https:\/\/theresales.nl\/de\/wp-json\/wp\/v2\/media?parent=50847"}],"wp:term":[{"taxonomy":"product_brand","embeddable":true,"href":"https:\/\/theresales.nl\/de\/wp-json\/wp\/v2\/product_brand?post=50847"},{"taxonomy":"product_cat","embeddable":true,"href":"https:\/\/theresales.nl\/de\/wp-json\/wp\/v2\/product_cat?post=50847"},{"taxonomy":"product_tag","embeddable":true,"href":"https:\/\/theresales.nl\/de\/wp-json\/wp\/v2\/product_tag?post=50847"},{"taxonomy":"ontwerper","embeddable":true,"href":"https:\/\/theresales.nl\/de\/wp-json\/wp\/v2\/ontwerper?post=50847"}],"curies":[{"name":"wp","href":"https:\/\/api.w.org\/{rel}","templated":true}]}}