{"id":50840,"date":"2026-04-16T13:42:45","date_gmt":"2026-04-16T11:42:45","guid":{"rendered":"https:\/\/theresales.nl\/?post_type=product&#038;p=50840"},"modified":"2026-04-17T09:54:01","modified_gmt":"2026-04-17T07:54:01","slug":"moooi-leinwand","status":"publish","type":"product","link":"https:\/\/theresales.nl\/de\/product\/moooi-canvas\/","title":{"rendered":"Moooi Leinwand"},"content":{"rendered":"<p data-path-to-node=\"2\">Diese <b data-path-to-node=\"2\" data-index-in-node=\"5\">Moooi Leinwand<\/b> <a href=\"https:\/\/theresales.nl\/de\/produktkategorie\/banken\/\">Bank<\/a> ist ein beeindruckendes Statement f\u00fcr Ihr Wohnzimmer, entworfen vom weltber\u00fchmten <a href=\"https:\/\/www.marcelwanders.com\/\"><b data-path-to-node=\"2\" data-index-in-node=\"106\">Marcel Wanders<\/b><\/a>. Wie der Name schon vermuten l\u00e4sst, bildet das Sofa eine wundersch\u00f6ne leere Leinwand, die in jedes Interieur passt. Dieses Exemplar ist aus hochwertigem Material gefertigt <b data-path-to-node=\"2\" data-index-in-node=\"277\">Alcantara<\/b>. Dieser Stoff ist nicht nur extrem weich und bequem, sondern auch sehr strapazierf\u00e4hig und pflegeleicht, was zur luxuri\u00f6sen Ausstrahlung des M\u00f6belst\u00fccks beitr\u00e4gt.<\/p>\n<p data-path-to-node=\"3\">Der Entwurf von <b data-path-to-node=\"3\" data-index-in-node=\"16\">Marcel Wanders<\/b> f\u00fcr die Marke <a href=\"https:\/\/theresales.nl\/de\/merke\/moooi\/\"><b data-path-to-node=\"3\" data-index-in-node=\"45\">Muh<\/b><\/a> erkennt man sofort an den gro\u00dfz\u00fcgigen Proportionen und den raffinierten Details, wie den schlanken Metallf\u00fc\u00dfen, die dem Sofa einen modernen Auftrieb geben. Die <b data-path-to-node=\"3\" data-index-in-node=\"187\">Moooi Leinwand<\/b> bietet dankzij de diepe zit und die losen R\u00fcckenkissen einen wunderbaren Komfort f\u00fcr einen entspannten Abend. Die Couch befindet sich in einem ausgezeichneten gebrauchten Zustand; das schwarz\/anthrazitfarbene <b data-path-to-node=\"3\" data-index-in-node=\"375\">Alcantara<\/b> ist pr\u00e4chtig glatt und frei von nennenswerten Gebrauchsspuren. Eine Au\u00dfengelegenheit, ein authentisches <b data-path-to-node=\"3\" data-index-in-node=\"481\">Moooi Leinwand<\/b> Van <b data-path-to-node=\"3\" data-index-in-node=\"498\">Marcel Wanders<\/b> sich die Luxus und praktischen Komfort perfekt kombiniert.<\/p>","protected":false},"excerpt":{"rendered":"<p><strong>Abmessungen<\/strong><br \/>\n<span>Breite: 228 cm<br \/>\nTiefe: 115 cm<br \/>\nH\u00f6he: 88 cm<br \/>\nSitzh\u00f6he: 66 cm<br \/>\nSitzh\u00f6he: 42 cm<\/span><\/p>\n<p><strong>Farbe<\/strong>Schwarz<\/p>\n<p><strong>Material<\/strong>Alcantara, Metall<\/p>","protected":false},"featured_media":50841,"template":"","meta":{"_acf_changed":false},"product_brand":[],"product_cat":[74],"product_tag":[274],"ontwerper":[],"class_list":{"0":"post-50840","1":"product","2":"type-product","3":"status-publish","4":"has-post-thumbnail","6":"product_cat-banken","7":"product_tag-moooi","9":"first","10":"instock","11":"shipping-taxable","12":"purchasable","13":"product-type-simple"},"acf":[],"yoast_head":"<!-- This site is optimized with the Yoast SEO plugin v27.5 - https:\/\/yoast.com\/product\/yoast-seo-wordpress\/ -->\n<title>Moooi Canvas - TheReSales<\/title>\n<meta name=\"description\" content=\"Luxe Moooi Canvas bank van Marcel Wanders in antraciet Alcantara. Deze designbank is zo goed als nieuw, slijtvast en uiterst comfortabel. Bekijk hem nu!\" \/>\n<meta name=\"robots\" content=\"index, follow, max-snippet:-1, max-image-preview:large, max-video-preview:-1\" \/>\n<link rel=\"canonical\" href=\"https:\/\/theresales.nl\/de\/produkt\/moooi-leinwand\/\" \/>\n<meta property=\"og:locale\" content=\"de_DE\" \/>\n<meta property=\"og:type\" content=\"article\" \/>\n<meta property=\"og:title\" content=\"Moooi Canvas - TheReSales\" \/>\n<meta property=\"og:description\" content=\"Luxe Moooi Canvas bank van Marcel Wanders in antraciet Alcantara. Deze designbank is zo goed als nieuw, slijtvast en uiterst comfortabel. Bekijk hem nu!\" \/>\n<meta property=\"og:url\" content=\"https:\/\/theresales.nl\/de\/produkt\/moooi-leinwand\/\" \/>\n<meta property=\"og:site_name\" content=\"TheReSales\" \/>\n<meta property=\"article:publisher\" content=\"https:\/\/www.facebook.com\/theresales.nl\" \/>\n<meta property=\"article:modified_time\" content=\"2026-04-17T07:54:01+00:00\" \/>\n<meta property=\"og:image\" content=\"https:\/\/theresales.nl\/wp-content\/uploads\/2026\/04\/moooi-cacas.png\" \/>\n\t<meta property=\"og:image:width\" content=\"1200\" \/>\n\t<meta property=\"og:image:height\" content=\"900\" \/>\n\t<meta property=\"og:image:type\" content=\"image\/png\" \/>\n<meta name=\"twitter:card\" content=\"summary_large_image\" \/>\n<meta name=\"twitter:label1\" content=\"Gesch\u00e4tzte Lesezeit\" \/>\n\t<meta name=\"twitter:data1\" content=\"1\u00a0Minute\" \/>\n<!-- \/ Yoast SEO plugin. -->","yoast_head_json":{"title":"Moooi Leinwand - TheReSales","description":"Luxe Moooi Canvas Sofa von Marcel Wanders in Anthrazit-Alcantara. Dieses Design-Sofa ist so gut wie neu, strapazierf\u00e4hig und \u00e4u\u00dferst bequem. Sehen Sie es sich jetzt an!","robots":{"index":"index","follow":"follow","max-snippet":"max-snippet:-1","max-image-preview":"max-image-preview:large","max-video-preview":"max-video-preview:-1"},"canonical":"https:\/\/theresales.nl\/de\/produkt\/moooi-leinwand\/","og_locale":"de_DE","og_type":"article","og_title":"Moooi Canvas - TheReSales","og_description":"Luxe Moooi Canvas bank van Marcel Wanders in antraciet Alcantara. Deze designbank is zo goed als nieuw, slijtvast en uiterst comfortabel. Bekijk hem nu!","og_url":"https:\/\/theresales.nl\/de\/produkt\/moooi-leinwand\/","og_site_name":"TheReSales","article_publisher":"https:\/\/www.facebook.com\/theresales.nl","article_modified_time":"2026-04-17T07:54:01+00:00","og_image":[{"width":1200,"height":900,"url":"https:\/\/theresales.nl\/wp-content\/uploads\/2026\/04\/moooi-cacas.png","type":"image\/png"}],"twitter_card":"summary_large_image","twitter_misc":{"Gesch\u00e4tzte Lesezeit":"1\u00a0Minute"},"schema":{"@context":"https:\/\/schema.org","@graph":[{"@type":"WebPage","@id":"https:\/\/theresales.nl\/product\/moooi-canvas\/","url":"https:\/\/theresales.nl\/product\/moooi-canvas\/","name":"Moooi Leinwand - TheReSales","isPartOf":{"@id":"https:\/\/theresales.nl\/#website"},"primaryImageOfPage":{"@id":"https:\/\/theresales.nl\/product\/moooi-canvas\/#primaryimage"},"image":{"@id":"https:\/\/theresales.nl\/product\/moooi-canvas\/#primaryimage"},"thumbnailUrl":"https:\/\/theresales.nl\/wp-content\/uploads\/2026\/04\/moooi-cacas.png","datePublished":"2026-04-16T11:42:45+00:00","dateModified":"2026-04-17T07:54:01+00:00","description":"Luxe Moooi Canvas Sofa von Marcel Wanders in Anthrazit-Alcantara. Dieses Design-Sofa ist so gut wie neu, strapazierf\u00e4hig und \u00e4u\u00dferst bequem. Sehen Sie es sich jetzt an!","breadcrumb":{"@id":"https:\/\/theresales.nl\/product\/moooi-canvas\/#breadcrumb"},"inLanguage":"de","potentialAction":[{"@type":"ReadAction","target":["https:\/\/theresales.nl\/product\/moooi-canvas\/"]}]},{"@type":"ImageObject","inLanguage":"de","@id":"https:\/\/theresales.nl\/product\/moooi-canvas\/#primaryimage","url":"https:\/\/theresales.nl\/wp-content\/uploads\/2026\/04\/moooi-cacas.png","contentUrl":"https:\/\/theresales.nl\/wp-content\/uploads\/2026\/04\/moooi-cacas.png","width":1200,"height":900,"caption":"Moooi-Canvas-Bank-TheReSales"},{"@type":"BreadcrumbList","@id":"https:\/\/theresales.nl\/product\/moooi-canvas\/#breadcrumb","itemListElement":[{"@type":"ListItem","position":1,"name":"Home","item":"https:\/\/theresales.nl\/"},{"@type":"ListItem","position":2,"name":"Collectie","item":"https:\/\/theresales.nl\/collectie\/"},{"@type":"ListItem","position":3,"name":"Moooi Canvas"}]},{"@type":"WebSite","@id":"https:\/\/theresales.nl\/#website","url":"https:\/\/theresales.nl\/","name":"TheReSales","description":"Tweedehands Design Meubelen","publisher":{"@id":"https:\/\/theresales.nl\/#organization"},"potentialAction":[{"@type":"SearchAction","target":{"@type":"EntryPoint","urlTemplate":"https:\/\/theresales.nl\/?s={search_term_string}"},"query-input":{"@type":"PropertyValueSpecification","valueRequired":true,"valueName":"search_term_string"}}],"inLanguage":"de"},{"@type":"Organization","@id":"https:\/\/theresales.nl\/#organization","name":"TheReSales","url":"https:\/\/theresales.nl\/","logo":{"@type":"ImageObject","inLanguage":"de","@id":"https:\/\/theresales.nl\/#\/schema\/logo\/image\/","url":"https:\/\/theresales.nl\/wp-content\/uploads\/2026\/04\/Logo-TheReSales.png","contentUrl":"https:\/\/theresales.nl\/wp-content\/uploads\/2026\/04\/Logo-TheReSales.png","width":1200,"height":304,"caption":"TheReSales"},"image":{"@id":"https:\/\/theresales.nl\/#\/schema\/logo\/image\/"},"sameAs":["https:\/\/www.facebook.com\/theresales.nl","https:\/\/www.instagram.com\/_theresales_\/","https:\/\/nl.pinterest.com\/theresalesgroningen\/","https:\/\/www.linkedin.com\/company\/theresales\/"]}]}},"_links":{"self":[{"href":"https:\/\/theresales.nl\/de\/wp-json\/wp\/v2\/product\/50840","targetHints":{"allow":["GET"]}}],"collection":[{"href":"https:\/\/theresales.nl\/de\/wp-json\/wp\/v2\/product"}],"about":[{"href":"https:\/\/theresales.nl\/de\/wp-json\/wp\/v2\/types\/product"}],"wp:featuredmedia":[{"embeddable":true,"href":"https:\/\/theresales.nl\/de\/wp-json\/wp\/v2\/media\/50841"}],"wp:attachment":[{"href":"https:\/\/theresales.nl\/de\/wp-json\/wp\/v2\/media?parent=50840"}],"wp:term":[{"taxonomy":"product_brand","embeddable":true,"href":"https:\/\/theresales.nl\/de\/wp-json\/wp\/v2\/product_brand?post=50840"},{"taxonomy":"product_cat","embeddable":true,"href":"https:\/\/theresales.nl\/de\/wp-json\/wp\/v2\/product_cat?post=50840"},{"taxonomy":"product_tag","embeddable":true,"href":"https:\/\/theresales.nl\/de\/wp-json\/wp\/v2\/product_tag?post=50840"},{"taxonomy":"ontwerper","embeddable":true,"href":"https:\/\/theresales.nl\/de\/wp-json\/wp\/v2\/ontwerper?post=50840"}],"curies":[{"name":"wp","href":"https:\/\/api.w.org\/{rel}","templated":true}]}}