{"id":50794,"date":"2026-04-16T11:31:50","date_gmt":"2026-04-16T09:31:50","guid":{"rendered":"https:\/\/theresales.nl\/?post_type=product&#038;p=50794"},"modified":"2026-04-16T14:06:50","modified_gmt":"2026-04-16T12:06:50","slug":"vitra-tip-ton-set-von-6-rosa","status":"publish","type":"product","link":"https:\/\/theresales.nl\/de\/product\/vitra-tip-ton-set-van-6-roze\/","title":{"rendered":"Vitra Tip Ton | Set van 6 | Roze"},"content":{"rendered":"<p data-path-to-node=\"2\">Diese <b data-path-to-node=\"2\" data-index-in-node=\"5\">Vitra Tip Ton | Sechserpack |<\/b> <strong>rosa<\/strong> ist ein gro\u00dfartiger Fund f\u00fcr diejenigen, die frisches und funktionales Design lieben. Das bekannte Designerduo <a href=\"https:\/\/www.vitra.com\/nl-nl\/product\/designer\/edward-barber-and-jay-osgerby?srsltid=AfmBOoraJfMIdw0tpy_Gf8DP_XnS9kx1O-nBHZQ4VwAs-ADla0Z6CT31\"><b data-path-to-node=\"2\" data-index-in-node=\"126\">Edward Barber &amp; Jay Osgerby<\/b><\/a> bedacht voor <b data-path-to-node=\"2\" data-index-in-node=\"167\">Vitra<\/b> ein <strong><a href=\"https:\/\/theresales.nl\/de\/produktkategorie\/stuhle\/\">Stuhl<\/a> <\/strong>die nicht nur gut aussieht, sondern sich auch geschickt mit dem Benutzer mitbewegt. Die St\u00fchle sind in einem weichen, pudrigen Rosaton gehalten, der Ihrem Raum sofort einen modernen und warmen Akzent verleiht.<\/p>\n<p data-path-to-node=\"3\">Die Kraft der <b data-path-to-node=\"3\" data-index-in-node=\"17\">Vitra Tip Ton<\/b> sitzt im innovativen Untergestell. Der Stuhl kann n\u00e4mlich ein kleines St\u00fcck nach vorne kippen, was f\u00fcr eine aktive und angenehme Sitzhaltung am Esstisch oder Schreibtisch sorgt. Da die St\u00fchle vollst\u00e4ndig aus hochwertigem Kunststoff gefertigt sind, sind sie nahezu unzerst\u00f6rbar und sehr pflegeleicht. Ben\u00f6tigen Sie den Raum vor\u00fcbergehend f\u00fcr etwas anderes? Wie auf dem Foto zu sehen ist, k\u00f6nnen Sie diese <b data-path-to-node=\"3\" data-index-in-node=\"434\">Vitra Tip Ton | Sechserpack<\/b> | <strong>rosa<\/strong> m\u00fcheloses, stabiles und \u00e4u\u00dferst kompaktes Stapeln. Eine einzigartige Gelegenheit, mit dieser <b data-path-to-node=\"3\" data-index-in-node=\"537\">Vitra Tip Ton Set von 6<\/b> eine komplette Serie moderner Klassiker von <a href=\"https:\/\/www.vitra.com\/nl-nl\/product\/designer\/edward-barber-and-jay-osgerby?srsltid=AfmBOoraJfMIdw0tpy_Gf8DP_XnS9kx1O-nBHZQ4VwAs-ADla0Z6CT31\"><b data-path-to-node=\"3\" data-index-in-node=\"604\">Edward Barber &amp; Jay Osgerby<\/b><\/a> einzuholen.<\/p>","protected":false},"excerpt":{"rendered":"<p><strong>Abmessungen<\/strong><br \/>\n<span>Breite: 40 cm<br \/>\nH\u00f6he: 78 cm<br \/>\nTiefe: 46 cm<br \/>\nSitzh\u00f6he: 46 cm\u00a0<\/span><\/p>\n<p><strong>Farbe <\/strong>Rosa<\/p>\n<p><strong>Material\u00a0<\/strong>Kunststoff<\/p>","protected":false},"featured_media":50801,"template":"","meta":{"_acf_changed":false},"product_brand":[],"product_cat":[34],"product_tag":[314],"ontwerper":[],"class_list":{"0":"post-50794","1":"product","2":"type-product","3":"status-publish","4":"has-post-thumbnail","6":"product_cat-stoelen","7":"product_tag-vitra","9":"first","10":"instock","11":"shipping-taxable","12":"purchasable","13":"product-type-simple"},"acf":[],"yoast_head":"<!-- This site is optimized with the Yoast SEO plugin v27.5 - https:\/\/yoast.com\/product\/yoast-seo-wordpress\/ -->\n<title>Vitra Tip Ton | Set van 6 | Roze - TheReSales<\/title>\n<meta name=\"description\" content=\"De Tip Ton | Set van 6 | Roze is een ontwerp van Edward Barber &amp; Jay Osgerby voor het merk Vitra. De Tip Ton is een unieke kunststof stoel.\" \/>\n<meta name=\"robots\" content=\"index, follow, max-snippet:-1, max-image-preview:large, max-video-preview:-1\" \/>\n<link rel=\"canonical\" href=\"https:\/\/theresales.nl\/de\/produkt\/vitra-tip-ton-set-von-6-rosa\/\" \/>\n<meta property=\"og:locale\" content=\"de_DE\" \/>\n<meta property=\"og:type\" content=\"article\" \/>\n<meta property=\"og:title\" content=\"Vitra Tip Ton | Set van 6 | Roze - TheReSales\" \/>\n<meta property=\"og:description\" content=\"De Tip Ton | Set van 6 | Roze is een ontwerp van Edward Barber &amp; Jay Osgerby voor het merk Vitra. De Tip Ton is een unieke kunststof stoel.\" \/>\n<meta property=\"og:url\" content=\"https:\/\/theresales.nl\/de\/produkt\/vitra-tip-ton-set-von-6-rosa\/\" \/>\n<meta property=\"og:site_name\" content=\"TheReSales\" \/>\n<meta property=\"article:publisher\" content=\"https:\/\/www.facebook.com\/theresales.nl\" \/>\n<meta property=\"article:modified_time\" content=\"2026-04-16T12:06:50+00:00\" \/>\n<meta property=\"og:image\" content=\"https:\/\/theresales.nl\/wp-content\/uploads\/2026\/04\/WhatsApp-Image-2026-04-16-at-11.35.28-7.jpeg\" \/>\n\t<meta property=\"og:image:width\" content=\"1200\" \/>\n\t<meta property=\"og:image:height\" content=\"900\" \/>\n\t<meta property=\"og:image:type\" content=\"image\/jpeg\" \/>\n<meta name=\"twitter:card\" content=\"summary_large_image\" \/>\n<meta name=\"twitter:label1\" content=\"Gesch\u00e4tzte Lesezeit\" \/>\n\t<meta name=\"twitter:data1\" content=\"2\u00a0Minuten\" \/>\n<!-- \/ Yoast SEO plugin. -->","yoast_head_json":{"title":"Vitra Tip Ton | Set von 6 | Rosa - TheReSales","description":"Der Tip Ton | Set von 6 | Rosa ist ein Design von Edward Barber &amp; Jay Osgerby f\u00fcr die Marke Vitra. Der Tip Ton ist ein einzigartiger Stuhl aus Kunststoff.","robots":{"index":"index","follow":"follow","max-snippet":"max-snippet:-1","max-image-preview":"max-image-preview:large","max-video-preview":"max-video-preview:-1"},"canonical":"https:\/\/theresales.nl\/de\/produkt\/vitra-tip-ton-set-von-6-rosa\/","og_locale":"de_DE","og_type":"article","og_title":"Vitra Tip Ton | Set van 6 | Roze - TheReSales","og_description":"De Tip Ton | Set van 6 | Roze is een ontwerp van Edward Barber & Jay Osgerby voor het merk Vitra. De Tip Ton is een unieke kunststof stoel.","og_url":"https:\/\/theresales.nl\/de\/produkt\/vitra-tip-ton-set-von-6-rosa\/","og_site_name":"TheReSales","article_publisher":"https:\/\/www.facebook.com\/theresales.nl","article_modified_time":"2026-04-16T12:06:50+00:00","og_image":[{"width":1200,"height":900,"url":"https:\/\/theresales.nl\/wp-content\/uploads\/2026\/04\/WhatsApp-Image-2026-04-16-at-11.35.28-7.jpeg","type":"image\/jpeg"}],"twitter_card":"summary_large_image","twitter_misc":{"Gesch\u00e4tzte Lesezeit":"2\u00a0Minuten"},"schema":{"@context":"https:\/\/schema.org","@graph":[{"@type":"WebPage","@id":"https:\/\/theresales.nl\/product\/vitra-tip-ton-set-van-6-roze\/","url":"https:\/\/theresales.nl\/product\/vitra-tip-ton-set-van-6-roze\/","name":"Vitra Tip Ton | Set von 6 | Rosa - TheReSales","isPartOf":{"@id":"https:\/\/theresales.nl\/#website"},"primaryImageOfPage":{"@id":"https:\/\/theresales.nl\/product\/vitra-tip-ton-set-van-6-roze\/#primaryimage"},"image":{"@id":"https:\/\/theresales.nl\/product\/vitra-tip-ton-set-van-6-roze\/#primaryimage"},"thumbnailUrl":"https:\/\/theresales.nl\/wp-content\/uploads\/2026\/04\/WhatsApp-Image-2026-04-16-at-11.35.28-7.jpeg","datePublished":"2026-04-16T09:31:50+00:00","dateModified":"2026-04-16T12:06:50+00:00","description":"Der Tip Ton | Set von 6 | Rosa ist ein Design von Edward Barber &amp; Jay Osgerby f\u00fcr die Marke Vitra. Der Tip Ton ist ein einzigartiger Stuhl aus Kunststoff.","breadcrumb":{"@id":"https:\/\/theresales.nl\/product\/vitra-tip-ton-set-van-6-roze\/#breadcrumb"},"inLanguage":"de","potentialAction":[{"@type":"ReadAction","target":["https:\/\/theresales.nl\/product\/vitra-tip-ton-set-van-6-roze\/"]}]},{"@type":"ImageObject","inLanguage":"de","@id":"https:\/\/theresales.nl\/product\/vitra-tip-ton-set-van-6-roze\/#primaryimage","url":"https:\/\/theresales.nl\/wp-content\/uploads\/2026\/04\/WhatsApp-Image-2026-04-16-at-11.35.28-7.jpeg","contentUrl":"https:\/\/theresales.nl\/wp-content\/uploads\/2026\/04\/WhatsApp-Image-2026-04-16-at-11.35.28-7.jpeg","width":1200,"height":900,"caption":"Vitra-Tip-Ton-Set-van-6-Roze-theresales"},{"@type":"BreadcrumbList","@id":"https:\/\/theresales.nl\/product\/vitra-tip-ton-set-van-6-roze\/#breadcrumb","itemListElement":[{"@type":"ListItem","position":1,"name":"Home","item":"https:\/\/theresales.nl\/"},{"@type":"ListItem","position":2,"name":"Collectie","item":"https:\/\/theresales.nl\/collectie\/"},{"@type":"ListItem","position":3,"name":"Vitra Tip Ton | Set van 6 | Roze"}]},{"@type":"WebSite","@id":"https:\/\/theresales.nl\/#website","url":"https:\/\/theresales.nl\/","name":"TheReSales","description":"Tweedehands Design Meubelen","publisher":{"@id":"https:\/\/theresales.nl\/#organization"},"potentialAction":[{"@type":"SearchAction","target":{"@type":"EntryPoint","urlTemplate":"https:\/\/theresales.nl\/?s={search_term_string}"},"query-input":{"@type":"PropertyValueSpecification","valueRequired":true,"valueName":"search_term_string"}}],"inLanguage":"de"},{"@type":"Organization","@id":"https:\/\/theresales.nl\/#organization","name":"TheReSales","url":"https:\/\/theresales.nl\/","logo":{"@type":"ImageObject","inLanguage":"de","@id":"https:\/\/theresales.nl\/#\/schema\/logo\/image\/","url":"https:\/\/theresales.nl\/wp-content\/uploads\/2026\/04\/Logo-TheReSales.png","contentUrl":"https:\/\/theresales.nl\/wp-content\/uploads\/2026\/04\/Logo-TheReSales.png","width":1200,"height":304,"caption":"TheReSales"},"image":{"@id":"https:\/\/theresales.nl\/#\/schema\/logo\/image\/"},"sameAs":["https:\/\/www.facebook.com\/theresales.nl","https:\/\/www.instagram.com\/_theresales_\/","https:\/\/nl.pinterest.com\/theresalesgroningen\/","https:\/\/www.linkedin.com\/company\/theresales\/"]}]}},"_links":{"self":[{"href":"https:\/\/theresales.nl\/de\/wp-json\/wp\/v2\/product\/50794","targetHints":{"allow":["GET"]}}],"collection":[{"href":"https:\/\/theresales.nl\/de\/wp-json\/wp\/v2\/product"}],"about":[{"href":"https:\/\/theresales.nl\/de\/wp-json\/wp\/v2\/types\/product"}],"wp:featuredmedia":[{"embeddable":true,"href":"https:\/\/theresales.nl\/de\/wp-json\/wp\/v2\/media\/50801"}],"wp:attachment":[{"href":"https:\/\/theresales.nl\/de\/wp-json\/wp\/v2\/media?parent=50794"}],"wp:term":[{"taxonomy":"product_brand","embeddable":true,"href":"https:\/\/theresales.nl\/de\/wp-json\/wp\/v2\/product_brand?post=50794"},{"taxonomy":"product_cat","embeddable":true,"href":"https:\/\/theresales.nl\/de\/wp-json\/wp\/v2\/product_cat?post=50794"},{"taxonomy":"product_tag","embeddable":true,"href":"https:\/\/theresales.nl\/de\/wp-json\/wp\/v2\/product_tag?post=50794"},{"taxonomy":"ontwerper","embeddable":true,"href":"https:\/\/theresales.nl\/de\/wp-json\/wp\/v2\/ontwerper?post=50794"}],"curies":[{"name":"wp","href":"https:\/\/api.w.org\/{rel}","templated":true}]}}