{"id":50180,"date":"2026-03-24T16:02:13","date_gmt":"2026-03-24T15:02:13","guid":{"rendered":"https:\/\/theresales.nl\/?post_type=product&#038;p=50180"},"modified":"2026-04-10T11:59:10","modified_gmt":"2026-04-10T09:59:10","slug":"gavina-b3-wassily-sessel","status":"publish","type":"product","link":"https:\/\/theresales.nl\/de\/product\/gavina-b3-wassily-armchair\/","title":{"rendered":"Gavina B3 Wassily Sessel"},"content":{"rendered":"<p data-start=\"227\" data-end=\"590\">Deutsch <strong data-start=\"230\" data-end=\"260\">Gavina B3 Wassily Sessel<\/strong> ist ein ikonisches Design <a href=\"https:\/\/theresales.nl\/de\/produktkategorie\/sessel\/\">Sessel<\/a>, urspr\u00fcnglich entworfen im Jahr 1925 von <span class=\"hover:entity-accent entity-underline inline cursor-pointer align-baseline\"><span class=\"whitespace-normal\">Marcel Breuer<\/span><\/span> w\u00e4hrend seiner Zeit im <span class=\"hover:entity-accent entity-underline inline cursor-pointer align-baseline\"><span class=\"whitespace-normal\">Bauhaus<\/span><\/span>. Der Entwurf war revolution\u00e4r durch die Verwendung von gebogenen Stahlrohren, inspiriert vom Rahmen eines Fahrrads. <span class=\"\" data-state=\"closed\"><\/span><\/p>\n<p data-start=\"592\" data-end=\"793\">Der Sessel besteht aus einem verchromten Stahlrahmen mit Lederriemen f\u00fcr Sitz, R\u00fcckenlehne und Armlehnen. Durch das offene Design scheint der Stuhl fast zu schweben, was charakteristisch f\u00fcr die Moderne ist.<\/p>\n<p data-start=\"795\" data-end=\"1006\">Der Name \u201cWassily\u201d entstand sp\u00e4ter, als der Hersteller Gavina das Modell neu herausbrachte und auf den K\u00fcnstler Wassily Kandinsky verwies, der eine fr\u00fche Version des Stuhls besa\u00df. <span class=\"\" data-state=\"closed\"><\/span><\/p>\n<p data-start=\"1008\" data-end=\"1275\">Die Gavina-Ausgabe geh\u00f6rt zu den fr\u00fchen Neuauflagen und ist damit ein begehrtes Sammlerst\u00fcck in der Designwelt. Der Stuhl eignet sich f\u00fcr den Einsatz im Wohnzimmer, B\u00fcro oder Loungebereich und gilt als eines der wichtigsten M\u00f6beldesigns des 20. Jahrhunderts.<\/p>","protected":false},"excerpt":{"rendered":"<p><strong>Abmessungen<\/strong><br \/>\nBreite: 78 cm<br \/>\nTiefe: 64 cm<br \/>\nH\u00f6he: 74 cm<br \/>\nSitzfl\u00e4chentiefe: 45 Zentimeter<br \/>\nSitzh\u00f6he: 40 cm<\/p>\n<p><strong>Farbe <\/strong>Schwarz<\/p>\n<p><strong>Material<\/strong> Stahl, Leder<\/p>","protected":false},"featured_media":50181,"template":"","meta":{"_acf_changed":false},"product_brand":[],"product_cat":[19],"product_tag":[897],"ontwerper":[],"class_list":{"0":"post-50180","1":"product","2":"type-product","3":"status-publish","4":"has-post-thumbnail","6":"product_cat-fauteuils","7":"product_tag-gavina","9":"first","10":"instock","11":"shipping-taxable","12":"purchasable","13":"product-type-simple"},"acf":[],"yoast_head":"<!-- This site is optimized with the Yoast SEO plugin v27.5 - https:\/\/yoast.com\/product\/yoast-seo-wordpress\/ -->\n<title>Gavina B3 Wassily Armchair - TheReSales<\/title>\n<meta name=\"description\" content=\"Gavina B3 Wassily Armchair \u2013 iconische design fauteuil van Marcel Breuer met stalen frame en leer, Bauhaus klassieker uit 1925.\" \/>\n<meta name=\"robots\" content=\"index, follow, max-snippet:-1, max-image-preview:large, max-video-preview:-1\" \/>\n<link rel=\"canonical\" href=\"https:\/\/theresales.nl\/de\/produkt\/gavina-b3-wassily-sessel\/\" \/>\n<meta property=\"og:locale\" content=\"de_DE\" \/>\n<meta property=\"og:type\" content=\"article\" \/>\n<meta property=\"og:title\" content=\"Gavina B3 Wassily Armchair - TheReSales\" \/>\n<meta property=\"og:description\" content=\"Gavina B3 Wassily Armchair \u2013 iconische design fauteuil van Marcel Breuer met stalen frame en leer, Bauhaus klassieker uit 1925.\" \/>\n<meta property=\"og:url\" content=\"https:\/\/theresales.nl\/de\/produkt\/gavina-b3-wassily-sessel\/\" \/>\n<meta property=\"og:site_name\" content=\"TheReSales\" \/>\n<meta property=\"article:publisher\" content=\"https:\/\/www.facebook.com\/theresales.nl\" \/>\n<meta property=\"article:modified_time\" content=\"2026-04-10T09:59:10+00:00\" \/>\n<meta property=\"og:image\" content=\"https:\/\/theresales.nl\/wp-content\/uploads\/2026\/03\/20260324_120613659_iOS.jpg\" \/>\n\t<meta property=\"og:image:width\" content=\"1200\" \/>\n\t<meta property=\"og:image:height\" content=\"900\" \/>\n\t<meta property=\"og:image:type\" content=\"image\/jpeg\" \/>\n<meta name=\"twitter:card\" content=\"summary_large_image\" \/>\n<meta name=\"twitter:label1\" content=\"Gesch\u00e4tzte Lesezeit\" \/>\n\t<meta name=\"twitter:data1\" content=\"1\u00a0Minute\" \/>\n<!-- \/ Yoast SEO plugin. -->","yoast_head_json":{"title":"Gavina B3 Wassily Sessel - TheReSales","description":"Gavina B3 Wassily Sessel \u2013 ikonischer Design-Sessel von Marcel Breuer mit Stahlgestell und Leder, Bauhaus-Klassiker aus dem Jahr 1925.","robots":{"index":"index","follow":"follow","max-snippet":"max-snippet:-1","max-image-preview":"max-image-preview:large","max-video-preview":"max-video-preview:-1"},"canonical":"https:\/\/theresales.nl\/de\/produkt\/gavina-b3-wassily-sessel\/","og_locale":"de_DE","og_type":"article","og_title":"Gavina B3 Wassily Armchair - TheReSales","og_description":"Gavina B3 Wassily Armchair \u2013 iconische design fauteuil van Marcel Breuer met stalen frame en leer, Bauhaus klassieker uit 1925.","og_url":"https:\/\/theresales.nl\/de\/produkt\/gavina-b3-wassily-sessel\/","og_site_name":"TheReSales","article_publisher":"https:\/\/www.facebook.com\/theresales.nl","article_modified_time":"2026-04-10T09:59:10+00:00","og_image":[{"width":1200,"height":900,"url":"https:\/\/theresales.nl\/wp-content\/uploads\/2026\/03\/20260324_120613659_iOS.jpg","type":"image\/jpeg"}],"twitter_card":"summary_large_image","twitter_misc":{"Gesch\u00e4tzte Lesezeit":"1\u00a0Minute"},"schema":{"@context":"https:\/\/schema.org","@graph":[{"@type":"WebPage","@id":"https:\/\/theresales.nl\/product\/gavina-b3-wassily-armchair\/","url":"https:\/\/theresales.nl\/product\/gavina-b3-wassily-armchair\/","name":"Gavina B3 Wassily Sessel - TheReSales","isPartOf":{"@id":"https:\/\/theresales.nl\/#website"},"primaryImageOfPage":{"@id":"https:\/\/theresales.nl\/product\/gavina-b3-wassily-armchair\/#primaryimage"},"image":{"@id":"https:\/\/theresales.nl\/product\/gavina-b3-wassily-armchair\/#primaryimage"},"thumbnailUrl":"https:\/\/theresales.nl\/wp-content\/uploads\/2026\/03\/20260324_120613659_iOS.jpg","datePublished":"2026-03-24T15:02:13+00:00","dateModified":"2026-04-10T09:59:10+00:00","description":"Gavina B3 Wassily Sessel \u2013 ikonischer Design-Sessel von Marcel Breuer mit Stahlgestell und Leder, Bauhaus-Klassiker aus dem Jahr 1925.","breadcrumb":{"@id":"https:\/\/theresales.nl\/product\/gavina-b3-wassily-armchair\/#breadcrumb"},"inLanguage":"de","potentialAction":[{"@type":"ReadAction","target":["https:\/\/theresales.nl\/product\/gavina-b3-wassily-armchair\/"]}]},{"@type":"ImageObject","inLanguage":"de","@id":"https:\/\/theresales.nl\/product\/gavina-b3-wassily-armchair\/#primaryimage","url":"https:\/\/theresales.nl\/wp-content\/uploads\/2026\/03\/20260324_120613659_iOS.jpg","contentUrl":"https:\/\/theresales.nl\/wp-content\/uploads\/2026\/03\/20260324_120613659_iOS.jpg","width":1200,"height":900,"caption":"Gavina-B3-Wassily-Armchair-fauteuil-theresales"},{"@type":"BreadcrumbList","@id":"https:\/\/theresales.nl\/product\/gavina-b3-wassily-armchair\/#breadcrumb","itemListElement":[{"@type":"ListItem","position":1,"name":"Home","item":"https:\/\/theresales.nl\/"},{"@type":"ListItem","position":2,"name":"Collectie","item":"https:\/\/theresales.nl\/collectie\/"},{"@type":"ListItem","position":3,"name":"Gavina B3 Wassily Armchair"}]},{"@type":"WebSite","@id":"https:\/\/theresales.nl\/#website","url":"https:\/\/theresales.nl\/","name":"TheReSales","description":"Tweedehands Design Meubelen","publisher":{"@id":"https:\/\/theresales.nl\/#organization"},"potentialAction":[{"@type":"SearchAction","target":{"@type":"EntryPoint","urlTemplate":"https:\/\/theresales.nl\/?s={search_term_string}"},"query-input":{"@type":"PropertyValueSpecification","valueRequired":true,"valueName":"search_term_string"}}],"inLanguage":"de"},{"@type":"Organization","@id":"https:\/\/theresales.nl\/#organization","name":"TheReSales","url":"https:\/\/theresales.nl\/","logo":{"@type":"ImageObject","inLanguage":"de","@id":"https:\/\/theresales.nl\/#\/schema\/logo\/image\/","url":"https:\/\/theresales.nl\/wp-content\/uploads\/2026\/04\/Logo-TheReSales.png","contentUrl":"https:\/\/theresales.nl\/wp-content\/uploads\/2026\/04\/Logo-TheReSales.png","width":1200,"height":304,"caption":"TheReSales"},"image":{"@id":"https:\/\/theresales.nl\/#\/schema\/logo\/image\/"},"sameAs":["https:\/\/www.facebook.com\/theresales.nl","https:\/\/www.instagram.com\/_theresales_\/","https:\/\/nl.pinterest.com\/theresalesgroningen\/","https:\/\/www.linkedin.com\/company\/theresales\/"]}]}},"_links":{"self":[{"href":"https:\/\/theresales.nl\/de\/wp-json\/wp\/v2\/product\/50180","targetHints":{"allow":["GET"]}}],"collection":[{"href":"https:\/\/theresales.nl\/de\/wp-json\/wp\/v2\/product"}],"about":[{"href":"https:\/\/theresales.nl\/de\/wp-json\/wp\/v2\/types\/product"}],"wp:featuredmedia":[{"embeddable":true,"href":"https:\/\/theresales.nl\/de\/wp-json\/wp\/v2\/media\/50181"}],"wp:attachment":[{"href":"https:\/\/theresales.nl\/de\/wp-json\/wp\/v2\/media?parent=50180"}],"wp:term":[{"taxonomy":"product_brand","embeddable":true,"href":"https:\/\/theresales.nl\/de\/wp-json\/wp\/v2\/product_brand?post=50180"},{"taxonomy":"product_cat","embeddable":true,"href":"https:\/\/theresales.nl\/de\/wp-json\/wp\/v2\/product_cat?post=50180"},{"taxonomy":"product_tag","embeddable":true,"href":"https:\/\/theresales.nl\/de\/wp-json\/wp\/v2\/product_tag?post=50180"},{"taxonomy":"ontwerper","embeddable":true,"href":"https:\/\/theresales.nl\/de\/wp-json\/wp\/v2\/ontwerper?post=50180"}],"curies":[{"name":"wp","href":"https:\/\/api.w.org\/{rel}","templated":true}]}}