{"id":50102,"date":"2026-03-19T13:42:08","date_gmt":"2026-03-19T12:42:08","guid":{"rendered":"https:\/\/theresales.nl\/?post_type=product&#038;p=50102"},"modified":"2026-03-19T15:49:55","modified_gmt":"2026-03-19T14:49:55","slug":"weiche-linie-mein","status":"publish","type":"product","link":"https:\/\/theresales.nl\/de\/product\/softline-meu\/","title":{"rendered":"Softline ME&amp;U"},"content":{"rendered":"<p data-start=\"300\" data-end=\"503\">Deutsch <strong>Softline ME&amp;U<\/strong> Die H\u00e4ngeschaukel ist ein gepolsterter H\u00e4ngesessel, der von der Decke abgeh\u00e4ngt wird und ein verspieltes, luftiges Element in Ihr Interieur bringt. Durch das einzigartige Design ist dieser Schaukelsessel sowohl funktional als auch ein auff\u00e4lliger Blickfang f\u00fcr das Wohnzimmer, das Wohnzimmer oder das Kinderzimmer.<\/p>","protected":false},"excerpt":{"rendered":"<p><strong>Abmessungen<br \/>\n<\/strong>Breite: 62 cm<br \/>\nTiefe: 40 cm<br \/>\nH\u00f6he : 27 cm<\/p>\n<p><strong>Farbe <\/strong>Grau<\/p>\n<p><strong>Material<\/strong> Metall, Staub<\/p>","protected":false},"featured_media":50103,"template":"","meta":{"_acf_changed":false},"product_brand":[],"product_cat":[34],"product_tag":[295],"ontwerper":[],"class_list":{"0":"post-50102","1":"product","2":"type-product","3":"status-publish","4":"has-post-thumbnail","6":"product_cat-stoelen","7":"product_tag-softline","9":"first","10":"instock","11":"shipping-taxable","12":"purchasable","13":"product-type-simple"},"acf":[],"yoast_head":"<!-- This site is optimized with the Yoast SEO plugin v27.5 - https:\/\/yoast.com\/product\/yoast-seo-wordpress\/ -->\n<title>Softline ME&amp;U - TheReSales<\/title>\n<meta name=\"description\" content=\"Softline ME&amp;U indoor swing \u2013 gestoffeerde hangstoel voor plafondmontage, speels design en comfortabele zithoek, ideaal voor lounge of woonkamer.\" \/>\n<meta name=\"robots\" content=\"index, follow, max-snippet:-1, max-image-preview:large, max-video-preview:-1\" \/>\n<link rel=\"canonical\" href=\"https:\/\/theresales.nl\/de\/produkt\/weiche-linie-mein\/\" \/>\n<meta property=\"og:locale\" content=\"de_DE\" \/>\n<meta property=\"og:type\" content=\"article\" \/>\n<meta property=\"og:title\" content=\"Softline ME&amp;U - TheReSales\" \/>\n<meta property=\"og:description\" content=\"Softline ME&amp;U indoor swing \u2013 gestoffeerde hangstoel voor plafondmontage, speels design en comfortabele zithoek, ideaal voor lounge of woonkamer.\" \/>\n<meta property=\"og:url\" content=\"https:\/\/theresales.nl\/de\/produkt\/weiche-linie-mein\/\" \/>\n<meta property=\"og:site_name\" content=\"TheReSales\" \/>\n<meta property=\"article:publisher\" content=\"https:\/\/www.facebook.com\/theresales.nl\" \/>\n<meta property=\"article:modified_time\" content=\"2026-03-19T14:49:55+00:00\" \/>\n<meta property=\"og:image\" content=\"https:\/\/theresales.nl\/wp-content\/uploads\/2026\/03\/1.jpg\" \/>\n\t<meta property=\"og:image:width\" content=\"1200\" \/>\n\t<meta property=\"og:image:height\" content=\"900\" \/>\n\t<meta property=\"og:image:type\" content=\"image\/jpeg\" \/>\n<meta name=\"twitter:card\" content=\"summary_large_image\" \/>\n<meta name=\"twitter:label1\" content=\"Gesch\u00e4tzte Lesezeit\" \/>\n\t<meta name=\"twitter:data1\" content=\"1\u00a0Minute\" \/>\n<!-- \/ Yoast SEO plugin. -->","yoast_head_json":{"title":"Softline ME&amp;U - TheReSales","description":"Softline ME&amp;U Indoor Schommel \u2013 gepolsterter H\u00e4ngestuhl zur Deckenmontage, verspieltes Design und bequeme Sitzecke, ideal f\u00fcr Lounge oder Wohnzimmer.","robots":{"index":"index","follow":"follow","max-snippet":"max-snippet:-1","max-image-preview":"max-image-preview:large","max-video-preview":"max-video-preview:-1"},"canonical":"https:\/\/theresales.nl\/de\/produkt\/weiche-linie-mein\/","og_locale":"de_DE","og_type":"article","og_title":"Softline ME&U - TheReSales","og_description":"Softline ME&U indoor swing \u2013 gestoffeerde hangstoel voor plafondmontage, speels design en comfortabele zithoek, ideaal voor lounge of woonkamer.","og_url":"https:\/\/theresales.nl\/de\/produkt\/weiche-linie-mein\/","og_site_name":"TheReSales","article_publisher":"https:\/\/www.facebook.com\/theresales.nl","article_modified_time":"2026-03-19T14:49:55+00:00","og_image":[{"width":1200,"height":900,"url":"https:\/\/theresales.nl\/wp-content\/uploads\/2026\/03\/1.jpg","type":"image\/jpeg"}],"twitter_card":"summary_large_image","twitter_misc":{"Gesch\u00e4tzte Lesezeit":"1\u00a0Minute"},"schema":{"@context":"https:\/\/schema.org","@graph":[{"@type":"WebPage","@id":"https:\/\/theresales.nl\/product\/softline-meu\/","url":"https:\/\/theresales.nl\/product\/softline-meu\/","name":"Softline ME&amp;U - TheReSales","isPartOf":{"@id":"https:\/\/theresales.nl\/#website"},"primaryImageOfPage":{"@id":"https:\/\/theresales.nl\/product\/softline-meu\/#primaryimage"},"image":{"@id":"https:\/\/theresales.nl\/product\/softline-meu\/#primaryimage"},"thumbnailUrl":"https:\/\/theresales.nl\/wp-content\/uploads\/2026\/03\/1.jpg","datePublished":"2026-03-19T12:42:08+00:00","dateModified":"2026-03-19T14:49:55+00:00","description":"Softline ME&amp;U Indoor Schommel \u2013 gepolsterter H\u00e4ngestuhl zur Deckenmontage, verspieltes Design und bequeme Sitzecke, ideal f\u00fcr Lounge oder Wohnzimmer.","breadcrumb":{"@id":"https:\/\/theresales.nl\/product\/softline-meu\/#breadcrumb"},"inLanguage":"de","potentialAction":[{"@type":"ReadAction","target":["https:\/\/theresales.nl\/product\/softline-meu\/"]}]},{"@type":"ImageObject","inLanguage":"de","@id":"https:\/\/theresales.nl\/product\/softline-meu\/#primaryimage","url":"https:\/\/theresales.nl\/wp-content\/uploads\/2026\/03\/1.jpg","contentUrl":"https:\/\/theresales.nl\/wp-content\/uploads\/2026\/03\/1.jpg","width":1200,"height":900,"caption":"Softline-ME&U-theresales"},{"@type":"BreadcrumbList","@id":"https:\/\/theresales.nl\/product\/softline-meu\/#breadcrumb","itemListElement":[{"@type":"ListItem","position":1,"name":"Home","item":"https:\/\/theresales.nl\/"},{"@type":"ListItem","position":2,"name":"Collectie","item":"https:\/\/theresales.nl\/collectie\/"},{"@type":"ListItem","position":3,"name":"Softline ME&#038;U"}]},{"@type":"WebSite","@id":"https:\/\/theresales.nl\/#website","url":"https:\/\/theresales.nl\/","name":"TheReSales","description":"Tweedehands Design Meubelen","publisher":{"@id":"https:\/\/theresales.nl\/#organization"},"potentialAction":[{"@type":"SearchAction","target":{"@type":"EntryPoint","urlTemplate":"https:\/\/theresales.nl\/?s={search_term_string}"},"query-input":{"@type":"PropertyValueSpecification","valueRequired":true,"valueName":"search_term_string"}}],"inLanguage":"de"},{"@type":"Organization","@id":"https:\/\/theresales.nl\/#organization","name":"TheReSales","url":"https:\/\/theresales.nl\/","logo":{"@type":"ImageObject","inLanguage":"de","@id":"https:\/\/theresales.nl\/#\/schema\/logo\/image\/","url":"https:\/\/theresales.nl\/wp-content\/uploads\/2026\/04\/Logo-TheReSales.png","contentUrl":"https:\/\/theresales.nl\/wp-content\/uploads\/2026\/04\/Logo-TheReSales.png","width":1200,"height":304,"caption":"TheReSales"},"image":{"@id":"https:\/\/theresales.nl\/#\/schema\/logo\/image\/"},"sameAs":["https:\/\/www.facebook.com\/theresales.nl","https:\/\/www.instagram.com\/_theresales_\/","https:\/\/nl.pinterest.com\/theresalesgroningen\/","https:\/\/www.linkedin.com\/company\/theresales\/"]}]}},"_links":{"self":[{"href":"https:\/\/theresales.nl\/de\/wp-json\/wp\/v2\/product\/50102","targetHints":{"allow":["GET"]}}],"collection":[{"href":"https:\/\/theresales.nl\/de\/wp-json\/wp\/v2\/product"}],"about":[{"href":"https:\/\/theresales.nl\/de\/wp-json\/wp\/v2\/types\/product"}],"wp:featuredmedia":[{"embeddable":true,"href":"https:\/\/theresales.nl\/de\/wp-json\/wp\/v2\/media\/50103"}],"wp:attachment":[{"href":"https:\/\/theresales.nl\/de\/wp-json\/wp\/v2\/media?parent=50102"}],"wp:term":[{"taxonomy":"product_brand","embeddable":true,"href":"https:\/\/theresales.nl\/de\/wp-json\/wp\/v2\/product_brand?post=50102"},{"taxonomy":"product_cat","embeddable":true,"href":"https:\/\/theresales.nl\/de\/wp-json\/wp\/v2\/product_cat?post=50102"},{"taxonomy":"product_tag","embeddable":true,"href":"https:\/\/theresales.nl\/de\/wp-json\/wp\/v2\/product_tag?post=50102"},{"taxonomy":"ontwerper","embeddable":true,"href":"https:\/\/theresales.nl\/de\/wp-json\/wp\/v2\/ontwerper?post=50102"}],"curies":[{"name":"wp","href":"https:\/\/api.w.org\/{rel}","templated":true}]}}