{"id":50004,"date":"2026-03-12T10:45:54","date_gmt":"2026-03-12T09:45:54","guid":{"rendered":"https:\/\/theresales.nl\/?post_type=product&#038;p=50004"},"modified":"2026-03-12T15:38:33","modified_gmt":"2026-03-12T14:38:33","slug":"polsterbezug-wirbelwind-blau","status":"publish","type":"product","link":"https:\/\/theresales.nl\/de\/product\/polspotten-twister-blauw\/","title":{"rendered":"POLSPOTTEN Twister blau"},"content":{"rendered":"<p>Deutsch <strong data-start=\"65\" data-end=\"102\">POLSPOTTEN Twister <a href=\"https:\/\/theresales.nl\/de\/produktkategorie\/tafels\/\">Statafel<\/a> Blau<\/strong> ist ein hoher Tisch mit einem auff\u00e4lligen gedrehten Design. Der Stehtisch ist in blauer Farbe ausgef\u00fchrt und eignet sich als Bartisch oder hoher Tisch in verschiedenen R\u00e4umen, wie der K\u00fcche, dem Wohnzimmer oder einem Gastronomiebereich.<\/p>","protected":false},"excerpt":{"rendered":"<p><strong>Zustand: NEU<br \/>\nNeupreis: 900 \u20ac pro St\u00fcck\u00a0<\/strong><\/p>\n<p><strong>Abmessungen<\/strong><br \/>\nDurchmesser: 61 cm<br \/>\nH\u00f6he: 103 cm<\/p>\n<p><strong>Farbe\u00a0<\/strong>Blau<\/p>\n<p><strong>Material <\/strong>Metall<\/p>","protected":false},"featured_media":50005,"template":"","meta":{"_acf_changed":false},"product_brand":[],"product_cat":[47,46],"product_tag":[893,888],"ontwerper":[],"class_list":{"0":"post-50004","1":"product","2":"type-product","3":"status-publish","4":"has-post-thumbnail","6":"product_cat-bijzettafels","7":"product_cat-tafels","8":"product_tag-btw","9":"product_tag-polspotten","11":"first","12":"instock","13":"shipping-taxable","14":"purchasable","15":"product-type-simple"},"acf":[],"yoast_head":"<!-- This site is optimized with the Yoast SEO plugin v27.5 - https:\/\/yoast.com\/product\/yoast-seo-wordpress\/ -->\n<title>POLSPOTTEN Twister blauw - TheReSales<\/title>\n<meta name=\"description\" content=\"POLSPOTTEN Twister Statafel Blauw \u2013 hoge design statafel met gedraaid ontwerp in blauwe kleur, geschikt als bartafel of hoge tafel in huis of horeca.\" \/>\n<meta name=\"robots\" content=\"index, follow, max-snippet:-1, max-image-preview:large, max-video-preview:-1\" \/>\n<link rel=\"canonical\" href=\"https:\/\/theresales.nl\/de\/produkt\/polsterbezug-wirbelwind-blau\/\" \/>\n<meta property=\"og:locale\" content=\"de_DE\" \/>\n<meta property=\"og:type\" content=\"article\" \/>\n<meta property=\"og:title\" content=\"POLSPOTTEN Twister blauw - TheReSales\" \/>\n<meta property=\"og:description\" content=\"POLSPOTTEN Twister Statafel Blauw \u2013 hoge design statafel met gedraaid ontwerp in blauwe kleur, geschikt als bartafel of hoge tafel in huis of horeca.\" \/>\n<meta property=\"og:url\" content=\"https:\/\/theresales.nl\/de\/produkt\/polsterbezug-wirbelwind-blau\/\" \/>\n<meta property=\"og:site_name\" content=\"TheReSales\" \/>\n<meta property=\"article:publisher\" content=\"https:\/\/www.facebook.com\/theresales.nl\" \/>\n<meta property=\"article:modified_time\" content=\"2026-03-12T14:38:33+00:00\" \/>\n<meta property=\"og:image\" content=\"https:\/\/theresales.nl\/wp-content\/uploads\/2026\/03\/20260311_084959956_iOS.jpg\" \/>\n\t<meta property=\"og:image:width\" content=\"1200\" \/>\n\t<meta property=\"og:image:height\" content=\"900\" \/>\n\t<meta property=\"og:image:type\" content=\"image\/jpeg\" \/>\n<meta name=\"twitter:card\" content=\"summary_large_image\" \/>\n<meta name=\"twitter:label1\" content=\"Gesch\u00e4tzte Lesezeit\" \/>\n\t<meta name=\"twitter:data1\" content=\"1\u00a0Minute\" \/>\n<!-- \/ Yoast SEO plugin. -->","yoast_head_json":{"title":"POLSPOTTEN Twister blau - TheReSales","description":"POLSPOTTEN Twister Stehtisch Blau \u2013 hoher Designtisch mit gedrehtem Design in blauer Farbe, geeignet als Bartisch oder Hochtisch zu Hause oder in der Gastronomie.","robots":{"index":"index","follow":"follow","max-snippet":"max-snippet:-1","max-image-preview":"max-image-preview:large","max-video-preview":"max-video-preview:-1"},"canonical":"https:\/\/theresales.nl\/de\/produkt\/polsterbezug-wirbelwind-blau\/","og_locale":"de_DE","og_type":"article","og_title":"POLSPOTTEN Twister blauw - TheReSales","og_description":"POLSPOTTEN Twister Statafel Blauw \u2013 hoge design statafel met gedraaid ontwerp in blauwe kleur, geschikt als bartafel of hoge tafel in huis of horeca.","og_url":"https:\/\/theresales.nl\/de\/produkt\/polsterbezug-wirbelwind-blau\/","og_site_name":"TheReSales","article_publisher":"https:\/\/www.facebook.com\/theresales.nl","article_modified_time":"2026-03-12T14:38:33+00:00","og_image":[{"width":1200,"height":900,"url":"https:\/\/theresales.nl\/wp-content\/uploads\/2026\/03\/20260311_084959956_iOS.jpg","type":"image\/jpeg"}],"twitter_card":"summary_large_image","twitter_misc":{"Gesch\u00e4tzte Lesezeit":"1\u00a0Minute"},"schema":{"@context":"https:\/\/schema.org","@graph":[{"@type":"WebPage","@id":"https:\/\/theresales.nl\/product\/polspotten-twister-blauw\/","url":"https:\/\/theresales.nl\/product\/polspotten-twister-blauw\/","name":"POLSPOTTEN Twister blau - TheReSales","isPartOf":{"@id":"https:\/\/theresales.nl\/#website"},"primaryImageOfPage":{"@id":"https:\/\/theresales.nl\/product\/polspotten-twister-blauw\/#primaryimage"},"image":{"@id":"https:\/\/theresales.nl\/product\/polspotten-twister-blauw\/#primaryimage"},"thumbnailUrl":"https:\/\/theresales.nl\/wp-content\/uploads\/2026\/03\/20260311_084959956_iOS.jpg","datePublished":"2026-03-12T09:45:54+00:00","dateModified":"2026-03-12T14:38:33+00:00","description":"POLSPOTTEN Twister Stehtisch Blau \u2013 hoher Designtisch mit gedrehtem Design in blauer Farbe, geeignet als Bartisch oder Hochtisch zu Hause oder in der Gastronomie.","breadcrumb":{"@id":"https:\/\/theresales.nl\/product\/polspotten-twister-blauw\/#breadcrumb"},"inLanguage":"de","potentialAction":[{"@type":"ReadAction","target":["https:\/\/theresales.nl\/product\/polspotten-twister-blauw\/"]}]},{"@type":"ImageObject","inLanguage":"de","@id":"https:\/\/theresales.nl\/product\/polspotten-twister-blauw\/#primaryimage","url":"https:\/\/theresales.nl\/wp-content\/uploads\/2026\/03\/20260311_084959956_iOS.jpg","contentUrl":"https:\/\/theresales.nl\/wp-content\/uploads\/2026\/03\/20260311_084959956_iOS.jpg","width":1200,"height":900,"caption":"POLSPOTTEN-Twister-blauw-theresales"},{"@type":"BreadcrumbList","@id":"https:\/\/theresales.nl\/product\/polspotten-twister-blauw\/#breadcrumb","itemListElement":[{"@type":"ListItem","position":1,"name":"Home","item":"https:\/\/theresales.nl\/"},{"@type":"ListItem","position":2,"name":"Collectie","item":"https:\/\/theresales.nl\/collectie\/"},{"@type":"ListItem","position":3,"name":"POLSPOTTEN Twister blauw"}]},{"@type":"WebSite","@id":"https:\/\/theresales.nl\/#website","url":"https:\/\/theresales.nl\/","name":"TheReSales","description":"Tweedehands Design Meubelen","publisher":{"@id":"https:\/\/theresales.nl\/#organization"},"potentialAction":[{"@type":"SearchAction","target":{"@type":"EntryPoint","urlTemplate":"https:\/\/theresales.nl\/?s={search_term_string}"},"query-input":{"@type":"PropertyValueSpecification","valueRequired":true,"valueName":"search_term_string"}}],"inLanguage":"de"},{"@type":"Organization","@id":"https:\/\/theresales.nl\/#organization","name":"TheReSales","url":"https:\/\/theresales.nl\/","logo":{"@type":"ImageObject","inLanguage":"de","@id":"https:\/\/theresales.nl\/#\/schema\/logo\/image\/","url":"https:\/\/theresales.nl\/wp-content\/uploads\/2026\/04\/Logo-TheReSales.png","contentUrl":"https:\/\/theresales.nl\/wp-content\/uploads\/2026\/04\/Logo-TheReSales.png","width":1200,"height":304,"caption":"TheReSales"},"image":{"@id":"https:\/\/theresales.nl\/#\/schema\/logo\/image\/"},"sameAs":["https:\/\/www.facebook.com\/theresales.nl","https:\/\/www.instagram.com\/_theresales_\/","https:\/\/nl.pinterest.com\/theresalesgroningen\/","https:\/\/www.linkedin.com\/company\/theresales\/"]}]}},"_links":{"self":[{"href":"https:\/\/theresales.nl\/de\/wp-json\/wp\/v2\/product\/50004","targetHints":{"allow":["GET"]}}],"collection":[{"href":"https:\/\/theresales.nl\/de\/wp-json\/wp\/v2\/product"}],"about":[{"href":"https:\/\/theresales.nl\/de\/wp-json\/wp\/v2\/types\/product"}],"wp:featuredmedia":[{"embeddable":true,"href":"https:\/\/theresales.nl\/de\/wp-json\/wp\/v2\/media\/50005"}],"wp:attachment":[{"href":"https:\/\/theresales.nl\/de\/wp-json\/wp\/v2\/media?parent=50004"}],"wp:term":[{"taxonomy":"product_brand","embeddable":true,"href":"https:\/\/theresales.nl\/de\/wp-json\/wp\/v2\/product_brand?post=50004"},{"taxonomy":"product_cat","embeddable":true,"href":"https:\/\/theresales.nl\/de\/wp-json\/wp\/v2\/product_cat?post=50004"},{"taxonomy":"product_tag","embeddable":true,"href":"https:\/\/theresales.nl\/de\/wp-json\/wp\/v2\/product_tag?post=50004"},{"taxonomy":"ontwerper","embeddable":true,"href":"https:\/\/theresales.nl\/de\/wp-json\/wp\/v2\/ontwerper?post=50004"}],"curies":[{"name":"wp","href":"https:\/\/api.w.org\/{rel}","templated":true}]}}