{"id":49761,"date":"2026-03-04T15:57:25","date_gmt":"2026-03-04T14:57:25","guid":{"rendered":"https:\/\/theresales.nl\/?post_type=product&#038;p=49761"},"modified":"2026-03-12T15:59:34","modified_gmt":"2026-03-12T14:59:34","slug":"polspotten-tip-tap-kruk-grijs","status":"publish","type":"product","link":"https:\/\/theresales.nl\/de\/product\/polspotten-tip-tap-kruk-grijs\/","title":{"rendered":"POLSPOTTEN Tip Tap Vase Grau"},"content":{"rendered":"<p>Deutsch <strong data-start=\"40\" data-end=\"56\">Tipp Klopf Kruk<\/strong> Van <strong data-start=\"61\" data-end=\"75\">Pol-Spott<\/strong> is uitgevoerd in het grijs en heeft een compact ontwerp. De kruk is geschikt als <a href=\"https:\/\/theresales.nl\/de\/produktkategorie\/stuhle\/\">Sitzplatz<\/a> als bijzettafel und passt in verschiedene R\u00e4ume im Haus. Dank des robusten Materials ist der Hocker f\u00fcr den t\u00e4glichen Gebrauch geeignet.<\/p>","protected":false},"excerpt":{"rendered":"<p><strong>Zustand: Neu<\/strong><br data-start=\"146\" data-end=\"149\" \/><strong>Urspr\u00fcnglicher Neupreis 350 \u20ac pro St\u00fcck<\/strong><\/p>\n<p><strong>Abmessungen<\/strong><br \/>\nH\u00f6he: 46 cm<br \/>\nDurchmesser: 35 cm<\/p>\n<p><strong>Farbe <\/strong>Grau<\/p>\n<p><strong>Material\u00a0<\/strong>Kunststoff<\/p>","protected":false},"featured_media":49763,"template":"","meta":{"_acf_changed":false},"product_brand":[],"product_cat":[34],"product_tag":[893,888],"ontwerper":[],"class_list":{"0":"post-49761","1":"product","2":"type-product","3":"status-publish","4":"has-post-thumbnail","6":"product_cat-stoelen","7":"product_tag-btw","8":"product_tag-polspotten","10":"first","11":"instock","12":"shipping-taxable","13":"purchasable","14":"product-type-simple"},"acf":[],"yoast_head":"<!-- This site is optimized with the Yoast SEO plugin v27.5 - https:\/\/yoast.com\/product\/yoast-seo-wordpress\/ -->\n<title>POLSPOTTEN Tip Tap Kruk grijs - TheReSales<\/title>\n<meta name=\"description\" content=\"De Tip Tap Kruk van POLSPOTTEN is uitgevoerd in het grijs en heeft een compact ontwerp. De kruk is geschikt als zitplek of als bijzettafel.\" \/>\n<meta name=\"robots\" content=\"index, follow, max-snippet:-1, max-image-preview:large, max-video-preview:-1\" \/>\n<link rel=\"canonical\" href=\"https:\/\/theresales.nl\/de\/produkt\/polspotten-tip-tap-kruk-grijs\/\" \/>\n<meta property=\"og:locale\" content=\"de_DE\" \/>\n<meta property=\"og:type\" content=\"article\" \/>\n<meta property=\"og:title\" content=\"POLSPOTTEN Tip Tap Kruk grijs - TheReSales\" \/>\n<meta property=\"og:description\" content=\"De Tip Tap Kruk van POLSPOTTEN is uitgevoerd in het grijs en heeft een compact ontwerp. De kruk is geschikt als zitplek of als bijzettafel.\" \/>\n<meta property=\"og:url\" content=\"https:\/\/theresales.nl\/de\/produkt\/polspotten-tip-tap-kruk-grijs\/\" \/>\n<meta property=\"og:site_name\" content=\"TheReSales\" \/>\n<meta property=\"article:publisher\" content=\"https:\/\/www.facebook.com\/theresales.nl\" \/>\n<meta property=\"article:modified_time\" content=\"2026-03-12T14:59:34+00:00\" \/>\n<meta property=\"og:image\" content=\"https:\/\/theresales.nl\/wp-content\/uploads\/2026\/03\/20260304_132552651_iOS.jpg\" \/>\n\t<meta property=\"og:image:width\" content=\"1200\" \/>\n\t<meta property=\"og:image:height\" content=\"900\" \/>\n\t<meta property=\"og:image:type\" content=\"image\/jpeg\" \/>\n<meta name=\"twitter:card\" content=\"summary_large_image\" \/>\n<meta name=\"twitter:label1\" content=\"Gesch\u00e4tzte Lesezeit\" \/>\n\t<meta name=\"twitter:data1\" content=\"1\u00a0Minute\" \/>\n<!-- \/ Yoast SEO plugin. -->","yoast_head_json":{"title":"POLSPOTTEN Tip Tap Kruk grijs - TheReSales","description":"De Tip Tap Kruk van POLSPOTTEN is uitgevoerd in het grijs en heeft een compact ontwerp. De kruk is geschikt als zitplek of als bijzettafel.","robots":{"index":"index","follow":"follow","max-snippet":"max-snippet:-1","max-image-preview":"max-image-preview:large","max-video-preview":"max-video-preview:-1"},"canonical":"https:\/\/theresales.nl\/de\/produkt\/polspotten-tip-tap-kruk-grijs\/","og_locale":"de_DE","og_type":"article","og_title":"POLSPOTTEN Tip Tap Kruk grijs - TheReSales","og_description":"De Tip Tap Kruk van POLSPOTTEN is uitgevoerd in het grijs en heeft een compact ontwerp. De kruk is geschikt als zitplek of als bijzettafel.","og_url":"https:\/\/theresales.nl\/de\/produkt\/polspotten-tip-tap-kruk-grijs\/","og_site_name":"TheReSales","article_publisher":"https:\/\/www.facebook.com\/theresales.nl","article_modified_time":"2026-03-12T14:59:34+00:00","og_image":[{"width":1200,"height":900,"url":"https:\/\/theresales.nl\/wp-content\/uploads\/2026\/03\/20260304_132552651_iOS.jpg","type":"image\/jpeg"}],"twitter_card":"summary_large_image","twitter_misc":{"Gesch\u00e4tzte Lesezeit":"1\u00a0Minute"},"schema":{"@context":"https:\/\/schema.org","@graph":[{"@type":"WebPage","@id":"https:\/\/theresales.nl\/product\/polspotten-tip-tap-kruk-grijs\/","url":"https:\/\/theresales.nl\/product\/polspotten-tip-tap-kruk-grijs\/","name":"POLSPOTTEN Tip Tap Kruk grijs - TheReSales","isPartOf":{"@id":"https:\/\/theresales.nl\/#website"},"primaryImageOfPage":{"@id":"https:\/\/theresales.nl\/product\/polspotten-tip-tap-kruk-grijs\/#primaryimage"},"image":{"@id":"https:\/\/theresales.nl\/product\/polspotten-tip-tap-kruk-grijs\/#primaryimage"},"thumbnailUrl":"https:\/\/theresales.nl\/wp-content\/uploads\/2026\/03\/20260304_132552651_iOS.jpg","datePublished":"2026-03-04T14:57:25+00:00","dateModified":"2026-03-12T14:59:34+00:00","description":"De Tip Tap Kruk van POLSPOTTEN is uitgevoerd in het grijs en heeft een compact ontwerp. De kruk is geschikt als zitplek of als bijzettafel.","breadcrumb":{"@id":"https:\/\/theresales.nl\/product\/polspotten-tip-tap-kruk-grijs\/#breadcrumb"},"inLanguage":"de","potentialAction":[{"@type":"ReadAction","target":["https:\/\/theresales.nl\/product\/polspotten-tip-tap-kruk-grijs\/"]}]},{"@type":"ImageObject","inLanguage":"de","@id":"https:\/\/theresales.nl\/product\/polspotten-tip-tap-kruk-grijs\/#primaryimage","url":"https:\/\/theresales.nl\/wp-content\/uploads\/2026\/03\/20260304_132552651_iOS.jpg","contentUrl":"https:\/\/theresales.nl\/wp-content\/uploads\/2026\/03\/20260304_132552651_iOS.jpg","width":1200,"height":900,"caption":"POLSPOTTEN-Tip-Tap-Kruk-grijs-theresales"},{"@type":"BreadcrumbList","@id":"https:\/\/theresales.nl\/product\/polspotten-tip-tap-kruk-grijs\/#breadcrumb","itemListElement":[{"@type":"ListItem","position":1,"name":"Home","item":"https:\/\/theresales.nl\/"},{"@type":"ListItem","position":2,"name":"Collectie","item":"https:\/\/theresales.nl\/collectie\/"},{"@type":"ListItem","position":3,"name":"POLSPOTTEN Tip Tap Kruk grijs"}]},{"@type":"WebSite","@id":"https:\/\/theresales.nl\/#website","url":"https:\/\/theresales.nl\/","name":"TheReSales","description":"Tweedehands Design Meubelen","publisher":{"@id":"https:\/\/theresales.nl\/#organization"},"potentialAction":[{"@type":"SearchAction","target":{"@type":"EntryPoint","urlTemplate":"https:\/\/theresales.nl\/?s={search_term_string}"},"query-input":{"@type":"PropertyValueSpecification","valueRequired":true,"valueName":"search_term_string"}}],"inLanguage":"de"},{"@type":"Organization","@id":"https:\/\/theresales.nl\/#organization","name":"TheReSales","url":"https:\/\/theresales.nl\/","logo":{"@type":"ImageObject","inLanguage":"de","@id":"https:\/\/theresales.nl\/#\/schema\/logo\/image\/","url":"https:\/\/theresales.nl\/wp-content\/uploads\/2026\/04\/Logo-TheReSales.png","contentUrl":"https:\/\/theresales.nl\/wp-content\/uploads\/2026\/04\/Logo-TheReSales.png","width":1200,"height":304,"caption":"TheReSales"},"image":{"@id":"https:\/\/theresales.nl\/#\/schema\/logo\/image\/"},"sameAs":["https:\/\/www.facebook.com\/theresales.nl","https:\/\/www.instagram.com\/_theresales_\/","https:\/\/nl.pinterest.com\/theresalesgroningen\/","https:\/\/www.linkedin.com\/company\/theresales\/"]}]}},"_links":{"self":[{"href":"https:\/\/theresales.nl\/de\/wp-json\/wp\/v2\/product\/49761","targetHints":{"allow":["GET"]}}],"collection":[{"href":"https:\/\/theresales.nl\/de\/wp-json\/wp\/v2\/product"}],"about":[{"href":"https:\/\/theresales.nl\/de\/wp-json\/wp\/v2\/types\/product"}],"wp:featuredmedia":[{"embeddable":true,"href":"https:\/\/theresales.nl\/de\/wp-json\/wp\/v2\/media\/49763"}],"wp:attachment":[{"href":"https:\/\/theresales.nl\/de\/wp-json\/wp\/v2\/media?parent=49761"}],"wp:term":[{"taxonomy":"product_brand","embeddable":true,"href":"https:\/\/theresales.nl\/de\/wp-json\/wp\/v2\/product_brand?post=49761"},{"taxonomy":"product_cat","embeddable":true,"href":"https:\/\/theresales.nl\/de\/wp-json\/wp\/v2\/product_cat?post=49761"},{"taxonomy":"product_tag","embeddable":true,"href":"https:\/\/theresales.nl\/de\/wp-json\/wp\/v2\/product_tag?post=49761"},{"taxonomy":"ontwerper","embeddable":true,"href":"https:\/\/theresales.nl\/de\/wp-json\/wp\/v2\/ontwerper?post=49761"}],"curies":[{"name":"wp","href":"https:\/\/api.w.org\/{rel}","templated":true}]}}