{"id":49662,"date":"2026-02-27T14:46:35","date_gmt":"2026-02-27T13:46:35","guid":{"rendered":"https:\/\/theresales.nl\/?post_type=product&#038;p=49662"},"modified":"2026-03-04T09:26:59","modified_gmt":"2026-03-04T08:26:59","slug":"vitra-suita","status":"publish","type":"product","link":"https:\/\/theresales.nl\/de\/product\/vitra-suita\/","title":{"rendered":"Vitra Suita"},"content":{"rendered":"<p><span>Die Suite ist ein Entwurf von <a href=\"https:\/\/www.antoniocitterioarchitetto.it\/\" target=\"_blank\" rel=\"noopener\">Antonio Citterio<\/a> f\u00fcr die Marke Vitra. <\/span>Deutsch <a href=\"https:\/\/theresales.nl\/de\/produktkategorie\/banken\/\">Bank<\/a> hat ein raffiniertes und modernes Aussehen, mit einer subtilen technologischen Note. Dies zeigt sich vor allem in den auff\u00e4lligen Metallf\u00fc\u00dfen. Dar\u00fcber hinaus ist das Sofa mit einem Holzregal auf der R\u00fcckseite ausgestattet, ideal zum Abstellen Ihres Buches oder Getr\u00e4nks.<\/p>","protected":false},"excerpt":{"rendered":"<p><strong>Abmessungen<\/strong><br \/>\nH\u00f6he: 79 cm<br \/>\nBreite: 184 cm<br \/>\nTiefe: 116 cm<\/p>\n<p><strong>Farbe <\/strong>Creme<\/p>\n<p><strong>Material\u00a0<\/strong>Stoff, Metall, Holz<\/p>","protected":false},"featured_media":49673,"template":"","meta":{"_acf_changed":false},"product_brand":[],"product_cat":[74],"product_tag":[314],"ontwerper":[],"class_list":{"0":"post-49662","1":"product","2":"type-product","3":"status-publish","4":"has-post-thumbnail","6":"product_cat-banken","7":"product_tag-vitra","9":"first","10":"instock","11":"shipping-taxable","12":"purchasable","13":"product-type-simple"},"acf":[],"yoast_head":"<!-- This site is optimized with the Yoast SEO plugin v27.5 - https:\/\/yoast.com\/product\/yoast-seo-wordpress\/ -->\n<title>Vitra Suita - TheReSales<\/title>\n<meta name=\"description\" content=\"De Suita is een ontwerp van Antonio Citterio voor het merk Vitra. De bank heeft een verfijnde en moderne uitstraling, met een subtiele touch.\" \/>\n<meta name=\"robots\" content=\"index, follow, max-snippet:-1, max-image-preview:large, max-video-preview:-1\" \/>\n<link rel=\"canonical\" href=\"https:\/\/theresales.nl\/de\/produkt\/vitra-suita\/\" \/>\n<meta property=\"og:locale\" content=\"de_DE\" \/>\n<meta property=\"og:type\" content=\"article\" \/>\n<meta property=\"og:title\" content=\"Vitra Suita - TheReSales\" \/>\n<meta property=\"og:description\" content=\"De Suita is een ontwerp van Antonio Citterio voor het merk Vitra. De bank heeft een verfijnde en moderne uitstraling, met een subtiele touch.\" \/>\n<meta property=\"og:url\" content=\"https:\/\/theresales.nl\/de\/produkt\/vitra-suita\/\" \/>\n<meta property=\"og:site_name\" content=\"TheReSales\" \/>\n<meta property=\"article:publisher\" content=\"https:\/\/www.facebook.com\/theresales.nl\" \/>\n<meta property=\"article:modified_time\" content=\"2026-03-04T08:26:59+00:00\" \/>\n<meta property=\"og:image\" content=\"https:\/\/theresales.nl\/wp-content\/uploads\/2026\/02\/20260227_131207798_iOS.jpg\" \/>\n\t<meta property=\"og:image:width\" content=\"1200\" \/>\n\t<meta property=\"og:image:height\" content=\"900\" \/>\n\t<meta property=\"og:image:type\" content=\"image\/jpeg\" \/>\n<meta name=\"twitter:card\" content=\"summary_large_image\" \/>\n<meta name=\"twitter:label1\" content=\"Gesch\u00e4tzte Lesezeit\" \/>\n\t<meta name=\"twitter:data1\" content=\"1\u00a0Minute\" \/>\n<!-- \/ Yoast SEO plugin. -->","yoast_head_json":{"title":"Vitra Suita - TheReSales","description":"De Suita ist ein Entwurf von Antonio Citterio f\u00fcr die Marke Vitra. Die Bank hat eine raffinierte und moderne Ausstrahlung, mit einer subtilen Note.","robots":{"index":"index","follow":"follow","max-snippet":"max-snippet:-1","max-image-preview":"max-image-preview:large","max-video-preview":"max-video-preview:-1"},"canonical":"https:\/\/theresales.nl\/de\/produkt\/vitra-suita\/","og_locale":"de_DE","og_type":"article","og_title":"Vitra Suita - TheReSales","og_description":"De Suita is een ontwerp van Antonio Citterio voor het merk Vitra. De bank heeft een verfijnde en moderne uitstraling, met een subtiele touch.","og_url":"https:\/\/theresales.nl\/de\/produkt\/vitra-suita\/","og_site_name":"TheReSales","article_publisher":"https:\/\/www.facebook.com\/theresales.nl","article_modified_time":"2026-03-04T08:26:59+00:00","og_image":[{"width":1200,"height":900,"url":"https:\/\/theresales.nl\/wp-content\/uploads\/2026\/02\/20260227_131207798_iOS.jpg","type":"image\/jpeg"}],"twitter_card":"summary_large_image","twitter_misc":{"Gesch\u00e4tzte Lesezeit":"1\u00a0Minute"},"schema":{"@context":"https:\/\/schema.org","@graph":[{"@type":"WebPage","@id":"https:\/\/theresales.nl\/product\/vitra-suita\/","url":"https:\/\/theresales.nl\/product\/vitra-suita\/","name":"Vitra Suita - TheReSales","isPartOf":{"@id":"https:\/\/theresales.nl\/#website"},"primaryImageOfPage":{"@id":"https:\/\/theresales.nl\/product\/vitra-suita\/#primaryimage"},"image":{"@id":"https:\/\/theresales.nl\/product\/vitra-suita\/#primaryimage"},"thumbnailUrl":"https:\/\/theresales.nl\/wp-content\/uploads\/2026\/02\/20260227_131207798_iOS.jpg","datePublished":"2026-02-27T13:46:35+00:00","dateModified":"2026-03-04T08:26:59+00:00","description":"De Suita ist ein Entwurf von Antonio Citterio f\u00fcr die Marke Vitra. Die Bank hat eine raffinierte und moderne Ausstrahlung, mit einer subtilen Note.","breadcrumb":{"@id":"https:\/\/theresales.nl\/product\/vitra-suita\/#breadcrumb"},"inLanguage":"de","potentialAction":[{"@type":"ReadAction","target":["https:\/\/theresales.nl\/product\/vitra-suita\/"]}]},{"@type":"ImageObject","inLanguage":"de","@id":"https:\/\/theresales.nl\/product\/vitra-suita\/#primaryimage","url":"https:\/\/theresales.nl\/wp-content\/uploads\/2026\/02\/20260227_131207798_iOS.jpg","contentUrl":"https:\/\/theresales.nl\/wp-content\/uploads\/2026\/02\/20260227_131207798_iOS.jpg","width":1200,"height":900,"caption":"vitra-suita-bank-theresales"},{"@type":"BreadcrumbList","@id":"https:\/\/theresales.nl\/product\/vitra-suita\/#breadcrumb","itemListElement":[{"@type":"ListItem","position":1,"name":"Home","item":"https:\/\/theresales.nl\/"},{"@type":"ListItem","position":2,"name":"Collectie","item":"https:\/\/theresales.nl\/collectie\/"},{"@type":"ListItem","position":3,"name":"Vitra Suita"}]},{"@type":"WebSite","@id":"https:\/\/theresales.nl\/#website","url":"https:\/\/theresales.nl\/","name":"TheReSales","description":"Tweedehands Design Meubelen","publisher":{"@id":"https:\/\/theresales.nl\/#organization"},"potentialAction":[{"@type":"SearchAction","target":{"@type":"EntryPoint","urlTemplate":"https:\/\/theresales.nl\/?s={search_term_string}"},"query-input":{"@type":"PropertyValueSpecification","valueRequired":true,"valueName":"search_term_string"}}],"inLanguage":"de"},{"@type":"Organization","@id":"https:\/\/theresales.nl\/#organization","name":"TheReSales","url":"https:\/\/theresales.nl\/","logo":{"@type":"ImageObject","inLanguage":"de","@id":"https:\/\/theresales.nl\/#\/schema\/logo\/image\/","url":"https:\/\/theresales.nl\/wp-content\/uploads\/2026\/04\/Logo-TheReSales.png","contentUrl":"https:\/\/theresales.nl\/wp-content\/uploads\/2026\/04\/Logo-TheReSales.png","width":1200,"height":304,"caption":"TheReSales"},"image":{"@id":"https:\/\/theresales.nl\/#\/schema\/logo\/image\/"},"sameAs":["https:\/\/www.facebook.com\/theresales.nl","https:\/\/www.instagram.com\/_theresales_\/","https:\/\/nl.pinterest.com\/theresalesgroningen\/","https:\/\/www.linkedin.com\/company\/theresales\/"]}]}},"_links":{"self":[{"href":"https:\/\/theresales.nl\/de\/wp-json\/wp\/v2\/product\/49662","targetHints":{"allow":["GET"]}}],"collection":[{"href":"https:\/\/theresales.nl\/de\/wp-json\/wp\/v2\/product"}],"about":[{"href":"https:\/\/theresales.nl\/de\/wp-json\/wp\/v2\/types\/product"}],"wp:featuredmedia":[{"embeddable":true,"href":"https:\/\/theresales.nl\/de\/wp-json\/wp\/v2\/media\/49673"}],"wp:attachment":[{"href":"https:\/\/theresales.nl\/de\/wp-json\/wp\/v2\/media?parent=49662"}],"wp:term":[{"taxonomy":"product_brand","embeddable":true,"href":"https:\/\/theresales.nl\/de\/wp-json\/wp\/v2\/product_brand?post=49662"},{"taxonomy":"product_cat","embeddable":true,"href":"https:\/\/theresales.nl\/de\/wp-json\/wp\/v2\/product_cat?post=49662"},{"taxonomy":"product_tag","embeddable":true,"href":"https:\/\/theresales.nl\/de\/wp-json\/wp\/v2\/product_tag?post=49662"},{"taxonomy":"ontwerper","embeddable":true,"href":"https:\/\/theresales.nl\/de\/wp-json\/wp\/v2\/ontwerper?post=49662"}],"curies":[{"name":"wp","href":"https:\/\/api.w.org\/{rel}","templated":true}]}}