{"id":49328,"date":"2026-02-07T14:39:27","date_gmt":"2026-02-07T13:39:27","guid":{"rendered":"https:\/\/theresales.nl\/?post_type=product&#038;p=49328"},"modified":"2026-02-07T14:43:06","modified_gmt":"2026-02-07T13:43:06","slug":"vitra-monopod-grijs","status":"publish","type":"product","link":"https:\/\/theresales.nl\/de\/product\/vitra-monopod-grijs\/","title":{"rendered":"Vitra Monopod grau"},"content":{"rendered":"<p>De Monopod in grijs is een ontwerp van <a href=\"https:\/\/jaspermorrison.com\/\" target=\"_blank\" rel=\"noopener\">Jasper Morrison<\/a> f\u00fcr die Marke Vitra. Diese einladende <a href=\"https:\/\/theresales.nl\/de\/produktkategorie\/sessel\/\" target=\"_blank\" rel=\"noopener\">Sessel<\/a> sieht schlicht aus, f\u00fchlt sich aber \u00fcberraschend bequem an. Durch seine st\u00e4mmige Form verleiht er jedem Raum, in dem er steht, Charakter und eignet sich damit sowohl f\u00fcr \u00f6ffentliche Bereiche als auch f\u00fcr das Zuhause. Komm herein und setz dich, der Monopod hei\u00dft dich gerne willkommen!<\/p>","protected":false},"excerpt":{"rendered":"<p><strong>Neupreis 1740 \u20ac pro St\u00fcck<\/strong><\/p>\n<p><strong>Abmessungen<\/strong><br \/>\nBreite: 48 cm<br \/>\nH\u00f6he: 75 cm<br \/>\nTiefe: 72 cm<br \/>\nSitzh\u00f6he: 36 cm<br \/>\nSitztiefe: 44 cm<\/p>\n<p><strong>Farbe<\/strong>Grau<br \/>\n<strong><br \/>\nMaterial<\/strong>Stoff<\/p>","protected":false},"featured_media":49329,"template":"","meta":{"_acf_changed":false},"product_brand":[],"product_cat":[19],"product_tag":[314],"ontwerper":[],"class_list":{"0":"post-49328","1":"product","2":"type-product","3":"status-publish","4":"has-post-thumbnail","6":"product_cat-fauteuils","7":"product_tag-vitra","9":"first","10":"instock","11":"shipping-taxable","12":"purchasable","13":"product-type-simple"},"acf":[],"yoast_head":"<!-- This site is optimized with the Yoast SEO plugin v27.5 - https:\/\/yoast.com\/product\/yoast-seo-wordpress\/ -->\n<title>Vitra Monopod grijs - TheReSales<\/title>\n<meta name=\"description\" content=\"De Monopod in grijs is een ontwerp van Jasper Morrison voor het merk Vitra. Deze uitnodigende fauteuil ziet er eenvoudig uit, maar het zit verrassend\" \/>\n<meta name=\"robots\" content=\"index, follow, max-snippet:-1, max-image-preview:large, max-video-preview:-1\" \/>\n<link rel=\"canonical\" href=\"https:\/\/theresales.nl\/de\/produkt\/vitra-monopod-grijs\/\" \/>\n<meta property=\"og:locale\" content=\"de_DE\" \/>\n<meta property=\"og:type\" content=\"article\" \/>\n<meta property=\"og:title\" content=\"Vitra Monopod grijs - TheReSales\" \/>\n<meta property=\"og:description\" content=\"De Monopod in grijs is een ontwerp van Jasper Morrison voor het merk Vitra. Deze uitnodigende fauteuil ziet er eenvoudig uit, maar het zit verrassend\" \/>\n<meta property=\"og:url\" content=\"https:\/\/theresales.nl\/de\/produkt\/vitra-monopod-grijs\/\" \/>\n<meta property=\"og:site_name\" content=\"TheReSales\" \/>\n<meta property=\"article:publisher\" content=\"https:\/\/www.facebook.com\/theresales.nl\" \/>\n<meta property=\"article:modified_time\" content=\"2026-02-07T13:43:06+00:00\" \/>\n<meta property=\"og:image\" content=\"https:\/\/theresales.nl\/wp-content\/uploads\/2026\/02\/20220830_143818723_iOS.jpg\" \/>\n\t<meta property=\"og:image:width\" content=\"1200\" \/>\n\t<meta property=\"og:image:height\" content=\"900\" \/>\n\t<meta property=\"og:image:type\" content=\"image\/jpeg\" \/>\n<meta name=\"twitter:card\" content=\"summary_large_image\" \/>\n<meta name=\"twitter:label1\" content=\"Gesch\u00e4tzte Lesezeit\" \/>\n\t<meta name=\"twitter:data1\" content=\"1\u00a0Minute\" \/>\n<!-- \/ Yoast SEO plugin. -->","yoast_head_json":{"title":"Vitra Monopod grijs - TheReSales","description":"De Monopod in grijs is een ontwerp van Jasper Morrison voor het merk Vitra. Deze uitnodigende fauteuil ziet er eenvoudig uit, maar het zit verrassend","robots":{"index":"index","follow":"follow","max-snippet":"max-snippet:-1","max-image-preview":"max-image-preview:large","max-video-preview":"max-video-preview:-1"},"canonical":"https:\/\/theresales.nl\/de\/produkt\/vitra-monopod-grijs\/","og_locale":"de_DE","og_type":"article","og_title":"Vitra Monopod grijs - TheReSales","og_description":"De Monopod in grijs is een ontwerp van Jasper Morrison voor het merk Vitra. Deze uitnodigende fauteuil ziet er eenvoudig uit, maar het zit verrassend","og_url":"https:\/\/theresales.nl\/de\/produkt\/vitra-monopod-grijs\/","og_site_name":"TheReSales","article_publisher":"https:\/\/www.facebook.com\/theresales.nl","article_modified_time":"2026-02-07T13:43:06+00:00","og_image":[{"width":1200,"height":900,"url":"https:\/\/theresales.nl\/wp-content\/uploads\/2026\/02\/20220830_143818723_iOS.jpg","type":"image\/jpeg"}],"twitter_card":"summary_large_image","twitter_misc":{"Gesch\u00e4tzte Lesezeit":"1\u00a0Minute"},"schema":{"@context":"https:\/\/schema.org","@graph":[{"@type":"WebPage","@id":"https:\/\/theresales.nl\/product\/vitra-monopod-grijs\/","url":"https:\/\/theresales.nl\/product\/vitra-monopod-grijs\/","name":"Vitra Monopod grijs - TheReSales","isPartOf":{"@id":"https:\/\/theresales.nl\/#website"},"primaryImageOfPage":{"@id":"https:\/\/theresales.nl\/product\/vitra-monopod-grijs\/#primaryimage"},"image":{"@id":"https:\/\/theresales.nl\/product\/vitra-monopod-grijs\/#primaryimage"},"thumbnailUrl":"https:\/\/theresales.nl\/wp-content\/uploads\/2026\/02\/20220830_143818723_iOS.jpg","datePublished":"2026-02-07T13:39:27+00:00","dateModified":"2026-02-07T13:43:06+00:00","description":"De Monopod in grijs is een ontwerp van Jasper Morrison voor het merk Vitra. Deze uitnodigende fauteuil ziet er eenvoudig uit, maar het zit verrassend","breadcrumb":{"@id":"https:\/\/theresales.nl\/product\/vitra-monopod-grijs\/#breadcrumb"},"inLanguage":"de","potentialAction":[{"@type":"ReadAction","target":["https:\/\/theresales.nl\/product\/vitra-monopod-grijs\/"]}]},{"@type":"ImageObject","inLanguage":"de","@id":"https:\/\/theresales.nl\/product\/vitra-monopod-grijs\/#primaryimage","url":"https:\/\/theresales.nl\/wp-content\/uploads\/2026\/02\/20220830_143818723_iOS.jpg","contentUrl":"https:\/\/theresales.nl\/wp-content\/uploads\/2026\/02\/20220830_143818723_iOS.jpg","width":1200,"height":900,"caption":"Vitra-Monopod-grijs-TheReSales"},{"@type":"BreadcrumbList","@id":"https:\/\/theresales.nl\/product\/vitra-monopod-grijs\/#breadcrumb","itemListElement":[{"@type":"ListItem","position":1,"name":"Home","item":"https:\/\/theresales.nl\/"},{"@type":"ListItem","position":2,"name":"Collectie","item":"https:\/\/theresales.nl\/collectie\/"},{"@type":"ListItem","position":3,"name":"Vitra Monopod grijs"}]},{"@type":"WebSite","@id":"https:\/\/theresales.nl\/#website","url":"https:\/\/theresales.nl\/","name":"TheReSales","description":"Tweedehands Design Meubelen","publisher":{"@id":"https:\/\/theresales.nl\/#organization"},"potentialAction":[{"@type":"SearchAction","target":{"@type":"EntryPoint","urlTemplate":"https:\/\/theresales.nl\/?s={search_term_string}"},"query-input":{"@type":"PropertyValueSpecification","valueRequired":true,"valueName":"search_term_string"}}],"inLanguage":"de"},{"@type":"Organization","@id":"https:\/\/theresales.nl\/#organization","name":"TheReSales","url":"https:\/\/theresales.nl\/","logo":{"@type":"ImageObject","inLanguage":"de","@id":"https:\/\/theresales.nl\/#\/schema\/logo\/image\/","url":"https:\/\/theresales.nl\/wp-content\/uploads\/2026\/04\/Logo-TheReSales.png","contentUrl":"https:\/\/theresales.nl\/wp-content\/uploads\/2026\/04\/Logo-TheReSales.png","width":1200,"height":304,"caption":"TheReSales"},"image":{"@id":"https:\/\/theresales.nl\/#\/schema\/logo\/image\/"},"sameAs":["https:\/\/www.facebook.com\/theresales.nl","https:\/\/www.instagram.com\/_theresales_\/","https:\/\/nl.pinterest.com\/theresalesgroningen\/","https:\/\/www.linkedin.com\/company\/theresales\/"]}]}},"_links":{"self":[{"href":"https:\/\/theresales.nl\/de\/wp-json\/wp\/v2\/product\/49328","targetHints":{"allow":["GET"]}}],"collection":[{"href":"https:\/\/theresales.nl\/de\/wp-json\/wp\/v2\/product"}],"about":[{"href":"https:\/\/theresales.nl\/de\/wp-json\/wp\/v2\/types\/product"}],"wp:featuredmedia":[{"embeddable":true,"href":"https:\/\/theresales.nl\/de\/wp-json\/wp\/v2\/media\/49329"}],"wp:attachment":[{"href":"https:\/\/theresales.nl\/de\/wp-json\/wp\/v2\/media?parent=49328"}],"wp:term":[{"taxonomy":"product_brand","embeddable":true,"href":"https:\/\/theresales.nl\/de\/wp-json\/wp\/v2\/product_brand?post=49328"},{"taxonomy":"product_cat","embeddable":true,"href":"https:\/\/theresales.nl\/de\/wp-json\/wp\/v2\/product_cat?post=49328"},{"taxonomy":"product_tag","embeddable":true,"href":"https:\/\/theresales.nl\/de\/wp-json\/wp\/v2\/product_tag?post=49328"},{"taxonomy":"ontwerper","embeddable":true,"href":"https:\/\/theresales.nl\/de\/wp-json\/wp\/v2\/ontwerper?post=49328"}],"curies":[{"name":"wp","href":"https:\/\/api.w.org\/{rel}","templated":true}]}}