{"id":49319,"date":"2026-02-07T14:19:39","date_gmt":"2026-02-07T13:19:39","guid":{"rendered":"https:\/\/theresales.nl\/?post_type=product&#038;p=49319"},"modified":"2026-02-07T14:33:58","modified_gmt":"2026-02-07T13:33:58","slug":"hallo-schon","status":"publish","type":"product","link":"https:\/\/theresales.nl\/de\/product\/hay-bella\/","title":{"rendered":"Hallo Bella"},"content":{"rendered":"<p>De Bella ist eine Kreation von Mette und Rolf f\u00fcr die Marke HAY. Der Couchtisch hat ein zeitloses, minimalistisches Design und f\u00fcgt sich m\u00fchelos sowohl in moderne als auch in klassische Innenr\u00e4ume ein.<\/p>","protected":false},"excerpt":{"rendered":"<p><strong>Abmessungen\u00a0<\/strong><br \/>\nBreite: 60 cm<br \/>\nH\u00f6he: 32 cm<br \/>\nTiefe: 60 cm<\/p>\n<p><strong>Farbe<\/strong>Holz<\/p>\n<p><strong>Material<\/strong>Holz<\/p>","protected":false},"featured_media":49320,"template":"","meta":{"_acf_changed":false},"product_brand":[],"product_cat":[49,46],"product_tag":[237],"ontwerper":[],"class_list":{"0":"post-49319","1":"product","2":"type-product","3":"status-publish","4":"has-post-thumbnail","6":"product_cat-salontafels","7":"product_cat-tafels","8":"product_tag-hay","10":"first","11":"instock","12":"shipping-taxable","13":"purchasable","14":"product-type-simple"},"acf":[],"yoast_head":"<!-- This site is optimized with the Yoast SEO plugin v27.5 - https:\/\/yoast.com\/product\/yoast-seo-wordpress\/ -->\n<title>Hay Bella - TheReSales<\/title>\n<meta name=\"description\" content=\"De Bella is een ontwerp van Mette en Rolf voor het merk HAY. De houten salontafel heeft een tijdloos en minimalistisch design.\" \/>\n<meta name=\"robots\" content=\"index, follow, max-snippet:-1, max-image-preview:large, max-video-preview:-1\" \/>\n<link rel=\"canonical\" href=\"https:\/\/theresales.nl\/de\/produkt\/hallo-schon\/\" \/>\n<meta property=\"og:locale\" content=\"de_DE\" \/>\n<meta property=\"og:type\" content=\"article\" \/>\n<meta property=\"og:title\" content=\"Hay Bella - TheReSales\" \/>\n<meta property=\"og:description\" content=\"De Bella is een ontwerp van Mette en Rolf voor het merk HAY. De houten salontafel heeft een tijdloos en minimalistisch design.\" \/>\n<meta property=\"og:url\" content=\"https:\/\/theresales.nl\/de\/produkt\/hallo-schon\/\" \/>\n<meta property=\"og:site_name\" content=\"TheReSales\" \/>\n<meta property=\"article:publisher\" content=\"https:\/\/www.facebook.com\/theresales.nl\" \/>\n<meta property=\"article:modified_time\" content=\"2026-02-07T13:33:58+00:00\" \/>\n<meta property=\"og:image\" content=\"https:\/\/theresales.nl\/wp-content\/uploads\/2026\/02\/20240116_091332002_iOS.jpg\" \/>\n\t<meta property=\"og:image:width\" content=\"1200\" \/>\n\t<meta property=\"og:image:height\" content=\"900\" \/>\n\t<meta property=\"og:image:type\" content=\"image\/jpeg\" \/>\n<meta name=\"twitter:card\" content=\"summary_large_image\" \/>\n<meta name=\"twitter:label1\" content=\"Gesch\u00e4tzte Lesezeit\" \/>\n\t<meta name=\"twitter:data1\" content=\"1\u00a0Minute\" \/>\n<!-- \/ Yoast SEO plugin. -->","yoast_head_json":{"title":"Hallo Bella - TheReSales","description":"De Bella ist ein Entwurf von Mette und Rolf f\u00fcr die Marke HAY. Der Couchtisch aus Holz hat ein zeitloses und minimalistisches Design.","robots":{"index":"index","follow":"follow","max-snippet":"max-snippet:-1","max-image-preview":"max-image-preview:large","max-video-preview":"max-video-preview:-1"},"canonical":"https:\/\/theresales.nl\/de\/produkt\/hallo-schon\/","og_locale":"de_DE","og_type":"article","og_title":"Hay Bella - TheReSales","og_description":"De Bella is een ontwerp van Mette en Rolf voor het merk HAY. De houten salontafel heeft een tijdloos en minimalistisch design.","og_url":"https:\/\/theresales.nl\/de\/produkt\/hallo-schon\/","og_site_name":"TheReSales","article_publisher":"https:\/\/www.facebook.com\/theresales.nl","article_modified_time":"2026-02-07T13:33:58+00:00","og_image":[{"width":1200,"height":900,"url":"https:\/\/theresales.nl\/wp-content\/uploads\/2026\/02\/20240116_091332002_iOS.jpg","type":"image\/jpeg"}],"twitter_card":"summary_large_image","twitter_misc":{"Gesch\u00e4tzte Lesezeit":"1\u00a0Minute"},"schema":{"@context":"https:\/\/schema.org","@graph":[{"@type":"WebPage","@id":"https:\/\/theresales.nl\/product\/hay-bella\/","url":"https:\/\/theresales.nl\/product\/hay-bella\/","name":"Hallo Bella - TheReSales","isPartOf":{"@id":"https:\/\/theresales.nl\/#website"},"primaryImageOfPage":{"@id":"https:\/\/theresales.nl\/product\/hay-bella\/#primaryimage"},"image":{"@id":"https:\/\/theresales.nl\/product\/hay-bella\/#primaryimage"},"thumbnailUrl":"https:\/\/theresales.nl\/wp-content\/uploads\/2026\/02\/20240116_091332002_iOS.jpg","datePublished":"2026-02-07T13:19:39+00:00","dateModified":"2026-02-07T13:33:58+00:00","description":"De Bella ist ein Entwurf von Mette und Rolf f\u00fcr die Marke HAY. Der Couchtisch aus Holz hat ein zeitloses und minimalistisches Design.","breadcrumb":{"@id":"https:\/\/theresales.nl\/product\/hay-bella\/#breadcrumb"},"inLanguage":"de","potentialAction":[{"@type":"ReadAction","target":["https:\/\/theresales.nl\/product\/hay-bella\/"]}]},{"@type":"ImageObject","inLanguage":"de","@id":"https:\/\/theresales.nl\/product\/hay-bella\/#primaryimage","url":"https:\/\/theresales.nl\/wp-content\/uploads\/2026\/02\/20240116_091332002_iOS.jpg","contentUrl":"https:\/\/theresales.nl\/wp-content\/uploads\/2026\/02\/20240116_091332002_iOS.jpg","width":1200,"height":900,"caption":"HAY-Bella-Tafel-TheReSales"},{"@type":"BreadcrumbList","@id":"https:\/\/theresales.nl\/product\/hay-bella\/#breadcrumb","itemListElement":[{"@type":"ListItem","position":1,"name":"Home","item":"https:\/\/theresales.nl\/"},{"@type":"ListItem","position":2,"name":"Collectie","item":"https:\/\/theresales.nl\/collectie\/"},{"@type":"ListItem","position":3,"name":"Hay Bella"}]},{"@type":"WebSite","@id":"https:\/\/theresales.nl\/#website","url":"https:\/\/theresales.nl\/","name":"TheReSales","description":"Tweedehands Design Meubelen","publisher":{"@id":"https:\/\/theresales.nl\/#organization"},"potentialAction":[{"@type":"SearchAction","target":{"@type":"EntryPoint","urlTemplate":"https:\/\/theresales.nl\/?s={search_term_string}"},"query-input":{"@type":"PropertyValueSpecification","valueRequired":true,"valueName":"search_term_string"}}],"inLanguage":"de"},{"@type":"Organization","@id":"https:\/\/theresales.nl\/#organization","name":"TheReSales","url":"https:\/\/theresales.nl\/","logo":{"@type":"ImageObject","inLanguage":"de","@id":"https:\/\/theresales.nl\/#\/schema\/logo\/image\/","url":"https:\/\/theresales.nl\/wp-content\/uploads\/2026\/04\/Logo-TheReSales.png","contentUrl":"https:\/\/theresales.nl\/wp-content\/uploads\/2026\/04\/Logo-TheReSales.png","width":1200,"height":304,"caption":"TheReSales"},"image":{"@id":"https:\/\/theresales.nl\/#\/schema\/logo\/image\/"},"sameAs":["https:\/\/www.facebook.com\/theresales.nl","https:\/\/www.instagram.com\/_theresales_\/","https:\/\/nl.pinterest.com\/theresalesgroningen\/","https:\/\/www.linkedin.com\/company\/theresales\/"]}]}},"_links":{"self":[{"href":"https:\/\/theresales.nl\/de\/wp-json\/wp\/v2\/product\/49319","targetHints":{"allow":["GET"]}}],"collection":[{"href":"https:\/\/theresales.nl\/de\/wp-json\/wp\/v2\/product"}],"about":[{"href":"https:\/\/theresales.nl\/de\/wp-json\/wp\/v2\/types\/product"}],"wp:featuredmedia":[{"embeddable":true,"href":"https:\/\/theresales.nl\/de\/wp-json\/wp\/v2\/media\/49320"}],"wp:attachment":[{"href":"https:\/\/theresales.nl\/de\/wp-json\/wp\/v2\/media?parent=49319"}],"wp:term":[{"taxonomy":"product_brand","embeddable":true,"href":"https:\/\/theresales.nl\/de\/wp-json\/wp\/v2\/product_brand?post=49319"},{"taxonomy":"product_cat","embeddable":true,"href":"https:\/\/theresales.nl\/de\/wp-json\/wp\/v2\/product_cat?post=49319"},{"taxonomy":"product_tag","embeddable":true,"href":"https:\/\/theresales.nl\/de\/wp-json\/wp\/v2\/product_tag?post=49319"},{"taxonomy":"ontwerper","embeddable":true,"href":"https:\/\/theresales.nl\/de\/wp-json\/wp\/v2\/ontwerper?post=49319"}],"curies":[{"name":"wp","href":"https:\/\/api.w.org\/{rel}","templated":true}]}}