{"id":48449,"date":"2025-12-10T12:27:42","date_gmt":"2025-12-10T11:27:42","guid":{"rendered":"https:\/\/theresales.nl\/?post_type=product&#038;p=48449"},"modified":"2026-01-02T14:16:37","modified_gmt":"2026-01-02T13:16:37","slug":"berge-mich-unterstutzen-lounge-grau","status":"publish","type":"product","link":"https:\/\/theresales.nl\/de\/product\/montis-back-me-up-lounge-grijs\/","title":{"rendered":"Montis Lehne mich-zur\u00fcck-Lounge Grau"},"content":{"rendered":"<p>Die Lunge, die mich st\u00fctzt <strong>grau<\/strong>\u00a0ist ein Entwurf von <a href=\"https:\/\/www.arianbrekveld.com\/\">Arian Brekveld<\/a> f\u00fcr die Marke Montis. Er verleiht der klassischen eine moderne Wendung <a href=\"https:\/\/theresales.nl\/de\/produktkategorie\/sessel\/\">Klubfauteuil<\/a>. Das ruhige, offene Design bietet sowohl k\u00f6rperlichen als auch geistigen Freiraum. Wo immer Sie den Stuhl aufstellen, er l\u00e4dt sofort zur Entspannung ein. Die Sitzfl\u00e4che und die leicht erh\u00f6hte R\u00fcckenlehne sorgen f\u00fcr unerwarteten Komfort, w\u00e4hrend die Armlehnen zus\u00e4tzlichen Halt bieten \u2013 auch bei der Arbeit.<\/p>","protected":false},"excerpt":{"rendered":"<p><strong>Abmessungen<br \/>\n<\/strong>Breite: 70 cm<br \/>\nTiefe: 72 cm<br \/>\nH\u00f6he: 75 cm<br \/>\n<span>Sitzh\u00f6he: 42 cm<\/span><br \/>\n<span>Sitztiefe: 49 cm<\/span><\/p>\n<p><strong>Farbe<\/strong>Grau<\/p>\n<p><strong>Material<\/strong>Stoff, Holz<\/p>","protected":false},"featured_media":48433,"template":"","meta":{"_acf_changed":false},"product_brand":[],"product_cat":[19],"product_tag":[273],"ontwerper":[],"class_list":{"0":"post-48449","1":"product","2":"type-product","3":"status-publish","4":"has-post-thumbnail","6":"product_cat-fauteuils","7":"product_tag-montis","9":"first","10":"instock","11":"shipping-taxable","12":"purchasable","13":"product-type-simple"},"acf":[],"yoast_head":"<!-- This site is optimized with the Yoast SEO plugin v27.5 - https:\/\/yoast.com\/product\/yoast-seo-wordpress\/ -->\n<title>Montis Back Me Up Lounge grijs - TheReSales<\/title>\n<meta name=\"description\" content=\"De Back me Up Lounge Grijs is een ontwerp van Arian Brekveld voor het merk Montis. Hij geeft een moderne draai aan de klassieke clubfauteuil.\" \/>\n<meta name=\"robots\" content=\"index, follow, max-snippet:-1, max-image-preview:large, max-video-preview:-1\" \/>\n<link rel=\"canonical\" href=\"https:\/\/theresales.nl\/de\/produkt\/berge-mich-unterstutzen-lounge-grau\/\" \/>\n<meta property=\"og:locale\" content=\"de_DE\" \/>\n<meta property=\"og:type\" content=\"article\" \/>\n<meta property=\"og:title\" content=\"Montis Back Me Up Lounge grijs - TheReSales\" \/>\n<meta property=\"og:description\" content=\"De Back me Up Lounge Grijs is een ontwerp van Arian Brekveld voor het merk Montis. Hij geeft een moderne draai aan de klassieke clubfauteuil.\" \/>\n<meta property=\"og:url\" content=\"https:\/\/theresales.nl\/de\/produkt\/berge-mich-unterstutzen-lounge-grau\/\" \/>\n<meta property=\"og:site_name\" content=\"TheReSales\" \/>\n<meta property=\"article:publisher\" content=\"https:\/\/www.facebook.com\/theresales.nl\" \/>\n<meta property=\"article:modified_time\" content=\"2026-01-02T13:16:37+00:00\" \/>\n<meta property=\"og:image\" content=\"https:\/\/theresales.nl\/wp-content\/uploads\/2025\/12\/20251210_083343554_iOS.jpg\" \/>\n\t<meta property=\"og:image:width\" content=\"1200\" \/>\n\t<meta property=\"og:image:height\" content=\"900\" \/>\n\t<meta property=\"og:image:type\" content=\"image\/jpeg\" \/>\n<meta name=\"twitter:card\" content=\"summary_large_image\" \/>\n<meta name=\"twitter:label1\" content=\"Gesch\u00e4tzte Lesezeit\" \/>\n\t<meta name=\"twitter:data1\" content=\"1\u00a0Minute\" \/>\n<!-- \/ Yoast SEO plugin. -->","yoast_head_json":{"title":"Montis Back Me Up Lounge grau - TheReSales","description":"Die Back me Up Lounge Grau ist ein Entwurf von Arian Brekveld f\u00fcr die Marke Montis. Sie verleiht dem klassischen Clubsessel einen modernen Dreh.","robots":{"index":"index","follow":"follow","max-snippet":"max-snippet:-1","max-image-preview":"max-image-preview:large","max-video-preview":"max-video-preview:-1"},"canonical":"https:\/\/theresales.nl\/de\/produkt\/berge-mich-unterstutzen-lounge-grau\/","og_locale":"de_DE","og_type":"article","og_title":"Montis Back Me Up Lounge grijs - TheReSales","og_description":"De Back me Up Lounge Grijs is een ontwerp van Arian Brekveld voor het merk Montis. Hij geeft een moderne draai aan de klassieke clubfauteuil.","og_url":"https:\/\/theresales.nl\/de\/produkt\/berge-mich-unterstutzen-lounge-grau\/","og_site_name":"TheReSales","article_publisher":"https:\/\/www.facebook.com\/theresales.nl","article_modified_time":"2026-01-02T13:16:37+00:00","og_image":[{"width":1200,"height":900,"url":"https:\/\/theresales.nl\/wp-content\/uploads\/2025\/12\/20251210_083343554_iOS.jpg","type":"image\/jpeg"}],"twitter_card":"summary_large_image","twitter_misc":{"Gesch\u00e4tzte Lesezeit":"1\u00a0Minute"},"schema":{"@context":"https:\/\/schema.org","@graph":[{"@type":"WebPage","@id":"https:\/\/theresales.nl\/product\/montis-back-me-up-lounge-grijs\/","url":"https:\/\/theresales.nl\/product\/montis-back-me-up-lounge-grijs\/","name":"Montis Back Me Up Lounge grau - TheReSales","isPartOf":{"@id":"https:\/\/theresales.nl\/#website"},"primaryImageOfPage":{"@id":"https:\/\/theresales.nl\/product\/montis-back-me-up-lounge-grijs\/#primaryimage"},"image":{"@id":"https:\/\/theresales.nl\/product\/montis-back-me-up-lounge-grijs\/#primaryimage"},"thumbnailUrl":"https:\/\/theresales.nl\/wp-content\/uploads\/2025\/12\/20251210_083343554_iOS.jpg","datePublished":"2025-12-10T11:27:42+00:00","dateModified":"2026-01-02T13:16:37+00:00","description":"Die Back me Up Lounge Grau ist ein Entwurf von Arian Brekveld f\u00fcr die Marke Montis. Sie verleiht dem klassischen Clubsessel einen modernen Dreh.","breadcrumb":{"@id":"https:\/\/theresales.nl\/product\/montis-back-me-up-lounge-grijs\/#breadcrumb"},"inLanguage":"de","potentialAction":[{"@type":"ReadAction","target":["https:\/\/theresales.nl\/product\/montis-back-me-up-lounge-grijs\/"]}]},{"@type":"ImageObject","inLanguage":"de","@id":"https:\/\/theresales.nl\/product\/montis-back-me-up-lounge-grijs\/#primaryimage","url":"https:\/\/theresales.nl\/wp-content\/uploads\/2025\/12\/20251210_083343554_iOS.jpg","contentUrl":"https:\/\/theresales.nl\/wp-content\/uploads\/2025\/12\/20251210_083343554_iOS.jpg","width":1200,"height":900,"caption":"Montis-Back-Me-Up-Lounge-blauw-fauteuil-theresales"},{"@type":"BreadcrumbList","@id":"https:\/\/theresales.nl\/product\/montis-back-me-up-lounge-grijs\/#breadcrumb","itemListElement":[{"@type":"ListItem","position":1,"name":"Home","item":"https:\/\/theresales.nl\/"},{"@type":"ListItem","position":2,"name":"Collectie","item":"https:\/\/theresales.nl\/collectie\/"},{"@type":"ListItem","position":3,"name":"Montis Back Me Up Lounge grijs"}]},{"@type":"WebSite","@id":"https:\/\/theresales.nl\/#website","url":"https:\/\/theresales.nl\/","name":"TheReSales","description":"Tweedehands Design Meubelen","publisher":{"@id":"https:\/\/theresales.nl\/#organization"},"potentialAction":[{"@type":"SearchAction","target":{"@type":"EntryPoint","urlTemplate":"https:\/\/theresales.nl\/?s={search_term_string}"},"query-input":{"@type":"PropertyValueSpecification","valueRequired":true,"valueName":"search_term_string"}}],"inLanguage":"de"},{"@type":"Organization","@id":"https:\/\/theresales.nl\/#organization","name":"TheReSales","url":"https:\/\/theresales.nl\/","logo":{"@type":"ImageObject","inLanguage":"de","@id":"https:\/\/theresales.nl\/#\/schema\/logo\/image\/","url":"https:\/\/theresales.nl\/wp-content\/uploads\/2026\/04\/Logo-TheReSales.png","contentUrl":"https:\/\/theresales.nl\/wp-content\/uploads\/2026\/04\/Logo-TheReSales.png","width":1200,"height":304,"caption":"TheReSales"},"image":{"@id":"https:\/\/theresales.nl\/#\/schema\/logo\/image\/"},"sameAs":["https:\/\/www.facebook.com\/theresales.nl","https:\/\/www.instagram.com\/_theresales_\/","https:\/\/nl.pinterest.com\/theresalesgroningen\/","https:\/\/www.linkedin.com\/company\/theresales\/"]}]}},"_links":{"self":[{"href":"https:\/\/theresales.nl\/de\/wp-json\/wp\/v2\/product\/48449","targetHints":{"allow":["GET"]}}],"collection":[{"href":"https:\/\/theresales.nl\/de\/wp-json\/wp\/v2\/product"}],"about":[{"href":"https:\/\/theresales.nl\/de\/wp-json\/wp\/v2\/types\/product"}],"wp:featuredmedia":[{"embeddable":true,"href":"https:\/\/theresales.nl\/de\/wp-json\/wp\/v2\/media\/48433"}],"wp:attachment":[{"href":"https:\/\/theresales.nl\/de\/wp-json\/wp\/v2\/media?parent=48449"}],"wp:term":[{"taxonomy":"product_brand","embeddable":true,"href":"https:\/\/theresales.nl\/de\/wp-json\/wp\/v2\/product_brand?post=48449"},{"taxonomy":"product_cat","embeddable":true,"href":"https:\/\/theresales.nl\/de\/wp-json\/wp\/v2\/product_cat?post=48449"},{"taxonomy":"product_tag","embeddable":true,"href":"https:\/\/theresales.nl\/de\/wp-json\/wp\/v2\/product_tag?post=48449"},{"taxonomy":"ontwerper","embeddable":true,"href":"https:\/\/theresales.nl\/de\/wp-json\/wp\/v2\/ontwerper?post=48449"}],"curies":[{"name":"wp","href":"https:\/\/api.w.org\/{rel}","templated":true}]}}